{"id":9577,"date":"2026-04-30T17:24:08","date_gmt":"2026-04-30T14:24:08","guid":{"rendered":"https:\/\/www.aiorabooks.com\/?post_type=product&#038;p=9577"},"modified":"2026-04-30T17:28:44","modified_gmt":"2026-04-30T14:28:44","slug":"il-pipistrello","status":"publish","type":"product","link":"https:\/\/www.aiorabooks.com\/it\/product\/il-pipistrello\/","title":{"rendered":"Il pipistrello"},"content":{"rendered":"","protected":false},"excerpt":{"rendered":"<h2>Citt\u00e0 alla deriva<\/h2>\n<p><a href=\"https:\/\/www.aiorabooks.com\/stratis-tsirkas\/\"><span style=\"color: #33cccc;\"><strong>Strat\u00ecs Tsirkas<\/strong><\/span><\/a><\/p>\n<p><strong>Traduzione di<\/strong> <a href=\"https:\/\/www.aiorabooks.com\/filippo-maria-pontani\/\"><span style=\"color: #33cccc;\"><strong>Filippo Maria Pontani<\/strong><\/span><\/a><\/p>\n<p>Alessandria, autunno 1944: la fine della guerra appare ormai imminente. L&#8217;esercito greco \u00e8 impegnato a combattere sul fronte africano al fianco delle forze alleate, mentre in Grecia la Resistenza d\u00e0 del filo da torcere agli invasori. Manos, sopravvissuto alla lunga marcia del suo battaglione fino al fiume Eufrate, giun\u00adge ad Alessandria, dove cerca di riunirsi ai suoi compagni. Nel contempo vive il suo grande amore, che fa da contrappunto alla grande storia \u2013 la guerra che continua e la lotta politica per la futura spartizione del mondo. <em>Il pipistrello<\/em>, terza parte della trilogia \u201cCit\u00adt\u00e0 alla deri\u00adva\u201d, \u00e8 un romanzo corale in cui l&#8217;individuale si intreccia al collettivo, e il senso di umanit\u00e0 e gli alti ideali con le ambizioni pi\u00f9 sfrenate e la sete di potere.<\/p>\n<p>Considerata una pietra miliare della letteratura greca del Novecento e tradotta in molte lingue, \u201cCitt\u00e0 alla deriva\u201d ha ottenuto riconoscimenti importanti, tra i quali il Prix du meilleur livre \u00e9tranger in Francia.<\/p>\n<p>&nbsp;<\/p>\n<p>\u00ab<em>Nel 1971, quando la trilogia \u201cCitt\u00e0 alla deriva\u201d di Strat\u00ecs Tsirkas apparve per la prima volta in francese (&#8230;), si evoc\u03bf` a suo riguardo Stendhal, il Tolstoj di Guerra e pace o ancora William Faulkner. Segno di entu\u00adsia\u00ad\u00adsmo, ma anche testimonianza dell\u2019imbarazzo di fronte a quest\u2019opera fuori dagli schemi, avvincente, difficile da classificare e assimilare.<\/em>\u00bb<br \/>\n\u2014 Le Monde diplomatique<\/p>\n","protected":false},"featured_media":9574,"template":"","meta":{"_acf_changed":false},"pwb-brand":[],"product_brand":[],"product_cat":[247,242],"product_tag":[1771,1769,1770,1772],"class_list":{"0":"post-9577","1":"product","2":"type-product","3":"status-publish","4":"has-post-thumbnail","6":"product_cat-libri","7":"product_cat-classici-greci-moderni","8":"product_tag-guerra-mondiale","9":"product_tag-letteratura-greca","10":"product_tag-medio-oriente","11":"product_tag-trilogia","13":"first","14":"instock","15":"shipping-taxable","16":"purchasable","17":"product-type-simple"},"acf":[],"yoast_head":"<!-- This site is optimized with the Yoast SEO plugin v27.5 - https:\/\/yoast.com\/product\/yoast-seo-wordpress\/ -->\n<title>Il pipistrello - Aiora Press<\/title>\n<meta name=\"description\" content=\"Citt\u00e0 alla deriva Strat\u00ecs Tsirkas  Traduzione di Filippo Maria Pontani  Alessandria, autunno 1944: la fine della guerra appare ormai imminente. L&#039;esercito greco \u00e8 impegnato a combattere sul fronte africano al fianco delle forze alleate, mentre in Grecia la Resistenza d\u00e0 del filo da torcere agli invasori. Manos, sopravvissuto alla lunga marcia del suo battaglione fino al fiume Eufrate, giun\u00adge ad Alessandria, dove cerca di riunirsi ai suoi compagni. Nel contempo vive il suo grande amore, che fa da contrappunto alla grande storia \u2013 la guerra che continua e la lotta politica per la futura spartizione del mondo. Il pipistrello, terza parte della trilogia \u201cCit\u00adt\u00e0 alla deri\u00adva\u201d, \u00e8 un romanzo corale in cui l&#039;individuale si intreccia al collettivo, e il senso di umanit\u00e0 e gli alti ideali con le ambizioni pi\u00f9 sfrenate e la sete di potere.  Considerata una pietra miliare della letteratura greca del Novecento e tradotta in molte lingue, \u201cCitt\u00e0 alla deriva\u201d ha ottenuto riconoscimenti importanti, tra i quali il Prix du meilleur livre \u00e9tranger in Francia.  &nbsp;  \u00abNel 1971, quando la trilogia \u201cCitt\u00e0 alla deriva\u201d di Strat\u00ecs Tsirkas apparve per la prima volta in francese (...), si evoc\u03bf` a suo riguardo Stendhal, il Tolstoj di Guerra e pace o ancora William Faulkner. Segno di entu\u00adsia\u00ad\u00adsmo, ma anche testimonianza dell\u2019imbarazzo di fronte a quest\u2019opera fuori dagli schemi, avvincente, difficile da classificare e assimilare.\u00bb \u2014 Le Monde diplomatique\" \/>\n<meta name=\"robots\" content=\"index, follow, max-snippet:-1, max-image-preview:large, max-video-preview:-1\" \/>\n<link rel=\"canonical\" href=\"https:\/\/www.aiorabooks.com\/product\/il-pipistrello\/\" \/>\n<meta property=\"og:locale\" content=\"it_IT\" \/>\n<meta property=\"og:type\" content=\"article\" \/>\n<meta property=\"og:title\" content=\"Il pipistrello - Aiora Press\" \/>\n<meta property=\"og:description\" content=\"Citt\u00e0 alla deriva Strat\u00ecs Tsirkas  Traduzione di Filippo Maria Pontani  Alessandria, autunno 1944: la fine della guerra appare ormai imminente. L&#039;esercito greco \u00e8 impegnato a combattere sul fronte africano al fianco delle forze alleate, mentre in Grecia la Resistenza d\u00e0 del filo da torcere agli invasori. Manos, sopravvissuto alla lunga marcia del suo battaglione fino al fiume Eufrate, giun\u00adge ad Alessandria, dove cerca di riunirsi ai suoi compagni. Nel contempo vive il suo grande amore, che fa da contrappunto alla grande storia \u2013 la guerra che continua e la lotta politica per la futura spartizione del mondo. Il pipistrello, terza parte della trilogia \u201cCit\u00adt\u00e0 alla deri\u00adva\u201d, \u00e8 un romanzo corale in cui l&#039;individuale si intreccia al collettivo, e il senso di umanit\u00e0 e gli alti ideali con le ambizioni pi\u00f9 sfrenate e la sete di potere.  Considerata una pietra miliare della letteratura greca del Novecento e tradotta in molte lingue, \u201cCitt\u00e0 alla deriva\u201d ha ottenuto riconoscimenti importanti, tra i quali il Prix du meilleur livre \u00e9tranger in Francia.  &nbsp;  \u00abNel 1971, quando la trilogia \u201cCitt\u00e0 alla deriva\u201d di Strat\u00ecs Tsirkas apparve per la prima volta in francese (...), si evoc\u03bf` a suo riguardo Stendhal, il Tolstoj di Guerra e pace o ancora William Faulkner. Segno di entu\u00adsia\u00ad\u00adsmo, ma anche testimonianza dell\u2019imbarazzo di fronte a quest\u2019opera fuori dagli schemi, avvincente, difficile da classificare e assimilare.\u00bb \u2014 Le Monde diplomatique\" \/>\n<meta property=\"og:url\" content=\"https:\/\/www.aiorabooks.com\/product\/il-pipistrello\/\" \/>\n<meta property=\"og:site_name\" content=\"Aiora Press\" \/>\n<meta property=\"article:modified_time\" content=\"2026-04-30T14:28:44+00:00\" \/>\n<meta property=\"og:image\" content=\"https:\/\/www.aiorabooks.com\/wp-content\/uploads\/2026\/04\/tsirkas-vol-iii-rgb.jpg\" \/>\n\t<meta property=\"og:image:width\" content=\"754\" \/>\n\t<meta property=\"og:image:height\" content=\"1181\" \/>\n\t<meta property=\"og:image:type\" content=\"image\/jpeg\" \/>\n<meta name=\"twitter:card\" content=\"summary_large_image\" \/>\n<meta name=\"twitter:label1\" content=\"Tempo di lettura stimato\" \/>\n\t<meta name=\"twitter:data1\" content=\"1 minuto\" \/>\n<script type=\"application\/ld+json\" class=\"yoast-schema-graph\">{\"@context\":\"https:\\\/\\\/schema.org\",\"@graph\":[{\"@type\":\"WebPage\",\"@id\":\"https:\\\/\\\/www.aiorabooks.com\\\/product\\\/il-pipistrello\\\/\",\"url\":\"https:\\\/\\\/www.aiorabooks.com\\\/product\\\/il-pipistrello\\\/\",\"name\":\"Il pipistrello - Aiora Press\",\"isPartOf\":{\"@id\":\"https:\\\/\\\/www.aiorabooks.com\\\/#website\"},\"primaryImageOfPage\":{\"@id\":\"https:\\\/\\\/www.aiorabooks.com\\\/product\\\/il-pipistrello\\\/#primaryimage\"},\"image\":{\"@id\":\"https:\\\/\\\/www.aiorabooks.com\\\/product\\\/il-pipistrello\\\/#primaryimage\"},\"thumbnailUrl\":\"https:\\\/\\\/www.aiorabooks.com\\\/wp-content\\\/uploads\\\/2026\\\/04\\\/tsirkas-vol-iii-rgb.jpg\",\"datePublished\":\"2026-04-30T14:24:08+00:00\",\"dateModified\":\"2026-04-30T14:28:44+00:00\",\"description\":\"Citt\u00e0 alla deriva Strat\u00ecs Tsirkas Traduzione di Filippo Maria Pontani Alessandria, autunno 1944: la fine della guerra appare ormai imminente. L'esercito greco \u00e8 impegnato a combattere sul fronte africano al fianco delle forze alleate, mentre in Grecia la Resistenza d\u00e0 del filo da torcere agli invasori. Manos, sopravvissuto alla lunga marcia del suo battaglione fino al fiume Eufrate, giun\u00adge ad Alessandria, dove cerca di riunirsi ai suoi compagni. Nel contempo vive il suo grande amore, che fa da contrappunto alla grande storia \u2013 la guerra che continua e la lotta politica per la futura spartizione del mondo. Il pipistrello, terza parte della trilogia \u201cCit\u00adt\u00e0 alla deri\u00adva\u201d, \u00e8 un romanzo corale in cui l'individuale si intreccia al collettivo, e il senso di umanit\u00e0 e gli alti ideali con le ambizioni pi\u00f9 sfrenate e la sete di potere. Considerata una pietra miliare della letteratura greca del Novecento e tradotta in molte lingue, \u201cCitt\u00e0 alla deriva\u201d ha ottenuto riconoscimenti importanti, tra i quali il Prix du meilleur livre \u00e9tranger in Francia. &nbsp; \u00abNel 1971, quando la trilogia \u201cCitt\u00e0 alla deriva\u201d di Strat\u00ecs Tsirkas apparve per la prima volta in francese (...), si evoc\u03bf` a suo riguardo Stendhal, il Tolstoj di Guerra e pace o ancora William Faulkner. Segno di entu\u00adsia\u00ad\u00adsmo, ma anche testimonianza dell\u2019imbarazzo di fronte a quest\u2019opera fuori dagli schemi, avvincente, difficile da classificare e assimilare.\u00bb \u2014 Le Monde diplomatique\",\"breadcrumb\":{\"@id\":\"https:\\\/\\\/www.aiorabooks.com\\\/product\\\/il-pipistrello\\\/#breadcrumb\"},\"inLanguage\":\"it-IT\",\"potentialAction\":[{\"@type\":\"ReadAction\",\"target\":[\"https:\\\/\\\/www.aiorabooks.com\\\/product\\\/il-pipistrello\\\/\"]}]},{\"@type\":\"ImageObject\",\"inLanguage\":\"it-IT\",\"@id\":\"https:\\\/\\\/www.aiorabooks.com\\\/product\\\/il-pipistrello\\\/#primaryimage\",\"url\":\"https:\\\/\\\/www.aiorabooks.com\\\/wp-content\\\/uploads\\\/2026\\\/04\\\/tsirkas-vol-iii-rgb.jpg\",\"contentUrl\":\"https:\\\/\\\/www.aiorabooks.com\\\/wp-content\\\/uploads\\\/2026\\\/04\\\/tsirkas-vol-iii-rgb.jpg\",\"width\":754,\"height\":1181,\"caption\":\"Strat\u00ecs Tsirkas, Il pipistrello, copertina\"},{\"@type\":\"BreadcrumbList\",\"@id\":\"https:\\\/\\\/www.aiorabooks.com\\\/product\\\/il-pipistrello\\\/#breadcrumb\",\"itemListElement\":[{\"@type\":\"ListItem\",\"position\":1,\"name\":\"Home\",\"item\":\"https:\\\/\\\/www.aiorabooks.com\\\/it\\\/\"},{\"@type\":\"ListItem\",\"position\":2,\"name\":\"Products\",\"item\":\"https:\\\/\\\/www.aiorabooks.com\\\/shop\\\/\"},{\"@type\":\"ListItem\",\"position\":3,\"name\":\"Il pipistrello\"}]},{\"@type\":\"WebSite\",\"@id\":\"https:\\\/\\\/www.aiorabooks.com\\\/#website\",\"url\":\"https:\\\/\\\/www.aiorabooks.com\\\/\",\"name\":\"Aiora Press\",\"description\":\"\",\"publisher\":{\"@id\":\"https:\\\/\\\/www.aiorabooks.com\\\/#organization\"},\"potentialAction\":[{\"@type\":\"SearchAction\",\"target\":{\"@type\":\"EntryPoint\",\"urlTemplate\":\"https:\\\/\\\/www.aiorabooks.com\\\/?s={search_term_string}\"},\"query-input\":{\"@type\":\"PropertyValueSpecification\",\"valueRequired\":true,\"valueName\":\"search_term_string\"}}],\"inLanguage\":\"it-IT\"},{\"@type\":\"Organization\",\"@id\":\"https:\\\/\\\/www.aiorabooks.com\\\/#organization\",\"name\":\"Aiora Press\",\"url\":\"https:\\\/\\\/www.aiorabooks.com\\\/\",\"logo\":{\"@type\":\"ImageObject\",\"inLanguage\":\"it-IT\",\"@id\":\"https:\\\/\\\/www.aiorabooks.com\\\/#\\\/schema\\\/logo\\\/image\\\/\",\"url\":\"https:\\\/\\\/www.aiorabooks.com\\\/wp-content\\\/uploads\\\/2018\\\/05\\\/aiora_press_B.png\",\"contentUrl\":\"https:\\\/\\\/www.aiorabooks.com\\\/wp-content\\\/uploads\\\/2018\\\/05\\\/aiora_press_B.png\",\"width\":520,\"height\":216,\"caption\":\"Aiora Press\"},\"image\":{\"@id\":\"https:\\\/\\\/www.aiorabooks.com\\\/#\\\/schema\\\/logo\\\/image\\\/\"},\"sameAs\":[\"https:\\\/\\\/www.instagram.com\\\/aiorapress\\\/\"]}]}<\/script>\n<!-- \/ Yoast SEO plugin. -->","yoast_head_json":{"title":"Il pipistrello - Aiora Press","description":"Citt\u00e0 alla deriva Strat\u00ecs Tsirkas  Traduzione di Filippo Maria Pontani  Alessandria, autunno 1944: la fine della guerra appare ormai imminente. L'esercito greco \u00e8 impegnato a combattere sul fronte africano al fianco delle forze alleate, mentre in Grecia la Resistenza d\u00e0 del filo da torcere agli invasori. Manos, sopravvissuto alla lunga marcia del suo battaglione fino al fiume Eufrate, giun\u00adge ad Alessandria, dove cerca di riunirsi ai suoi compagni. Nel contempo vive il suo grande amore, che fa da contrappunto alla grande storia \u2013 la guerra che continua e la lotta politica per la futura spartizione del mondo. Il pipistrello, terza parte della trilogia \u201cCit\u00adt\u00e0 alla deri\u00adva\u201d, \u00e8 un romanzo corale in cui l'individuale si intreccia al collettivo, e il senso di umanit\u00e0 e gli alti ideali con le ambizioni pi\u00f9 sfrenate e la sete di potere.  Considerata una pietra miliare della letteratura greca del Novecento e tradotta in molte lingue, \u201cCitt\u00e0 alla deriva\u201d ha ottenuto riconoscimenti importanti, tra i quali il Prix du meilleur livre \u00e9tranger in Francia.  &nbsp;  \u00abNel 1971, quando la trilogia \u201cCitt\u00e0 alla deriva\u201d di Strat\u00ecs Tsirkas apparve per la prima volta in francese (...), si evoc\u03bf` a suo riguardo Stendhal, il Tolstoj di Guerra e pace o ancora William Faulkner. Segno di entu\u00adsia\u00ad\u00adsmo, ma anche testimonianza dell\u2019imbarazzo di fronte a quest\u2019opera fuori dagli schemi, avvincente, difficile da classificare e assimilare.\u00bb \u2014 Le Monde diplomatique","robots":{"index":"index","follow":"follow","max-snippet":"max-snippet:-1","max-image-preview":"max-image-preview:large","max-video-preview":"max-video-preview:-1"},"canonical":"https:\/\/www.aiorabooks.com\/product\/il-pipistrello\/","og_locale":"it_IT","og_type":"article","og_title":"Il pipistrello - Aiora Press","og_description":"Citt\u00e0 alla deriva Strat\u00ecs Tsirkas  Traduzione di Filippo Maria Pontani  Alessandria, autunno 1944: la fine della guerra appare ormai imminente. L'esercito greco \u00e8 impegnato a combattere sul fronte africano al fianco delle forze alleate, mentre in Grecia la Resistenza d\u00e0 del filo da torcere agli invasori. Manos, sopravvissuto alla lunga marcia del suo battaglione fino al fiume Eufrate, giun\u00adge ad Alessandria, dove cerca di riunirsi ai suoi compagni. Nel contempo vive il suo grande amore, che fa da contrappunto alla grande storia \u2013 la guerra che continua e la lotta politica per la futura spartizione del mondo. Il pipistrello, terza parte della trilogia \u201cCit\u00adt\u00e0 alla deri\u00adva\u201d, \u00e8 un romanzo corale in cui l'individuale si intreccia al collettivo, e il senso di umanit\u00e0 e gli alti ideali con le ambizioni pi\u00f9 sfrenate e la sete di potere.  Considerata una pietra miliare della letteratura greca del Novecento e tradotta in molte lingue, \u201cCitt\u00e0 alla deriva\u201d ha ottenuto riconoscimenti importanti, tra i quali il Prix du meilleur livre \u00e9tranger in Francia.  &nbsp;  \u00abNel 1971, quando la trilogia \u201cCitt\u00e0 alla deriva\u201d di Strat\u00ecs Tsirkas apparve per la prima volta in francese (...), si evoc\u03bf` a suo riguardo Stendhal, il Tolstoj di Guerra e pace o ancora William Faulkner. Segno di entu\u00adsia\u00ad\u00adsmo, ma anche testimonianza dell\u2019imbarazzo di fronte a quest\u2019opera fuori dagli schemi, avvincente, difficile da classificare e assimilare.\u00bb \u2014 Le Monde diplomatique","og_url":"https:\/\/www.aiorabooks.com\/product\/il-pipistrello\/","og_site_name":"Aiora Press","article_modified_time":"2026-04-30T14:28:44+00:00","og_image":[{"width":754,"height":1181,"url":"https:\/\/www.aiorabooks.com\/wp-content\/uploads\/2026\/04\/tsirkas-vol-iii-rgb.jpg","type":"image\/jpeg"}],"twitter_card":"summary_large_image","twitter_misc":{"Tempo di lettura stimato":"1 minuto"},"schema":{"@context":"https:\/\/schema.org","@graph":[{"@type":"WebPage","@id":"https:\/\/www.aiorabooks.com\/product\/il-pipistrello\/","url":"https:\/\/www.aiorabooks.com\/product\/il-pipistrello\/","name":"Il pipistrello - Aiora Press","isPartOf":{"@id":"https:\/\/www.aiorabooks.com\/#website"},"primaryImageOfPage":{"@id":"https:\/\/www.aiorabooks.com\/product\/il-pipistrello\/#primaryimage"},"image":{"@id":"https:\/\/www.aiorabooks.com\/product\/il-pipistrello\/#primaryimage"},"thumbnailUrl":"https:\/\/www.aiorabooks.com\/wp-content\/uploads\/2026\/04\/tsirkas-vol-iii-rgb.jpg","datePublished":"2026-04-30T14:24:08+00:00","dateModified":"2026-04-30T14:28:44+00:00","description":"Citt\u00e0 alla deriva Strat\u00ecs Tsirkas Traduzione di Filippo Maria Pontani Alessandria, autunno 1944: la fine della guerra appare ormai imminente. L'esercito greco \u00e8 impegnato a combattere sul fronte africano al fianco delle forze alleate, mentre in Grecia la Resistenza d\u00e0 del filo da torcere agli invasori. Manos, sopravvissuto alla lunga marcia del suo battaglione fino al fiume Eufrate, giun\u00adge ad Alessandria, dove cerca di riunirsi ai suoi compagni. Nel contempo vive il suo grande amore, che fa da contrappunto alla grande storia \u2013 la guerra che continua e la lotta politica per la futura spartizione del mondo. Il pipistrello, terza parte della trilogia \u201cCit\u00adt\u00e0 alla deri\u00adva\u201d, \u00e8 un romanzo corale in cui l'individuale si intreccia al collettivo, e il senso di umanit\u00e0 e gli alti ideali con le ambizioni pi\u00f9 sfrenate e la sete di potere. Considerata una pietra miliare della letteratura greca del Novecento e tradotta in molte lingue, \u201cCitt\u00e0 alla deriva\u201d ha ottenuto riconoscimenti importanti, tra i quali il Prix du meilleur livre \u00e9tranger in Francia. &nbsp; \u00abNel 1971, quando la trilogia \u201cCitt\u00e0 alla deriva\u201d di Strat\u00ecs Tsirkas apparve per la prima volta in francese (...), si evoc\u03bf` a suo riguardo Stendhal, il Tolstoj di Guerra e pace o ancora William Faulkner. Segno di entu\u00adsia\u00ad\u00adsmo, ma anche testimonianza dell\u2019imbarazzo di fronte a quest\u2019opera fuori dagli schemi, avvincente, difficile da classificare e assimilare.\u00bb \u2014 Le Monde diplomatique","breadcrumb":{"@id":"https:\/\/www.aiorabooks.com\/product\/il-pipistrello\/#breadcrumb"},"inLanguage":"it-IT","potentialAction":[{"@type":"ReadAction","target":["https:\/\/www.aiorabooks.com\/product\/il-pipistrello\/"]}]},{"@type":"ImageObject","inLanguage":"it-IT","@id":"https:\/\/www.aiorabooks.com\/product\/il-pipistrello\/#primaryimage","url":"https:\/\/www.aiorabooks.com\/wp-content\/uploads\/2026\/04\/tsirkas-vol-iii-rgb.jpg","contentUrl":"https:\/\/www.aiorabooks.com\/wp-content\/uploads\/2026\/04\/tsirkas-vol-iii-rgb.jpg","width":754,"height":1181,"caption":"Strat\u00ecs Tsirkas, Il pipistrello, copertina"},{"@type":"BreadcrumbList","@id":"https:\/\/www.aiorabooks.com\/product\/il-pipistrello\/#breadcrumb","itemListElement":[{"@type":"ListItem","position":1,"name":"Home","item":"https:\/\/www.aiorabooks.com\/it\/"},{"@type":"ListItem","position":2,"name":"Products","item":"https:\/\/www.aiorabooks.com\/shop\/"},{"@type":"ListItem","position":3,"name":"Il pipistrello"}]},{"@type":"WebSite","@id":"https:\/\/www.aiorabooks.com\/#website","url":"https:\/\/www.aiorabooks.com\/","name":"Aiora Press","description":"","publisher":{"@id":"https:\/\/www.aiorabooks.com\/#organization"},"potentialAction":[{"@type":"SearchAction","target":{"@type":"EntryPoint","urlTemplate":"https:\/\/www.aiorabooks.com\/?s={search_term_string}"},"query-input":{"@type":"PropertyValueSpecification","valueRequired":true,"valueName":"search_term_string"}}],"inLanguage":"it-IT"},{"@type":"Organization","@id":"https:\/\/www.aiorabooks.com\/#organization","name":"Aiora Press","url":"https:\/\/www.aiorabooks.com\/","logo":{"@type":"ImageObject","inLanguage":"it-IT","@id":"https:\/\/www.aiorabooks.com\/#\/schema\/logo\/image\/","url":"https:\/\/www.aiorabooks.com\/wp-content\/uploads\/2018\/05\/aiora_press_B.png","contentUrl":"https:\/\/www.aiorabooks.com\/wp-content\/uploads\/2018\/05\/aiora_press_B.png","width":520,"height":216,"caption":"Aiora Press"},"image":{"@id":"https:\/\/www.aiorabooks.com\/#\/schema\/logo\/image\/"},"sameAs":["https:\/\/www.instagram.com\/aiorapress\/"]}]}},"brands":[],"_links":{"self":[{"href":"https:\/\/www.aiorabooks.com\/it\/wp-json\/wp\/v2\/product\/9577","targetHints":{"allow":["GET"]}}],"collection":[{"href":"https:\/\/www.aiorabooks.com\/it\/wp-json\/wp\/v2\/product"}],"about":[{"href":"https:\/\/www.aiorabooks.com\/it\/wp-json\/wp\/v2\/types\/product"}],"wp:featuredmedia":[{"embeddable":true,"href":"https:\/\/www.aiorabooks.com\/it\/wp-json\/wp\/v2\/media\/9574"}],"wp:attachment":[{"href":"https:\/\/www.aiorabooks.com\/it\/wp-json\/wp\/v2\/media?parent=9577"}],"wp:term":[{"taxonomy":"pwb-brand","embeddable":true,"href":"https:\/\/www.aiorabooks.com\/it\/wp-json\/wp\/v2\/pwb-brand?post=9577"},{"taxonomy":"product_brand","embeddable":true,"href":"https:\/\/www.aiorabooks.com\/it\/wp-json\/wp\/v2\/product_brand?post=9577"},{"taxonomy":"product_cat","embeddable":true,"href":"https:\/\/www.aiorabooks.com\/it\/wp-json\/wp\/v2\/product_cat?post=9577"},{"taxonomy":"product_tag","embeddable":true,"href":"https:\/\/www.aiorabooks.com\/it\/wp-json\/wp\/v2\/product_tag?post=9577"}],"curies":[{"name":"wp","href":"https:\/\/api.w.org\/{rel}","templated":true}]}}