{"id":9566,"date":"2026-04-30T17:15:08","date_gmt":"2026-04-30T14:15:08","guid":{"rendered":"https:\/\/www.aiorabooks.com\/?post_type=product&#038;p=9566"},"modified":"2026-04-30T17:33:04","modified_gmt":"2026-04-30T14:33:04","slug":"il-circolo","status":"publish","type":"product","link":"https:\/\/www.aiorabooks.com\/it\/product\/il-circolo\/","title":{"rendered":"Il circolo"},"content":{"rendered":"","protected":false},"excerpt":{"rendered":"<h2>Citt\u00e0 alla deriva<\/h2>\n<p><a href=\"https:\/\/www.aiorabooks.com\/stratis-tsirkas\/\"><span style=\"color: #33cccc;\"><strong>Strat\u00ecs Tsirkas<\/strong><\/span><\/a><\/p>\n<p><strong>Traduzione di<\/strong> <a href=\"https:\/\/www.aiorabooks.com\/filippo-maria-pontani\/\"><span style=\"color: #33cccc;\"><strong>Filippo Maria Pontani<\/strong><\/span><\/a><\/p>\n<p>Gerusalemme, primavera 1942: spie, profughi di ogni nazionalit\u00e0, prostitute, doppiogiochisti, intellettuali in esilio, soldati allo sbando e ambigui funzionari politici sono i personaggi del <em>Circolo<\/em>, prima parte della trilogia \u201cCitt\u00e0 alla deriva\u201d. Smarriti nei meandri della storia, della guerra e dell\u2019amore, essi gravitano intorno a Manos, un giovane soldato greco che, in fuga dalla Grecia occupata dalle forze dell\u2019Asse, ripara nel Medio Oriente dove si unisce alla sinistra nella lotta contro i fascisti e i monarchici greci. E, mentre la rete di intrighi e di cospirazioni si fa pi\u00f9 fitta e spietata, il protagonista si ritrova costretto a scegliere tra il suo amore per Emma e la lealt\u00e0 nei confronti dell\u2019ortodossia ideologica, fino all\u2019ironico e profondamente filosofico colpo di scena finale.<\/p>\n<p>Considerata una pietra miliare della letteratura greca del Novecento e tradotta in molte lingue, \u201cCitt\u00e0 alla deriva\u201d ha ottenuto riconoscimenti importanti, tra i quali il Prix du meilleur livre \u00e9tranger in Francia.<\/p>\n<p>&nbsp;<\/p>\n<p>\u00ab<em>Nel 1971, quando la trilogia \u201cCitt\u00e0 alla deriva\u201d di Strat\u00ecs Tsirkas apparve per la prima volta in francese (&#8230;), si evoc\u03bf` a suo riguardo Stendhal, il Tolstoj di Guerra e pace o ancora William Faulkner. Segno di entu\u00adsia\u00ad\u00adsmo, ma anche testimonianza dell\u2019imbarazzo di fronte a quest\u2019opera fuori dagli schemi, avvincente, difficile da classificare e assimilare.<\/em>\u00bb<br \/>\n\u2014 Le Monde diplomatique<\/p>\n","protected":false},"featured_media":9572,"template":"","meta":{"_acf_changed":false},"pwb-brand":[],"product_brand":[],"product_cat":[247,242],"product_tag":[1771,1769,1770,1772],"class_list":{"0":"post-9566","1":"product","2":"type-product","3":"status-publish","4":"has-post-thumbnail","6":"product_cat-libri","7":"product_cat-classici-greci-moderni","8":"product_tag-guerra-mondiale","9":"product_tag-letteratura-greca","10":"product_tag-medio-oriente","11":"product_tag-trilogia","13":"first","14":"instock","15":"shipping-taxable","16":"purchasable","17":"product-type-simple"},"acf":[],"yoast_head":"<!-- This site is optimized with the Yoast SEO plugin v27.5 - https:\/\/yoast.com\/product\/yoast-seo-wordpress\/ -->\n<title>Il circolo - Aiora Press<\/title>\n<meta name=\"description\" content=\"Citt\u00e0 alla deriva Strat\u00ecs Tsirkas  Traduzione di Filippo Maria Pontani  Gerusalemme, primavera 1942: spie, profughi di ogni nazionalit\u00e0, prostitute, doppiogiochisti, intellettuali in esilio, soldati allo sbando e ambigui funzionari politici sono i personaggi del Circolo, prima parte della trilogia \u201cCitt\u00e0 alla deriva\u201d. Smarriti nei meandri della storia, della guerra e dell\u2019amore, essi gravitano intorno a Manos, un giovane soldato greco che, in fuga dalla Grecia occupata dalle forze dell\u2019Asse, ripara nel Medio Oriente dove si unisce alla sinistra nella lotta contro i fascisti e i monarchici greci. E, mentre la rete di intrighi e di cospirazioni si fa pi\u00f9 fitta e spietata, il protagonista si ritrova costretto a scegliere tra il suo amore per Emma e la lealt\u00e0 nei confronti dell\u2019ortodossia ideologica, fino all\u2019ironico e profondamente filosofico colpo di scena finale.  Considerata una pietra miliare della letteratura greca del Novecento e tradotta in molte lingue, \u201cCitt\u00e0 alla deriva\u201d ha ottenuto riconoscimenti importanti, tra i quali il Prix du meilleur livre \u00e9tranger in Francia.  &nbsp;  \u00abNel 1971, quando la trilogia \u201cCitt\u00e0 alla deriva\u201d di Strat\u00ecs Tsirkas apparve per la prima volta in francese (...), si evoc\u03bf` a suo riguardo Stendhal, il Tolstoj di Guerra e pace o ancora William Faulkner. Segno di entu\u00adsia\u00ad\u00adsmo, ma anche testimonianza dell\u2019imbarazzo di fronte a quest\u2019opera fuori dagli schemi, avvincente, difficile da classificare e assimilare.\u00bb \u2014 Le Monde diplomatique\" \/>\n<meta name=\"robots\" content=\"index, follow, max-snippet:-1, max-image-preview:large, max-video-preview:-1\" \/>\n<link rel=\"canonical\" href=\"https:\/\/www.aiorabooks.com\/product\/il-circolo\/\" \/>\n<meta property=\"og:locale\" content=\"it_IT\" \/>\n<meta property=\"og:type\" content=\"article\" \/>\n<meta property=\"og:title\" content=\"Il circolo - Aiora Press\" \/>\n<meta property=\"og:description\" content=\"Citt\u00e0 alla deriva Strat\u00ecs Tsirkas  Traduzione di Filippo Maria Pontani  Gerusalemme, primavera 1942: spie, profughi di ogni nazionalit\u00e0, prostitute, doppiogiochisti, intellettuali in esilio, soldati allo sbando e ambigui funzionari politici sono i personaggi del Circolo, prima parte della trilogia \u201cCitt\u00e0 alla deriva\u201d. Smarriti nei meandri della storia, della guerra e dell\u2019amore, essi gravitano intorno a Manos, un giovane soldato greco che, in fuga dalla Grecia occupata dalle forze dell\u2019Asse, ripara nel Medio Oriente dove si unisce alla sinistra nella lotta contro i fascisti e i monarchici greci. E, mentre la rete di intrighi e di cospirazioni si fa pi\u00f9 fitta e spietata, il protagonista si ritrova costretto a scegliere tra il suo amore per Emma e la lealt\u00e0 nei confronti dell\u2019ortodossia ideologica, fino all\u2019ironico e profondamente filosofico colpo di scena finale.  Considerata una pietra miliare della letteratura greca del Novecento e tradotta in molte lingue, \u201cCitt\u00e0 alla deriva\u201d ha ottenuto riconoscimenti importanti, tra i quali il Prix du meilleur livre \u00e9tranger in Francia.  &nbsp;  \u00abNel 1971, quando la trilogia \u201cCitt\u00e0 alla deriva\u201d di Strat\u00ecs Tsirkas apparve per la prima volta in francese (...), si evoc\u03bf` a suo riguardo Stendhal, il Tolstoj di Guerra e pace o ancora William Faulkner. Segno di entu\u00adsia\u00ad\u00adsmo, ma anche testimonianza dell\u2019imbarazzo di fronte a quest\u2019opera fuori dagli schemi, avvincente, difficile da classificare e assimilare.\u00bb \u2014 Le Monde diplomatique\" \/>\n<meta property=\"og:url\" content=\"https:\/\/www.aiorabooks.com\/product\/il-circolo\/\" \/>\n<meta property=\"og:site_name\" content=\"Aiora Press\" \/>\n<meta property=\"article:modified_time\" content=\"2026-04-30T14:33:04+00:00\" \/>\n<meta property=\"og:image\" content=\"https:\/\/www.aiorabooks.com\/wp-content\/uploads\/2026\/04\/tsirkas-vol-i-rgb.jpg\" \/>\n\t<meta property=\"og:image:width\" content=\"754\" \/>\n\t<meta property=\"og:image:height\" content=\"1181\" \/>\n\t<meta property=\"og:image:type\" content=\"image\/jpeg\" \/>\n<meta name=\"twitter:card\" content=\"summary_large_image\" \/>\n<meta name=\"twitter:label1\" content=\"Tempo di lettura stimato\" \/>\n\t<meta name=\"twitter:data1\" content=\"1 minuto\" \/>\n<script type=\"application\/ld+json\" class=\"yoast-schema-graph\">{\"@context\":\"https:\\\/\\\/schema.org\",\"@graph\":[{\"@type\":\"WebPage\",\"@id\":\"https:\\\/\\\/www.aiorabooks.com\\\/product\\\/il-circolo\\\/\",\"url\":\"https:\\\/\\\/www.aiorabooks.com\\\/product\\\/il-circolo\\\/\",\"name\":\"Il circolo - Aiora Press\",\"isPartOf\":{\"@id\":\"https:\\\/\\\/www.aiorabooks.com\\\/#website\"},\"primaryImageOfPage\":{\"@id\":\"https:\\\/\\\/www.aiorabooks.com\\\/product\\\/il-circolo\\\/#primaryimage\"},\"image\":{\"@id\":\"https:\\\/\\\/www.aiorabooks.com\\\/product\\\/il-circolo\\\/#primaryimage\"},\"thumbnailUrl\":\"https:\\\/\\\/www.aiorabooks.com\\\/wp-content\\\/uploads\\\/2026\\\/04\\\/tsirkas-vol-i-rgb.jpg\",\"datePublished\":\"2026-04-30T14:15:08+00:00\",\"dateModified\":\"2026-04-30T14:33:04+00:00\",\"description\":\"Citt\u00e0 alla deriva Strat\u00ecs Tsirkas Traduzione di Filippo Maria Pontani Gerusalemme, primavera 1942: spie, profughi di ogni nazionalit\u00e0, prostitute, doppiogiochisti, intellettuali in esilio, soldati allo sbando e ambigui funzionari politici sono i personaggi del Circolo, prima parte della trilogia \u201cCitt\u00e0 alla deriva\u201d. Smarriti nei meandri della storia, della guerra e dell\u2019amore, essi gravitano intorno a Manos, un giovane soldato greco che, in fuga dalla Grecia occupata dalle forze dell\u2019Asse, ripara nel Medio Oriente dove si unisce alla sinistra nella lotta contro i fascisti e i monarchici greci. E, mentre la rete di intrighi e di cospirazioni si fa pi\u00f9 fitta e spietata, il protagonista si ritrova costretto a scegliere tra il suo amore per Emma e la lealt\u00e0 nei confronti dell\u2019ortodossia ideologica, fino all\u2019ironico e profondamente filosofico colpo di scena finale. Considerata una pietra miliare della letteratura greca del Novecento e tradotta in molte lingue, \u201cCitt\u00e0 alla deriva\u201d ha ottenuto riconoscimenti importanti, tra i quali il Prix du meilleur livre \u00e9tranger in Francia. &nbsp; \u00abNel 1971, quando la trilogia \u201cCitt\u00e0 alla deriva\u201d di Strat\u00ecs Tsirkas apparve per la prima volta in francese (...), si evoc\u03bf` a suo riguardo Stendhal, il Tolstoj di Guerra e pace o ancora William Faulkner. Segno di entu\u00adsia\u00ad\u00adsmo, ma anche testimonianza dell\u2019imbarazzo di fronte a quest\u2019opera fuori dagli schemi, avvincente, difficile da classificare e assimilare.\u00bb \u2014 Le Monde diplomatique\",\"breadcrumb\":{\"@id\":\"https:\\\/\\\/www.aiorabooks.com\\\/product\\\/il-circolo\\\/#breadcrumb\"},\"inLanguage\":\"it-IT\",\"potentialAction\":[{\"@type\":\"ReadAction\",\"target\":[\"https:\\\/\\\/www.aiorabooks.com\\\/product\\\/il-circolo\\\/\"]}]},{\"@type\":\"ImageObject\",\"inLanguage\":\"it-IT\",\"@id\":\"https:\\\/\\\/www.aiorabooks.com\\\/product\\\/il-circolo\\\/#primaryimage\",\"url\":\"https:\\\/\\\/www.aiorabooks.com\\\/wp-content\\\/uploads\\\/2026\\\/04\\\/tsirkas-vol-i-rgb.jpg\",\"contentUrl\":\"https:\\\/\\\/www.aiorabooks.com\\\/wp-content\\\/uploads\\\/2026\\\/04\\\/tsirkas-vol-i-rgb.jpg\",\"width\":754,\"height\":1181,\"caption\":\"Strat\u00ecs Tsirkas, Il circlo, copertina\"},{\"@type\":\"BreadcrumbList\",\"@id\":\"https:\\\/\\\/www.aiorabooks.com\\\/product\\\/il-circolo\\\/#breadcrumb\",\"itemListElement\":[{\"@type\":\"ListItem\",\"position\":1,\"name\":\"Home\",\"item\":\"https:\\\/\\\/www.aiorabooks.com\\\/it\\\/\"},{\"@type\":\"ListItem\",\"position\":2,\"name\":\"Products\",\"item\":\"https:\\\/\\\/www.aiorabooks.com\\\/shop\\\/\"},{\"@type\":\"ListItem\",\"position\":3,\"name\":\"Il circolo\"}]},{\"@type\":\"WebSite\",\"@id\":\"https:\\\/\\\/www.aiorabooks.com\\\/#website\",\"url\":\"https:\\\/\\\/www.aiorabooks.com\\\/\",\"name\":\"Aiora Press\",\"description\":\"\",\"publisher\":{\"@id\":\"https:\\\/\\\/www.aiorabooks.com\\\/#organization\"},\"potentialAction\":[{\"@type\":\"SearchAction\",\"target\":{\"@type\":\"EntryPoint\",\"urlTemplate\":\"https:\\\/\\\/www.aiorabooks.com\\\/?s={search_term_string}\"},\"query-input\":{\"@type\":\"PropertyValueSpecification\",\"valueRequired\":true,\"valueName\":\"search_term_string\"}}],\"inLanguage\":\"it-IT\"},{\"@type\":\"Organization\",\"@id\":\"https:\\\/\\\/www.aiorabooks.com\\\/#organization\",\"name\":\"Aiora Press\",\"url\":\"https:\\\/\\\/www.aiorabooks.com\\\/\",\"logo\":{\"@type\":\"ImageObject\",\"inLanguage\":\"it-IT\",\"@id\":\"https:\\\/\\\/www.aiorabooks.com\\\/#\\\/schema\\\/logo\\\/image\\\/\",\"url\":\"https:\\\/\\\/www.aiorabooks.com\\\/wp-content\\\/uploads\\\/2018\\\/05\\\/aiora_press_B.png\",\"contentUrl\":\"https:\\\/\\\/www.aiorabooks.com\\\/wp-content\\\/uploads\\\/2018\\\/05\\\/aiora_press_B.png\",\"width\":520,\"height\":216,\"caption\":\"Aiora Press\"},\"image\":{\"@id\":\"https:\\\/\\\/www.aiorabooks.com\\\/#\\\/schema\\\/logo\\\/image\\\/\"},\"sameAs\":[\"https:\\\/\\\/www.instagram.com\\\/aiorapress\\\/\"]}]}<\/script>\n<!-- \/ Yoast SEO plugin. -->","yoast_head_json":{"title":"Il circolo - Aiora Press","description":"Citt\u00e0 alla deriva Strat\u00ecs Tsirkas  Traduzione di Filippo Maria Pontani  Gerusalemme, primavera 1942: spie, profughi di ogni nazionalit\u00e0, prostitute, doppiogiochisti, intellettuali in esilio, soldati allo sbando e ambigui funzionari politici sono i personaggi del Circolo, prima parte della trilogia \u201cCitt\u00e0 alla deriva\u201d. Smarriti nei meandri della storia, della guerra e dell\u2019amore, essi gravitano intorno a Manos, un giovane soldato greco che, in fuga dalla Grecia occupata dalle forze dell\u2019Asse, ripara nel Medio Oriente dove si unisce alla sinistra nella lotta contro i fascisti e i monarchici greci. E, mentre la rete di intrighi e di cospirazioni si fa pi\u00f9 fitta e spietata, il protagonista si ritrova costretto a scegliere tra il suo amore per Emma e la lealt\u00e0 nei confronti dell\u2019ortodossia ideologica, fino all\u2019ironico e profondamente filosofico colpo di scena finale.  Considerata una pietra miliare della letteratura greca del Novecento e tradotta in molte lingue, \u201cCitt\u00e0 alla deriva\u201d ha ottenuto riconoscimenti importanti, tra i quali il Prix du meilleur livre \u00e9tranger in Francia.  &nbsp;  \u00abNel 1971, quando la trilogia \u201cCitt\u00e0 alla deriva\u201d di Strat\u00ecs Tsirkas apparve per la prima volta in francese (...), si evoc\u03bf` a suo riguardo Stendhal, il Tolstoj di Guerra e pace o ancora William Faulkner. Segno di entu\u00adsia\u00ad\u00adsmo, ma anche testimonianza dell\u2019imbarazzo di fronte a quest\u2019opera fuori dagli schemi, avvincente, difficile da classificare e assimilare.\u00bb \u2014 Le Monde diplomatique","robots":{"index":"index","follow":"follow","max-snippet":"max-snippet:-1","max-image-preview":"max-image-preview:large","max-video-preview":"max-video-preview:-1"},"canonical":"https:\/\/www.aiorabooks.com\/product\/il-circolo\/","og_locale":"it_IT","og_type":"article","og_title":"Il circolo - Aiora Press","og_description":"Citt\u00e0 alla deriva Strat\u00ecs Tsirkas  Traduzione di Filippo Maria Pontani  Gerusalemme, primavera 1942: spie, profughi di ogni nazionalit\u00e0, prostitute, doppiogiochisti, intellettuali in esilio, soldati allo sbando e ambigui funzionari politici sono i personaggi del Circolo, prima parte della trilogia \u201cCitt\u00e0 alla deriva\u201d. Smarriti nei meandri della storia, della guerra e dell\u2019amore, essi gravitano intorno a Manos, un giovane soldato greco che, in fuga dalla Grecia occupata dalle forze dell\u2019Asse, ripara nel Medio Oriente dove si unisce alla sinistra nella lotta contro i fascisti e i monarchici greci. E, mentre la rete di intrighi e di cospirazioni si fa pi\u00f9 fitta e spietata, il protagonista si ritrova costretto a scegliere tra il suo amore per Emma e la lealt\u00e0 nei confronti dell\u2019ortodossia ideologica, fino all\u2019ironico e profondamente filosofico colpo di scena finale.  Considerata una pietra miliare della letteratura greca del Novecento e tradotta in molte lingue, \u201cCitt\u00e0 alla deriva\u201d ha ottenuto riconoscimenti importanti, tra i quali il Prix du meilleur livre \u00e9tranger in Francia.  &nbsp;  \u00abNel 1971, quando la trilogia \u201cCitt\u00e0 alla deriva\u201d di Strat\u00ecs Tsirkas apparve per la prima volta in francese (...), si evoc\u03bf` a suo riguardo Stendhal, il Tolstoj di Guerra e pace o ancora William Faulkner. Segno di entu\u00adsia\u00ad\u00adsmo, ma anche testimonianza dell\u2019imbarazzo di fronte a quest\u2019opera fuori dagli schemi, avvincente, difficile da classificare e assimilare.\u00bb \u2014 Le Monde diplomatique","og_url":"https:\/\/www.aiorabooks.com\/product\/il-circolo\/","og_site_name":"Aiora Press","article_modified_time":"2026-04-30T14:33:04+00:00","og_image":[{"width":754,"height":1181,"url":"https:\/\/www.aiorabooks.com\/wp-content\/uploads\/2026\/04\/tsirkas-vol-i-rgb.jpg","type":"image\/jpeg"}],"twitter_card":"summary_large_image","twitter_misc":{"Tempo di lettura stimato":"1 minuto"},"schema":{"@context":"https:\/\/schema.org","@graph":[{"@type":"WebPage","@id":"https:\/\/www.aiorabooks.com\/product\/il-circolo\/","url":"https:\/\/www.aiorabooks.com\/product\/il-circolo\/","name":"Il circolo - Aiora Press","isPartOf":{"@id":"https:\/\/www.aiorabooks.com\/#website"},"primaryImageOfPage":{"@id":"https:\/\/www.aiorabooks.com\/product\/il-circolo\/#primaryimage"},"image":{"@id":"https:\/\/www.aiorabooks.com\/product\/il-circolo\/#primaryimage"},"thumbnailUrl":"https:\/\/www.aiorabooks.com\/wp-content\/uploads\/2026\/04\/tsirkas-vol-i-rgb.jpg","datePublished":"2026-04-30T14:15:08+00:00","dateModified":"2026-04-30T14:33:04+00:00","description":"Citt\u00e0 alla deriva Strat\u00ecs Tsirkas Traduzione di Filippo Maria Pontani Gerusalemme, primavera 1942: spie, profughi di ogni nazionalit\u00e0, prostitute, doppiogiochisti, intellettuali in esilio, soldati allo sbando e ambigui funzionari politici sono i personaggi del Circolo, prima parte della trilogia \u201cCitt\u00e0 alla deriva\u201d. Smarriti nei meandri della storia, della guerra e dell\u2019amore, essi gravitano intorno a Manos, un giovane soldato greco che, in fuga dalla Grecia occupata dalle forze dell\u2019Asse, ripara nel Medio Oriente dove si unisce alla sinistra nella lotta contro i fascisti e i monarchici greci. E, mentre la rete di intrighi e di cospirazioni si fa pi\u00f9 fitta e spietata, il protagonista si ritrova costretto a scegliere tra il suo amore per Emma e la lealt\u00e0 nei confronti dell\u2019ortodossia ideologica, fino all\u2019ironico e profondamente filosofico colpo di scena finale. Considerata una pietra miliare della letteratura greca del Novecento e tradotta in molte lingue, \u201cCitt\u00e0 alla deriva\u201d ha ottenuto riconoscimenti importanti, tra i quali il Prix du meilleur livre \u00e9tranger in Francia. &nbsp; \u00abNel 1971, quando la trilogia \u201cCitt\u00e0 alla deriva\u201d di Strat\u00ecs Tsirkas apparve per la prima volta in francese (...), si evoc\u03bf` a suo riguardo Stendhal, il Tolstoj di Guerra e pace o ancora William Faulkner. Segno di entu\u00adsia\u00ad\u00adsmo, ma anche testimonianza dell\u2019imbarazzo di fronte a quest\u2019opera fuori dagli schemi, avvincente, difficile da classificare e assimilare.\u00bb \u2014 Le Monde diplomatique","breadcrumb":{"@id":"https:\/\/www.aiorabooks.com\/product\/il-circolo\/#breadcrumb"},"inLanguage":"it-IT","potentialAction":[{"@type":"ReadAction","target":["https:\/\/www.aiorabooks.com\/product\/il-circolo\/"]}]},{"@type":"ImageObject","inLanguage":"it-IT","@id":"https:\/\/www.aiorabooks.com\/product\/il-circolo\/#primaryimage","url":"https:\/\/www.aiorabooks.com\/wp-content\/uploads\/2026\/04\/tsirkas-vol-i-rgb.jpg","contentUrl":"https:\/\/www.aiorabooks.com\/wp-content\/uploads\/2026\/04\/tsirkas-vol-i-rgb.jpg","width":754,"height":1181,"caption":"Strat\u00ecs Tsirkas, Il circlo, copertina"},{"@type":"BreadcrumbList","@id":"https:\/\/www.aiorabooks.com\/product\/il-circolo\/#breadcrumb","itemListElement":[{"@type":"ListItem","position":1,"name":"Home","item":"https:\/\/www.aiorabooks.com\/it\/"},{"@type":"ListItem","position":2,"name":"Products","item":"https:\/\/www.aiorabooks.com\/shop\/"},{"@type":"ListItem","position":3,"name":"Il circolo"}]},{"@type":"WebSite","@id":"https:\/\/www.aiorabooks.com\/#website","url":"https:\/\/www.aiorabooks.com\/","name":"Aiora Press","description":"","publisher":{"@id":"https:\/\/www.aiorabooks.com\/#organization"},"potentialAction":[{"@type":"SearchAction","target":{"@type":"EntryPoint","urlTemplate":"https:\/\/www.aiorabooks.com\/?s={search_term_string}"},"query-input":{"@type":"PropertyValueSpecification","valueRequired":true,"valueName":"search_term_string"}}],"inLanguage":"it-IT"},{"@type":"Organization","@id":"https:\/\/www.aiorabooks.com\/#organization","name":"Aiora Press","url":"https:\/\/www.aiorabooks.com\/","logo":{"@type":"ImageObject","inLanguage":"it-IT","@id":"https:\/\/www.aiorabooks.com\/#\/schema\/logo\/image\/","url":"https:\/\/www.aiorabooks.com\/wp-content\/uploads\/2018\/05\/aiora_press_B.png","contentUrl":"https:\/\/www.aiorabooks.com\/wp-content\/uploads\/2018\/05\/aiora_press_B.png","width":520,"height":216,"caption":"Aiora Press"},"image":{"@id":"https:\/\/www.aiorabooks.com\/#\/schema\/logo\/image\/"},"sameAs":["https:\/\/www.instagram.com\/aiorapress\/"]}]}},"brands":[],"_links":{"self":[{"href":"https:\/\/www.aiorabooks.com\/it\/wp-json\/wp\/v2\/product\/9566","targetHints":{"allow":["GET"]}}],"collection":[{"href":"https:\/\/www.aiorabooks.com\/it\/wp-json\/wp\/v2\/product"}],"about":[{"href":"https:\/\/www.aiorabooks.com\/it\/wp-json\/wp\/v2\/types\/product"}],"wp:featuredmedia":[{"embeddable":true,"href":"https:\/\/www.aiorabooks.com\/it\/wp-json\/wp\/v2\/media\/9572"}],"wp:attachment":[{"href":"https:\/\/www.aiorabooks.com\/it\/wp-json\/wp\/v2\/media?parent=9566"}],"wp:term":[{"taxonomy":"pwb-brand","embeddable":true,"href":"https:\/\/www.aiorabooks.com\/it\/wp-json\/wp\/v2\/pwb-brand?post=9566"},{"taxonomy":"product_brand","embeddable":true,"href":"https:\/\/www.aiorabooks.com\/it\/wp-json\/wp\/v2\/product_brand?post=9566"},{"taxonomy":"product_cat","embeddable":true,"href":"https:\/\/www.aiorabooks.com\/it\/wp-json\/wp\/v2\/product_cat?post=9566"},{"taxonomy":"product_tag","embeddable":true,"href":"https:\/\/www.aiorabooks.com\/it\/wp-json\/wp\/v2\/product_tag?post=9566"}],"curies":[{"name":"wp","href":"https:\/\/api.w.org\/{rel}","templated":true}]}}