{"id":9113,"date":"2025-02-27T14:07:36","date_gmt":"2025-02-27T12:07:36","guid":{"rendered":"https:\/\/www.aiorabooks.com\/?post_type=product&#038;p=9113"},"modified":"2025-05-13T10:06:29","modified_gmt":"2025-05-13T07:06:29","slug":"nouvelles-de-ma-famille","status":"publish","type":"product","link":"https:\/\/www.aiorabooks.com\/it\/product\/nouvelles-de-ma-famille\/","title":{"rendered":"Nouvelles de ma famille"},"content":{"rendered":"","protected":false},"excerpt":{"rendered":"<p><a href=\"http:\/\/aioralivres.com\/index.php\/bios\/vizyinos-fr\/\"><strong><span style=\"color: #33cccc;\">GEORGES VIZYINOS<\/span><\/strong><\/a><br \/>\nTraduction : <span style=\"color: #33cccc;\"><a style=\"color: #33cccc;\" href=\"https:\/\/www.aiorabooks.com\/fr\/2019\/06\/13\/gilles-decorvet\/\"><strong>Gilles Decorvet<\/strong><\/a><\/span><\/p>\n<p>Georges Vizyinos (1849-1896) fait partie des plus grands auteurs grecs modernes. Et des plus aim\u00e9s. Parall\u00e8lement \u00e0 son \u0153uvre po\u00e9tique, il a laiss\u00e9 des textes en prose dont la qualit\u00e9 s\u2019est encore bonifi\u00e9e avec le temps. Aujourd\u2019hui, on adapte ses nouvelles pour le th\u00e9\u00e2tre ou le cin\u00e9ma, on les commente, on s\u2019en inspire, on les traduit et on les retraduit en langues \u00e9trang\u00e8res\u2026<br \/>\nChacun de ses textes d\u00e9note un go\u00fbt puissant pour l\u2019introspection et une profondeur psychologique remarquable, alli\u00e9s \u00e0 une douce ironie. Tout cela fait de Vizyinos un \u00e9crivain \u00e0 la fois grec et universel, extr\u00eamement attachant.<br \/>\n\u00c9crivain naturaliste, il s\u2019est avant tout inspir\u00e9 de son v\u00e9cu et de sa r\u00e9gion d\u2019origine, la Thrace. Dans les trois nouvelles pr\u00e9sent\u00e9es dans ce recueil, il nous parle de sa famille. Dans l\u2019une, c\u2019est son grand-p\u00e8re et lui-m\u00eame qui sont racont\u00e9s\u00a0; dans l\u2019autre, sa m\u00e8re et ses s\u0153urs\u00a0; dans la troisi\u00e8me, sa m\u00e8re encore, et son fr\u00e8re. Mais s\u2019agit-il vraiment d\u2019\u0153uvres autobiographiques\u00a0? Bien malin qui pourra le dire. Car chez Vizyinos l\u2019imaginaire et l\u2019authentique se marient, tout comme s\u2019unissent le tendre et le tragique. On retrouve dans ces r\u00e9cits ce qui fait le sel de l\u2019auteur\u00a0: po\u00e9sie, vision, clairvoyance et douceur. Du grand Vizyinos.<\/p>\n","protected":false},"featured_media":9115,"template":"","meta":{"_acf_changed":false},"pwb-brand":[],"product_brand":[],"product_cat":[238,246],"product_tag":[1683,1682,1679,1681,1680,1678],"class_list":{"0":"post-9113","1":"product","2":"type-product","3":"status-publish","4":"has-post-thumbnail","6":"product_cat-classiques-grecs-modernes","7":"product_cat-livres","8":"product_tag-ethos","9":"product_tag-fin-du-siecle","10":"product_tag-gilles-decorvet","11":"product_tag-grece","12":"product_tag-nouvelle","13":"product_tag-vizyinos","15":"first","16":"instock","17":"shipping-taxable","18":"purchasable","19":"product-type-simple"},"acf":[],"yoast_head":"<!-- This site is optimized with the Yoast SEO plugin v27.5 - https:\/\/yoast.com\/product\/yoast-seo-wordpress\/ -->\n<title>Nouvelles de ma famille - Aiora Press<\/title>\n<meta name=\"description\" content=\"GEORGES VIZYINOS Traduction : Gilles Decorvet  Georges Vizyinos (1849-1896) fait partie des plus grands auteurs grecs modernes. Et des plus aim\u00e9s. Parall\u00e8lement \u00e0 son \u0153uvre po\u00e9tique, il a laiss\u00e9 des textes en prose dont la qualit\u00e9 s\u2019est encore bonifi\u00e9e avec le temps. Aujourd\u2019hui, on adapte ses nouvelles pour le th\u00e9\u00e2tre ou le cin\u00e9ma, on les commente, on s\u2019en inspire, on les traduit et on les retraduit en langues \u00e9trang\u00e8res\u2026 Chacun de ses textes d\u00e9note un go\u00fbt puissant pour l\u2019introspection et une profondeur psychologique remarquable, alli\u00e9s \u00e0 une douce ironie. Tout cela fait de Vizyinos un \u00e9crivain \u00e0 la fois grec et universel, extr\u00eamement attachant. \u00c9crivain naturaliste, il s\u2019est avant tout inspir\u00e9 de son v\u00e9cu et de sa r\u00e9gion d\u2019origine, la Thrace. Dans les trois nouvelles pr\u00e9sent\u00e9es dans ce recueil, il nous parle de sa famille. Dans l\u2019une, c\u2019est son grand-p\u00e8re et lui-m\u00eame qui sont racont\u00e9s\u00a0; dans l\u2019autre, sa m\u00e8re et ses s\u0153urs\u00a0; dans la troisi\u00e8me, sa m\u00e8re encore, et son fr\u00e8re. Mais s\u2019agit-il vraiment d\u2019\u0153uvres autobiographiques\u00a0? Bien malin qui pourra le dire. Car chez Vizyinos l\u2019imaginaire et l\u2019authentique se marient, tout comme s\u2019unissent le tendre et le tragique. On retrouve dans ces r\u00e9cits ce qui fait le sel de l\u2019auteur\u00a0: po\u00e9sie, vision, clairvoyance et douceur. Du grand Vizyinos.\" \/>\n<meta name=\"robots\" content=\"index, follow, max-snippet:-1, max-image-preview:large, max-video-preview:-1\" \/>\n<link rel=\"canonical\" href=\"https:\/\/www.aiorabooks.com\/product\/nouvelles-de-ma-famille\/\" \/>\n<meta property=\"og:locale\" content=\"it_IT\" \/>\n<meta property=\"og:type\" content=\"article\" \/>\n<meta property=\"og:title\" content=\"Nouvelles de ma famille - Aiora Press\" \/>\n<meta property=\"og:description\" content=\"GEORGES VIZYINOS Traduction : Gilles Decorvet  Georges Vizyinos (1849-1896) fait partie des plus grands auteurs grecs modernes. Et des plus aim\u00e9s. Parall\u00e8lement \u00e0 son \u0153uvre po\u00e9tique, il a laiss\u00e9 des textes en prose dont la qualit\u00e9 s\u2019est encore bonifi\u00e9e avec le temps. Aujourd\u2019hui, on adapte ses nouvelles pour le th\u00e9\u00e2tre ou le cin\u00e9ma, on les commente, on s\u2019en inspire, on les traduit et on les retraduit en langues \u00e9trang\u00e8res\u2026 Chacun de ses textes d\u00e9note un go\u00fbt puissant pour l\u2019introspection et une profondeur psychologique remarquable, alli\u00e9s \u00e0 une douce ironie. Tout cela fait de Vizyinos un \u00e9crivain \u00e0 la fois grec et universel, extr\u00eamement attachant. \u00c9crivain naturaliste, il s\u2019est avant tout inspir\u00e9 de son v\u00e9cu et de sa r\u00e9gion d\u2019origine, la Thrace. Dans les trois nouvelles pr\u00e9sent\u00e9es dans ce recueil, il nous parle de sa famille. Dans l\u2019une, c\u2019est son grand-p\u00e8re et lui-m\u00eame qui sont racont\u00e9s\u00a0; dans l\u2019autre, sa m\u00e8re et ses s\u0153urs\u00a0; dans la troisi\u00e8me, sa m\u00e8re encore, et son fr\u00e8re. Mais s\u2019agit-il vraiment d\u2019\u0153uvres autobiographiques\u00a0? Bien malin qui pourra le dire. Car chez Vizyinos l\u2019imaginaire et l\u2019authentique se marient, tout comme s\u2019unissent le tendre et le tragique. On retrouve dans ces r\u00e9cits ce qui fait le sel de l\u2019auteur\u00a0: po\u00e9sie, vision, clairvoyance et douceur. Du grand Vizyinos.\" \/>\n<meta property=\"og:url\" content=\"https:\/\/www.aiorabooks.com\/product\/nouvelles-de-ma-famille\/\" \/>\n<meta property=\"og:site_name\" content=\"Aiora Press\" \/>\n<meta property=\"article:modified_time\" content=\"2025-05-13T07:06:29+00:00\" \/>\n<meta property=\"og:image\" content=\"https:\/\/www.aiorabooks.com\/wp-content\/uploads\/2025\/02\/viz-fr-nouvelles-cover.jpg\" \/>\n\t<meta property=\"og:image:width\" content=\"755\" \/>\n\t<meta property=\"og:image:height\" content=\"1181\" \/>\n\t<meta property=\"og:image:type\" content=\"image\/jpeg\" \/>\n<meta name=\"twitter:card\" content=\"summary_large_image\" \/>\n<meta name=\"twitter:label1\" content=\"Tempo di lettura stimato\" \/>\n\t<meta name=\"twitter:data1\" content=\"1 minuto\" \/>\n<script type=\"application\/ld+json\" class=\"yoast-schema-graph\">{\"@context\":\"https:\\\/\\\/schema.org\",\"@graph\":[{\"@type\":\"WebPage\",\"@id\":\"https:\\\/\\\/www.aiorabooks.com\\\/product\\\/nouvelles-de-ma-famille\\\/\",\"url\":\"https:\\\/\\\/www.aiorabooks.com\\\/product\\\/nouvelles-de-ma-famille\\\/\",\"name\":\"Nouvelles de ma famille - Aiora Press\",\"isPartOf\":{\"@id\":\"https:\\\/\\\/www.aiorabooks.com\\\/#website\"},\"primaryImageOfPage\":{\"@id\":\"https:\\\/\\\/www.aiorabooks.com\\\/product\\\/nouvelles-de-ma-famille\\\/#primaryimage\"},\"image\":{\"@id\":\"https:\\\/\\\/www.aiorabooks.com\\\/product\\\/nouvelles-de-ma-famille\\\/#primaryimage\"},\"thumbnailUrl\":\"https:\\\/\\\/www.aiorabooks.com\\\/wp-content\\\/uploads\\\/2025\\\/02\\\/viz-fr-nouvelles-cover.jpg\",\"datePublished\":\"2025-02-27T12:07:36+00:00\",\"dateModified\":\"2025-05-13T07:06:29+00:00\",\"description\":\"GEORGES VIZYINOS Traduction : Gilles Decorvet Georges Vizyinos (1849-1896) fait partie des plus grands auteurs grecs modernes. Et des plus aim\u00e9s. Parall\u00e8lement \u00e0 son \u0153uvre po\u00e9tique, il a laiss\u00e9 des textes en prose dont la qualit\u00e9 s\u2019est encore bonifi\u00e9e avec le temps. Aujourd\u2019hui, on adapte ses nouvelles pour le th\u00e9\u00e2tre ou le cin\u00e9ma, on les commente, on s\u2019en inspire, on les traduit et on les retraduit en langues \u00e9trang\u00e8res\u2026 Chacun de ses textes d\u00e9note un go\u00fbt puissant pour l\u2019introspection et une profondeur psychologique remarquable, alli\u00e9s \u00e0 une douce ironie. Tout cela fait de Vizyinos un \u00e9crivain \u00e0 la fois grec et universel, extr\u00eamement attachant. \u00c9crivain naturaliste, il s\u2019est avant tout inspir\u00e9 de son v\u00e9cu et de sa r\u00e9gion d\u2019origine, la Thrace. Dans les trois nouvelles pr\u00e9sent\u00e9es dans ce recueil, il nous parle de sa famille. Dans l\u2019une, c\u2019est son grand-p\u00e8re et lui-m\u00eame qui sont racont\u00e9s\u00a0; dans l\u2019autre, sa m\u00e8re et ses s\u0153urs\u00a0; dans la troisi\u00e8me, sa m\u00e8re encore, et son fr\u00e8re. Mais s\u2019agit-il vraiment d\u2019\u0153uvres autobiographiques\u00a0? Bien malin qui pourra le dire. Car chez Vizyinos l\u2019imaginaire et l\u2019authentique se marient, tout comme s\u2019unissent le tendre et le tragique. On retrouve dans ces r\u00e9cits ce qui fait le sel de l\u2019auteur\u00a0: po\u00e9sie, vision, clairvoyance et douceur. Du grand Vizyinos.\",\"breadcrumb\":{\"@id\":\"https:\\\/\\\/www.aiorabooks.com\\\/product\\\/nouvelles-de-ma-famille\\\/#breadcrumb\"},\"inLanguage\":\"it-IT\",\"potentialAction\":[{\"@type\":\"ReadAction\",\"target\":[\"https:\\\/\\\/www.aiorabooks.com\\\/product\\\/nouvelles-de-ma-famille\\\/\"]}]},{\"@type\":\"ImageObject\",\"inLanguage\":\"it-IT\",\"@id\":\"https:\\\/\\\/www.aiorabooks.com\\\/product\\\/nouvelles-de-ma-famille\\\/#primaryimage\",\"url\":\"https:\\\/\\\/www.aiorabooks.com\\\/wp-content\\\/uploads\\\/2025\\\/02\\\/viz-fr-nouvelles-cover.jpg\",\"contentUrl\":\"https:\\\/\\\/www.aiorabooks.com\\\/wp-content\\\/uploads\\\/2025\\\/02\\\/viz-fr-nouvelles-cover.jpg\",\"width\":755,\"height\":1181,\"caption\":\"Georges Vizyinos, Nouvelles de ma famille\"},{\"@type\":\"BreadcrumbList\",\"@id\":\"https:\\\/\\\/www.aiorabooks.com\\\/product\\\/nouvelles-de-ma-famille\\\/#breadcrumb\",\"itemListElement\":[{\"@type\":\"ListItem\",\"position\":1,\"name\":\"Home\",\"item\":\"https:\\\/\\\/www.aiorabooks.com\\\/it\\\/\"},{\"@type\":\"ListItem\",\"position\":2,\"name\":\"Products\",\"item\":\"https:\\\/\\\/www.aiorabooks.com\\\/shop\\\/\"},{\"@type\":\"ListItem\",\"position\":3,\"name\":\"Nouvelles de ma famille\"}]},{\"@type\":\"WebSite\",\"@id\":\"https:\\\/\\\/www.aiorabooks.com\\\/#website\",\"url\":\"https:\\\/\\\/www.aiorabooks.com\\\/\",\"name\":\"Aiora Press\",\"description\":\"\",\"publisher\":{\"@id\":\"https:\\\/\\\/www.aiorabooks.com\\\/#organization\"},\"potentialAction\":[{\"@type\":\"SearchAction\",\"target\":{\"@type\":\"EntryPoint\",\"urlTemplate\":\"https:\\\/\\\/www.aiorabooks.com\\\/?s={search_term_string}\"},\"query-input\":{\"@type\":\"PropertyValueSpecification\",\"valueRequired\":true,\"valueName\":\"search_term_string\"}}],\"inLanguage\":\"it-IT\"},{\"@type\":\"Organization\",\"@id\":\"https:\\\/\\\/www.aiorabooks.com\\\/#organization\",\"name\":\"Aiora Press\",\"url\":\"https:\\\/\\\/www.aiorabooks.com\\\/\",\"logo\":{\"@type\":\"ImageObject\",\"inLanguage\":\"it-IT\",\"@id\":\"https:\\\/\\\/www.aiorabooks.com\\\/#\\\/schema\\\/logo\\\/image\\\/\",\"url\":\"https:\\\/\\\/www.aiorabooks.com\\\/wp-content\\\/uploads\\\/2018\\\/05\\\/aiora_press_B.png\",\"contentUrl\":\"https:\\\/\\\/www.aiorabooks.com\\\/wp-content\\\/uploads\\\/2018\\\/05\\\/aiora_press_B.png\",\"width\":520,\"height\":216,\"caption\":\"Aiora Press\"},\"image\":{\"@id\":\"https:\\\/\\\/www.aiorabooks.com\\\/#\\\/schema\\\/logo\\\/image\\\/\"},\"sameAs\":[\"https:\\\/\\\/www.instagram.com\\\/aiorapress\\\/\"]}]}<\/script>\n<!-- \/ Yoast SEO plugin. -->","yoast_head_json":{"title":"Nouvelles de ma famille - Aiora Press","description":"GEORGES VIZYINOS Traduction : Gilles Decorvet  Georges Vizyinos (1849-1896) fait partie des plus grands auteurs grecs modernes. Et des plus aim\u00e9s. Parall\u00e8lement \u00e0 son \u0153uvre po\u00e9tique, il a laiss\u00e9 des textes en prose dont la qualit\u00e9 s\u2019est encore bonifi\u00e9e avec le temps. Aujourd\u2019hui, on adapte ses nouvelles pour le th\u00e9\u00e2tre ou le cin\u00e9ma, on les commente, on s\u2019en inspire, on les traduit et on les retraduit en langues \u00e9trang\u00e8res\u2026 Chacun de ses textes d\u00e9note un go\u00fbt puissant pour l\u2019introspection et une profondeur psychologique remarquable, alli\u00e9s \u00e0 une douce ironie. Tout cela fait de Vizyinos un \u00e9crivain \u00e0 la fois grec et universel, extr\u00eamement attachant. \u00c9crivain naturaliste, il s\u2019est avant tout inspir\u00e9 de son v\u00e9cu et de sa r\u00e9gion d\u2019origine, la Thrace. Dans les trois nouvelles pr\u00e9sent\u00e9es dans ce recueil, il nous parle de sa famille. Dans l\u2019une, c\u2019est son grand-p\u00e8re et lui-m\u00eame qui sont racont\u00e9s\u00a0; dans l\u2019autre, sa m\u00e8re et ses s\u0153urs\u00a0; dans la troisi\u00e8me, sa m\u00e8re encore, et son fr\u00e8re. Mais s\u2019agit-il vraiment d\u2019\u0153uvres autobiographiques\u00a0? Bien malin qui pourra le dire. Car chez Vizyinos l\u2019imaginaire et l\u2019authentique se marient, tout comme s\u2019unissent le tendre et le tragique. On retrouve dans ces r\u00e9cits ce qui fait le sel de l\u2019auteur\u00a0: po\u00e9sie, vision, clairvoyance et douceur. Du grand Vizyinos.","robots":{"index":"index","follow":"follow","max-snippet":"max-snippet:-1","max-image-preview":"max-image-preview:large","max-video-preview":"max-video-preview:-1"},"canonical":"https:\/\/www.aiorabooks.com\/product\/nouvelles-de-ma-famille\/","og_locale":"it_IT","og_type":"article","og_title":"Nouvelles de ma famille - Aiora Press","og_description":"GEORGES VIZYINOS Traduction : Gilles Decorvet  Georges Vizyinos (1849-1896) fait partie des plus grands auteurs grecs modernes. Et des plus aim\u00e9s. Parall\u00e8lement \u00e0 son \u0153uvre po\u00e9tique, il a laiss\u00e9 des textes en prose dont la qualit\u00e9 s\u2019est encore bonifi\u00e9e avec le temps. Aujourd\u2019hui, on adapte ses nouvelles pour le th\u00e9\u00e2tre ou le cin\u00e9ma, on les commente, on s\u2019en inspire, on les traduit et on les retraduit en langues \u00e9trang\u00e8res\u2026 Chacun de ses textes d\u00e9note un go\u00fbt puissant pour l\u2019introspection et une profondeur psychologique remarquable, alli\u00e9s \u00e0 une douce ironie. Tout cela fait de Vizyinos un \u00e9crivain \u00e0 la fois grec et universel, extr\u00eamement attachant. \u00c9crivain naturaliste, il s\u2019est avant tout inspir\u00e9 de son v\u00e9cu et de sa r\u00e9gion d\u2019origine, la Thrace. Dans les trois nouvelles pr\u00e9sent\u00e9es dans ce recueil, il nous parle de sa famille. Dans l\u2019une, c\u2019est son grand-p\u00e8re et lui-m\u00eame qui sont racont\u00e9s\u00a0; dans l\u2019autre, sa m\u00e8re et ses s\u0153urs\u00a0; dans la troisi\u00e8me, sa m\u00e8re encore, et son fr\u00e8re. Mais s\u2019agit-il vraiment d\u2019\u0153uvres autobiographiques\u00a0? Bien malin qui pourra le dire. Car chez Vizyinos l\u2019imaginaire et l\u2019authentique se marient, tout comme s\u2019unissent le tendre et le tragique. On retrouve dans ces r\u00e9cits ce qui fait le sel de l\u2019auteur\u00a0: po\u00e9sie, vision, clairvoyance et douceur. Du grand Vizyinos.","og_url":"https:\/\/www.aiorabooks.com\/product\/nouvelles-de-ma-famille\/","og_site_name":"Aiora Press","article_modified_time":"2025-05-13T07:06:29+00:00","og_image":[{"width":755,"height":1181,"url":"https:\/\/www.aiorabooks.com\/wp-content\/uploads\/2025\/02\/viz-fr-nouvelles-cover.jpg","type":"image\/jpeg"}],"twitter_card":"summary_large_image","twitter_misc":{"Tempo di lettura stimato":"1 minuto"},"schema":{"@context":"https:\/\/schema.org","@graph":[{"@type":"WebPage","@id":"https:\/\/www.aiorabooks.com\/product\/nouvelles-de-ma-famille\/","url":"https:\/\/www.aiorabooks.com\/product\/nouvelles-de-ma-famille\/","name":"Nouvelles de ma famille - Aiora Press","isPartOf":{"@id":"https:\/\/www.aiorabooks.com\/#website"},"primaryImageOfPage":{"@id":"https:\/\/www.aiorabooks.com\/product\/nouvelles-de-ma-famille\/#primaryimage"},"image":{"@id":"https:\/\/www.aiorabooks.com\/product\/nouvelles-de-ma-famille\/#primaryimage"},"thumbnailUrl":"https:\/\/www.aiorabooks.com\/wp-content\/uploads\/2025\/02\/viz-fr-nouvelles-cover.jpg","datePublished":"2025-02-27T12:07:36+00:00","dateModified":"2025-05-13T07:06:29+00:00","description":"GEORGES VIZYINOS Traduction : Gilles Decorvet Georges Vizyinos (1849-1896) fait partie des plus grands auteurs grecs modernes. Et des plus aim\u00e9s. Parall\u00e8lement \u00e0 son \u0153uvre po\u00e9tique, il a laiss\u00e9 des textes en prose dont la qualit\u00e9 s\u2019est encore bonifi\u00e9e avec le temps. Aujourd\u2019hui, on adapte ses nouvelles pour le th\u00e9\u00e2tre ou le cin\u00e9ma, on les commente, on s\u2019en inspire, on les traduit et on les retraduit en langues \u00e9trang\u00e8res\u2026 Chacun de ses textes d\u00e9note un go\u00fbt puissant pour l\u2019introspection et une profondeur psychologique remarquable, alli\u00e9s \u00e0 une douce ironie. Tout cela fait de Vizyinos un \u00e9crivain \u00e0 la fois grec et universel, extr\u00eamement attachant. \u00c9crivain naturaliste, il s\u2019est avant tout inspir\u00e9 de son v\u00e9cu et de sa r\u00e9gion d\u2019origine, la Thrace. Dans les trois nouvelles pr\u00e9sent\u00e9es dans ce recueil, il nous parle de sa famille. Dans l\u2019une, c\u2019est son grand-p\u00e8re et lui-m\u00eame qui sont racont\u00e9s\u00a0; dans l\u2019autre, sa m\u00e8re et ses s\u0153urs\u00a0; dans la troisi\u00e8me, sa m\u00e8re encore, et son fr\u00e8re. Mais s\u2019agit-il vraiment d\u2019\u0153uvres autobiographiques\u00a0? Bien malin qui pourra le dire. Car chez Vizyinos l\u2019imaginaire et l\u2019authentique se marient, tout comme s\u2019unissent le tendre et le tragique. On retrouve dans ces r\u00e9cits ce qui fait le sel de l\u2019auteur\u00a0: po\u00e9sie, vision, clairvoyance et douceur. Du grand Vizyinos.","breadcrumb":{"@id":"https:\/\/www.aiorabooks.com\/product\/nouvelles-de-ma-famille\/#breadcrumb"},"inLanguage":"it-IT","potentialAction":[{"@type":"ReadAction","target":["https:\/\/www.aiorabooks.com\/product\/nouvelles-de-ma-famille\/"]}]},{"@type":"ImageObject","inLanguage":"it-IT","@id":"https:\/\/www.aiorabooks.com\/product\/nouvelles-de-ma-famille\/#primaryimage","url":"https:\/\/www.aiorabooks.com\/wp-content\/uploads\/2025\/02\/viz-fr-nouvelles-cover.jpg","contentUrl":"https:\/\/www.aiorabooks.com\/wp-content\/uploads\/2025\/02\/viz-fr-nouvelles-cover.jpg","width":755,"height":1181,"caption":"Georges Vizyinos, Nouvelles de ma famille"},{"@type":"BreadcrumbList","@id":"https:\/\/www.aiorabooks.com\/product\/nouvelles-de-ma-famille\/#breadcrumb","itemListElement":[{"@type":"ListItem","position":1,"name":"Home","item":"https:\/\/www.aiorabooks.com\/it\/"},{"@type":"ListItem","position":2,"name":"Products","item":"https:\/\/www.aiorabooks.com\/shop\/"},{"@type":"ListItem","position":3,"name":"Nouvelles de ma famille"}]},{"@type":"WebSite","@id":"https:\/\/www.aiorabooks.com\/#website","url":"https:\/\/www.aiorabooks.com\/","name":"Aiora Press","description":"","publisher":{"@id":"https:\/\/www.aiorabooks.com\/#organization"},"potentialAction":[{"@type":"SearchAction","target":{"@type":"EntryPoint","urlTemplate":"https:\/\/www.aiorabooks.com\/?s={search_term_string}"},"query-input":{"@type":"PropertyValueSpecification","valueRequired":true,"valueName":"search_term_string"}}],"inLanguage":"it-IT"},{"@type":"Organization","@id":"https:\/\/www.aiorabooks.com\/#organization","name":"Aiora Press","url":"https:\/\/www.aiorabooks.com\/","logo":{"@type":"ImageObject","inLanguage":"it-IT","@id":"https:\/\/www.aiorabooks.com\/#\/schema\/logo\/image\/","url":"https:\/\/www.aiorabooks.com\/wp-content\/uploads\/2018\/05\/aiora_press_B.png","contentUrl":"https:\/\/www.aiorabooks.com\/wp-content\/uploads\/2018\/05\/aiora_press_B.png","width":520,"height":216,"caption":"Aiora Press"},"image":{"@id":"https:\/\/www.aiorabooks.com\/#\/schema\/logo\/image\/"},"sameAs":["https:\/\/www.instagram.com\/aiorapress\/"]}]}},"brands":[],"_links":{"self":[{"href":"https:\/\/www.aiorabooks.com\/it\/wp-json\/wp\/v2\/product\/9113","targetHints":{"allow":["GET"]}}],"collection":[{"href":"https:\/\/www.aiorabooks.com\/it\/wp-json\/wp\/v2\/product"}],"about":[{"href":"https:\/\/www.aiorabooks.com\/it\/wp-json\/wp\/v2\/types\/product"}],"wp:featuredmedia":[{"embeddable":true,"href":"https:\/\/www.aiorabooks.com\/it\/wp-json\/wp\/v2\/media\/9115"}],"wp:attachment":[{"href":"https:\/\/www.aiorabooks.com\/it\/wp-json\/wp\/v2\/media?parent=9113"}],"wp:term":[{"taxonomy":"pwb-brand","embeddable":true,"href":"https:\/\/www.aiorabooks.com\/it\/wp-json\/wp\/v2\/pwb-brand?post=9113"},{"taxonomy":"product_brand","embeddable":true,"href":"https:\/\/www.aiorabooks.com\/it\/wp-json\/wp\/v2\/product_brand?post=9113"},{"taxonomy":"product_cat","embeddable":true,"href":"https:\/\/www.aiorabooks.com\/it\/wp-json\/wp\/v2\/product_cat?post=9113"},{"taxonomy":"product_tag","embeddable":true,"href":"https:\/\/www.aiorabooks.com\/it\/wp-json\/wp\/v2\/product_tag?post=9113"}],"curies":[{"name":"wp","href":"https:\/\/api.w.org\/{rel}","templated":true}]}}