{"id":8459,"date":"2024-02-15T17:41:09","date_gmt":"2024-02-15T15:41:09","guid":{"rendered":"https:\/\/www.aiorabooks.com\/?post_type=product&#038;p=8459"},"modified":"2024-02-15T17:44:58","modified_gmt":"2024-02-15T15:44:58","slug":"borsa-di-tela","status":"publish","type":"product","link":"https:\/\/www.aiorabooks.com\/it\/product\/borsa-di-tela\/","title":{"rendered":"Borsa di tela"},"content":{"rendered":"","protected":false},"excerpt":{"rendered":"<p>Chi ama i libri, e li colleziona, ha sempre bisogno di una borsa di tela per trasportarli: dalla libreria alla biblioteca di casa, in viaggio, sul posto di lavoro durante le pause&#8230; Il bibliofilo legge sempre! Per questo da oggi \u00e8 disponibile la borsa di tela Aiora: spaziosa (38&#215;42 cm), resistente e tutta di cotone, vi accompagner\u00e0 ovunque con i pi\u00f9 bei <span style=\"color: #33cccc;\"><strong><a style=\"color: #33cccc;\" href=\"https:\/\/www.aiorabooks.com\/it\/product\/poesie-scelte\/\">versi di<\/a> <\/strong><strong><a style=\"color: #33cccc;\" href=\"https:\/\/www.aiorabooks.com\/it\/product\/poesie-scelte\/\">Kavafis<\/a><\/strong><\/span>, nella traduzione di Roberto Capel Badino.<\/p>\n<p><span class=\"im\"><br \/>\n<em>Quando per Itaca volgi la rotta,<\/em><br \/>\n<\/span><em>augurati che sia lungo il tuo viaggio,<\/em><br \/>\n<em>ricolmo d&#8217;avventure e conoscenze.<\/em><\/p>\n","protected":false},"featured_media":8472,"template":"","meta":{"_acf_changed":false},"pwb-brand":[],"product_brand":[],"product_cat":[1597],"product_tag":[1600,1598,1599,1602,1601,1603],"class_list":{"0":"post-8459","1":"product","2":"type-product","3":"status-publish","4":"has-post-thumbnail","6":"product_cat-gadget","7":"product_tag-bibliophile-bag","8":"product_tag-borsa","9":"product_tag-borsa-libri","10":"product_tag-borsa-tote","11":"product_tag-tote","12":"product_tag-tote-book-bag","14":"first","15":"instock","16":"shipping-taxable","17":"purchasable","18":"product-type-simple"},"acf":[],"yoast_head":"<!-- This site is optimized with the Yoast SEO plugin v27.5 - https:\/\/yoast.com\/product\/yoast-seo-wordpress\/ -->\n<title>Borsa di tela - Aiora Press<\/title>\n<meta name=\"description\" content=\"Chi ama i libri, e li colleziona, ha sempre bisogno di una borsa di tela per trasportarli: dalla libreria alla biblioteca di casa, in viaggio, sul posto di lavoro durante le pause... Il bibliofilo legge sempre! Per questo da oggi \u00e8 disponibile la borsa di tela Aiora: spaziosa (38x42 cm), resistente e tutta di cotone, vi accompagner\u00e0 ovunque con i pi\u00f9 bei versi di Kavafis, nella traduzione di Roberto Capel Badino.   Quando per Itaca volgi la rotta, augurati che sia lungo il tuo viaggio, ricolmo d&#039;avventure e conoscenze.\" \/>\n<meta name=\"robots\" content=\"index, follow, max-snippet:-1, max-image-preview:large, max-video-preview:-1\" \/>\n<link rel=\"canonical\" href=\"https:\/\/www.aiorabooks.com\/product\/borsa-di-tela\/\" \/>\n<meta property=\"og:locale\" content=\"it_IT\" \/>\n<meta property=\"og:type\" content=\"article\" \/>\n<meta property=\"og:title\" content=\"Borsa di tela - Aiora Press\" \/>\n<meta property=\"og:description\" content=\"Chi ama i libri, e li colleziona, ha sempre bisogno di una borsa di tela per trasportarli: dalla libreria alla biblioteca di casa, in viaggio, sul posto di lavoro durante le pause... Il bibliofilo legge sempre! Per questo da oggi \u00e8 disponibile la borsa di tela Aiora: spaziosa (38x42 cm), resistente e tutta di cotone, vi accompagner\u00e0 ovunque con i pi\u00f9 bei versi di Kavafis, nella traduzione di Roberto Capel Badino.   Quando per Itaca volgi la rotta, augurati che sia lungo il tuo viaggio, ricolmo d&#039;avventure e conoscenze.\" \/>\n<meta property=\"og:url\" content=\"https:\/\/www.aiorabooks.com\/product\/borsa-di-tela\/\" \/>\n<meta property=\"og:site_name\" content=\"Aiora Press\" \/>\n<meta property=\"article:modified_time\" content=\"2024-02-15T15:44:58+00:00\" \/>\n<meta property=\"og:image\" content=\"https:\/\/www.aiorabooks.com\/wp-content\/uploads\/2024\/02\/borsa_di_tela.jpg\" \/>\n\t<meta property=\"og:image:width\" content=\"1293\" \/>\n\t<meta property=\"og:image:height\" content=\"1890\" \/>\n\t<meta property=\"og:image:type\" content=\"image\/jpeg\" \/>\n<meta name=\"twitter:card\" content=\"summary_large_image\" \/>\n<script type=\"application\/ld+json\" class=\"yoast-schema-graph\">{\"@context\":\"https:\\\/\\\/schema.org\",\"@graph\":[{\"@type\":\"WebPage\",\"@id\":\"https:\\\/\\\/www.aiorabooks.com\\\/product\\\/borsa-di-tela\\\/\",\"url\":\"https:\\\/\\\/www.aiorabooks.com\\\/product\\\/borsa-di-tela\\\/\",\"name\":\"Borsa di tela - Aiora Press\",\"isPartOf\":{\"@id\":\"https:\\\/\\\/www.aiorabooks.com\\\/#website\"},\"primaryImageOfPage\":{\"@id\":\"https:\\\/\\\/www.aiorabooks.com\\\/product\\\/borsa-di-tela\\\/#primaryimage\"},\"image\":{\"@id\":\"https:\\\/\\\/www.aiorabooks.com\\\/product\\\/borsa-di-tela\\\/#primaryimage\"},\"thumbnailUrl\":\"https:\\\/\\\/www.aiorabooks.com\\\/wp-content\\\/uploads\\\/2024\\\/02\\\/borsa_di_tela.jpg\",\"datePublished\":\"2024-02-15T15:41:09+00:00\",\"dateModified\":\"2024-02-15T15:44:58+00:00\",\"description\":\"Chi ama i libri, e li colleziona, ha sempre bisogno di una borsa di tela per trasportarli: dalla libreria alla biblioteca di casa, in viaggio, sul posto di lavoro durante le pause... Il bibliofilo legge sempre! Per questo da oggi \u00e8 disponibile la borsa di tela Aiora: spaziosa (38x42 cm), resistente e tutta di cotone, vi accompagner\u00e0 ovunque con i pi\u00f9 bei versi di Kavafis, nella traduzione di Roberto Capel Badino. Quando per Itaca volgi la rotta, augurati che sia lungo il tuo viaggio, ricolmo d'avventure e conoscenze.\",\"breadcrumb\":{\"@id\":\"https:\\\/\\\/www.aiorabooks.com\\\/product\\\/borsa-di-tela\\\/#breadcrumb\"},\"inLanguage\":\"it-IT\",\"potentialAction\":[{\"@type\":\"ReadAction\",\"target\":[\"https:\\\/\\\/www.aiorabooks.com\\\/product\\\/borsa-di-tela\\\/\"]}]},{\"@type\":\"ImageObject\",\"inLanguage\":\"it-IT\",\"@id\":\"https:\\\/\\\/www.aiorabooks.com\\\/product\\\/borsa-di-tela\\\/#primaryimage\",\"url\":\"https:\\\/\\\/www.aiorabooks.com\\\/wp-content\\\/uploads\\\/2024\\\/02\\\/borsa_di_tela.jpg\",\"contentUrl\":\"https:\\\/\\\/www.aiorabooks.com\\\/wp-content\\\/uploads\\\/2024\\\/02\\\/borsa_di_tela.jpg\",\"width\":1293,\"height\":1890,\"caption\":\"Borsa di tela Itaca di K. Kavafis\"},{\"@type\":\"BreadcrumbList\",\"@id\":\"https:\\\/\\\/www.aiorabooks.com\\\/product\\\/borsa-di-tela\\\/#breadcrumb\",\"itemListElement\":[{\"@type\":\"ListItem\",\"position\":1,\"name\":\"Home\",\"item\":\"https:\\\/\\\/www.aiorabooks.com\\\/it\\\/\"},{\"@type\":\"ListItem\",\"position\":2,\"name\":\"Products\",\"item\":\"https:\\\/\\\/www.aiorabooks.com\\\/shop\\\/\"},{\"@type\":\"ListItem\",\"position\":3,\"name\":\"Borsa di tela\"}]},{\"@type\":\"WebSite\",\"@id\":\"https:\\\/\\\/www.aiorabooks.com\\\/#website\",\"url\":\"https:\\\/\\\/www.aiorabooks.com\\\/\",\"name\":\"Aiora Press\",\"description\":\"\",\"publisher\":{\"@id\":\"https:\\\/\\\/www.aiorabooks.com\\\/#organization\"},\"potentialAction\":[{\"@type\":\"SearchAction\",\"target\":{\"@type\":\"EntryPoint\",\"urlTemplate\":\"https:\\\/\\\/www.aiorabooks.com\\\/?s={search_term_string}\"},\"query-input\":{\"@type\":\"PropertyValueSpecification\",\"valueRequired\":true,\"valueName\":\"search_term_string\"}}],\"inLanguage\":\"it-IT\"},{\"@type\":\"Organization\",\"@id\":\"https:\\\/\\\/www.aiorabooks.com\\\/#organization\",\"name\":\"Aiora Press\",\"url\":\"https:\\\/\\\/www.aiorabooks.com\\\/\",\"logo\":{\"@type\":\"ImageObject\",\"inLanguage\":\"it-IT\",\"@id\":\"https:\\\/\\\/www.aiorabooks.com\\\/#\\\/schema\\\/logo\\\/image\\\/\",\"url\":\"https:\\\/\\\/www.aiorabooks.com\\\/wp-content\\\/uploads\\\/2018\\\/05\\\/aiora_press_B.png\",\"contentUrl\":\"https:\\\/\\\/www.aiorabooks.com\\\/wp-content\\\/uploads\\\/2018\\\/05\\\/aiora_press_B.png\",\"width\":520,\"height\":216,\"caption\":\"Aiora Press\"},\"image\":{\"@id\":\"https:\\\/\\\/www.aiorabooks.com\\\/#\\\/schema\\\/logo\\\/image\\\/\"},\"sameAs\":[\"https:\\\/\\\/www.instagram.com\\\/aiorapress\\\/\"]}]}<\/script>\n<!-- \/ Yoast SEO plugin. -->","yoast_head_json":{"title":"Borsa di tela - Aiora Press","description":"Chi ama i libri, e li colleziona, ha sempre bisogno di una borsa di tela per trasportarli: dalla libreria alla biblioteca di casa, in viaggio, sul posto di lavoro durante le pause... Il bibliofilo legge sempre! Per questo da oggi \u00e8 disponibile la borsa di tela Aiora: spaziosa (38x42 cm), resistente e tutta di cotone, vi accompagner\u00e0 ovunque con i pi\u00f9 bei versi di Kavafis, nella traduzione di Roberto Capel Badino.   Quando per Itaca volgi la rotta, augurati che sia lungo il tuo viaggio, ricolmo d'avventure e conoscenze.","robots":{"index":"index","follow":"follow","max-snippet":"max-snippet:-1","max-image-preview":"max-image-preview:large","max-video-preview":"max-video-preview:-1"},"canonical":"https:\/\/www.aiorabooks.com\/product\/borsa-di-tela\/","og_locale":"it_IT","og_type":"article","og_title":"Borsa di tela - Aiora Press","og_description":"Chi ama i libri, e li colleziona, ha sempre bisogno di una borsa di tela per trasportarli: dalla libreria alla biblioteca di casa, in viaggio, sul posto di lavoro durante le pause... Il bibliofilo legge sempre! Per questo da oggi \u00e8 disponibile la borsa di tela Aiora: spaziosa (38x42 cm), resistente e tutta di cotone, vi accompagner\u00e0 ovunque con i pi\u00f9 bei versi di Kavafis, nella traduzione di Roberto Capel Badino.   Quando per Itaca volgi la rotta, augurati che sia lungo il tuo viaggio, ricolmo d'avventure e conoscenze.","og_url":"https:\/\/www.aiorabooks.com\/product\/borsa-di-tela\/","og_site_name":"Aiora Press","article_modified_time":"2024-02-15T15:44:58+00:00","og_image":[{"width":1293,"height":1890,"url":"https:\/\/www.aiorabooks.com\/wp-content\/uploads\/2024\/02\/borsa_di_tela.jpg","type":"image\/jpeg"}],"twitter_card":"summary_large_image","schema":{"@context":"https:\/\/schema.org","@graph":[{"@type":"WebPage","@id":"https:\/\/www.aiorabooks.com\/product\/borsa-di-tela\/","url":"https:\/\/www.aiorabooks.com\/product\/borsa-di-tela\/","name":"Borsa di tela - Aiora Press","isPartOf":{"@id":"https:\/\/www.aiorabooks.com\/#website"},"primaryImageOfPage":{"@id":"https:\/\/www.aiorabooks.com\/product\/borsa-di-tela\/#primaryimage"},"image":{"@id":"https:\/\/www.aiorabooks.com\/product\/borsa-di-tela\/#primaryimage"},"thumbnailUrl":"https:\/\/www.aiorabooks.com\/wp-content\/uploads\/2024\/02\/borsa_di_tela.jpg","datePublished":"2024-02-15T15:41:09+00:00","dateModified":"2024-02-15T15:44:58+00:00","description":"Chi ama i libri, e li colleziona, ha sempre bisogno di una borsa di tela per trasportarli: dalla libreria alla biblioteca di casa, in viaggio, sul posto di lavoro durante le pause... Il bibliofilo legge sempre! Per questo da oggi \u00e8 disponibile la borsa di tela Aiora: spaziosa (38x42 cm), resistente e tutta di cotone, vi accompagner\u00e0 ovunque con i pi\u00f9 bei versi di Kavafis, nella traduzione di Roberto Capel Badino. Quando per Itaca volgi la rotta, augurati che sia lungo il tuo viaggio, ricolmo d'avventure e conoscenze.","breadcrumb":{"@id":"https:\/\/www.aiorabooks.com\/product\/borsa-di-tela\/#breadcrumb"},"inLanguage":"it-IT","potentialAction":[{"@type":"ReadAction","target":["https:\/\/www.aiorabooks.com\/product\/borsa-di-tela\/"]}]},{"@type":"ImageObject","inLanguage":"it-IT","@id":"https:\/\/www.aiorabooks.com\/product\/borsa-di-tela\/#primaryimage","url":"https:\/\/www.aiorabooks.com\/wp-content\/uploads\/2024\/02\/borsa_di_tela.jpg","contentUrl":"https:\/\/www.aiorabooks.com\/wp-content\/uploads\/2024\/02\/borsa_di_tela.jpg","width":1293,"height":1890,"caption":"Borsa di tela Itaca di K. Kavafis"},{"@type":"BreadcrumbList","@id":"https:\/\/www.aiorabooks.com\/product\/borsa-di-tela\/#breadcrumb","itemListElement":[{"@type":"ListItem","position":1,"name":"Home","item":"https:\/\/www.aiorabooks.com\/it\/"},{"@type":"ListItem","position":2,"name":"Products","item":"https:\/\/www.aiorabooks.com\/shop\/"},{"@type":"ListItem","position":3,"name":"Borsa di tela"}]},{"@type":"WebSite","@id":"https:\/\/www.aiorabooks.com\/#website","url":"https:\/\/www.aiorabooks.com\/","name":"Aiora Press","description":"","publisher":{"@id":"https:\/\/www.aiorabooks.com\/#organization"},"potentialAction":[{"@type":"SearchAction","target":{"@type":"EntryPoint","urlTemplate":"https:\/\/www.aiorabooks.com\/?s={search_term_string}"},"query-input":{"@type":"PropertyValueSpecification","valueRequired":true,"valueName":"search_term_string"}}],"inLanguage":"it-IT"},{"@type":"Organization","@id":"https:\/\/www.aiorabooks.com\/#organization","name":"Aiora Press","url":"https:\/\/www.aiorabooks.com\/","logo":{"@type":"ImageObject","inLanguage":"it-IT","@id":"https:\/\/www.aiorabooks.com\/#\/schema\/logo\/image\/","url":"https:\/\/www.aiorabooks.com\/wp-content\/uploads\/2018\/05\/aiora_press_B.png","contentUrl":"https:\/\/www.aiorabooks.com\/wp-content\/uploads\/2018\/05\/aiora_press_B.png","width":520,"height":216,"caption":"Aiora Press"},"image":{"@id":"https:\/\/www.aiorabooks.com\/#\/schema\/logo\/image\/"},"sameAs":["https:\/\/www.instagram.com\/aiorapress\/"]}]}},"brands":[],"_links":{"self":[{"href":"https:\/\/www.aiorabooks.com\/it\/wp-json\/wp\/v2\/product\/8459","targetHints":{"allow":["GET"]}}],"collection":[{"href":"https:\/\/www.aiorabooks.com\/it\/wp-json\/wp\/v2\/product"}],"about":[{"href":"https:\/\/www.aiorabooks.com\/it\/wp-json\/wp\/v2\/types\/product"}],"wp:featuredmedia":[{"embeddable":true,"href":"https:\/\/www.aiorabooks.com\/it\/wp-json\/wp\/v2\/media\/8472"}],"wp:attachment":[{"href":"https:\/\/www.aiorabooks.com\/it\/wp-json\/wp\/v2\/media?parent=8459"}],"wp:term":[{"taxonomy":"pwb-brand","embeddable":true,"href":"https:\/\/www.aiorabooks.com\/it\/wp-json\/wp\/v2\/pwb-brand?post=8459"},{"taxonomy":"product_brand","embeddable":true,"href":"https:\/\/www.aiorabooks.com\/it\/wp-json\/wp\/v2\/product_brand?post=8459"},{"taxonomy":"product_cat","embeddable":true,"href":"https:\/\/www.aiorabooks.com\/it\/wp-json\/wp\/v2\/product_cat?post=8459"},{"taxonomy":"product_tag","embeddable":true,"href":"https:\/\/www.aiorabooks.com\/it\/wp-json\/wp\/v2\/product_tag?post=8459"}],"curies":[{"name":"wp","href":"https:\/\/api.w.org\/{rel}","templated":true}]}}