{"id":8296,"date":"2023-11-29T15:32:18","date_gmt":"2023-11-29T13:32:18","guid":{"rendered":"https:\/\/www.aiorabooks.com\/?post_type=product&#038;p=8296"},"modified":"2023-11-29T15:33:59","modified_gmt":"2023-11-29T13:33:59","slug":"cronaca-di-una-citta","status":"publish","type":"product","link":"https:\/\/www.aiorabooks.com\/it\/product\/cronaca-di-una-citta\/","title":{"rendered":"Cronaca di una citt\u00e0"},"content":{"rendered":"","protected":false},"excerpt":{"rendered":"<p><strong><a href=\"https:\/\/www.aiorabooks.com\/2023\/11\/29\/pandelis-prevelakis\/\">PANDEL\u00ccS PREVELAKIS<\/a><br \/>\nTraduzione di <a href=\"https:\/\/www.aiorabooks.com\/2023\/11\/29\/mario-vitti\/\">Mario Vitti<\/a><\/strong><\/p>\n<p>In <em>Cronaca di una citt\u00e0<\/em> assoluta protagonista \u00e8 la gente di R\u00e8timno, nell\u2019isola di Creta. La citt\u00e0 natale dell\u2019autore \u00e8 ritratta alla maniera di una natura morta nel periodo seguito alla fine della prima guerra mondiale e dopo lo scambio di popolazioni tra Grecia e Turchia, nel 1923.<\/p>\n<p>Davanti agli occhi del lettore sfila una carrellata di tipi umani: artigiani, commercianti, contadini, greci e turchi, musulmani e ortodossi, che compongono il cuore di una citt\u00e0 (ma anche di un Paese intero) in cui il vecchio \u00e8 scomparso ma il nuovo appare ancora sotto le spoglie minacciose dell\u2019ignoto.<\/p>\n<p>Quello di Prevelakis \u00e8 un piano sequenza di grande impatto, che ci ricorda che anche le citt\u00e0 hanno una biografia impressa negli edifici, e nelle storie degli uomini e delle donne che le abitano o le hanno abitate costituendone l\u2019essenza pi\u00f9 pura.<\/p>\n<p>\u00abCronaca di una citt\u00e0 \u00e8 un ricco panorama della citt\u00e0 natale dell&#8217;autore, R\u00e8timno, (&#8230;) brulicante di vividi personaggi. (&#8230;) In molti punti di Zorba il Greco Kazantzakis ha seguito le orme del suo conterraneo Prevelakis.\u00bb<br \/>\n\u2014 Roderick Beaton<br \/>\n<em>An Introduction to <\/em><em>Modern Greek Literature<\/em><\/p>\n","protected":false},"featured_media":8302,"template":"","meta":{"_acf_changed":false},"pwb-brand":[],"product_brand":[],"product_cat":[247,242],"product_tag":[1571,1576,1554,1575,1553,1572,1573,1574],"class_list":{"0":"post-8296","1":"product","2":"type-product","3":"status-publish","4":"has-post-thumbnail","6":"product_cat-libri","7":"product_cat-classici-greci-moderni","8":"product_tag-creta","9":"product_tag-letteratura-classica","10":"product_tag-letteratura-greca-moderna","11":"product_tag-mario-vitti","12":"product_tag-narrativa","13":"product_tag-retimno","14":"product_tag-storia","15":"product_tag-traduzione-dal-greco","17":"first","18":"instock","19":"shipping-taxable","20":"purchasable","21":"product-type-simple"},"acf":[],"yoast_head":"<!-- This site is optimized with the Yoast SEO plugin v27.6 - https:\/\/yoast.com\/product\/yoast-seo-wordpress\/ -->\n<title>Cronaca di una citt\u00e0 - Aiora Press<\/title>\n<meta name=\"description\" content=\"PANDEL\u00ccS PREVELAKIS Traduzione di Mario Vitti  In Cronaca di una citt\u00e0 assoluta protagonista \u00e8 la gente di R\u00e8timno, nell\u2019isola di Creta. La citt\u00e0 natale dell\u2019autore \u00e8 ritratta alla maniera di una natura morta nel periodo seguito alla fine della prima guerra mondiale e dopo lo scambio di popolazioni tra Grecia e Turchia, nel 1923.  Davanti agli occhi del lettore sfila una carrellata di tipi umani: artigiani, commercianti, contadini, greci e turchi, musulmani e ortodossi, che compongono il cuore di una citt\u00e0 (ma anche di un Paese intero) in cui il vecchio \u00e8 scomparso ma il nuovo appare ancora sotto le spoglie minacciose dell\u2019ignoto.  Quello di Prevelakis \u00e8 un piano sequenza di grande impatto, che ci ricorda che anche le citt\u00e0 hanno una biografia impressa negli edifici, e nelle storie degli uomini e delle donne che le abitano o le hanno abitate costituendone l\u2019essenza pi\u00f9 pura.  \u00abCronaca di una citt\u00e0 \u00e8 un ricco panorama della citt\u00e0 natale dell&#039;autore, R\u00e8timno, (...) brulicante di vividi personaggi. (...) In molti punti di Zorba il Greco Kazantzakis ha seguito le orme del suo conterraneo Prevelakis.\u00bb \u2014 Roderick Beaton An Introduction to Modern Greek Literature\" \/>\n<meta name=\"robots\" content=\"index, follow, max-snippet:-1, max-image-preview:large, max-video-preview:-1\" \/>\n<link rel=\"canonical\" href=\"https:\/\/www.aiorabooks.com\/product\/cronaca-di-una-citta\/\" \/>\n<meta property=\"og:locale\" content=\"it_IT\" \/>\n<meta property=\"og:type\" content=\"article\" \/>\n<meta property=\"og:title\" content=\"Cronaca di una citt\u00e0 - Aiora Press\" \/>\n<meta property=\"og:description\" content=\"PANDEL\u00ccS PREVELAKIS Traduzione di Mario Vitti  In Cronaca di una citt\u00e0 assoluta protagonista \u00e8 la gente di R\u00e8timno, nell\u2019isola di Creta. La citt\u00e0 natale dell\u2019autore \u00e8 ritratta alla maniera di una natura morta nel periodo seguito alla fine della prima guerra mondiale e dopo lo scambio di popolazioni tra Grecia e Turchia, nel 1923.  Davanti agli occhi del lettore sfila una carrellata di tipi umani: artigiani, commercianti, contadini, greci e turchi, musulmani e ortodossi, che compongono il cuore di una citt\u00e0 (ma anche di un Paese intero) in cui il vecchio \u00e8 scomparso ma il nuovo appare ancora sotto le spoglie minacciose dell\u2019ignoto.  Quello di Prevelakis \u00e8 un piano sequenza di grande impatto, che ci ricorda che anche le citt\u00e0 hanno una biografia impressa negli edifici, e nelle storie degli uomini e delle donne che le abitano o le hanno abitate costituendone l\u2019essenza pi\u00f9 pura.  \u00abCronaca di una citt\u00e0 \u00e8 un ricco panorama della citt\u00e0 natale dell&#039;autore, R\u00e8timno, (...) brulicante di vividi personaggi. (...) In molti punti di Zorba il Greco Kazantzakis ha seguito le orme del suo conterraneo Prevelakis.\u00bb \u2014 Roderick Beaton An Introduction to Modern Greek Literature\" \/>\n<meta property=\"og:url\" content=\"https:\/\/www.aiorabooks.com\/product\/cronaca-di-una-citta\/\" \/>\n<meta property=\"og:site_name\" content=\"Aiora Press\" \/>\n<meta property=\"article:modified_time\" content=\"2023-11-29T13:33:59+00:00\" \/>\n<meta property=\"og:image\" content=\"https:\/\/www.aiorabooks.com\/wp-content\/uploads\/2023\/11\/prevelakis_RGB.jpg\" \/>\n\t<meta property=\"og:image:width\" content=\"898\" \/>\n\t<meta property=\"og:image:height\" content=\"1417\" \/>\n\t<meta property=\"og:image:type\" content=\"image\/jpeg\" \/>\n<meta name=\"twitter:card\" content=\"summary_large_image\" \/>\n<script type=\"application\/ld+json\" class=\"yoast-schema-graph\">{\"@context\":\"https:\\\/\\\/schema.org\",\"@graph\":[{\"@type\":\"WebPage\",\"@id\":\"https:\\\/\\\/www.aiorabooks.com\\\/product\\\/cronaca-di-una-citta\\\/\",\"url\":\"https:\\\/\\\/www.aiorabooks.com\\\/product\\\/cronaca-di-una-citta\\\/\",\"name\":\"Cronaca di una citt\u00e0 - Aiora Press\",\"isPartOf\":{\"@id\":\"https:\\\/\\\/www.aiorabooks.com\\\/#website\"},\"primaryImageOfPage\":{\"@id\":\"https:\\\/\\\/www.aiorabooks.com\\\/product\\\/cronaca-di-una-citta\\\/#primaryimage\"},\"image\":{\"@id\":\"https:\\\/\\\/www.aiorabooks.com\\\/product\\\/cronaca-di-una-citta\\\/#primaryimage\"},\"thumbnailUrl\":\"https:\\\/\\\/www.aiorabooks.com\\\/wp-content\\\/uploads\\\/2023\\\/11\\\/prevelakis_RGB.jpg\",\"datePublished\":\"2023-11-29T13:32:18+00:00\",\"dateModified\":\"2023-11-29T13:33:59+00:00\",\"description\":\"PANDEL\u00ccS PREVELAKIS Traduzione di Mario Vitti In Cronaca di una citt\u00e0 assoluta protagonista \u00e8 la gente di R\u00e8timno, nell\u2019isola di Creta. La citt\u00e0 natale dell\u2019autore \u00e8 ritratta alla maniera di una natura morta nel periodo seguito alla fine della prima guerra mondiale e dopo lo scambio di popolazioni tra Grecia e Turchia, nel 1923. Davanti agli occhi del lettore sfila una carrellata di tipi umani: artigiani, commercianti, contadini, greci e turchi, musulmani e ortodossi, che compongono il cuore di una citt\u00e0 (ma anche di un Paese intero) in cui il vecchio \u00e8 scomparso ma il nuovo appare ancora sotto le spoglie minacciose dell\u2019ignoto. Quello di Prevelakis \u00e8 un piano sequenza di grande impatto, che ci ricorda che anche le citt\u00e0 hanno una biografia impressa negli edifici, e nelle storie degli uomini e delle donne che le abitano o le hanno abitate costituendone l\u2019essenza pi\u00f9 pura. \u00abCronaca di una citt\u00e0 \u00e8 un ricco panorama della citt\u00e0 natale dell'autore, R\u00e8timno, (...) brulicante di vividi personaggi. (...) In molti punti di Zorba il Greco Kazantzakis ha seguito le orme del suo conterraneo Prevelakis.\u00bb \u2014 Roderick Beaton An Introduction to Modern Greek Literature\",\"breadcrumb\":{\"@id\":\"https:\\\/\\\/www.aiorabooks.com\\\/product\\\/cronaca-di-una-citta\\\/#breadcrumb\"},\"inLanguage\":\"it-IT\",\"potentialAction\":[{\"@type\":\"ReadAction\",\"target\":[\"https:\\\/\\\/www.aiorabooks.com\\\/product\\\/cronaca-di-una-citta\\\/\"]}]},{\"@type\":\"ImageObject\",\"inLanguage\":\"it-IT\",\"@id\":\"https:\\\/\\\/www.aiorabooks.com\\\/product\\\/cronaca-di-una-citta\\\/#primaryimage\",\"url\":\"https:\\\/\\\/www.aiorabooks.com\\\/wp-content\\\/uploads\\\/2023\\\/11\\\/prevelakis_RGB.jpg\",\"contentUrl\":\"https:\\\/\\\/www.aiorabooks.com\\\/wp-content\\\/uploads\\\/2023\\\/11\\\/prevelakis_RGB.jpg\",\"width\":898,\"height\":1417,\"caption\":\"Cronaca di una citt\u00e0\"},{\"@type\":\"BreadcrumbList\",\"@id\":\"https:\\\/\\\/www.aiorabooks.com\\\/product\\\/cronaca-di-una-citta\\\/#breadcrumb\",\"itemListElement\":[{\"@type\":\"ListItem\",\"position\":1,\"name\":\"Home\",\"item\":\"https:\\\/\\\/www.aiorabooks.com\\\/it\\\/\"},{\"@type\":\"ListItem\",\"position\":2,\"name\":\"Products\",\"item\":\"https:\\\/\\\/www.aiorabooks.com\\\/shop\\\/\"},{\"@type\":\"ListItem\",\"position\":3,\"name\":\"Cronaca di una citt\u00e0\"}]},{\"@type\":\"WebSite\",\"@id\":\"https:\\\/\\\/www.aiorabooks.com\\\/#website\",\"url\":\"https:\\\/\\\/www.aiorabooks.com\\\/\",\"name\":\"Aiora Press\",\"description\":\"\",\"publisher\":{\"@id\":\"https:\\\/\\\/www.aiorabooks.com\\\/#organization\"},\"potentialAction\":[{\"@type\":\"SearchAction\",\"target\":{\"@type\":\"EntryPoint\",\"urlTemplate\":\"https:\\\/\\\/www.aiorabooks.com\\\/?s={search_term_string}\"},\"query-input\":{\"@type\":\"PropertyValueSpecification\",\"valueRequired\":true,\"valueName\":\"search_term_string\"}}],\"inLanguage\":\"it-IT\"},{\"@type\":\"Organization\",\"@id\":\"https:\\\/\\\/www.aiorabooks.com\\\/#organization\",\"name\":\"Aiora Press\",\"url\":\"https:\\\/\\\/www.aiorabooks.com\\\/\",\"logo\":{\"@type\":\"ImageObject\",\"inLanguage\":\"it-IT\",\"@id\":\"https:\\\/\\\/www.aiorabooks.com\\\/#\\\/schema\\\/logo\\\/image\\\/\",\"url\":\"https:\\\/\\\/www.aiorabooks.com\\\/wp-content\\\/uploads\\\/2018\\\/05\\\/aiora_press_B.png\",\"contentUrl\":\"https:\\\/\\\/www.aiorabooks.com\\\/wp-content\\\/uploads\\\/2018\\\/05\\\/aiora_press_B.png\",\"width\":520,\"height\":216,\"caption\":\"Aiora Press\"},\"image\":{\"@id\":\"https:\\\/\\\/www.aiorabooks.com\\\/#\\\/schema\\\/logo\\\/image\\\/\"},\"sameAs\":[\"https:\\\/\\\/www.instagram.com\\\/aiorapress\\\/\"]}]}<\/script>\n<!-- \/ Yoast SEO plugin. -->","yoast_head_json":{"title":"Cronaca di una citt\u00e0 - Aiora Press","description":"PANDEL\u00ccS PREVELAKIS Traduzione di Mario Vitti  In Cronaca di una citt\u00e0 assoluta protagonista \u00e8 la gente di R\u00e8timno, nell\u2019isola di Creta. La citt\u00e0 natale dell\u2019autore \u00e8 ritratta alla maniera di una natura morta nel periodo seguito alla fine della prima guerra mondiale e dopo lo scambio di popolazioni tra Grecia e Turchia, nel 1923.  Davanti agli occhi del lettore sfila una carrellata di tipi umani: artigiani, commercianti, contadini, greci e turchi, musulmani e ortodossi, che compongono il cuore di una citt\u00e0 (ma anche di un Paese intero) in cui il vecchio \u00e8 scomparso ma il nuovo appare ancora sotto le spoglie minacciose dell\u2019ignoto.  Quello di Prevelakis \u00e8 un piano sequenza di grande impatto, che ci ricorda che anche le citt\u00e0 hanno una biografia impressa negli edifici, e nelle storie degli uomini e delle donne che le abitano o le hanno abitate costituendone l\u2019essenza pi\u00f9 pura.  \u00abCronaca di una citt\u00e0 \u00e8 un ricco panorama della citt\u00e0 natale dell'autore, R\u00e8timno, (...) brulicante di vividi personaggi. (...) In molti punti di Zorba il Greco Kazantzakis ha seguito le orme del suo conterraneo Prevelakis.\u00bb \u2014 Roderick Beaton An Introduction to Modern Greek Literature","robots":{"index":"index","follow":"follow","max-snippet":"max-snippet:-1","max-image-preview":"max-image-preview:large","max-video-preview":"max-video-preview:-1"},"canonical":"https:\/\/www.aiorabooks.com\/product\/cronaca-di-una-citta\/","og_locale":"it_IT","og_type":"article","og_title":"Cronaca di una citt\u00e0 - Aiora Press","og_description":"PANDEL\u00ccS PREVELAKIS Traduzione di Mario Vitti  In Cronaca di una citt\u00e0 assoluta protagonista \u00e8 la gente di R\u00e8timno, nell\u2019isola di Creta. La citt\u00e0 natale dell\u2019autore \u00e8 ritratta alla maniera di una natura morta nel periodo seguito alla fine della prima guerra mondiale e dopo lo scambio di popolazioni tra Grecia e Turchia, nel 1923.  Davanti agli occhi del lettore sfila una carrellata di tipi umani: artigiani, commercianti, contadini, greci e turchi, musulmani e ortodossi, che compongono il cuore di una citt\u00e0 (ma anche di un Paese intero) in cui il vecchio \u00e8 scomparso ma il nuovo appare ancora sotto le spoglie minacciose dell\u2019ignoto.  Quello di Prevelakis \u00e8 un piano sequenza di grande impatto, che ci ricorda che anche le citt\u00e0 hanno una biografia impressa negli edifici, e nelle storie degli uomini e delle donne che le abitano o le hanno abitate costituendone l\u2019essenza pi\u00f9 pura.  \u00abCronaca di una citt\u00e0 \u00e8 un ricco panorama della citt\u00e0 natale dell'autore, R\u00e8timno, (...) brulicante di vividi personaggi. (...) In molti punti di Zorba il Greco Kazantzakis ha seguito le orme del suo conterraneo Prevelakis.\u00bb \u2014 Roderick Beaton An Introduction to Modern Greek Literature","og_url":"https:\/\/www.aiorabooks.com\/product\/cronaca-di-una-citta\/","og_site_name":"Aiora Press","article_modified_time":"2023-11-29T13:33:59+00:00","og_image":[{"width":898,"height":1417,"url":"https:\/\/www.aiorabooks.com\/wp-content\/uploads\/2023\/11\/prevelakis_RGB.jpg","type":"image\/jpeg"}],"twitter_card":"summary_large_image","schema":{"@context":"https:\/\/schema.org","@graph":[{"@type":"WebPage","@id":"https:\/\/www.aiorabooks.com\/product\/cronaca-di-una-citta\/","url":"https:\/\/www.aiorabooks.com\/product\/cronaca-di-una-citta\/","name":"Cronaca di una citt\u00e0 - Aiora Press","isPartOf":{"@id":"https:\/\/www.aiorabooks.com\/#website"},"primaryImageOfPage":{"@id":"https:\/\/www.aiorabooks.com\/product\/cronaca-di-una-citta\/#primaryimage"},"image":{"@id":"https:\/\/www.aiorabooks.com\/product\/cronaca-di-una-citta\/#primaryimage"},"thumbnailUrl":"https:\/\/www.aiorabooks.com\/wp-content\/uploads\/2023\/11\/prevelakis_RGB.jpg","datePublished":"2023-11-29T13:32:18+00:00","dateModified":"2023-11-29T13:33:59+00:00","description":"PANDEL\u00ccS PREVELAKIS Traduzione di Mario Vitti In Cronaca di una citt\u00e0 assoluta protagonista \u00e8 la gente di R\u00e8timno, nell\u2019isola di Creta. La citt\u00e0 natale dell\u2019autore \u00e8 ritratta alla maniera di una natura morta nel periodo seguito alla fine della prima guerra mondiale e dopo lo scambio di popolazioni tra Grecia e Turchia, nel 1923. Davanti agli occhi del lettore sfila una carrellata di tipi umani: artigiani, commercianti, contadini, greci e turchi, musulmani e ortodossi, che compongono il cuore di una citt\u00e0 (ma anche di un Paese intero) in cui il vecchio \u00e8 scomparso ma il nuovo appare ancora sotto le spoglie minacciose dell\u2019ignoto. Quello di Prevelakis \u00e8 un piano sequenza di grande impatto, che ci ricorda che anche le citt\u00e0 hanno una biografia impressa negli edifici, e nelle storie degli uomini e delle donne che le abitano o le hanno abitate costituendone l\u2019essenza pi\u00f9 pura. \u00abCronaca di una citt\u00e0 \u00e8 un ricco panorama della citt\u00e0 natale dell'autore, R\u00e8timno, (...) brulicante di vividi personaggi. (...) In molti punti di Zorba il Greco Kazantzakis ha seguito le orme del suo conterraneo Prevelakis.\u00bb \u2014 Roderick Beaton An Introduction to Modern Greek Literature","breadcrumb":{"@id":"https:\/\/www.aiorabooks.com\/product\/cronaca-di-una-citta\/#breadcrumb"},"inLanguage":"it-IT","potentialAction":[{"@type":"ReadAction","target":["https:\/\/www.aiorabooks.com\/product\/cronaca-di-una-citta\/"]}]},{"@type":"ImageObject","inLanguage":"it-IT","@id":"https:\/\/www.aiorabooks.com\/product\/cronaca-di-una-citta\/#primaryimage","url":"https:\/\/www.aiorabooks.com\/wp-content\/uploads\/2023\/11\/prevelakis_RGB.jpg","contentUrl":"https:\/\/www.aiorabooks.com\/wp-content\/uploads\/2023\/11\/prevelakis_RGB.jpg","width":898,"height":1417,"caption":"Cronaca di una citt\u00e0"},{"@type":"BreadcrumbList","@id":"https:\/\/www.aiorabooks.com\/product\/cronaca-di-una-citta\/#breadcrumb","itemListElement":[{"@type":"ListItem","position":1,"name":"Home","item":"https:\/\/www.aiorabooks.com\/it\/"},{"@type":"ListItem","position":2,"name":"Products","item":"https:\/\/www.aiorabooks.com\/shop\/"},{"@type":"ListItem","position":3,"name":"Cronaca di una citt\u00e0"}]},{"@type":"WebSite","@id":"https:\/\/www.aiorabooks.com\/#website","url":"https:\/\/www.aiorabooks.com\/","name":"Aiora Press","description":"","publisher":{"@id":"https:\/\/www.aiorabooks.com\/#organization"},"potentialAction":[{"@type":"SearchAction","target":{"@type":"EntryPoint","urlTemplate":"https:\/\/www.aiorabooks.com\/?s={search_term_string}"},"query-input":{"@type":"PropertyValueSpecification","valueRequired":true,"valueName":"search_term_string"}}],"inLanguage":"it-IT"},{"@type":"Organization","@id":"https:\/\/www.aiorabooks.com\/#organization","name":"Aiora Press","url":"https:\/\/www.aiorabooks.com\/","logo":{"@type":"ImageObject","inLanguage":"it-IT","@id":"https:\/\/www.aiorabooks.com\/#\/schema\/logo\/image\/","url":"https:\/\/www.aiorabooks.com\/wp-content\/uploads\/2018\/05\/aiora_press_B.png","contentUrl":"https:\/\/www.aiorabooks.com\/wp-content\/uploads\/2018\/05\/aiora_press_B.png","width":520,"height":216,"caption":"Aiora Press"},"image":{"@id":"https:\/\/www.aiorabooks.com\/#\/schema\/logo\/image\/"},"sameAs":["https:\/\/www.instagram.com\/aiorapress\/"]}]}},"brands":[],"_links":{"self":[{"href":"https:\/\/www.aiorabooks.com\/it\/wp-json\/wp\/v2\/product\/8296","targetHints":{"allow":["GET"]}}],"collection":[{"href":"https:\/\/www.aiorabooks.com\/it\/wp-json\/wp\/v2\/product"}],"about":[{"href":"https:\/\/www.aiorabooks.com\/it\/wp-json\/wp\/v2\/types\/product"}],"wp:featuredmedia":[{"embeddable":true,"href":"https:\/\/www.aiorabooks.com\/it\/wp-json\/wp\/v2\/media\/8302"}],"wp:attachment":[{"href":"https:\/\/www.aiorabooks.com\/it\/wp-json\/wp\/v2\/media?parent=8296"}],"wp:term":[{"taxonomy":"pwb-brand","embeddable":true,"href":"https:\/\/www.aiorabooks.com\/it\/wp-json\/wp\/v2\/pwb-brand?post=8296"},{"taxonomy":"product_brand","embeddable":true,"href":"https:\/\/www.aiorabooks.com\/it\/wp-json\/wp\/v2\/product_brand?post=8296"},{"taxonomy":"product_cat","embeddable":true,"href":"https:\/\/www.aiorabooks.com\/it\/wp-json\/wp\/v2\/product_cat?post=8296"},{"taxonomy":"product_tag","embeddable":true,"href":"https:\/\/www.aiorabooks.com\/it\/wp-json\/wp\/v2\/product_tag?post=8296"}],"curies":[{"name":"wp","href":"https:\/\/api.w.org\/{rel}","templated":true}]}}