{"id":7501,"date":"2022-07-25T13:34:08","date_gmt":"2022-07-25T10:34:08","guid":{"rendered":"https:\/\/www.aiorabooks.com\/?post_type=product&#038;p=7501"},"modified":"2024-03-04T16:56:05","modified_gmt":"2024-03-04T14:56:05","slug":"fiabe-dalla-grecia","status":"publish","type":"product","link":"https:\/\/www.aiorabooks.com\/it\/product\/fiabe-dalla-grecia\/","title":{"rendered":"Fiabe dalla Grecia"},"content":{"rendered":"<p><em>C\u2019era una volta una cicogna, che un giorno decise di invitare a pranzo una volpe.<\/em><\/p>\n<p><em>Prese un fiasco pieno di latte, lo sistem\u00f2 su una pietra, ci infil\u00f2 dentro il becco e bevve per prima. Quando tir\u00f2 fuori il becco per riprendere fiato, un po\u2019 di latte sgocciol\u00f2 fuori e la volpe lo lecc\u00f2.<\/em><\/p>\n<p><em>Appena la cicogna fin\u00ec di bere, disse alla volpe:<\/em><br \/>\n<em>\u00abHai bevuto abbastanza latte, comare volpe? Sei sazia?\u00bb<\/em><br \/>\n<em>\u00abCome no, ho bevuto e sono sazia! Ora \u00e8 il mio turno di invitarti a pranzo comare cicogna, ci vediamo domani!\u00bb<\/em><\/p>\n<p><img loading=\"lazy\" decoding=\"async\" class=\"size-medium wp-image-7509\" src=\"https:\/\/www.aiorabooks.com\/wp-content\/uploads\/2022\/07\/cicogna-173x300.jpg\" alt=\"Cicogna, disegno di Panagiotis Stavropoulos\" width=\"173\" height=\"300\" srcset=\"https:\/\/www.aiorabooks.com\/wp-content\/uploads\/2022\/07\/cicogna-173x300.jpg 173w, https:\/\/www.aiorabooks.com\/wp-content\/uploads\/2022\/07\/cicogna-87x150.jpg 87w, https:\/\/www.aiorabooks.com\/wp-content\/uploads\/2022\/07\/cicogna-300x519.jpg 300w, https:\/\/www.aiorabooks.com\/wp-content\/uploads\/2022\/07\/cicogna.jpg 431w\" sizes=\"auto, (max-width: 173px) 100vw, 173px\" \/><\/p>\n<p><em>Presero appuntamento e l\u2019indomani, di buon mattino, si ritrovarono sul versante della montagna. Questa volta il fiasco di latte l\u2019aveva portato la volpe, che cerc\u00f2 una grande lastra di pietra e ce lo spacc\u00f2 sopra. Il latte si rovesci\u00f2 tutto e la volpe lo lecc\u00f2, mentre la cicogna batteva il becco sulla pietra con scarso successo.<\/em><\/p>\n<p><em>Quindi la volpe chiese alla cicogna:<\/em><br \/>\n<em>\u00abDimmi un po\u2019 comare cicogna, hai bevuto il latte? Sei sazia?\u00bb \u00abChe vuoi che ti dica, me l\u2019hai fatta!\u00bb<\/em><br \/>\n<em>E la volpe rispose:<\/em><br \/>\n<em>\u00abChi la fa l\u2019aspetti, comare cicogna!\u00bb<\/em><\/p>\n<p>(Lesbo)<\/p>\n","protected":false},"excerpt":{"rendered":"<p><strong>Traduzione di <a href=\"https:\/\/www.aiorabooks.com\/it\/2022\/07\/25\/7503\/\">Elisabetta Garieri<\/a><br \/>\nDisegni di Panagiotis Stavropoulos<\/strong><\/p>\n<p>Tra i flutti del Mar Egeo o in cima alle montagne, dall\u2019Epiro a Creta, dall\u2019Asia minore alla Calabria, ad Atene o sulle isole, e in molti altri luoghi della grecit\u00e0, le fiabe della tradizione popolare intrecciano miti antichi a pi\u00f9 recenti influenze orientali e occidentali, magia a usi e costumi del mondo rurale. Raccontano storie di creature fantastiche, principesse ostinate, giovanotti insolenti, animali parlanti, Moire magnanime, marinai probi, poveri onesti e ricchi ingrati, sfidando le leggi del mondo conosciuto e anche di quello sconosciuto\u2026<\/p>\n<h5>Fiabe e leggende:<\/h5>\n<div>Le nuove melodie &#8211;\u00a0Principe Semola &#8211; La volpe il lupo e l\u2019asino &#8211;\u00a0Cappuccina &#8211;\u00a0Le uova &#8211;\u00a0I nove cigni selvatici e la bella Eleni &#8211;\u00a0La volpe e la cicogna &#8211;\u00a0I dodici mesi &#8211;\u00a0I kalik\u00e0nzari &#8211;\u00a0Mirsina &#8211;\u00a0Le Neraidi &#8211;\u00a0Il figlio del pescatore &#8211;\u00a0Il granchio e il serpente &#8211; I Rami d\u2019oro &#8211;\u00a0Il ragazzo e la mosca &#8211;\u00a0Mastro Lazzaro e gli orchi &#8211;\u00a0Cicala e Tamerice &#8211;\u00a0Il melo del re &#8211;\u00a0La civetta e la pernice &#8211;\u00a0Il falco verdeoro &#8211;\u00a0I papaveri &#8211;\u00a0La moglie del pope e la legna &#8211;\u00a0Il vecchio scirocco<\/div>\n<div><\/div>\n<div>\n<p><img loading=\"lazy\" decoding=\"async\" class=\"size-medium wp-image-7506\" src=\"https:\/\/www.aiorabooks.com\/wp-content\/uploads\/2022\/07\/mermaid_RGB-300x127.jpg\" alt=\"sirena\" width=\"300\" height=\"127\" srcset=\"https:\/\/www.aiorabooks.com\/wp-content\/uploads\/2022\/07\/mermaid_RGB-300x127.jpg 300w, https:\/\/www.aiorabooks.com\/wp-content\/uploads\/2022\/07\/mermaid_RGB-150x64.jpg 150w, https:\/\/www.aiorabooks.com\/wp-content\/uploads\/2022\/07\/mermaid_RGB-768x326.jpg 768w, https:\/\/www.aiorabooks.com\/wp-content\/uploads\/2022\/07\/mermaid_RGB-600x255.jpg 600w, https:\/\/www.aiorabooks.com\/wp-content\/uploads\/2022\/07\/mermaid_RGB.jpg 945w\" sizes=\"auto, (max-width: 300px) 100vw, 300px\" \/><\/p>\n<\/div>\n<div><\/div>\n<div><\/div>\n","protected":false},"featured_media":7502,"template":"","meta":{"_acf_changed":false},"pwb-brand":[],"product_brand":[],"product_cat":[247,242],"product_tag":[1208,1207,1209],"class_list":{"0":"post-7501","1":"product","2":"type-product","3":"status-publish","4":"has-post-thumbnail","6":"product_cat-libri","7":"product_cat-classici-greci-moderni","8":"product_tag-elisabetta-garieri","9":"product_tag-fiabe","10":"product_tag-legende","12":"first","13":"instock","14":"shipping-taxable","15":"purchasable","16":"product-type-simple"},"acf":[],"yoast_head":"<!-- This site is optimized with the Yoast SEO plugin v27.6 - https:\/\/yoast.com\/product\/yoast-seo-wordpress\/ -->\n<title>Fiabe dalla Grecia - Aiora Press<\/title>\n<meta name=\"description\" content=\"Traduzione di Elisabetta Garieri Disegni di Panagiotis Stavropoulos  Tra i flutti del Mar Egeo o in cima alle montagne, dall\u2019Epiro a Creta, dall\u2019Asia minore alla Calabria, ad Atene o sulle isole, e in molti altri luoghi della grecit\u00e0, le fiabe della tradizione popolare intrecciano miti antichi a pi\u00f9 recenti influenze orientali e occidentali, magia a usi e costumi del mondo rurale. Raccontano storie di creature fantastiche, principesse ostinate, giovanotti insolenti, animali parlanti, Moire magnanime, marinai probi, poveri onesti e ricchi ingrati, sfidando le leggi del mondo conosciuto e anche di quello sconosciuto\u2026 Fiabe e leggende: Le nuove melodie -\u00a0Principe Semola - La volpe il lupo e l\u2019asino -\u00a0Cappuccina -\u00a0Le uova -\u00a0I nove cigni selvatici e la bella Eleni -\u00a0La volpe e la cicogna -\u00a0I dodici mesi -\u00a0I kalik\u00e0nzari -\u00a0Mirsina -\u00a0Le Neraidi -\u00a0Il figlio del pescatore -\u00a0Il granchio e il serpente - I Rami d\u2019oro -\u00a0Il ragazzo e la mosca -\u00a0Mastro Lazzaro e gli orchi -\u00a0Cicala e Tamerice -\u00a0Il melo del re -\u00a0La civetta e la pernice -\u00a0Il falco verdeoro -\u00a0I papaveri -\u00a0La moglie del pope e la legna -\u00a0Il vecchio scirocco\" \/>\n<meta name=\"robots\" content=\"index, follow, max-snippet:-1, max-image-preview:large, max-video-preview:-1\" \/>\n<link rel=\"canonical\" href=\"https:\/\/www.aiorabooks.com\/product\/fiabe-dalla-grecia\/\" \/>\n<meta property=\"og:locale\" content=\"it_IT\" \/>\n<meta property=\"og:type\" content=\"article\" \/>\n<meta property=\"og:title\" content=\"Fiabe dalla Grecia - Aiora Press\" \/>\n<meta property=\"og:description\" content=\"Traduzione di Elisabetta Garieri Disegni di Panagiotis Stavropoulos  Tra i flutti del Mar Egeo o in cima alle montagne, dall\u2019Epiro a Creta, dall\u2019Asia minore alla Calabria, ad Atene o sulle isole, e in molti altri luoghi della grecit\u00e0, le fiabe della tradizione popolare intrecciano miti antichi a pi\u00f9 recenti influenze orientali e occidentali, magia a usi e costumi del mondo rurale. Raccontano storie di creature fantastiche, principesse ostinate, giovanotti insolenti, animali parlanti, Moire magnanime, marinai probi, poveri onesti e ricchi ingrati, sfidando le leggi del mondo conosciuto e anche di quello sconosciuto\u2026 Fiabe e leggende: Le nuove melodie -\u00a0Principe Semola - La volpe il lupo e l\u2019asino -\u00a0Cappuccina -\u00a0Le uova -\u00a0I nove cigni selvatici e la bella Eleni -\u00a0La volpe e la cicogna -\u00a0I dodici mesi -\u00a0I kalik\u00e0nzari -\u00a0Mirsina -\u00a0Le Neraidi -\u00a0Il figlio del pescatore -\u00a0Il granchio e il serpente - I Rami d\u2019oro -\u00a0Il ragazzo e la mosca -\u00a0Mastro Lazzaro e gli orchi -\u00a0Cicala e Tamerice -\u00a0Il melo del re -\u00a0La civetta e la pernice -\u00a0Il falco verdeoro -\u00a0I papaveri -\u00a0La moglie del pope e la legna -\u00a0Il vecchio scirocco\" \/>\n<meta property=\"og:url\" content=\"https:\/\/www.aiorabooks.com\/product\/fiabe-dalla-grecia\/\" \/>\n<meta property=\"og:site_name\" content=\"Aiora Press\" \/>\n<meta property=\"article:modified_time\" content=\"2024-03-04T14:56:05+00:00\" \/>\n<meta property=\"og:image\" content=\"https:\/\/www.aiorabooks.com\/wp-content\/uploads\/2022\/07\/fiabe_RGB.jpg\" \/>\n\t<meta property=\"og:image:width\" content=\"1181\" \/>\n\t<meta property=\"og:image:height\" content=\"1848\" \/>\n\t<meta property=\"og:image:type\" content=\"image\/jpeg\" \/>\n<meta name=\"twitter:card\" content=\"summary_large_image\" \/>\n<meta name=\"twitter:label1\" content=\"Tempo di lettura stimato\" \/>\n\t<meta name=\"twitter:data1\" content=\"2 minuti\" \/>\n<script type=\"application\/ld+json\" class=\"yoast-schema-graph\">{\"@context\":\"https:\\\/\\\/schema.org\",\"@graph\":[{\"@type\":\"WebPage\",\"@id\":\"https:\\\/\\\/www.aiorabooks.com\\\/product\\\/fiabe-dalla-grecia\\\/\",\"url\":\"https:\\\/\\\/www.aiorabooks.com\\\/product\\\/fiabe-dalla-grecia\\\/\",\"name\":\"Fiabe dalla Grecia - Aiora Press\",\"isPartOf\":{\"@id\":\"https:\\\/\\\/www.aiorabooks.com\\\/#website\"},\"primaryImageOfPage\":{\"@id\":\"https:\\\/\\\/www.aiorabooks.com\\\/product\\\/fiabe-dalla-grecia\\\/#primaryimage\"},\"image\":{\"@id\":\"https:\\\/\\\/www.aiorabooks.com\\\/product\\\/fiabe-dalla-grecia\\\/#primaryimage\"},\"thumbnailUrl\":\"https:\\\/\\\/www.aiorabooks.com\\\/wp-content\\\/uploads\\\/2022\\\/07\\\/fiabe_RGB.jpg\",\"datePublished\":\"2022-07-25T10:34:08+00:00\",\"dateModified\":\"2024-03-04T14:56:05+00:00\",\"description\":\"Traduzione di Elisabetta Garieri Disegni di Panagiotis Stavropoulos Tra i flutti del Mar Egeo o in cima alle montagne, dall\u2019Epiro a Creta, dall\u2019Asia minore alla Calabria, ad Atene o sulle isole, e in molti altri luoghi della grecit\u00e0, le fiabe della tradizione popolare intrecciano miti antichi a pi\u00f9 recenti influenze orientali e occidentali, magia a usi e costumi del mondo rurale. Raccontano storie di creature fantastiche, principesse ostinate, giovanotti insolenti, animali parlanti, Moire magnanime, marinai probi, poveri onesti e ricchi ingrati, sfidando le leggi del mondo conosciuto e anche di quello sconosciuto\u2026 Fiabe e leggende: Le nuove melodie -\u00a0Principe Semola - La volpe il lupo e l\u2019asino -\u00a0Cappuccina -\u00a0Le uova -\u00a0I nove cigni selvatici e la bella Eleni -\u00a0La volpe e la cicogna -\u00a0I dodici mesi -\u00a0I kalik\u00e0nzari -\u00a0Mirsina -\u00a0Le Neraidi -\u00a0Il figlio del pescatore -\u00a0Il granchio e il serpente - I Rami d\u2019oro -\u00a0Il ragazzo e la mosca -\u00a0Mastro Lazzaro e gli orchi -\u00a0Cicala e Tamerice -\u00a0Il melo del re -\u00a0La civetta e la pernice -\u00a0Il falco verdeoro -\u00a0I papaveri -\u00a0La moglie del pope e la legna -\u00a0Il vecchio scirocco\",\"breadcrumb\":{\"@id\":\"https:\\\/\\\/www.aiorabooks.com\\\/product\\\/fiabe-dalla-grecia\\\/#breadcrumb\"},\"inLanguage\":\"it-IT\",\"potentialAction\":[{\"@type\":\"ReadAction\",\"target\":[\"https:\\\/\\\/www.aiorabooks.com\\\/product\\\/fiabe-dalla-grecia\\\/\"]}]},{\"@type\":\"ImageObject\",\"inLanguage\":\"it-IT\",\"@id\":\"https:\\\/\\\/www.aiorabooks.com\\\/product\\\/fiabe-dalla-grecia\\\/#primaryimage\",\"url\":\"https:\\\/\\\/www.aiorabooks.com\\\/wp-content\\\/uploads\\\/2022\\\/07\\\/fiabe_RGB.jpg\",\"contentUrl\":\"https:\\\/\\\/www.aiorabooks.com\\\/wp-content\\\/uploads\\\/2022\\\/07\\\/fiabe_RGB.jpg\",\"width\":1181,\"height\":1848,\"caption\":\"Fiabe dalla Grecia\"},{\"@type\":\"BreadcrumbList\",\"@id\":\"https:\\\/\\\/www.aiorabooks.com\\\/product\\\/fiabe-dalla-grecia\\\/#breadcrumb\",\"itemListElement\":[{\"@type\":\"ListItem\",\"position\":1,\"name\":\"Home\",\"item\":\"https:\\\/\\\/www.aiorabooks.com\\\/it\\\/\"},{\"@type\":\"ListItem\",\"position\":2,\"name\":\"Products\",\"item\":\"https:\\\/\\\/www.aiorabooks.com\\\/shop\\\/\"},{\"@type\":\"ListItem\",\"position\":3,\"name\":\"Fiabe dalla Grecia\"}]},{\"@type\":\"WebSite\",\"@id\":\"https:\\\/\\\/www.aiorabooks.com\\\/#website\",\"url\":\"https:\\\/\\\/www.aiorabooks.com\\\/\",\"name\":\"Aiora Press\",\"description\":\"\",\"publisher\":{\"@id\":\"https:\\\/\\\/www.aiorabooks.com\\\/#organization\"},\"potentialAction\":[{\"@type\":\"SearchAction\",\"target\":{\"@type\":\"EntryPoint\",\"urlTemplate\":\"https:\\\/\\\/www.aiorabooks.com\\\/?s={search_term_string}\"},\"query-input\":{\"@type\":\"PropertyValueSpecification\",\"valueRequired\":true,\"valueName\":\"search_term_string\"}}],\"inLanguage\":\"it-IT\"},{\"@type\":\"Organization\",\"@id\":\"https:\\\/\\\/www.aiorabooks.com\\\/#organization\",\"name\":\"Aiora Press\",\"url\":\"https:\\\/\\\/www.aiorabooks.com\\\/\",\"logo\":{\"@type\":\"ImageObject\",\"inLanguage\":\"it-IT\",\"@id\":\"https:\\\/\\\/www.aiorabooks.com\\\/#\\\/schema\\\/logo\\\/image\\\/\",\"url\":\"https:\\\/\\\/www.aiorabooks.com\\\/wp-content\\\/uploads\\\/2018\\\/05\\\/aiora_press_B.png\",\"contentUrl\":\"https:\\\/\\\/www.aiorabooks.com\\\/wp-content\\\/uploads\\\/2018\\\/05\\\/aiora_press_B.png\",\"width\":520,\"height\":216,\"caption\":\"Aiora Press\"},\"image\":{\"@id\":\"https:\\\/\\\/www.aiorabooks.com\\\/#\\\/schema\\\/logo\\\/image\\\/\"},\"sameAs\":[\"https:\\\/\\\/www.instagram.com\\\/aiorapress\\\/\"]}]}<\/script>\n<!-- \/ Yoast SEO plugin. -->","yoast_head_json":{"title":"Fiabe dalla Grecia - Aiora Press","description":"Traduzione di Elisabetta Garieri Disegni di Panagiotis Stavropoulos  Tra i flutti del Mar Egeo o in cima alle montagne, dall\u2019Epiro a Creta, dall\u2019Asia minore alla Calabria, ad Atene o sulle isole, e in molti altri luoghi della grecit\u00e0, le fiabe della tradizione popolare intrecciano miti antichi a pi\u00f9 recenti influenze orientali e occidentali, magia a usi e costumi del mondo rurale. Raccontano storie di creature fantastiche, principesse ostinate, giovanotti insolenti, animali parlanti, Moire magnanime, marinai probi, poveri onesti e ricchi ingrati, sfidando le leggi del mondo conosciuto e anche di quello sconosciuto\u2026 Fiabe e leggende: Le nuove melodie -\u00a0Principe Semola - La volpe il lupo e l\u2019asino -\u00a0Cappuccina -\u00a0Le uova -\u00a0I nove cigni selvatici e la bella Eleni -\u00a0La volpe e la cicogna -\u00a0I dodici mesi -\u00a0I kalik\u00e0nzari -\u00a0Mirsina -\u00a0Le Neraidi -\u00a0Il figlio del pescatore -\u00a0Il granchio e il serpente - I Rami d\u2019oro -\u00a0Il ragazzo e la mosca -\u00a0Mastro Lazzaro e gli orchi -\u00a0Cicala e Tamerice -\u00a0Il melo del re -\u00a0La civetta e la pernice -\u00a0Il falco verdeoro -\u00a0I papaveri -\u00a0La moglie del pope e la legna -\u00a0Il vecchio scirocco","robots":{"index":"index","follow":"follow","max-snippet":"max-snippet:-1","max-image-preview":"max-image-preview:large","max-video-preview":"max-video-preview:-1"},"canonical":"https:\/\/www.aiorabooks.com\/product\/fiabe-dalla-grecia\/","og_locale":"it_IT","og_type":"article","og_title":"Fiabe dalla Grecia - Aiora Press","og_description":"Traduzione di Elisabetta Garieri Disegni di Panagiotis Stavropoulos  Tra i flutti del Mar Egeo o in cima alle montagne, dall\u2019Epiro a Creta, dall\u2019Asia minore alla Calabria, ad Atene o sulle isole, e in molti altri luoghi della grecit\u00e0, le fiabe della tradizione popolare intrecciano miti antichi a pi\u00f9 recenti influenze orientali e occidentali, magia a usi e costumi del mondo rurale. Raccontano storie di creature fantastiche, principesse ostinate, giovanotti insolenti, animali parlanti, Moire magnanime, marinai probi, poveri onesti e ricchi ingrati, sfidando le leggi del mondo conosciuto e anche di quello sconosciuto\u2026 Fiabe e leggende: Le nuove melodie -\u00a0Principe Semola - La volpe il lupo e l\u2019asino -\u00a0Cappuccina -\u00a0Le uova -\u00a0I nove cigni selvatici e la bella Eleni -\u00a0La volpe e la cicogna -\u00a0I dodici mesi -\u00a0I kalik\u00e0nzari -\u00a0Mirsina -\u00a0Le Neraidi -\u00a0Il figlio del pescatore -\u00a0Il granchio e il serpente - I Rami d\u2019oro -\u00a0Il ragazzo e la mosca -\u00a0Mastro Lazzaro e gli orchi -\u00a0Cicala e Tamerice -\u00a0Il melo del re -\u00a0La civetta e la pernice -\u00a0Il falco verdeoro -\u00a0I papaveri -\u00a0La moglie del pope e la legna -\u00a0Il vecchio scirocco","og_url":"https:\/\/www.aiorabooks.com\/product\/fiabe-dalla-grecia\/","og_site_name":"Aiora Press","article_modified_time":"2024-03-04T14:56:05+00:00","og_image":[{"width":1181,"height":1848,"url":"https:\/\/www.aiorabooks.com\/wp-content\/uploads\/2022\/07\/fiabe_RGB.jpg","type":"image\/jpeg"}],"twitter_card":"summary_large_image","twitter_misc":{"Tempo di lettura stimato":"2 minuti"},"schema":{"@context":"https:\/\/schema.org","@graph":[{"@type":"WebPage","@id":"https:\/\/www.aiorabooks.com\/product\/fiabe-dalla-grecia\/","url":"https:\/\/www.aiorabooks.com\/product\/fiabe-dalla-grecia\/","name":"Fiabe dalla Grecia - Aiora Press","isPartOf":{"@id":"https:\/\/www.aiorabooks.com\/#website"},"primaryImageOfPage":{"@id":"https:\/\/www.aiorabooks.com\/product\/fiabe-dalla-grecia\/#primaryimage"},"image":{"@id":"https:\/\/www.aiorabooks.com\/product\/fiabe-dalla-grecia\/#primaryimage"},"thumbnailUrl":"https:\/\/www.aiorabooks.com\/wp-content\/uploads\/2022\/07\/fiabe_RGB.jpg","datePublished":"2022-07-25T10:34:08+00:00","dateModified":"2024-03-04T14:56:05+00:00","description":"Traduzione di Elisabetta Garieri Disegni di Panagiotis Stavropoulos Tra i flutti del Mar Egeo o in cima alle montagne, dall\u2019Epiro a Creta, dall\u2019Asia minore alla Calabria, ad Atene o sulle isole, e in molti altri luoghi della grecit\u00e0, le fiabe della tradizione popolare intrecciano miti antichi a pi\u00f9 recenti influenze orientali e occidentali, magia a usi e costumi del mondo rurale. Raccontano storie di creature fantastiche, principesse ostinate, giovanotti insolenti, animali parlanti, Moire magnanime, marinai probi, poveri onesti e ricchi ingrati, sfidando le leggi del mondo conosciuto e anche di quello sconosciuto\u2026 Fiabe e leggende: Le nuove melodie -\u00a0Principe Semola - La volpe il lupo e l\u2019asino -\u00a0Cappuccina -\u00a0Le uova -\u00a0I nove cigni selvatici e la bella Eleni -\u00a0La volpe e la cicogna -\u00a0I dodici mesi -\u00a0I kalik\u00e0nzari -\u00a0Mirsina -\u00a0Le Neraidi -\u00a0Il figlio del pescatore -\u00a0Il granchio e il serpente - I Rami d\u2019oro -\u00a0Il ragazzo e la mosca -\u00a0Mastro Lazzaro e gli orchi -\u00a0Cicala e Tamerice -\u00a0Il melo del re -\u00a0La civetta e la pernice -\u00a0Il falco verdeoro -\u00a0I papaveri -\u00a0La moglie del pope e la legna -\u00a0Il vecchio scirocco","breadcrumb":{"@id":"https:\/\/www.aiorabooks.com\/product\/fiabe-dalla-grecia\/#breadcrumb"},"inLanguage":"it-IT","potentialAction":[{"@type":"ReadAction","target":["https:\/\/www.aiorabooks.com\/product\/fiabe-dalla-grecia\/"]}]},{"@type":"ImageObject","inLanguage":"it-IT","@id":"https:\/\/www.aiorabooks.com\/product\/fiabe-dalla-grecia\/#primaryimage","url":"https:\/\/www.aiorabooks.com\/wp-content\/uploads\/2022\/07\/fiabe_RGB.jpg","contentUrl":"https:\/\/www.aiorabooks.com\/wp-content\/uploads\/2022\/07\/fiabe_RGB.jpg","width":1181,"height":1848,"caption":"Fiabe dalla Grecia"},{"@type":"BreadcrumbList","@id":"https:\/\/www.aiorabooks.com\/product\/fiabe-dalla-grecia\/#breadcrumb","itemListElement":[{"@type":"ListItem","position":1,"name":"Home","item":"https:\/\/www.aiorabooks.com\/it\/"},{"@type":"ListItem","position":2,"name":"Products","item":"https:\/\/www.aiorabooks.com\/shop\/"},{"@type":"ListItem","position":3,"name":"Fiabe dalla Grecia"}]},{"@type":"WebSite","@id":"https:\/\/www.aiorabooks.com\/#website","url":"https:\/\/www.aiorabooks.com\/","name":"Aiora Press","description":"","publisher":{"@id":"https:\/\/www.aiorabooks.com\/#organization"},"potentialAction":[{"@type":"SearchAction","target":{"@type":"EntryPoint","urlTemplate":"https:\/\/www.aiorabooks.com\/?s={search_term_string}"},"query-input":{"@type":"PropertyValueSpecification","valueRequired":true,"valueName":"search_term_string"}}],"inLanguage":"it-IT"},{"@type":"Organization","@id":"https:\/\/www.aiorabooks.com\/#organization","name":"Aiora Press","url":"https:\/\/www.aiorabooks.com\/","logo":{"@type":"ImageObject","inLanguage":"it-IT","@id":"https:\/\/www.aiorabooks.com\/#\/schema\/logo\/image\/","url":"https:\/\/www.aiorabooks.com\/wp-content\/uploads\/2018\/05\/aiora_press_B.png","contentUrl":"https:\/\/www.aiorabooks.com\/wp-content\/uploads\/2018\/05\/aiora_press_B.png","width":520,"height":216,"caption":"Aiora Press"},"image":{"@id":"https:\/\/www.aiorabooks.com\/#\/schema\/logo\/image\/"},"sameAs":["https:\/\/www.instagram.com\/aiorapress\/"]}]}},"brands":[],"_links":{"self":[{"href":"https:\/\/www.aiorabooks.com\/it\/wp-json\/wp\/v2\/product\/7501","targetHints":{"allow":["GET"]}}],"collection":[{"href":"https:\/\/www.aiorabooks.com\/it\/wp-json\/wp\/v2\/product"}],"about":[{"href":"https:\/\/www.aiorabooks.com\/it\/wp-json\/wp\/v2\/types\/product"}],"wp:featuredmedia":[{"embeddable":true,"href":"https:\/\/www.aiorabooks.com\/it\/wp-json\/wp\/v2\/media\/7502"}],"wp:attachment":[{"href":"https:\/\/www.aiorabooks.com\/it\/wp-json\/wp\/v2\/media?parent=7501"}],"wp:term":[{"taxonomy":"pwb-brand","embeddable":true,"href":"https:\/\/www.aiorabooks.com\/it\/wp-json\/wp\/v2\/pwb-brand?post=7501"},{"taxonomy":"product_brand","embeddable":true,"href":"https:\/\/www.aiorabooks.com\/it\/wp-json\/wp\/v2\/product_brand?post=7501"},{"taxonomy":"product_cat","embeddable":true,"href":"https:\/\/www.aiorabooks.com\/it\/wp-json\/wp\/v2\/product_cat?post=7501"},{"taxonomy":"product_tag","embeddable":true,"href":"https:\/\/www.aiorabooks.com\/it\/wp-json\/wp\/v2\/product_tag?post=7501"}],"curies":[{"name":"wp","href":"https:\/\/api.w.org\/{rel}","templated":true}]}}