{"id":4795,"date":"2021-07-08T16:59:37","date_gmt":"2021-07-08T13:59:37","guid":{"rendered":"https:\/\/www.aiorabooks.com\/?post_type=product&#038;p=4795"},"modified":"2025-05-13T14:08:18","modified_gmt":"2025-05-13T11:08:18","slug":"la-princesse-isabeau","status":"publish","type":"product","link":"https:\/\/www.aiorabooks.com\/it\/product\/la-princesse-isabeau\/","title":{"rendered":"La Princesse Isabeau"},"content":{"rendered":"","protected":false},"excerpt":{"rendered":"<p><a href=\"https:\/\/www.aiorabooks.com\/fr\/2021\/07\/08\/angelos-terzakis\/\"><strong><span style=\"font-size: 14pt;\">Ang\u00e9los Terzakis<\/span><\/strong><\/a><\/p>\n<p>Traduit par <a href=\"https:\/\/www.aiorabooks.com\/fr\/2019\/06\/12\/rene-bouchet\/\"><strong><span style=\"font-size: 14pt;\">Ren\u00e9 Bou<\/span><span style=\"font-size: 14pt;\"><strong>ch<\/strong>et<\/span><\/strong><\/a><\/p>\n<p><em>Je vais vous raconter une tr\u00e8s ancienne chronique, les prodigieuses aventures du gentilhomme Nikiphoros Sgouros de Nauplie\u2060\u2009\u2060: comment il quitta sa patrie o\u00f9 il \u00e9tait pers\u00e9cut\u00e9, comment il lutta sur terre et sur mer contre sa destin\u00e9e, et comment il fit la guerre \u00e0 une femme. Ce sont des temps tr\u00e8s lointains que je vais faire revivre, les voix qui les chantaient se sont tues, et les ossements des hommes qui les ont connus n\u2019ont pas m\u00eame laiss\u00e9 de poussi\u00e8re. Pourtant, moi, pauvre clerc \u00e9gar\u00e9 dans ce si\u00e8cle cruel, je ferai tout mon possible pour vous satisfaire, en pr\u00eatant ma voix \u00e0 ces choses muettes. Puissiez-vous, nobles seigneurs, avoir l\u2019obligeance et l\u2019indulgence de me pardonner les fautes qui m\u2019auront \u00e9chapp\u00e9, et celles que j\u2019ai vues, mais que je n\u2019ai pas su corriger.<\/em><\/p>\n<p>Ainsi commence ce roman qui brosse une fresque haute en couleur de l\u2019occupation de la Gr\u00e8ce par les chevaliers fran\u00e7ais aux lendemains de la quatri\u00e8me croisade. A travers les aventures de son jeune h\u00e9ros Nikiphoros Sgouros, partag\u00e9 entre son amour pour la princesse Isabeau de Villehardouin, qui r\u00e8gne sur la Mor\u00e9e, nom m\u00e9di\u00e9val du P\u00e9loponn\u00e8se, et sa volont\u00e9 de soulever ses compatriotes contre leurs ma\u00eetres \u00e9trangers, Ang\u00e9los Terzakis fait revivre une page oubli\u00e9e d\u2019un pass\u00e9 commun aux deux pays qui vit se rencontrer sur une m\u00eame terre, pendant deux si\u00e8cles, l\u2019Occident f\u00e9odal et le monde byzantin.<\/p>\n","protected":false},"featured_media":6808,"template":"","meta":{"_acf_changed":false},"pwb-brand":[625],"product_brand":[],"product_cat":[238],"product_tag":[628,501,631,629,478,500,630],"class_list":{"0":"post-4795","1":"product","2":"type-product","3":"status-publish","4":"has-post-thumbnail","6":"pwb-brand-angelos-terzakis","7":"product_cat-classiques-grecs-modernes","8":"product_tag-chevaliers-francais","9":"product_tag-litterature","10":"product_tag-monde-byzantin","11":"product_tag-quatrieme-croisade","12":"product_tag-rene-bouchet","13":"product_tag-roman","14":"product_tag-villehardouin","16":"first","17":"instock","18":"shipping-taxable","19":"purchasable","20":"product-type-simple"},"acf":[],"yoast_head":"<!-- This site is optimized with the Yoast SEO plugin v27.5 - https:\/\/yoast.com\/product\/yoast-seo-wordpress\/ -->\n<title>La Princesse Isabeau - Aiora Press<\/title>\n<meta name=\"description\" content=\"Ang\u00e9los Terzakis  Traduit par Ren\u00e9 Bouchet  Je vais vous raconter une tr\u00e8s ancienne chronique, les prodigieuses aventures du gentilhomme Nikiphoros Sgouros de Nauplie\u2060\u2009\u2060: comment il quitta sa patrie o\u00f9 il \u00e9tait pers\u00e9cut\u00e9, comment il lutta sur terre et sur mer contre sa destin\u00e9e, et comment il fit la guerre \u00e0 une femme. Ce sont des temps tr\u00e8s lointains que je vais faire revivre, les voix qui les chantaient se sont tues, et les ossements des hommes qui les ont connus n\u2019ont pas m\u00eame laiss\u00e9 de poussi\u00e8re. Pourtant, moi, pauvre clerc \u00e9gar\u00e9 dans ce si\u00e8cle cruel, je ferai tout mon possible pour vous satisfaire, en pr\u00eatant ma voix \u00e0 ces choses muettes. Puissiez-vous, nobles seigneurs, avoir l\u2019obligeance et l\u2019indulgence de me pardonner les fautes qui m\u2019auront \u00e9chapp\u00e9, et celles que j\u2019ai vues, mais que je n\u2019ai pas su corriger.  Ainsi commence ce roman qui brosse une fresque haute en couleur de l\u2019occupation de la Gr\u00e8ce par les chevaliers fran\u00e7ais aux lendemains de la quatri\u00e8me croisade. A travers les aventures de son jeune h\u00e9ros Nikiphoros Sgouros, partag\u00e9 entre son amour pour la princesse Isabeau de Villehardouin, qui r\u00e8gne sur la Mor\u00e9e, nom m\u00e9di\u00e9val du P\u00e9loponn\u00e8se, et sa volont\u00e9 de soulever ses compatriotes contre leurs ma\u00eetres \u00e9trangers, Ang\u00e9los Terzakis fait revivre une page oubli\u00e9e d\u2019un pass\u00e9 commun aux deux pays qui vit se rencontrer sur une m\u00eame terre, pendant deux si\u00e8cles, l\u2019Occident f\u00e9odal et le monde byzantin.\" \/>\n<meta name=\"robots\" content=\"index, follow, max-snippet:-1, max-image-preview:large, max-video-preview:-1\" \/>\n<link rel=\"canonical\" href=\"https:\/\/www.aiorabooks.com\/product\/la-princesse-isabeau\/\" \/>\n<meta property=\"og:locale\" content=\"it_IT\" \/>\n<meta property=\"og:type\" content=\"article\" \/>\n<meta property=\"og:title\" content=\"La Princesse Isabeau - Aiora Press\" \/>\n<meta property=\"og:description\" content=\"Ang\u00e9los Terzakis  Traduit par Ren\u00e9 Bouchet  Je vais vous raconter une tr\u00e8s ancienne chronique, les prodigieuses aventures du gentilhomme Nikiphoros Sgouros de Nauplie\u2060\u2009\u2060: comment il quitta sa patrie o\u00f9 il \u00e9tait pers\u00e9cut\u00e9, comment il lutta sur terre et sur mer contre sa destin\u00e9e, et comment il fit la guerre \u00e0 une femme. Ce sont des temps tr\u00e8s lointains que je vais faire revivre, les voix qui les chantaient se sont tues, et les ossements des hommes qui les ont connus n\u2019ont pas m\u00eame laiss\u00e9 de poussi\u00e8re. Pourtant, moi, pauvre clerc \u00e9gar\u00e9 dans ce si\u00e8cle cruel, je ferai tout mon possible pour vous satisfaire, en pr\u00eatant ma voix \u00e0 ces choses muettes. Puissiez-vous, nobles seigneurs, avoir l\u2019obligeance et l\u2019indulgence de me pardonner les fautes qui m\u2019auront \u00e9chapp\u00e9, et celles que j\u2019ai vues, mais que je n\u2019ai pas su corriger.  Ainsi commence ce roman qui brosse une fresque haute en couleur de l\u2019occupation de la Gr\u00e8ce par les chevaliers fran\u00e7ais aux lendemains de la quatri\u00e8me croisade. A travers les aventures de son jeune h\u00e9ros Nikiphoros Sgouros, partag\u00e9 entre son amour pour la princesse Isabeau de Villehardouin, qui r\u00e8gne sur la Mor\u00e9e, nom m\u00e9di\u00e9val du P\u00e9loponn\u00e8se, et sa volont\u00e9 de soulever ses compatriotes contre leurs ma\u00eetres \u00e9trangers, Ang\u00e9los Terzakis fait revivre une page oubli\u00e9e d\u2019un pass\u00e9 commun aux deux pays qui vit se rencontrer sur une m\u00eame terre, pendant deux si\u00e8cles, l\u2019Occident f\u00e9odal et le monde byzantin.\" \/>\n<meta property=\"og:url\" content=\"https:\/\/www.aiorabooks.com\/product\/la-princesse-isabeau\/\" \/>\n<meta property=\"og:site_name\" content=\"Aiora Press\" \/>\n<meta property=\"article:modified_time\" content=\"2025-05-13T11:08:18+00:00\" \/>\n<meta property=\"og:image\" content=\"https:\/\/www.aiorabooks.com\/wp-content\/uploads\/2021\/07\/terzakis_RGB.jpg\" \/>\n\t<meta property=\"og:image:width\" content=\"1713\" \/>\n\t<meta property=\"og:image:height\" content=\"2421\" \/>\n\t<meta property=\"og:image:type\" content=\"image\/jpeg\" \/>\n<meta name=\"twitter:card\" content=\"summary_large_image\" \/>\n<meta name=\"twitter:label1\" content=\"Tempo di lettura stimato\" \/>\n\t<meta name=\"twitter:data1\" content=\"1 minuto\" \/>\n<script type=\"application\/ld+json\" class=\"yoast-schema-graph\">{\"@context\":\"https:\\\/\\\/schema.org\",\"@graph\":[{\"@type\":\"WebPage\",\"@id\":\"https:\\\/\\\/www.aiorabooks.com\\\/product\\\/la-princesse-isabeau\\\/\",\"url\":\"https:\\\/\\\/www.aiorabooks.com\\\/product\\\/la-princesse-isabeau\\\/\",\"name\":\"La Princesse Isabeau - Aiora Press\",\"isPartOf\":{\"@id\":\"https:\\\/\\\/www.aiorabooks.com\\\/#website\"},\"primaryImageOfPage\":{\"@id\":\"https:\\\/\\\/www.aiorabooks.com\\\/product\\\/la-princesse-isabeau\\\/#primaryimage\"},\"image\":{\"@id\":\"https:\\\/\\\/www.aiorabooks.com\\\/product\\\/la-princesse-isabeau\\\/#primaryimage\"},\"thumbnailUrl\":\"https:\\\/\\\/www.aiorabooks.com\\\/wp-content\\\/uploads\\\/2021\\\/07\\\/terzakis_RGB.jpg\",\"datePublished\":\"2021-07-08T13:59:37+00:00\",\"dateModified\":\"2025-05-13T11:08:18+00:00\",\"description\":\"Ang\u00e9los Terzakis Traduit par Ren\u00e9 Bouchet Je vais vous raconter une tr\u00e8s ancienne chronique, les prodigieuses aventures du gentilhomme Nikiphoros Sgouros de Nauplie\u2060\u2009\u2060: comment il quitta sa patrie o\u00f9 il \u00e9tait pers\u00e9cut\u00e9, comment il lutta sur terre et sur mer contre sa destin\u00e9e, et comment il fit la guerre \u00e0 une femme. Ce sont des temps tr\u00e8s lointains que je vais faire revivre, les voix qui les chantaient se sont tues, et les ossements des hommes qui les ont connus n\u2019ont pas m\u00eame laiss\u00e9 de poussi\u00e8re. Pourtant, moi, pauvre clerc \u00e9gar\u00e9 dans ce si\u00e8cle cruel, je ferai tout mon possible pour vous satisfaire, en pr\u00eatant ma voix \u00e0 ces choses muettes. Puissiez-vous, nobles seigneurs, avoir l\u2019obligeance et l\u2019indulgence de me pardonner les fautes qui m\u2019auront \u00e9chapp\u00e9, et celles que j\u2019ai vues, mais que je n\u2019ai pas su corriger. Ainsi commence ce roman qui brosse une fresque haute en couleur de l\u2019occupation de la Gr\u00e8ce par les chevaliers fran\u00e7ais aux lendemains de la quatri\u00e8me croisade. A travers les aventures de son jeune h\u00e9ros Nikiphoros Sgouros, partag\u00e9 entre son amour pour la princesse Isabeau de Villehardouin, qui r\u00e8gne sur la Mor\u00e9e, nom m\u00e9di\u00e9val du P\u00e9loponn\u00e8se, et sa volont\u00e9 de soulever ses compatriotes contre leurs ma\u00eetres \u00e9trangers, Ang\u00e9los Terzakis fait revivre une page oubli\u00e9e d\u2019un pass\u00e9 commun aux deux pays qui vit se rencontrer sur une m\u00eame terre, pendant deux si\u00e8cles, l\u2019Occident f\u00e9odal et le monde byzantin.\",\"breadcrumb\":{\"@id\":\"https:\\\/\\\/www.aiorabooks.com\\\/product\\\/la-princesse-isabeau\\\/#breadcrumb\"},\"inLanguage\":\"it-IT\",\"potentialAction\":[{\"@type\":\"ReadAction\",\"target\":[\"https:\\\/\\\/www.aiorabooks.com\\\/product\\\/la-princesse-isabeau\\\/\"]}]},{\"@type\":\"ImageObject\",\"inLanguage\":\"it-IT\",\"@id\":\"https:\\\/\\\/www.aiorabooks.com\\\/product\\\/la-princesse-isabeau\\\/#primaryimage\",\"url\":\"https:\\\/\\\/www.aiorabooks.com\\\/wp-content\\\/uploads\\\/2021\\\/07\\\/terzakis_RGB.jpg\",\"contentUrl\":\"https:\\\/\\\/www.aiorabooks.com\\\/wp-content\\\/uploads\\\/2021\\\/07\\\/terzakis_RGB.jpg\",\"width\":1713,\"height\":2421,\"caption\":\"La Princesse Isabeau\"},{\"@type\":\"BreadcrumbList\",\"@id\":\"https:\\\/\\\/www.aiorabooks.com\\\/product\\\/la-princesse-isabeau\\\/#breadcrumb\",\"itemListElement\":[{\"@type\":\"ListItem\",\"position\":1,\"name\":\"Home\",\"item\":\"https:\\\/\\\/www.aiorabooks.com\\\/it\\\/\"},{\"@type\":\"ListItem\",\"position\":2,\"name\":\"Products\",\"item\":\"https:\\\/\\\/www.aiorabooks.com\\\/shop\\\/\"},{\"@type\":\"ListItem\",\"position\":3,\"name\":\"La Princesse Isabeau\"}]},{\"@type\":\"WebSite\",\"@id\":\"https:\\\/\\\/www.aiorabooks.com\\\/#website\",\"url\":\"https:\\\/\\\/www.aiorabooks.com\\\/\",\"name\":\"Aiora Press\",\"description\":\"\",\"publisher\":{\"@id\":\"https:\\\/\\\/www.aiorabooks.com\\\/#organization\"},\"potentialAction\":[{\"@type\":\"SearchAction\",\"target\":{\"@type\":\"EntryPoint\",\"urlTemplate\":\"https:\\\/\\\/www.aiorabooks.com\\\/?s={search_term_string}\"},\"query-input\":{\"@type\":\"PropertyValueSpecification\",\"valueRequired\":true,\"valueName\":\"search_term_string\"}}],\"inLanguage\":\"it-IT\"},{\"@type\":\"Organization\",\"@id\":\"https:\\\/\\\/www.aiorabooks.com\\\/#organization\",\"name\":\"Aiora Press\",\"url\":\"https:\\\/\\\/www.aiorabooks.com\\\/\",\"logo\":{\"@type\":\"ImageObject\",\"inLanguage\":\"it-IT\",\"@id\":\"https:\\\/\\\/www.aiorabooks.com\\\/#\\\/schema\\\/logo\\\/image\\\/\",\"url\":\"https:\\\/\\\/www.aiorabooks.com\\\/wp-content\\\/uploads\\\/2018\\\/05\\\/aiora_press_B.png\",\"contentUrl\":\"https:\\\/\\\/www.aiorabooks.com\\\/wp-content\\\/uploads\\\/2018\\\/05\\\/aiora_press_B.png\",\"width\":520,\"height\":216,\"caption\":\"Aiora Press\"},\"image\":{\"@id\":\"https:\\\/\\\/www.aiorabooks.com\\\/#\\\/schema\\\/logo\\\/image\\\/\"},\"sameAs\":[\"https:\\\/\\\/www.instagram.com\\\/aiorapress\\\/\"]}]}<\/script>\n<!-- \/ Yoast SEO plugin. -->","yoast_head_json":{"title":"La Princesse Isabeau - Aiora Press","description":"Ang\u00e9los Terzakis  Traduit par Ren\u00e9 Bouchet  Je vais vous raconter une tr\u00e8s ancienne chronique, les prodigieuses aventures du gentilhomme Nikiphoros Sgouros de Nauplie\u2060\u2009\u2060: comment il quitta sa patrie o\u00f9 il \u00e9tait pers\u00e9cut\u00e9, comment il lutta sur terre et sur mer contre sa destin\u00e9e, et comment il fit la guerre \u00e0 une femme. Ce sont des temps tr\u00e8s lointains que je vais faire revivre, les voix qui les chantaient se sont tues, et les ossements des hommes qui les ont connus n\u2019ont pas m\u00eame laiss\u00e9 de poussi\u00e8re. Pourtant, moi, pauvre clerc \u00e9gar\u00e9 dans ce si\u00e8cle cruel, je ferai tout mon possible pour vous satisfaire, en pr\u00eatant ma voix \u00e0 ces choses muettes. Puissiez-vous, nobles seigneurs, avoir l\u2019obligeance et l\u2019indulgence de me pardonner les fautes qui m\u2019auront \u00e9chapp\u00e9, et celles que j\u2019ai vues, mais que je n\u2019ai pas su corriger.  Ainsi commence ce roman qui brosse une fresque haute en couleur de l\u2019occupation de la Gr\u00e8ce par les chevaliers fran\u00e7ais aux lendemains de la quatri\u00e8me croisade. A travers les aventures de son jeune h\u00e9ros Nikiphoros Sgouros, partag\u00e9 entre son amour pour la princesse Isabeau de Villehardouin, qui r\u00e8gne sur la Mor\u00e9e, nom m\u00e9di\u00e9val du P\u00e9loponn\u00e8se, et sa volont\u00e9 de soulever ses compatriotes contre leurs ma\u00eetres \u00e9trangers, Ang\u00e9los Terzakis fait revivre une page oubli\u00e9e d\u2019un pass\u00e9 commun aux deux pays qui vit se rencontrer sur une m\u00eame terre, pendant deux si\u00e8cles, l\u2019Occident f\u00e9odal et le monde byzantin.","robots":{"index":"index","follow":"follow","max-snippet":"max-snippet:-1","max-image-preview":"max-image-preview:large","max-video-preview":"max-video-preview:-1"},"canonical":"https:\/\/www.aiorabooks.com\/product\/la-princesse-isabeau\/","og_locale":"it_IT","og_type":"article","og_title":"La Princesse Isabeau - Aiora Press","og_description":"Ang\u00e9los Terzakis  Traduit par Ren\u00e9 Bouchet  Je vais vous raconter une tr\u00e8s ancienne chronique, les prodigieuses aventures du gentilhomme Nikiphoros Sgouros de Nauplie\u2060\u2009\u2060: comment il quitta sa patrie o\u00f9 il \u00e9tait pers\u00e9cut\u00e9, comment il lutta sur terre et sur mer contre sa destin\u00e9e, et comment il fit la guerre \u00e0 une femme. Ce sont des temps tr\u00e8s lointains que je vais faire revivre, les voix qui les chantaient se sont tues, et les ossements des hommes qui les ont connus n\u2019ont pas m\u00eame laiss\u00e9 de poussi\u00e8re. Pourtant, moi, pauvre clerc \u00e9gar\u00e9 dans ce si\u00e8cle cruel, je ferai tout mon possible pour vous satisfaire, en pr\u00eatant ma voix \u00e0 ces choses muettes. Puissiez-vous, nobles seigneurs, avoir l\u2019obligeance et l\u2019indulgence de me pardonner les fautes qui m\u2019auront \u00e9chapp\u00e9, et celles que j\u2019ai vues, mais que je n\u2019ai pas su corriger.  Ainsi commence ce roman qui brosse une fresque haute en couleur de l\u2019occupation de la Gr\u00e8ce par les chevaliers fran\u00e7ais aux lendemains de la quatri\u00e8me croisade. A travers les aventures de son jeune h\u00e9ros Nikiphoros Sgouros, partag\u00e9 entre son amour pour la princesse Isabeau de Villehardouin, qui r\u00e8gne sur la Mor\u00e9e, nom m\u00e9di\u00e9val du P\u00e9loponn\u00e8se, et sa volont\u00e9 de soulever ses compatriotes contre leurs ma\u00eetres \u00e9trangers, Ang\u00e9los Terzakis fait revivre une page oubli\u00e9e d\u2019un pass\u00e9 commun aux deux pays qui vit se rencontrer sur une m\u00eame terre, pendant deux si\u00e8cles, l\u2019Occident f\u00e9odal et le monde byzantin.","og_url":"https:\/\/www.aiorabooks.com\/product\/la-princesse-isabeau\/","og_site_name":"Aiora Press","article_modified_time":"2025-05-13T11:08:18+00:00","og_image":[{"width":1713,"height":2421,"url":"https:\/\/www.aiorabooks.com\/wp-content\/uploads\/2021\/07\/terzakis_RGB.jpg","type":"image\/jpeg"}],"twitter_card":"summary_large_image","twitter_misc":{"Tempo di lettura stimato":"1 minuto"},"schema":{"@context":"https:\/\/schema.org","@graph":[{"@type":"WebPage","@id":"https:\/\/www.aiorabooks.com\/product\/la-princesse-isabeau\/","url":"https:\/\/www.aiorabooks.com\/product\/la-princesse-isabeau\/","name":"La Princesse Isabeau - Aiora Press","isPartOf":{"@id":"https:\/\/www.aiorabooks.com\/#website"},"primaryImageOfPage":{"@id":"https:\/\/www.aiorabooks.com\/product\/la-princesse-isabeau\/#primaryimage"},"image":{"@id":"https:\/\/www.aiorabooks.com\/product\/la-princesse-isabeau\/#primaryimage"},"thumbnailUrl":"https:\/\/www.aiorabooks.com\/wp-content\/uploads\/2021\/07\/terzakis_RGB.jpg","datePublished":"2021-07-08T13:59:37+00:00","dateModified":"2025-05-13T11:08:18+00:00","description":"Ang\u00e9los Terzakis Traduit par Ren\u00e9 Bouchet Je vais vous raconter une tr\u00e8s ancienne chronique, les prodigieuses aventures du gentilhomme Nikiphoros Sgouros de Nauplie\u2060\u2009\u2060: comment il quitta sa patrie o\u00f9 il \u00e9tait pers\u00e9cut\u00e9, comment il lutta sur terre et sur mer contre sa destin\u00e9e, et comment il fit la guerre \u00e0 une femme. Ce sont des temps tr\u00e8s lointains que je vais faire revivre, les voix qui les chantaient se sont tues, et les ossements des hommes qui les ont connus n\u2019ont pas m\u00eame laiss\u00e9 de poussi\u00e8re. Pourtant, moi, pauvre clerc \u00e9gar\u00e9 dans ce si\u00e8cle cruel, je ferai tout mon possible pour vous satisfaire, en pr\u00eatant ma voix \u00e0 ces choses muettes. Puissiez-vous, nobles seigneurs, avoir l\u2019obligeance et l\u2019indulgence de me pardonner les fautes qui m\u2019auront \u00e9chapp\u00e9, et celles que j\u2019ai vues, mais que je n\u2019ai pas su corriger. Ainsi commence ce roman qui brosse une fresque haute en couleur de l\u2019occupation de la Gr\u00e8ce par les chevaliers fran\u00e7ais aux lendemains de la quatri\u00e8me croisade. A travers les aventures de son jeune h\u00e9ros Nikiphoros Sgouros, partag\u00e9 entre son amour pour la princesse Isabeau de Villehardouin, qui r\u00e8gne sur la Mor\u00e9e, nom m\u00e9di\u00e9val du P\u00e9loponn\u00e8se, et sa volont\u00e9 de soulever ses compatriotes contre leurs ma\u00eetres \u00e9trangers, Ang\u00e9los Terzakis fait revivre une page oubli\u00e9e d\u2019un pass\u00e9 commun aux deux pays qui vit se rencontrer sur une m\u00eame terre, pendant deux si\u00e8cles, l\u2019Occident f\u00e9odal et le monde byzantin.","breadcrumb":{"@id":"https:\/\/www.aiorabooks.com\/product\/la-princesse-isabeau\/#breadcrumb"},"inLanguage":"it-IT","potentialAction":[{"@type":"ReadAction","target":["https:\/\/www.aiorabooks.com\/product\/la-princesse-isabeau\/"]}]},{"@type":"ImageObject","inLanguage":"it-IT","@id":"https:\/\/www.aiorabooks.com\/product\/la-princesse-isabeau\/#primaryimage","url":"https:\/\/www.aiorabooks.com\/wp-content\/uploads\/2021\/07\/terzakis_RGB.jpg","contentUrl":"https:\/\/www.aiorabooks.com\/wp-content\/uploads\/2021\/07\/terzakis_RGB.jpg","width":1713,"height":2421,"caption":"La Princesse Isabeau"},{"@type":"BreadcrumbList","@id":"https:\/\/www.aiorabooks.com\/product\/la-princesse-isabeau\/#breadcrumb","itemListElement":[{"@type":"ListItem","position":1,"name":"Home","item":"https:\/\/www.aiorabooks.com\/it\/"},{"@type":"ListItem","position":2,"name":"Products","item":"https:\/\/www.aiorabooks.com\/shop\/"},{"@type":"ListItem","position":3,"name":"La Princesse Isabeau"}]},{"@type":"WebSite","@id":"https:\/\/www.aiorabooks.com\/#website","url":"https:\/\/www.aiorabooks.com\/","name":"Aiora Press","description":"","publisher":{"@id":"https:\/\/www.aiorabooks.com\/#organization"},"potentialAction":[{"@type":"SearchAction","target":{"@type":"EntryPoint","urlTemplate":"https:\/\/www.aiorabooks.com\/?s={search_term_string}"},"query-input":{"@type":"PropertyValueSpecification","valueRequired":true,"valueName":"search_term_string"}}],"inLanguage":"it-IT"},{"@type":"Organization","@id":"https:\/\/www.aiorabooks.com\/#organization","name":"Aiora Press","url":"https:\/\/www.aiorabooks.com\/","logo":{"@type":"ImageObject","inLanguage":"it-IT","@id":"https:\/\/www.aiorabooks.com\/#\/schema\/logo\/image\/","url":"https:\/\/www.aiorabooks.com\/wp-content\/uploads\/2018\/05\/aiora_press_B.png","contentUrl":"https:\/\/www.aiorabooks.com\/wp-content\/uploads\/2018\/05\/aiora_press_B.png","width":520,"height":216,"caption":"Aiora Press"},"image":{"@id":"https:\/\/www.aiorabooks.com\/#\/schema\/logo\/image\/"},"sameAs":["https:\/\/www.instagram.com\/aiorapress\/"]}]}},"brands":[{"id":625,"name":"Ang\u00e9los Terzakis","slug":"angelos-terzakis"}],"_links":{"self":[{"href":"https:\/\/www.aiorabooks.com\/it\/wp-json\/wp\/v2\/product\/4795","targetHints":{"allow":["GET"]}}],"collection":[{"href":"https:\/\/www.aiorabooks.com\/it\/wp-json\/wp\/v2\/product"}],"about":[{"href":"https:\/\/www.aiorabooks.com\/it\/wp-json\/wp\/v2\/types\/product"}],"wp:featuredmedia":[{"embeddable":true,"href":"https:\/\/www.aiorabooks.com\/it\/wp-json\/wp\/v2\/media\/6808"}],"wp:attachment":[{"href":"https:\/\/www.aiorabooks.com\/it\/wp-json\/wp\/v2\/media?parent=4795"}],"wp:term":[{"taxonomy":"pwb-brand","embeddable":true,"href":"https:\/\/www.aiorabooks.com\/it\/wp-json\/wp\/v2\/pwb-brand?post=4795"},{"taxonomy":"product_brand","embeddable":true,"href":"https:\/\/www.aiorabooks.com\/it\/wp-json\/wp\/v2\/product_brand?post=4795"},{"taxonomy":"product_cat","embeddable":true,"href":"https:\/\/www.aiorabooks.com\/it\/wp-json\/wp\/v2\/product_cat?post=4795"},{"taxonomy":"product_tag","embeddable":true,"href":"https:\/\/www.aiorabooks.com\/it\/wp-json\/wp\/v2\/product_tag?post=4795"}],"curies":[{"name":"wp","href":"https:\/\/api.w.org\/{rel}","templated":true}]}}