{"id":3188,"date":"2018-10-05T13:10:03","date_gmt":"2018-10-05T10:10:03","guid":{"rendered":"https:\/\/www.aiorabooks.com\/?post_type=product&#038;p=3188"},"modified":"2025-05-13T14:14:50","modified_gmt":"2025-05-13T11:14:50","slug":"une-femme-a-la-mer","status":"publish","type":"product","link":"https:\/\/www.aiorabooks.com\/it\/product\/une-femme-a-la-mer\/","title":{"rendered":"Une femme \u00e0 la mer"},"content":{"rendered":"","protected":false},"excerpt":{"rendered":"<p><a href=\"http:\/\/aioralivres.com\/index.php\/bios\/papadiamantis-fr\/\"><span style=\"font-family: helvetica, arial, sans-serif;\"><strong><span style=\"font-size: 14pt;\">ALEXANDRE PAPADIAMANTIS<\/span><\/strong><\/span><\/a><br \/>\n<span style=\"font-family: helvetica, arial, sans-serif;\">Traduit par <strong>Ren\u00e9 Bouchet<\/strong><\/span><\/p>\n<p>Bien qu\u2019il ait pass\u00e9 l\u2019essentiel de sa vie \u00e0 Ath\u00e8nes, o\u00f9 il v\u00e9cut chichement de la traduction litt\u00e9raire d\u2019\u00e9crivains surtout anglais et fran\u00e7ais, Alexandre Papadiamantis (1851-1911) a choisi Skiathos, son \u00eele natale, o\u00f9 il v\u00e9cut jusqu\u2019\u00e0 vingt-trois ans et o\u00f9 il revint se retirer deux ans avant sa mort, pour cadre de la plupart de ses cent quatre-vingts nouvelles. La nostalgie qui l\u2019y attache donne \u00e0 ses r\u00e9cits une tendresse et une authenticit\u00e9 qui n\u2019emp\u00eachent nullement un regard lucide sur les maux qui frappent cette petite soci\u00e9t\u00e9.<\/p>\n<p>Mais bien plus qu\u2019un t\u00e9moignage sur un milieu et une \u00e9poque r\u00e9volus, l\u2019\u0153uvre de Papadiamantis, unanimement reconnu comme le grand prosateur grec de son \u00e9poque, est surtout une porte d\u2019entr\u00e9e incomparable pour p\u00e9n\u00e9trer \u00e0 la fois dans la culture populaire et dans le patrimoine litt\u00e9raire de la Gr\u00e8ce moderne.<\/p>\n<p>&nbsp;<\/p>\n<p><i>Le saint des lettres grecques modernes. L\u2019\u00e9criture de Papadiamantis est empreinte de r\u00e9alisme graphique et est marqu\u00e9e par une passion sans \u00e9gale. <\/i><br \/>\n<strong>\u2014 Times Literary Supplement<\/strong><\/p>\n<p><i>Le plus grand \u00e9crivain de prose en grec moderne. <\/i><br \/>\n<strong>\u2014 Milan Kundera<\/strong><\/p>\n<p><i>Si les nouvelles de Papadiamandis sont la chronique de Skiathos, elles sont aussi le po\u00e8me des croyances, des coutumes et des traditions de l\u2019ile.<\/i><br \/>\n<strong>\u2014 Octave Merlier<\/strong><\/p>\n","protected":false},"featured_media":3189,"template":"","meta":{"_acf_changed":false},"pwb-brand":[457],"product_brand":[],"product_cat":[238],"product_tag":[513,478,511],"class_list":{"0":"post-3188","1":"product","2":"type-product","3":"status-publish","4":"has-post-thumbnail","6":"pwb-brand-papadiamantis-fr","7":"product_cat-classiques-grecs-modernes","8":"product_tag-papadiamantis-fr","9":"product_tag-rene-bouchet","10":"product_tag-skiathos-fr","12":"first","13":"instock","14":"shipping-taxable","15":"purchasable","16":"product-type-simple"},"acf":[],"yoast_head":"<!-- This site is optimized with the Yoast SEO plugin v27.5 - https:\/\/yoast.com\/product\/yoast-seo-wordpress\/ -->\n<title>Une femme \u00e0 la mer - Aiora Press<\/title>\n<meta name=\"description\" content=\"ALEXANDRE PAPADIAMANTIS Traduit par Ren\u00e9 Bouchet  Bien qu\u2019il ait pass\u00e9 l\u2019essentiel de sa vie \u00e0 Ath\u00e8nes, o\u00f9 il v\u00e9cut chichement de la traduction litt\u00e9raire d\u2019\u00e9crivains surtout anglais et fran\u00e7ais, Alexandre Papadiamantis (1851-1911) a choisi Skiathos, son \u00eele natale, o\u00f9 il v\u00e9cut jusqu\u2019\u00e0 vingt-trois ans et o\u00f9 il revint se retirer deux ans avant sa mort, pour cadre de la plupart de ses cent quatre-vingts nouvelles. La nostalgie qui l\u2019y attache donne \u00e0 ses r\u00e9cits une tendresse et une authenticit\u00e9 qui n\u2019emp\u00eachent nullement un regard lucide sur les maux qui frappent cette petite soci\u00e9t\u00e9.  Mais bien plus qu\u2019un t\u00e9moignage sur un milieu et une \u00e9poque r\u00e9volus, l\u2019\u0153uvre de Papadiamantis, unanimement reconnu comme le grand prosateur grec de son \u00e9poque, est surtout une porte d\u2019entr\u00e9e incomparable pour p\u00e9n\u00e9trer \u00e0 la fois dans la culture populaire et dans le patrimoine litt\u00e9raire de la Gr\u00e8ce moderne.  &nbsp;  Le saint des lettres grecques modernes. L\u2019\u00e9criture de Papadiamantis est empreinte de r\u00e9alisme graphique et est marqu\u00e9e par une passion sans \u00e9gale.  \u2014 Times Literary Supplement  Le plus grand \u00e9crivain de prose en grec moderne.  \u2014 Milan Kundera  Si les nouvelles de Papadiamandis sont la chronique de Skiathos, elles sont aussi le po\u00e8me des croyances, des coutumes et des traditions de l\u2019ile. \u2014 Octave Merlier\" \/>\n<meta name=\"robots\" content=\"index, follow, max-snippet:-1, max-image-preview:large, max-video-preview:-1\" \/>\n<link rel=\"canonical\" href=\"https:\/\/www.aiorabooks.com\/product\/une-femme-a-la-mer\/\" \/>\n<meta property=\"og:locale\" content=\"it_IT\" \/>\n<meta property=\"og:type\" content=\"article\" \/>\n<meta property=\"og:title\" content=\"Une femme \u00e0 la mer - Aiora Press\" \/>\n<meta property=\"og:description\" content=\"ALEXANDRE PAPADIAMANTIS Traduit par Ren\u00e9 Bouchet  Bien qu\u2019il ait pass\u00e9 l\u2019essentiel de sa vie \u00e0 Ath\u00e8nes, o\u00f9 il v\u00e9cut chichement de la traduction litt\u00e9raire d\u2019\u00e9crivains surtout anglais et fran\u00e7ais, Alexandre Papadiamantis (1851-1911) a choisi Skiathos, son \u00eele natale, o\u00f9 il v\u00e9cut jusqu\u2019\u00e0 vingt-trois ans et o\u00f9 il revint se retirer deux ans avant sa mort, pour cadre de la plupart de ses cent quatre-vingts nouvelles. La nostalgie qui l\u2019y attache donne \u00e0 ses r\u00e9cits une tendresse et une authenticit\u00e9 qui n\u2019emp\u00eachent nullement un regard lucide sur les maux qui frappent cette petite soci\u00e9t\u00e9.  Mais bien plus qu\u2019un t\u00e9moignage sur un milieu et une \u00e9poque r\u00e9volus, l\u2019\u0153uvre de Papadiamantis, unanimement reconnu comme le grand prosateur grec de son \u00e9poque, est surtout une porte d\u2019entr\u00e9e incomparable pour p\u00e9n\u00e9trer \u00e0 la fois dans la culture populaire et dans le patrimoine litt\u00e9raire de la Gr\u00e8ce moderne.  &nbsp;  Le saint des lettres grecques modernes. L\u2019\u00e9criture de Papadiamantis est empreinte de r\u00e9alisme graphique et est marqu\u00e9e par une passion sans \u00e9gale.  \u2014 Times Literary Supplement  Le plus grand \u00e9crivain de prose en grec moderne.  \u2014 Milan Kundera  Si les nouvelles de Papadiamandis sont la chronique de Skiathos, elles sont aussi le po\u00e8me des croyances, des coutumes et des traditions de l\u2019ile. \u2014 Octave Merlier\" \/>\n<meta property=\"og:url\" content=\"https:\/\/www.aiorabooks.com\/product\/une-femme-a-la-mer\/\" \/>\n<meta property=\"og:site_name\" content=\"Aiora Press\" \/>\n<meta property=\"article:modified_time\" content=\"2025-05-13T11:14:50+00:00\" \/>\n<meta property=\"og:image\" content=\"https:\/\/www.aiorabooks.com\/wp-content\/uploads\/2018\/10\/papaFRA_RGB.jpg\" \/>\n\t<meta property=\"og:image:width\" content=\"1537\" \/>\n\t<meta property=\"og:image:height\" content=\"2422\" \/>\n\t<meta property=\"og:image:type\" content=\"image\/jpeg\" \/>\n<meta name=\"twitter:card\" content=\"summary_large_image\" \/>\n<meta name=\"twitter:label1\" content=\"Tempo di lettura stimato\" \/>\n\t<meta name=\"twitter:data1\" content=\"1 minuto\" \/>\n<script type=\"application\/ld+json\" class=\"yoast-schema-graph\">{\"@context\":\"https:\\\/\\\/schema.org\",\"@graph\":[{\"@type\":\"WebPage\",\"@id\":\"https:\\\/\\\/www.aiorabooks.com\\\/product\\\/une-femme-a-la-mer\\\/\",\"url\":\"https:\\\/\\\/www.aiorabooks.com\\\/product\\\/une-femme-a-la-mer\\\/\",\"name\":\"Une femme \u00e0 la mer - Aiora Press\",\"isPartOf\":{\"@id\":\"https:\\\/\\\/www.aiorabooks.com\\\/#website\"},\"primaryImageOfPage\":{\"@id\":\"https:\\\/\\\/www.aiorabooks.com\\\/product\\\/une-femme-a-la-mer\\\/#primaryimage\"},\"image\":{\"@id\":\"https:\\\/\\\/www.aiorabooks.com\\\/product\\\/une-femme-a-la-mer\\\/#primaryimage\"},\"thumbnailUrl\":\"https:\\\/\\\/www.aiorabooks.com\\\/wp-content\\\/uploads\\\/2018\\\/10\\\/papaFRA_RGB.jpg\",\"datePublished\":\"2018-10-05T10:10:03+00:00\",\"dateModified\":\"2025-05-13T11:14:50+00:00\",\"description\":\"ALEXANDRE PAPADIAMANTIS Traduit par Ren\u00e9 Bouchet Bien qu\u2019il ait pass\u00e9 l\u2019essentiel de sa vie \u00e0 Ath\u00e8nes, o\u00f9 il v\u00e9cut chichement de la traduction litt\u00e9raire d\u2019\u00e9crivains surtout anglais et fran\u00e7ais, Alexandre Papadiamantis (1851-1911) a choisi Skiathos, son \u00eele natale, o\u00f9 il v\u00e9cut jusqu\u2019\u00e0 vingt-trois ans et o\u00f9 il revint se retirer deux ans avant sa mort, pour cadre de la plupart de ses cent quatre-vingts nouvelles. La nostalgie qui l\u2019y attache donne \u00e0 ses r\u00e9cits une tendresse et une authenticit\u00e9 qui n\u2019emp\u00eachent nullement un regard lucide sur les maux qui frappent cette petite soci\u00e9t\u00e9. Mais bien plus qu\u2019un t\u00e9moignage sur un milieu et une \u00e9poque r\u00e9volus, l\u2019\u0153uvre de Papadiamantis, unanimement reconnu comme le grand prosateur grec de son \u00e9poque, est surtout une porte d\u2019entr\u00e9e incomparable pour p\u00e9n\u00e9trer \u00e0 la fois dans la culture populaire et dans le patrimoine litt\u00e9raire de la Gr\u00e8ce moderne. &nbsp; Le saint des lettres grecques modernes. L\u2019\u00e9criture de Papadiamantis est empreinte de r\u00e9alisme graphique et est marqu\u00e9e par une passion sans \u00e9gale. \u2014 Times Literary Supplement Le plus grand \u00e9crivain de prose en grec moderne. \u2014 Milan Kundera Si les nouvelles de Papadiamandis sont la chronique de Skiathos, elles sont aussi le po\u00e8me des croyances, des coutumes et des traditions de l\u2019ile. \u2014 Octave Merlier\",\"breadcrumb\":{\"@id\":\"https:\\\/\\\/www.aiorabooks.com\\\/product\\\/une-femme-a-la-mer\\\/#breadcrumb\"},\"inLanguage\":\"it-IT\",\"potentialAction\":[{\"@type\":\"ReadAction\",\"target\":[\"https:\\\/\\\/www.aiorabooks.com\\\/product\\\/une-femme-a-la-mer\\\/\"]}]},{\"@type\":\"ImageObject\",\"inLanguage\":\"it-IT\",\"@id\":\"https:\\\/\\\/www.aiorabooks.com\\\/product\\\/une-femme-a-la-mer\\\/#primaryimage\",\"url\":\"https:\\\/\\\/www.aiorabooks.com\\\/wp-content\\\/uploads\\\/2018\\\/10\\\/papaFRA_RGB.jpg\",\"contentUrl\":\"https:\\\/\\\/www.aiorabooks.com\\\/wp-content\\\/uploads\\\/2018\\\/10\\\/papaFRA_RGB.jpg\",\"width\":1537,\"height\":2422,\"caption\":\"Une femme \u00e0 la mer\"},{\"@type\":\"BreadcrumbList\",\"@id\":\"https:\\\/\\\/www.aiorabooks.com\\\/product\\\/une-femme-a-la-mer\\\/#breadcrumb\",\"itemListElement\":[{\"@type\":\"ListItem\",\"position\":1,\"name\":\"Home\",\"item\":\"https:\\\/\\\/www.aiorabooks.com\\\/it\\\/\"},{\"@type\":\"ListItem\",\"position\":2,\"name\":\"Products\",\"item\":\"https:\\\/\\\/www.aiorabooks.com\\\/shop\\\/\"},{\"@type\":\"ListItem\",\"position\":3,\"name\":\"Une femme \u00e0 la mer\"}]},{\"@type\":\"WebSite\",\"@id\":\"https:\\\/\\\/www.aiorabooks.com\\\/#website\",\"url\":\"https:\\\/\\\/www.aiorabooks.com\\\/\",\"name\":\"Aiora Press\",\"description\":\"\",\"publisher\":{\"@id\":\"https:\\\/\\\/www.aiorabooks.com\\\/#organization\"},\"potentialAction\":[{\"@type\":\"SearchAction\",\"target\":{\"@type\":\"EntryPoint\",\"urlTemplate\":\"https:\\\/\\\/www.aiorabooks.com\\\/?s={search_term_string}\"},\"query-input\":{\"@type\":\"PropertyValueSpecification\",\"valueRequired\":true,\"valueName\":\"search_term_string\"}}],\"inLanguage\":\"it-IT\"},{\"@type\":\"Organization\",\"@id\":\"https:\\\/\\\/www.aiorabooks.com\\\/#organization\",\"name\":\"Aiora Press\",\"url\":\"https:\\\/\\\/www.aiorabooks.com\\\/\",\"logo\":{\"@type\":\"ImageObject\",\"inLanguage\":\"it-IT\",\"@id\":\"https:\\\/\\\/www.aiorabooks.com\\\/#\\\/schema\\\/logo\\\/image\\\/\",\"url\":\"https:\\\/\\\/www.aiorabooks.com\\\/wp-content\\\/uploads\\\/2018\\\/05\\\/aiora_press_B.png\",\"contentUrl\":\"https:\\\/\\\/www.aiorabooks.com\\\/wp-content\\\/uploads\\\/2018\\\/05\\\/aiora_press_B.png\",\"width\":520,\"height\":216,\"caption\":\"Aiora Press\"},\"image\":{\"@id\":\"https:\\\/\\\/www.aiorabooks.com\\\/#\\\/schema\\\/logo\\\/image\\\/\"},\"sameAs\":[\"https:\\\/\\\/www.instagram.com\\\/aiorapress\\\/\"]}]}<\/script>\n<!-- \/ Yoast SEO plugin. -->","yoast_head_json":{"title":"Une femme \u00e0 la mer - Aiora Press","description":"ALEXANDRE PAPADIAMANTIS Traduit par Ren\u00e9 Bouchet  Bien qu\u2019il ait pass\u00e9 l\u2019essentiel de sa vie \u00e0 Ath\u00e8nes, o\u00f9 il v\u00e9cut chichement de la traduction litt\u00e9raire d\u2019\u00e9crivains surtout anglais et fran\u00e7ais, Alexandre Papadiamantis (1851-1911) a choisi Skiathos, son \u00eele natale, o\u00f9 il v\u00e9cut jusqu\u2019\u00e0 vingt-trois ans et o\u00f9 il revint se retirer deux ans avant sa mort, pour cadre de la plupart de ses cent quatre-vingts nouvelles. La nostalgie qui l\u2019y attache donne \u00e0 ses r\u00e9cits une tendresse et une authenticit\u00e9 qui n\u2019emp\u00eachent nullement un regard lucide sur les maux qui frappent cette petite soci\u00e9t\u00e9.  Mais bien plus qu\u2019un t\u00e9moignage sur un milieu et une \u00e9poque r\u00e9volus, l\u2019\u0153uvre de Papadiamantis, unanimement reconnu comme le grand prosateur grec de son \u00e9poque, est surtout une porte d\u2019entr\u00e9e incomparable pour p\u00e9n\u00e9trer \u00e0 la fois dans la culture populaire et dans le patrimoine litt\u00e9raire de la Gr\u00e8ce moderne.  &nbsp;  Le saint des lettres grecques modernes. L\u2019\u00e9criture de Papadiamantis est empreinte de r\u00e9alisme graphique et est marqu\u00e9e par une passion sans \u00e9gale.  \u2014 Times Literary Supplement  Le plus grand \u00e9crivain de prose en grec moderne.  \u2014 Milan Kundera  Si les nouvelles de Papadiamandis sont la chronique de Skiathos, elles sont aussi le po\u00e8me des croyances, des coutumes et des traditions de l\u2019ile. \u2014 Octave Merlier","robots":{"index":"index","follow":"follow","max-snippet":"max-snippet:-1","max-image-preview":"max-image-preview:large","max-video-preview":"max-video-preview:-1"},"canonical":"https:\/\/www.aiorabooks.com\/product\/une-femme-a-la-mer\/","og_locale":"it_IT","og_type":"article","og_title":"Une femme \u00e0 la mer - Aiora Press","og_description":"ALEXANDRE PAPADIAMANTIS Traduit par Ren\u00e9 Bouchet  Bien qu\u2019il ait pass\u00e9 l\u2019essentiel de sa vie \u00e0 Ath\u00e8nes, o\u00f9 il v\u00e9cut chichement de la traduction litt\u00e9raire d\u2019\u00e9crivains surtout anglais et fran\u00e7ais, Alexandre Papadiamantis (1851-1911) a choisi Skiathos, son \u00eele natale, o\u00f9 il v\u00e9cut jusqu\u2019\u00e0 vingt-trois ans et o\u00f9 il revint se retirer deux ans avant sa mort, pour cadre de la plupart de ses cent quatre-vingts nouvelles. La nostalgie qui l\u2019y attache donne \u00e0 ses r\u00e9cits une tendresse et une authenticit\u00e9 qui n\u2019emp\u00eachent nullement un regard lucide sur les maux qui frappent cette petite soci\u00e9t\u00e9.  Mais bien plus qu\u2019un t\u00e9moignage sur un milieu et une \u00e9poque r\u00e9volus, l\u2019\u0153uvre de Papadiamantis, unanimement reconnu comme le grand prosateur grec de son \u00e9poque, est surtout une porte d\u2019entr\u00e9e incomparable pour p\u00e9n\u00e9trer \u00e0 la fois dans la culture populaire et dans le patrimoine litt\u00e9raire de la Gr\u00e8ce moderne.  &nbsp;  Le saint des lettres grecques modernes. L\u2019\u00e9criture de Papadiamantis est empreinte de r\u00e9alisme graphique et est marqu\u00e9e par une passion sans \u00e9gale.  \u2014 Times Literary Supplement  Le plus grand \u00e9crivain de prose en grec moderne.  \u2014 Milan Kundera  Si les nouvelles de Papadiamandis sont la chronique de Skiathos, elles sont aussi le po\u00e8me des croyances, des coutumes et des traditions de l\u2019ile. \u2014 Octave Merlier","og_url":"https:\/\/www.aiorabooks.com\/product\/une-femme-a-la-mer\/","og_site_name":"Aiora Press","article_modified_time":"2025-05-13T11:14:50+00:00","og_image":[{"width":1537,"height":2422,"url":"https:\/\/www.aiorabooks.com\/wp-content\/uploads\/2018\/10\/papaFRA_RGB.jpg","type":"image\/jpeg"}],"twitter_card":"summary_large_image","twitter_misc":{"Tempo di lettura stimato":"1 minuto"},"schema":{"@context":"https:\/\/schema.org","@graph":[{"@type":"WebPage","@id":"https:\/\/www.aiorabooks.com\/product\/une-femme-a-la-mer\/","url":"https:\/\/www.aiorabooks.com\/product\/une-femme-a-la-mer\/","name":"Une femme \u00e0 la mer - Aiora Press","isPartOf":{"@id":"https:\/\/www.aiorabooks.com\/#website"},"primaryImageOfPage":{"@id":"https:\/\/www.aiorabooks.com\/product\/une-femme-a-la-mer\/#primaryimage"},"image":{"@id":"https:\/\/www.aiorabooks.com\/product\/une-femme-a-la-mer\/#primaryimage"},"thumbnailUrl":"https:\/\/www.aiorabooks.com\/wp-content\/uploads\/2018\/10\/papaFRA_RGB.jpg","datePublished":"2018-10-05T10:10:03+00:00","dateModified":"2025-05-13T11:14:50+00:00","description":"ALEXANDRE PAPADIAMANTIS Traduit par Ren\u00e9 Bouchet Bien qu\u2019il ait pass\u00e9 l\u2019essentiel de sa vie \u00e0 Ath\u00e8nes, o\u00f9 il v\u00e9cut chichement de la traduction litt\u00e9raire d\u2019\u00e9crivains surtout anglais et fran\u00e7ais, Alexandre Papadiamantis (1851-1911) a choisi Skiathos, son \u00eele natale, o\u00f9 il v\u00e9cut jusqu\u2019\u00e0 vingt-trois ans et o\u00f9 il revint se retirer deux ans avant sa mort, pour cadre de la plupart de ses cent quatre-vingts nouvelles. La nostalgie qui l\u2019y attache donne \u00e0 ses r\u00e9cits une tendresse et une authenticit\u00e9 qui n\u2019emp\u00eachent nullement un regard lucide sur les maux qui frappent cette petite soci\u00e9t\u00e9. Mais bien plus qu\u2019un t\u00e9moignage sur un milieu et une \u00e9poque r\u00e9volus, l\u2019\u0153uvre de Papadiamantis, unanimement reconnu comme le grand prosateur grec de son \u00e9poque, est surtout une porte d\u2019entr\u00e9e incomparable pour p\u00e9n\u00e9trer \u00e0 la fois dans la culture populaire et dans le patrimoine litt\u00e9raire de la Gr\u00e8ce moderne. &nbsp; Le saint des lettres grecques modernes. L\u2019\u00e9criture de Papadiamantis est empreinte de r\u00e9alisme graphique et est marqu\u00e9e par une passion sans \u00e9gale. \u2014 Times Literary Supplement Le plus grand \u00e9crivain de prose en grec moderne. \u2014 Milan Kundera Si les nouvelles de Papadiamandis sont la chronique de Skiathos, elles sont aussi le po\u00e8me des croyances, des coutumes et des traditions de l\u2019ile. \u2014 Octave Merlier","breadcrumb":{"@id":"https:\/\/www.aiorabooks.com\/product\/une-femme-a-la-mer\/#breadcrumb"},"inLanguage":"it-IT","potentialAction":[{"@type":"ReadAction","target":["https:\/\/www.aiorabooks.com\/product\/une-femme-a-la-mer\/"]}]},{"@type":"ImageObject","inLanguage":"it-IT","@id":"https:\/\/www.aiorabooks.com\/product\/une-femme-a-la-mer\/#primaryimage","url":"https:\/\/www.aiorabooks.com\/wp-content\/uploads\/2018\/10\/papaFRA_RGB.jpg","contentUrl":"https:\/\/www.aiorabooks.com\/wp-content\/uploads\/2018\/10\/papaFRA_RGB.jpg","width":1537,"height":2422,"caption":"Une femme \u00e0 la mer"},{"@type":"BreadcrumbList","@id":"https:\/\/www.aiorabooks.com\/product\/une-femme-a-la-mer\/#breadcrumb","itemListElement":[{"@type":"ListItem","position":1,"name":"Home","item":"https:\/\/www.aiorabooks.com\/it\/"},{"@type":"ListItem","position":2,"name":"Products","item":"https:\/\/www.aiorabooks.com\/shop\/"},{"@type":"ListItem","position":3,"name":"Une femme \u00e0 la mer"}]},{"@type":"WebSite","@id":"https:\/\/www.aiorabooks.com\/#website","url":"https:\/\/www.aiorabooks.com\/","name":"Aiora Press","description":"","publisher":{"@id":"https:\/\/www.aiorabooks.com\/#organization"},"potentialAction":[{"@type":"SearchAction","target":{"@type":"EntryPoint","urlTemplate":"https:\/\/www.aiorabooks.com\/?s={search_term_string}"},"query-input":{"@type":"PropertyValueSpecification","valueRequired":true,"valueName":"search_term_string"}}],"inLanguage":"it-IT"},{"@type":"Organization","@id":"https:\/\/www.aiorabooks.com\/#organization","name":"Aiora Press","url":"https:\/\/www.aiorabooks.com\/","logo":{"@type":"ImageObject","inLanguage":"it-IT","@id":"https:\/\/www.aiorabooks.com\/#\/schema\/logo\/image\/","url":"https:\/\/www.aiorabooks.com\/wp-content\/uploads\/2018\/05\/aiora_press_B.png","contentUrl":"https:\/\/www.aiorabooks.com\/wp-content\/uploads\/2018\/05\/aiora_press_B.png","width":520,"height":216,"caption":"Aiora Press"},"image":{"@id":"https:\/\/www.aiorabooks.com\/#\/schema\/logo\/image\/"},"sameAs":["https:\/\/www.instagram.com\/aiorapress\/"]}]}},"brands":[{"id":457,"name":"Alexandre Papadiamantis","slug":"papadiamantis-fr"}],"_links":{"self":[{"href":"https:\/\/www.aiorabooks.com\/it\/wp-json\/wp\/v2\/product\/3188","targetHints":{"allow":["GET"]}}],"collection":[{"href":"https:\/\/www.aiorabooks.com\/it\/wp-json\/wp\/v2\/product"}],"about":[{"href":"https:\/\/www.aiorabooks.com\/it\/wp-json\/wp\/v2\/types\/product"}],"wp:featuredmedia":[{"embeddable":true,"href":"https:\/\/www.aiorabooks.com\/it\/wp-json\/wp\/v2\/media\/3189"}],"wp:attachment":[{"href":"https:\/\/www.aiorabooks.com\/it\/wp-json\/wp\/v2\/media?parent=3188"}],"wp:term":[{"taxonomy":"pwb-brand","embeddable":true,"href":"https:\/\/www.aiorabooks.com\/it\/wp-json\/wp\/v2\/pwb-brand?post=3188"},{"taxonomy":"product_brand","embeddable":true,"href":"https:\/\/www.aiorabooks.com\/it\/wp-json\/wp\/v2\/product_brand?post=3188"},{"taxonomy":"product_cat","embeddable":true,"href":"https:\/\/www.aiorabooks.com\/it\/wp-json\/wp\/v2\/product_cat?post=3188"},{"taxonomy":"product_tag","embeddable":true,"href":"https:\/\/www.aiorabooks.com\/it\/wp-json\/wp\/v2\/product_tag?post=3188"}],"curies":[{"name":"wp","href":"https:\/\/api.w.org\/{rel}","templated":true}]}}