{"id":3008,"date":"2018-08-30T13:12:41","date_gmt":"2018-08-30T10:12:41","guid":{"rendered":"https:\/\/www.aiorabooks.com\/?post_type=product&#038;p=3008"},"modified":"2024-08-26T14:53:39","modified_gmt":"2024-08-26T11:53:39","slug":"sogno-sullonda","status":"publish","type":"product","link":"https:\/\/www.aiorabooks.com\/it\/product\/sogno-sullonda\/","title":{"rendered":"Sogno sull&#8217;onda"},"content":{"rendered":"","protected":false},"excerpt":{"rendered":"<p><strong><a href=\"http:\/\/aioralibri.com\/index.php\/bios\/alexandros-papadiamandis-it\/\"><span style=\"font-size: 14pt;\">ALEXANDROS PAPADIAMANDIS<\/span><\/a><\/strong><br \/>\n<strong>Traduzione di Maria Caracausi<\/strong><\/p>\n<p><span style=\"font-family: verdana, geneva, sans-serif; font-size: 10pt; color: #be0000;\">EDIZIONE BILINGUE<\/span><\/p>\n<p>Un sogno d\u2019estate, dominato dal mare, \u00e8 quello del pastorello; un sogno d\u2019inverno, dall\u2019epilogo non lieto, quello del vecchio Barba-Gianni. Anche il\u00a0 giovane barcaiolo del secondo racconto si \u00e8 cullato in un sogno che verr\u00e0 crudelmente infranto. Elemento comune ai tre racconti \u00e8 l\u2019amore, che riesce a trasfigurare la dura e inesorabile realt\u00e0 quotidiana e persuade i protagonisti a riconciliarsi con la propria sorte.<\/p>\n<p>Con l\u2019azzurro intenso delle sue luminose marine, il verde della sua rigogliosa vegetazione e il bianco delle sue case, Skiathos \u00e8 un\u2019incantevole isola dell\u2019Egeo: un\u2019isola di sogno, che costituisce lo sfondo ideale per questi racconti di Papadiamandis.<\/p>\n","protected":false},"featured_media":8816,"template":"","meta":{"_acf_changed":false},"pwb-brand":[415],"product_brand":[],"product_cat":[242],"product_tag":[514,512,437,510],"class_list":{"0":"post-3008","1":"product","2":"type-product","3":"status-publish","4":"has-post-thumbnail","6":"pwb-brand-alexandros-papadiamandis-it","7":"product_cat-classici-greci-moderni","8":"product_tag-papadiamandis-it","9":"product_tag-papadiamantis-it","10":"product_tag-racconti","11":"product_tag-skiathos-it","13":"first","14":"instock","15":"shipping-taxable","16":"purchasable","17":"product-type-simple"},"acf":[],"yoast_head":"<!-- This site is optimized with the Yoast SEO plugin v27.6 - https:\/\/yoast.com\/product\/yoast-seo-wordpress\/ -->\n<title>Sogno sull&#039;onda - Aiora Press<\/title>\n<meta name=\"description\" content=\"ALEXANDROS PAPADIAMANDIS Traduzione di Maria Caracausi  EDIZIONE BILINGUE  Un sogno d\u2019estate, dominato dal mare, \u00e8 quello del pastorello; un sogno d\u2019inverno, dall\u2019epilogo non lieto, quello del vecchio Barba-Gianni. Anche il\u00a0 giovane barcaiolo del secondo racconto si \u00e8 cullato in un sogno che verr\u00e0 crudelmente infranto. Elemento comune ai tre racconti \u00e8 l\u2019amore, che riesce a trasfigurare la dura e inesorabile realt\u00e0 quotidiana e persuade i protagonisti a riconciliarsi con la propria sorte.  Con l\u2019azzurro intenso delle sue luminose marine, il verde della sua rigogliosa vegetazione e il bianco delle sue case, Skiathos \u00e8 un\u2019incantevole isola dell\u2019Egeo: un\u2019isola di sogno, che costituisce lo sfondo ideale per questi racconti di Papadiamandis.\" \/>\n<meta name=\"robots\" content=\"index, follow, max-snippet:-1, max-image-preview:large, max-video-preview:-1\" \/>\n<link rel=\"canonical\" href=\"https:\/\/www.aiorabooks.com\/product\/sogno-sullonda\/\" \/>\n<meta property=\"og:locale\" content=\"it_IT\" \/>\n<meta property=\"og:type\" content=\"article\" \/>\n<meta property=\"og:title\" content=\"Sogno sull&#039;onda - Aiora Press\" \/>\n<meta property=\"og:description\" content=\"ALEXANDROS PAPADIAMANDIS Traduzione di Maria Caracausi  EDIZIONE BILINGUE  Un sogno d\u2019estate, dominato dal mare, \u00e8 quello del pastorello; un sogno d\u2019inverno, dall\u2019epilogo non lieto, quello del vecchio Barba-Gianni. Anche il\u00a0 giovane barcaiolo del secondo racconto si \u00e8 cullato in un sogno che verr\u00e0 crudelmente infranto. Elemento comune ai tre racconti \u00e8 l\u2019amore, che riesce a trasfigurare la dura e inesorabile realt\u00e0 quotidiana e persuade i protagonisti a riconciliarsi con la propria sorte.  Con l\u2019azzurro intenso delle sue luminose marine, il verde della sua rigogliosa vegetazione e il bianco delle sue case, Skiathos \u00e8 un\u2019incantevole isola dell\u2019Egeo: un\u2019isola di sogno, che costituisce lo sfondo ideale per questi racconti di Papadiamandis.\" \/>\n<meta property=\"og:url\" content=\"https:\/\/www.aiorabooks.com\/product\/sogno-sullonda\/\" \/>\n<meta property=\"og:site_name\" content=\"Aiora Press\" \/>\n<meta property=\"article:modified_time\" content=\"2024-08-26T11:53:39+00:00\" \/>\n<meta property=\"og:image\" content=\"https:\/\/www.aiorabooks.com\/wp-content\/uploads\/2018\/08\/papadiamandis-sogno-site.jpg\" \/>\n\t<meta property=\"og:image:width\" content=\"562\" \/>\n\t<meta property=\"og:image:height\" content=\"886\" \/>\n\t<meta property=\"og:image:type\" content=\"image\/jpeg\" \/>\n<meta name=\"twitter:card\" content=\"summary_large_image\" \/>\n<meta name=\"twitter:label1\" content=\"Tempo di lettura stimato\" \/>\n\t<meta name=\"twitter:data1\" content=\"1 minuto\" \/>\n<script type=\"application\/ld+json\" class=\"yoast-schema-graph\">{\"@context\":\"https:\\\/\\\/schema.org\",\"@graph\":[{\"@type\":\"WebPage\",\"@id\":\"https:\\\/\\\/www.aiorabooks.com\\\/product\\\/sogno-sullonda\\\/\",\"url\":\"https:\\\/\\\/www.aiorabooks.com\\\/product\\\/sogno-sullonda\\\/\",\"name\":\"Sogno sull'onda - Aiora Press\",\"isPartOf\":{\"@id\":\"https:\\\/\\\/www.aiorabooks.com\\\/#website\"},\"primaryImageOfPage\":{\"@id\":\"https:\\\/\\\/www.aiorabooks.com\\\/product\\\/sogno-sullonda\\\/#primaryimage\"},\"image\":{\"@id\":\"https:\\\/\\\/www.aiorabooks.com\\\/product\\\/sogno-sullonda\\\/#primaryimage\"},\"thumbnailUrl\":\"https:\\\/\\\/www.aiorabooks.com\\\/wp-content\\\/uploads\\\/2018\\\/08\\\/papadiamandis-sogno-site.jpg\",\"datePublished\":\"2018-08-30T10:12:41+00:00\",\"dateModified\":\"2024-08-26T11:53:39+00:00\",\"description\":\"ALEXANDROS PAPADIAMANDIS Traduzione di Maria Caracausi EDIZIONE BILINGUE Un sogno d\u2019estate, dominato dal mare, \u00e8 quello del pastorello; un sogno d\u2019inverno, dall\u2019epilogo non lieto, quello del vecchio Barba-Gianni. Anche il\u00a0 giovane barcaiolo del secondo racconto si \u00e8 cullato in un sogno che verr\u00e0 crudelmente infranto. Elemento comune ai tre racconti \u00e8 l\u2019amore, che riesce a trasfigurare la dura e inesorabile realt\u00e0 quotidiana e persuade i protagonisti a riconciliarsi con la propria sorte. Con l\u2019azzurro intenso delle sue luminose marine, il verde della sua rigogliosa vegetazione e il bianco delle sue case, Skiathos \u00e8 un\u2019incantevole isola dell\u2019Egeo: un\u2019isola di sogno, che costituisce lo sfondo ideale per questi racconti di Papadiamandis.\",\"breadcrumb\":{\"@id\":\"https:\\\/\\\/www.aiorabooks.com\\\/product\\\/sogno-sullonda\\\/#breadcrumb\"},\"inLanguage\":\"it-IT\",\"potentialAction\":[{\"@type\":\"ReadAction\",\"target\":[\"https:\\\/\\\/www.aiorabooks.com\\\/product\\\/sogno-sullonda\\\/\"]}]},{\"@type\":\"ImageObject\",\"inLanguage\":\"it-IT\",\"@id\":\"https:\\\/\\\/www.aiorabooks.com\\\/product\\\/sogno-sullonda\\\/#primaryimage\",\"url\":\"https:\\\/\\\/www.aiorabooks.com\\\/wp-content\\\/uploads\\\/2018\\\/08\\\/papadiamandis-sogno-site.jpg\",\"contentUrl\":\"https:\\\/\\\/www.aiorabooks.com\\\/wp-content\\\/uploads\\\/2018\\\/08\\\/papadiamandis-sogno-site.jpg\",\"width\":562,\"height\":886,\"caption\":\"Alexandros Papadiamandis, Sogno sull'onda\"},{\"@type\":\"BreadcrumbList\",\"@id\":\"https:\\\/\\\/www.aiorabooks.com\\\/product\\\/sogno-sullonda\\\/#breadcrumb\",\"itemListElement\":[{\"@type\":\"ListItem\",\"position\":1,\"name\":\"Home\",\"item\":\"https:\\\/\\\/www.aiorabooks.com\\\/it\\\/\"},{\"@type\":\"ListItem\",\"position\":2,\"name\":\"Products\",\"item\":\"https:\\\/\\\/www.aiorabooks.com\\\/shop\\\/\"},{\"@type\":\"ListItem\",\"position\":3,\"name\":\"Sogno sull&#8217;onda\"}]},{\"@type\":\"WebSite\",\"@id\":\"https:\\\/\\\/www.aiorabooks.com\\\/#website\",\"url\":\"https:\\\/\\\/www.aiorabooks.com\\\/\",\"name\":\"Aiora Press\",\"description\":\"\",\"publisher\":{\"@id\":\"https:\\\/\\\/www.aiorabooks.com\\\/#organization\"},\"potentialAction\":[{\"@type\":\"SearchAction\",\"target\":{\"@type\":\"EntryPoint\",\"urlTemplate\":\"https:\\\/\\\/www.aiorabooks.com\\\/?s={search_term_string}\"},\"query-input\":{\"@type\":\"PropertyValueSpecification\",\"valueRequired\":true,\"valueName\":\"search_term_string\"}}],\"inLanguage\":\"it-IT\"},{\"@type\":\"Organization\",\"@id\":\"https:\\\/\\\/www.aiorabooks.com\\\/#organization\",\"name\":\"Aiora Press\",\"url\":\"https:\\\/\\\/www.aiorabooks.com\\\/\",\"logo\":{\"@type\":\"ImageObject\",\"inLanguage\":\"it-IT\",\"@id\":\"https:\\\/\\\/www.aiorabooks.com\\\/#\\\/schema\\\/logo\\\/image\\\/\",\"url\":\"https:\\\/\\\/www.aiorabooks.com\\\/wp-content\\\/uploads\\\/2018\\\/05\\\/aiora_press_B.png\",\"contentUrl\":\"https:\\\/\\\/www.aiorabooks.com\\\/wp-content\\\/uploads\\\/2018\\\/05\\\/aiora_press_B.png\",\"width\":520,\"height\":216,\"caption\":\"Aiora Press\"},\"image\":{\"@id\":\"https:\\\/\\\/www.aiorabooks.com\\\/#\\\/schema\\\/logo\\\/image\\\/\"},\"sameAs\":[\"https:\\\/\\\/www.instagram.com\\\/aiorapress\\\/\"]}]}<\/script>\n<!-- \/ Yoast SEO plugin. -->","yoast_head_json":{"title":"Sogno sull'onda - Aiora Press","description":"ALEXANDROS PAPADIAMANDIS Traduzione di Maria Caracausi  EDIZIONE BILINGUE  Un sogno d\u2019estate, dominato dal mare, \u00e8 quello del pastorello; un sogno d\u2019inverno, dall\u2019epilogo non lieto, quello del vecchio Barba-Gianni. Anche il\u00a0 giovane barcaiolo del secondo racconto si \u00e8 cullato in un sogno che verr\u00e0 crudelmente infranto. Elemento comune ai tre racconti \u00e8 l\u2019amore, che riesce a trasfigurare la dura e inesorabile realt\u00e0 quotidiana e persuade i protagonisti a riconciliarsi con la propria sorte.  Con l\u2019azzurro intenso delle sue luminose marine, il verde della sua rigogliosa vegetazione e il bianco delle sue case, Skiathos \u00e8 un\u2019incantevole isola dell\u2019Egeo: un\u2019isola di sogno, che costituisce lo sfondo ideale per questi racconti di Papadiamandis.","robots":{"index":"index","follow":"follow","max-snippet":"max-snippet:-1","max-image-preview":"max-image-preview:large","max-video-preview":"max-video-preview:-1"},"canonical":"https:\/\/www.aiorabooks.com\/product\/sogno-sullonda\/","og_locale":"it_IT","og_type":"article","og_title":"Sogno sull'onda - Aiora Press","og_description":"ALEXANDROS PAPADIAMANDIS Traduzione di Maria Caracausi  EDIZIONE BILINGUE  Un sogno d\u2019estate, dominato dal mare, \u00e8 quello del pastorello; un sogno d\u2019inverno, dall\u2019epilogo non lieto, quello del vecchio Barba-Gianni. Anche il\u00a0 giovane barcaiolo del secondo racconto si \u00e8 cullato in un sogno che verr\u00e0 crudelmente infranto. Elemento comune ai tre racconti \u00e8 l\u2019amore, che riesce a trasfigurare la dura e inesorabile realt\u00e0 quotidiana e persuade i protagonisti a riconciliarsi con la propria sorte.  Con l\u2019azzurro intenso delle sue luminose marine, il verde della sua rigogliosa vegetazione e il bianco delle sue case, Skiathos \u00e8 un\u2019incantevole isola dell\u2019Egeo: un\u2019isola di sogno, che costituisce lo sfondo ideale per questi racconti di Papadiamandis.","og_url":"https:\/\/www.aiorabooks.com\/product\/sogno-sullonda\/","og_site_name":"Aiora Press","article_modified_time":"2024-08-26T11:53:39+00:00","og_image":[{"width":562,"height":886,"url":"https:\/\/www.aiorabooks.com\/wp-content\/uploads\/2018\/08\/papadiamandis-sogno-site.jpg","type":"image\/jpeg"}],"twitter_card":"summary_large_image","twitter_misc":{"Tempo di lettura stimato":"1 minuto"},"schema":{"@context":"https:\/\/schema.org","@graph":[{"@type":"WebPage","@id":"https:\/\/www.aiorabooks.com\/product\/sogno-sullonda\/","url":"https:\/\/www.aiorabooks.com\/product\/sogno-sullonda\/","name":"Sogno sull'onda - Aiora Press","isPartOf":{"@id":"https:\/\/www.aiorabooks.com\/#website"},"primaryImageOfPage":{"@id":"https:\/\/www.aiorabooks.com\/product\/sogno-sullonda\/#primaryimage"},"image":{"@id":"https:\/\/www.aiorabooks.com\/product\/sogno-sullonda\/#primaryimage"},"thumbnailUrl":"https:\/\/www.aiorabooks.com\/wp-content\/uploads\/2018\/08\/papadiamandis-sogno-site.jpg","datePublished":"2018-08-30T10:12:41+00:00","dateModified":"2024-08-26T11:53:39+00:00","description":"ALEXANDROS PAPADIAMANDIS Traduzione di Maria Caracausi EDIZIONE BILINGUE Un sogno d\u2019estate, dominato dal mare, \u00e8 quello del pastorello; un sogno d\u2019inverno, dall\u2019epilogo non lieto, quello del vecchio Barba-Gianni. Anche il\u00a0 giovane barcaiolo del secondo racconto si \u00e8 cullato in un sogno che verr\u00e0 crudelmente infranto. Elemento comune ai tre racconti \u00e8 l\u2019amore, che riesce a trasfigurare la dura e inesorabile realt\u00e0 quotidiana e persuade i protagonisti a riconciliarsi con la propria sorte. Con l\u2019azzurro intenso delle sue luminose marine, il verde della sua rigogliosa vegetazione e il bianco delle sue case, Skiathos \u00e8 un\u2019incantevole isola dell\u2019Egeo: un\u2019isola di sogno, che costituisce lo sfondo ideale per questi racconti di Papadiamandis.","breadcrumb":{"@id":"https:\/\/www.aiorabooks.com\/product\/sogno-sullonda\/#breadcrumb"},"inLanguage":"it-IT","potentialAction":[{"@type":"ReadAction","target":["https:\/\/www.aiorabooks.com\/product\/sogno-sullonda\/"]}]},{"@type":"ImageObject","inLanguage":"it-IT","@id":"https:\/\/www.aiorabooks.com\/product\/sogno-sullonda\/#primaryimage","url":"https:\/\/www.aiorabooks.com\/wp-content\/uploads\/2018\/08\/papadiamandis-sogno-site.jpg","contentUrl":"https:\/\/www.aiorabooks.com\/wp-content\/uploads\/2018\/08\/papadiamandis-sogno-site.jpg","width":562,"height":886,"caption":"Alexandros Papadiamandis, Sogno sull'onda"},{"@type":"BreadcrumbList","@id":"https:\/\/www.aiorabooks.com\/product\/sogno-sullonda\/#breadcrumb","itemListElement":[{"@type":"ListItem","position":1,"name":"Home","item":"https:\/\/www.aiorabooks.com\/it\/"},{"@type":"ListItem","position":2,"name":"Products","item":"https:\/\/www.aiorabooks.com\/shop\/"},{"@type":"ListItem","position":3,"name":"Sogno sull&#8217;onda"}]},{"@type":"WebSite","@id":"https:\/\/www.aiorabooks.com\/#website","url":"https:\/\/www.aiorabooks.com\/","name":"Aiora Press","description":"","publisher":{"@id":"https:\/\/www.aiorabooks.com\/#organization"},"potentialAction":[{"@type":"SearchAction","target":{"@type":"EntryPoint","urlTemplate":"https:\/\/www.aiorabooks.com\/?s={search_term_string}"},"query-input":{"@type":"PropertyValueSpecification","valueRequired":true,"valueName":"search_term_string"}}],"inLanguage":"it-IT"},{"@type":"Organization","@id":"https:\/\/www.aiorabooks.com\/#organization","name":"Aiora Press","url":"https:\/\/www.aiorabooks.com\/","logo":{"@type":"ImageObject","inLanguage":"it-IT","@id":"https:\/\/www.aiorabooks.com\/#\/schema\/logo\/image\/","url":"https:\/\/www.aiorabooks.com\/wp-content\/uploads\/2018\/05\/aiora_press_B.png","contentUrl":"https:\/\/www.aiorabooks.com\/wp-content\/uploads\/2018\/05\/aiora_press_B.png","width":520,"height":216,"caption":"Aiora Press"},"image":{"@id":"https:\/\/www.aiorabooks.com\/#\/schema\/logo\/image\/"},"sameAs":["https:\/\/www.instagram.com\/aiorapress\/"]}]}},"brands":[{"id":415,"name":"Al\u00e8xandros Papadiamandis","slug":"alexandros-papadiamandis-it"}],"_links":{"self":[{"href":"https:\/\/www.aiorabooks.com\/it\/wp-json\/wp\/v2\/product\/3008","targetHints":{"allow":["GET"]}}],"collection":[{"href":"https:\/\/www.aiorabooks.com\/it\/wp-json\/wp\/v2\/product"}],"about":[{"href":"https:\/\/www.aiorabooks.com\/it\/wp-json\/wp\/v2\/types\/product"}],"wp:featuredmedia":[{"embeddable":true,"href":"https:\/\/www.aiorabooks.com\/it\/wp-json\/wp\/v2\/media\/8816"}],"wp:attachment":[{"href":"https:\/\/www.aiorabooks.com\/it\/wp-json\/wp\/v2\/media?parent=3008"}],"wp:term":[{"taxonomy":"pwb-brand","embeddable":true,"href":"https:\/\/www.aiorabooks.com\/it\/wp-json\/wp\/v2\/pwb-brand?post=3008"},{"taxonomy":"product_brand","embeddable":true,"href":"https:\/\/www.aiorabooks.com\/it\/wp-json\/wp\/v2\/product_brand?post=3008"},{"taxonomy":"product_cat","embeddable":true,"href":"https:\/\/www.aiorabooks.com\/it\/wp-json\/wp\/v2\/product_cat?post=3008"},{"taxonomy":"product_tag","embeddable":true,"href":"https:\/\/www.aiorabooks.com\/it\/wp-json\/wp\/v2\/product_tag?post=3008"}],"curies":[{"name":"wp","href":"https:\/\/api.w.org\/{rel}","templated":true}]}}