{"id":2578,"date":"2018-07-05T10:01:48","date_gmt":"2018-07-05T10:01:48","guid":{"rendered":"https:\/\/www.aiorabooks.com\/?page_id=2578"},"modified":"2021-08-06T15:47:24","modified_gmt":"2021-08-06T12:47:24","slug":"condizioni","status":"publish","type":"page","link":"https:\/\/www.aiorabooks.com\/it\/condizioni\/","title":{"rendered":"Condizioni di utilizzo e politica di tutela dei dati personali"},"content":{"rendered":"<h4>Condizioni di utilizzo e politica di tutela dei dati personali<\/h4>\n<h4>Introduzione<\/h4>\n<p>Noi delle Edizioni Aiora rispettiamo i dati personali dei visitatori-utenti del nostro sito in conformit\u00e0 al Regolamento Europeo in materia di protezione dei dati di carattere personale (GDPR \u2013 General Data Protection Regulation, EE 2016\/679), in vigore in tutti gli Stati-membri dell\u2019UE dal 25 maggio 2018.<\/p>\n<h4>Modalit\u00e0 e natura dei dati da noi raccolti e trattati<\/h4>\n<p><strong>a)<\/strong> In caso di acquisto online dal sito aiora.gr verranno richiesti i dati anagrafici del cliente, indispensabili per il buon fine della transazione: Nome, Cognome, Indirizzo postale, Telefono ed e-mail. I dati suddetti verranno utilizzati esclusivamente per l\u2019esecuzione dell\u2019ordine effettuato dal cliente, e non vengono trattati n\u00e9 utilizzati in alcun altro modo. Per quanto riguarda la sicurezza delle transazioni di pagamento, cfr. il paragrafo: <strong>Sicurezza delle transazioni di pagamento elettroniche<\/strong>.<br \/>\n<strong>b)<\/strong> Per iscriversi alla mailing list del sito aiora.gr all\u2019utente verranno richiesti facoltativamente (ossia, non costituiscono presupposto indispensabile all\u2019iscrizione) il Nome e il Cognome, obbligatoriamente l\u2019indirizzo di posta elettronica, indispensabile per l\u2019invio della newsletter. Oltre alla newsletter, che ha cadenza mensile, la casa editrice si riserva il diritto di inviare inviti a presentazioni di libri e autori, informazioni sulle ultime uscite editoriali e altro materiale relativo alle attivit\u00e0 delle Edizioni Aiora.<br \/>\n<strong>c)<\/strong> Nel caso in cui il cliente, all\u2019atto dell\u2019iscrizione alla mailing list delle Edizioni Aiora, oltre a dichiarare facoltativamente il Nome e il Cognome, e obbligatoriamente l\u2019indirizzo di posta elettronica, indispensabile per l\u2019invio della newsletter, abbia dichiarato la professione, tale informazione verr\u00e0 utilizzata soltanto per informazioni specifiche, per esempio nel caso in cui l\u2019iscritto sia un docente della scuola primaria e abbia dichiarato il proprio interessamento a ricevere informazioni sulle uscite di libri per ragazzi.<\/p>\n<p>Noi delle Edizioni Aiora non chiediamo n\u00e9 raccogliamo n\u00e9 trattiamo n\u00e9 utilizziano nessun altro dato personale.<\/p>\n<h4>Informazioni ulteriori sui dati personali<\/h4>\n<p>I dati sopra descritti vengono archiviati e tutelati con la maggior sicurezza possibile e l\u2019accesso a essi \u00e8 consentito soltanto a funzionari autorizzati delle Edizioni Aiora. In nessun caso i dati dei nostri clienti vengono ceduti a enti, organizzazioni, societ\u00e0, individui terzi ed estranei alle Edizioni Aiora. Inoltre le Edizioni Aiora non inviano messaggi elettronici per conto terzi.<\/p>\n<p>In qualunque momento si potr\u00e0 richiedere la cancellazione dai nostri archivi elettronici (cancellazione dalla mailing list, cancellazione dalla newsletter ecc.). In questo caso la cancellazione di tutti i dati di iscrizione \u00e8 definitiva.<br \/>\nNel nostro sito sono presenti link e plug-ins ad alcuni social network (p.e. facebook) e link ad altri siti. Le Edizioni Aiora non sono responsabili dei contenuti dei siti collegati e si rinvia ai termini e condizioni di utilizzo di questi ultimi per quanto riguarda la loro politica in materia di protezione dei dati personali.<\/p>\n<p>Noi delle Edizioni Aiora non abbiamo alcuna intenzione di raccogliere dati relativi a minori. Se, in qualit\u00e0 di genitori o tutori, un utente del nostro sito si dovesse accorgere che un minore ci ha notificato dei dati personali, lo preghiamo di informarci affinch\u00e9 possiamo procedere alla cancellazione immediata di tutte le informazioni e dati relativi.<\/p>\n<p>La visita al sito aiora.gr, gli acquisti elettronici e l\u2019iscrizione alla mailing list sono regolati dalle condizioni suddette, che si presuppongono approvate da parte del visitatore-utente.<\/p>\n<h4>Sicurezza delle transazioni di pagamento elettroniche<\/h4>\n<p>Il sito aiora.gr utilizza una tecnologia di criptazione sicura (SSL Secure Socket Layer-https) per proteggere i dati personali e certificare la sicurezza delle transazioni attraverso il collegamento con lo spazio di transazioni sicure di Alpha Bank.<\/p>\n<p>Tutti i pagamenti effettuati tramite carta vengono elaborati attraverso la piattaforma di pagamento elettronico &#8220;Alpha e-Commerce&#8221; di Alpha Bank che utilizza il protocollo di crittografia TLS 1.2 con crittografia a 128 bit (Secure Sockets Layer &#8211; SSL). La crittografia \u00e8 un modo di codificare le<br \/>\ninformazioni finch\u00e9 queste raggiungono il destinatario, il quale sar\u00e0 in grado di decodificarle utilizzando la chiave appropriata.<\/p>\n<h4>Metodi di pagamento<\/h4>\n<p>Attraverso il sistema di transazioni sicure di Alpha Bank si possono effettuare pagamenti mediante carte di credito, di debito e prepagate (Visa, MasterCard, Visa Electron, Maestro, American Express, Diners e Discover) oppure utilizzando il servizio di wallet elettronico Masterpass.<\/p>\n<p>Per qualsiasi informazione relativa a metodi alternativi di pagamento, a sconti o all\u2019ordine di grossi quantitativi, preghiamo la gentile clientela di <a href=\"https:\/\/aiora.gr\/contact\/?lang=it\">contattarci<\/a>.<\/p>\n<h4>Diritto di recesso<\/h4>\n<p>In caso di acquisto online il cliente pu\u00f2 esercitare il diritto di recesso entro 15 giorni dall\u2019effettuazione dell\u2019ordine e soltanto dopo la consegna, a spese del cliente stesso. Il prodotto restituito deve essere in buone condizioni e accompagnato dallo scontrino fiscale o fattura di pagamento.<\/p>\n<h4>Annullamento di un ordine<\/h4>\n<p>Per annullare un ordine dopo il pagamento attraverso il sistema Alpha Bank, il cliente dovr\u00e0 contattarci il prima possibile per email o telefonicamente per bloccare la procedura di invio e ottenere il rimborso elettronico della somma versata. Nel caso in cui l\u2019ordine sia gi\u00e0 stato evaso, il cliente potr\u00e0 esercitare il diritto di recesso, per cui cfr. paragrafo precedente.<\/p>\n<h4>Contatti<\/h4>\n<p>Per qualsiasi informazione relativa alle presenti Condizioni di utilizzo del nostro sito preghiamo la gentile clientela di contattarci attraverso la Contact page\/Contatti, telefonicamente allo +30 210 3839000 o all\u2019indirizzo di posta elettronica info@aiorabooks.com<\/p>\n","protected":false},"excerpt":{"rendered":"<p>Condizioni di utilizzo e politica di tutela dei dati personali Introduzione Noi delle Edizioni Aiora rispettiamo i dati personali dei visitatori-utenti del nostro sito in conformit\u00e0 al Regolamento Europeo in materia di protezione dei dati di carattere personale (GDPR \u2013 General Data Protection Regulation, EE 2016\/679), in vigore in tutti gli Stati-membri dell\u2019UE dal 25 maggio 2018. Modalit\u00e0 e natura dei dati da noi raccolti e trattati a) In caso di acquisto online dal sito&hellip;<\/p>\n","protected":false},"author":1,"featured_media":0,"parent":0,"menu_order":0,"comment_status":"closed","ping_status":"closed","template":"","meta":{"_acf_changed":false,"footnotes":""},"class_list":["post-2578","page","type-page","status-publish","hentry"],"acf":[],"yoast_head":"<!-- This site is optimized with the Yoast SEO plugin v27.5 - https:\/\/yoast.com\/product\/yoast-seo-wordpress\/ -->\n<title>Condizioni di utilizzo e politica di tutela dei dati personali - Aiora Press<\/title>\n<meta name=\"description\" content=\"Condizioni di utilizzo e politica di tutela dei dati personali Introduzione Noi delle Edizioni Aiora rispettiamo i dati personali dei visitatori-utenti\" \/>\n<meta name=\"robots\" content=\"index, follow, max-snippet:-1, max-image-preview:large, max-video-preview:-1\" \/>\n<link rel=\"canonical\" href=\"https:\/\/www.aiorabooks.com\/terms-conditions\/\" \/>\n<meta property=\"og:locale\" content=\"it_IT\" \/>\n<meta property=\"og:type\" content=\"article\" \/>\n<meta property=\"og:title\" content=\"Condizioni di utilizzo e politica di tutela dei dati personali - Aiora Press\" \/>\n<meta property=\"og:description\" content=\"Condizioni di utilizzo e politica di tutela dei dati personali Introduzione Noi delle Edizioni Aiora rispettiamo i dati personali dei visitatori-utenti\" \/>\n<meta property=\"og:url\" content=\"https:\/\/www.aiorabooks.com\/terms-conditions\/\" \/>\n<meta property=\"og:site_name\" content=\"Aiora Press\" \/>\n<meta property=\"article:modified_time\" content=\"2021-08-06T12:47:24+00:00\" \/>\n<meta name=\"twitter:card\" content=\"summary_large_image\" \/>\n<meta name=\"twitter:label1\" content=\"Tempo di lettura stimato\" \/>\n\t<meta name=\"twitter:data1\" content=\"4 minuti\" \/>\n<script type=\"application\/ld+json\" class=\"yoast-schema-graph\">{\"@context\":\"https:\\\/\\\/schema.org\",\"@graph\":[{\"@type\":\"WebPage\",\"@id\":\"https:\\\/\\\/www.aiorabooks.com\\\/terms-conditions\\\/\",\"url\":\"https:\\\/\\\/www.aiorabooks.com\\\/terms-conditions\\\/\",\"name\":\"Condizioni di utilizzo e politica di tutela dei dati personali - Aiora Press\",\"isPartOf\":{\"@id\":\"https:\\\/\\\/www.aiorabooks.com\\\/#website\"},\"datePublished\":\"2018-07-05T10:01:48+00:00\",\"dateModified\":\"2021-08-06T12:47:24+00:00\",\"description\":\"Condizioni di utilizzo e politica di tutela dei dati personali Introduzione Noi delle Edizioni Aiora rispettiamo i dati personali dei visitatori-utenti\",\"breadcrumb\":{\"@id\":\"https:\\\/\\\/www.aiorabooks.com\\\/terms-conditions\\\/#breadcrumb\"},\"inLanguage\":\"it-IT\",\"potentialAction\":[{\"@type\":\"ReadAction\",\"target\":[\"https:\\\/\\\/www.aiorabooks.com\\\/terms-conditions\\\/\"]}]},{\"@type\":\"BreadcrumbList\",\"@id\":\"https:\\\/\\\/www.aiorabooks.com\\\/terms-conditions\\\/#breadcrumb\",\"itemListElement\":[{\"@type\":\"ListItem\",\"position\":1,\"name\":\"Home\",\"item\":\"https:\\\/\\\/www.aiorabooks.com\\\/it\\\/\"},{\"@type\":\"ListItem\",\"position\":2,\"name\":\"Condizioni di utilizzo e politica di tutela dei dati personali\"}]},{\"@type\":\"WebSite\",\"@id\":\"https:\\\/\\\/www.aiorabooks.com\\\/#website\",\"url\":\"https:\\\/\\\/www.aiorabooks.com\\\/\",\"name\":\"Aiora Press\",\"description\":\"\",\"publisher\":{\"@id\":\"https:\\\/\\\/www.aiorabooks.com\\\/#organization\"},\"potentialAction\":[{\"@type\":\"SearchAction\",\"target\":{\"@type\":\"EntryPoint\",\"urlTemplate\":\"https:\\\/\\\/www.aiorabooks.com\\\/?s={search_term_string}\"},\"query-input\":{\"@type\":\"PropertyValueSpecification\",\"valueRequired\":true,\"valueName\":\"search_term_string\"}}],\"inLanguage\":\"it-IT\"},{\"@type\":\"Organization\",\"@id\":\"https:\\\/\\\/www.aiorabooks.com\\\/#organization\",\"name\":\"Aiora Press\",\"url\":\"https:\\\/\\\/www.aiorabooks.com\\\/\",\"logo\":{\"@type\":\"ImageObject\",\"inLanguage\":\"it-IT\",\"@id\":\"https:\\\/\\\/www.aiorabooks.com\\\/#\\\/schema\\\/logo\\\/image\\\/\",\"url\":\"https:\\\/\\\/www.aiorabooks.com\\\/wp-content\\\/uploads\\\/2018\\\/05\\\/aiora_press_B.png\",\"contentUrl\":\"https:\\\/\\\/www.aiorabooks.com\\\/wp-content\\\/uploads\\\/2018\\\/05\\\/aiora_press_B.png\",\"width\":520,\"height\":216,\"caption\":\"Aiora Press\"},\"image\":{\"@id\":\"https:\\\/\\\/www.aiorabooks.com\\\/#\\\/schema\\\/logo\\\/image\\\/\"},\"sameAs\":[\"https:\\\/\\\/www.instagram.com\\\/aiorapress\\\/\"]}]}<\/script>\n<!-- \/ Yoast SEO plugin. -->","yoast_head_json":{"title":"Condizioni di utilizzo e politica di tutela dei dati personali - Aiora Press","description":"Condizioni di utilizzo e politica di tutela dei dati personali Introduzione Noi delle Edizioni Aiora rispettiamo i dati personali dei visitatori-utenti","robots":{"index":"index","follow":"follow","max-snippet":"max-snippet:-1","max-image-preview":"max-image-preview:large","max-video-preview":"max-video-preview:-1"},"canonical":"https:\/\/www.aiorabooks.com\/terms-conditions\/","og_locale":"it_IT","og_type":"article","og_title":"Condizioni di utilizzo e politica di tutela dei dati personali - Aiora Press","og_description":"Condizioni di utilizzo e politica di tutela dei dati personali Introduzione Noi delle Edizioni Aiora rispettiamo i dati personali dei visitatori-utenti","og_url":"https:\/\/www.aiorabooks.com\/terms-conditions\/","og_site_name":"Aiora Press","article_modified_time":"2021-08-06T12:47:24+00:00","twitter_card":"summary_large_image","twitter_misc":{"Tempo di lettura stimato":"4 minuti"},"schema":{"@context":"https:\/\/schema.org","@graph":[{"@type":"WebPage","@id":"https:\/\/www.aiorabooks.com\/terms-conditions\/","url":"https:\/\/www.aiorabooks.com\/terms-conditions\/","name":"Condizioni di utilizzo e politica di tutela dei dati personali - Aiora Press","isPartOf":{"@id":"https:\/\/www.aiorabooks.com\/#website"},"datePublished":"2018-07-05T10:01:48+00:00","dateModified":"2021-08-06T12:47:24+00:00","description":"Condizioni di utilizzo e politica di tutela dei dati personali Introduzione Noi delle Edizioni Aiora rispettiamo i dati personali dei visitatori-utenti","breadcrumb":{"@id":"https:\/\/www.aiorabooks.com\/terms-conditions\/#breadcrumb"},"inLanguage":"it-IT","potentialAction":[{"@type":"ReadAction","target":["https:\/\/www.aiorabooks.com\/terms-conditions\/"]}]},{"@type":"BreadcrumbList","@id":"https:\/\/www.aiorabooks.com\/terms-conditions\/#breadcrumb","itemListElement":[{"@type":"ListItem","position":1,"name":"Home","item":"https:\/\/www.aiorabooks.com\/it\/"},{"@type":"ListItem","position":2,"name":"Condizioni di utilizzo e politica di tutela dei dati personali"}]},{"@type":"WebSite","@id":"https:\/\/www.aiorabooks.com\/#website","url":"https:\/\/www.aiorabooks.com\/","name":"Aiora Press","description":"","publisher":{"@id":"https:\/\/www.aiorabooks.com\/#organization"},"potentialAction":[{"@type":"SearchAction","target":{"@type":"EntryPoint","urlTemplate":"https:\/\/www.aiorabooks.com\/?s={search_term_string}"},"query-input":{"@type":"PropertyValueSpecification","valueRequired":true,"valueName":"search_term_string"}}],"inLanguage":"it-IT"},{"@type":"Organization","@id":"https:\/\/www.aiorabooks.com\/#organization","name":"Aiora Press","url":"https:\/\/www.aiorabooks.com\/","logo":{"@type":"ImageObject","inLanguage":"it-IT","@id":"https:\/\/www.aiorabooks.com\/#\/schema\/logo\/image\/","url":"https:\/\/www.aiorabooks.com\/wp-content\/uploads\/2018\/05\/aiora_press_B.png","contentUrl":"https:\/\/www.aiorabooks.com\/wp-content\/uploads\/2018\/05\/aiora_press_B.png","width":520,"height":216,"caption":"Aiora Press"},"image":{"@id":"https:\/\/www.aiorabooks.com\/#\/schema\/logo\/image\/"},"sameAs":["https:\/\/www.instagram.com\/aiorapress\/"]}]}},"_links":{"self":[{"href":"https:\/\/www.aiorabooks.com\/it\/wp-json\/wp\/v2\/pages\/2578","targetHints":{"allow":["GET"]}}],"collection":[{"href":"https:\/\/www.aiorabooks.com\/it\/wp-json\/wp\/v2\/pages"}],"about":[{"href":"https:\/\/www.aiorabooks.com\/it\/wp-json\/wp\/v2\/types\/page"}],"author":[{"embeddable":true,"href":"https:\/\/www.aiorabooks.com\/it\/wp-json\/wp\/v2\/users\/1"}],"replies":[{"embeddable":true,"href":"https:\/\/www.aiorabooks.com\/it\/wp-json\/wp\/v2\/comments?post=2578"}],"version-history":[{"count":5,"href":"https:\/\/www.aiorabooks.com\/it\/wp-json\/wp\/v2\/pages\/2578\/revisions"}],"predecessor-version":[{"id":6501,"href":"https:\/\/www.aiorabooks.com\/it\/wp-json\/wp\/v2\/pages\/2578\/revisions\/6501"}],"wp:attachment":[{"href":"https:\/\/www.aiorabooks.com\/it\/wp-json\/wp\/v2\/media?parent=2578"}],"curies":[{"name":"wp","href":"https:\/\/api.w.org\/{rel}","templated":true}]}}