{"id":9454,"date":"2026-02-09T16:49:44","date_gmt":"2026-02-09T14:49:44","guid":{"rendered":"https:\/\/www.aiorabooks.com\/?post_type=product&#038;p=9454"},"modified":"2026-03-10T11:52:13","modified_gmt":"2026-03-10T09:52:13","slug":"theodora","status":"publish","type":"product","link":"https:\/\/www.aiorabooks.com\/fr\/product\/theodora\/","title":{"rendered":"Th\u00e9odora"},"content":{"rendered":"","protected":false},"excerpt":{"rendered":"<p>Po\u00e8me dramatique<br \/>\n<strong><span style=\"color: #33cccc;\"><a style=\"color: #33cccc;\" href=\"https:\/\/www.aiorabooks.com\/irene-papas\/\">IR\u00c8NE PAPAS<\/a><\/span><\/strong><br \/>\n<strong>Pr\u00e9sent\u00e9 et traduit par <span style=\"color: #33cccc;\"><a style=\"color: #33cccc;\" href=\"https:\/\/www.aiorabooks.com\/jacques-bouchard\/\">Jacques Bouchard<\/a><\/span><\/strong><\/p>\n<p><span style=\"color: #c90808; font-family: tahoma, arial, helvetica, sans-serif;\">\u00c9DITION BILINGUE<\/span><\/p>\n<p>Le po\u00e8me dramatique <em>Th\u00e9odora<\/em> d\u2019Ir\u00e8ne Papas met en sc\u00e8ne une figure f\u00e9minine puissante, tiraill\u00e9e entre son devoir personnel et les exigences implacables du pouvoir. L\u2019Imp\u00e9ratrice de Byzance incarne la force, la dignit\u00e9 et l\u2019amour absolu dans un monde marqu\u00e9 par la violence, l\u2019injustice et les dilemmes moraux. L\u2019\u0153uvre, au style sobre et \u00e0 la charge \u00e9motionnelle intense, s\u2019inspire de la trag\u00e9die antique. \u00c0 travers monologues et tensions dra\u00admatiques, se d\u00e9voile la lutte humaine pour la libert\u00e9, la foi et le sacrifice de soi.<\/p>\n<p><em>Theodora<\/em>, jamais publi\u00e9e jusqu\u2019\u00e0 aujourd\u2019hui, a cependant \u00e9t\u00e9 repr\u00e9sent\u00e9e par Ir\u00e8ne Papas dans plusieurs langues et divers pays.<\/p>\n<p>\u00ab\u2009&#8230; <em>le plus souvent, j\u2019\u00e9cris des po\u00e8mes seulement pour moi, lorsque je traverse des moments difficiles. Ce sont comme des larmes<\/em>.\u2009\u00bb<\/p>\n<p>Ir\u00e8ne Papas,<br \/>\ninterview\u00e9e par Roger Ebert<br \/>\npour le <em>Chicago Sun-Times<\/em>.<\/p>\n<p>&nbsp;<\/p>\n<h5><span style=\"color: #33cccc;\">\u00c9coutez le po\u00e8me r\u00e9cit\u00e9 par Ir\u00e8ne Papas\u2009:<\/span><\/h5>\n<p>https:\/\/www.aiorabooks.com\/files\/theodora.mp3<\/p>\n<p>&nbsp;<\/p>\n<p>&nbsp;<\/p>\n","protected":false},"featured_media":9506,"template":"","meta":{"_acf_changed":false},"pwb-brand":[],"product_brand":[],"product_cat":[238,246],"product_tag":[],"class_list":{"0":"post-9454","1":"product","2":"type-product","3":"status-publish","4":"has-post-thumbnail","6":"product_cat-classiques-grecs-modernes","7":"product_cat-livres","9":"first","10":"instock","11":"shipping-taxable","12":"purchasable","13":"product-type-simple"},"acf":[],"yoast_head":"<!-- This site is optimized with the Yoast SEO plugin v27.5 - https:\/\/yoast.com\/product\/yoast-seo-wordpress\/ -->\n<title>Th\u00e9odora - Aiora Press<\/title>\n<meta name=\"description\" content=\"Po\u00e8me dramatique IR\u00c8NE PAPAS Pr\u00e9sent\u00e9 et traduit par Jacques Bouchard  \u00c9DITION BILINGUE  Le po\u00e8me dramatique Th\u00e9odora d\u2019Ir\u00e8ne Papas met en sc\u00e8ne une figure f\u00e9minine puissante, tiraill\u00e9e entre son devoir personnel et les exigences implacables du pouvoir. L\u2019Imp\u00e9ratrice de Byzance incarne la force, la dignit\u00e9 et l\u2019amour absolu dans un monde marqu\u00e9 par la violence, l\u2019injustice et les dilemmes moraux. L\u2019\u0153uvre, au style sobre et \u00e0 la charge \u00e9motionnelle intense, s\u2019inspire de la trag\u00e9die antique. \u00c0 travers monologues et tensions dra\u00admatiques, se d\u00e9voile la lutte humaine pour la libert\u00e9, la foi et le sacrifice de soi.  Theodora, jamais publi\u00e9e jusqu\u2019\u00e0 aujourd\u2019hui, a cependant \u00e9t\u00e9 repr\u00e9sent\u00e9e par Ir\u00e8ne Papas dans plusieurs langues et divers pays.  \u00ab\u2009... le plus souvent, j\u2019\u00e9cris des po\u00e8mes seulement pour moi, lorsque je traverse des moments difficiles. Ce sont comme des larmes.\u2009\u00bb  Ir\u00e8ne Papas, interview\u00e9e par Roger Ebert pour le Chicago Sun-Times.  &nbsp; \u00c9coutez le po\u00e8me r\u00e9cit\u00e9 par Ir\u00e8ne Papas\u2009: https:\/\/www.aiorabooks.com\/files\/theodora.mp3  &nbsp;  &nbsp;\" \/>\n<meta name=\"robots\" content=\"index, follow, max-snippet:-1, max-image-preview:large, max-video-preview:-1\" \/>\n<link rel=\"canonical\" href=\"https:\/\/www.aiorabooks.com\/product\/theodora\/\" \/>\n<meta property=\"og:locale\" content=\"fr_FR\" \/>\n<meta property=\"og:type\" content=\"article\" \/>\n<meta property=\"og:title\" content=\"Th\u00e9odora - Aiora Press\" \/>\n<meta property=\"og:description\" content=\"Po\u00e8me dramatique IR\u00c8NE PAPAS Pr\u00e9sent\u00e9 et traduit par Jacques Bouchard  \u00c9DITION BILINGUE  Le po\u00e8me dramatique Th\u00e9odora d\u2019Ir\u00e8ne Papas met en sc\u00e8ne une figure f\u00e9minine puissante, tiraill\u00e9e entre son devoir personnel et les exigences implacables du pouvoir. L\u2019Imp\u00e9ratrice de Byzance incarne la force, la dignit\u00e9 et l\u2019amour absolu dans un monde marqu\u00e9 par la violence, l\u2019injustice et les dilemmes moraux. L\u2019\u0153uvre, au style sobre et \u00e0 la charge \u00e9motionnelle intense, s\u2019inspire de la trag\u00e9die antique. \u00c0 travers monologues et tensions dra\u00admatiques, se d\u00e9voile la lutte humaine pour la libert\u00e9, la foi et le sacrifice de soi.  Theodora, jamais publi\u00e9e jusqu\u2019\u00e0 aujourd\u2019hui, a cependant \u00e9t\u00e9 repr\u00e9sent\u00e9e par Ir\u00e8ne Papas dans plusieurs langues et divers pays.  \u00ab\u2009... le plus souvent, j\u2019\u00e9cris des po\u00e8mes seulement pour moi, lorsque je traverse des moments difficiles. Ce sont comme des larmes.\u2009\u00bb  Ir\u00e8ne Papas, interview\u00e9e par Roger Ebert pour le Chicago Sun-Times.  &nbsp; \u00c9coutez le po\u00e8me r\u00e9cit\u00e9 par Ir\u00e8ne Papas\u2009: https:\/\/www.aiorabooks.com\/files\/theodora.mp3  &nbsp;  &nbsp;\" \/>\n<meta property=\"og:url\" content=\"https:\/\/www.aiorabooks.com\/product\/theodora\/\" \/>\n<meta property=\"og:site_name\" content=\"Aiora Press\" \/>\n<meta property=\"article:modified_time\" content=\"2026-03-10T09:52:13+00:00\" \/>\n<meta property=\"og:image\" content=\"https:\/\/www.aiorabooks.com\/wp-content\/uploads\/2026\/02\/irene-papa-theodora-rgb-site.jpg\" \/>\n\t<meta property=\"og:image:width\" content=\"727\" \/>\n\t<meta property=\"og:image:height\" content=\"1138\" \/>\n\t<meta property=\"og:image:type\" content=\"image\/jpeg\" \/>\n<meta name=\"twitter:card\" content=\"summary_large_image\" \/>\n<meta name=\"twitter:label1\" content=\"Dur\u00e9e de lecture estim\u00e9e\" \/>\n\t<meta name=\"twitter:data1\" content=\"1 minute\" \/>\n<script type=\"application\/ld+json\" class=\"yoast-schema-graph\">{\"@context\":\"https:\\\/\\\/schema.org\",\"@graph\":[{\"@type\":\"WebPage\",\"@id\":\"https:\\\/\\\/www.aiorabooks.com\\\/product\\\/theodora\\\/\",\"url\":\"https:\\\/\\\/www.aiorabooks.com\\\/product\\\/theodora\\\/\",\"name\":\"Th\u00e9odora - Aiora Press\",\"isPartOf\":{\"@id\":\"https:\\\/\\\/www.aiorabooks.com\\\/#website\"},\"primaryImageOfPage\":{\"@id\":\"https:\\\/\\\/www.aiorabooks.com\\\/product\\\/theodora\\\/#primaryimage\"},\"image\":{\"@id\":\"https:\\\/\\\/www.aiorabooks.com\\\/product\\\/theodora\\\/#primaryimage\"},\"thumbnailUrl\":\"https:\\\/\\\/www.aiorabooks.com\\\/wp-content\\\/uploads\\\/2026\\\/02\\\/irene-papa-theodora-rgb-site.jpg\",\"datePublished\":\"2026-02-09T14:49:44+00:00\",\"dateModified\":\"2026-03-10T09:52:13+00:00\",\"description\":\"Po\u00e8me dramatique IR\u00c8NE PAPAS Pr\u00e9sent\u00e9 et traduit par Jacques Bouchard \u00c9DITION BILINGUE Le po\u00e8me dramatique Th\u00e9odora d\u2019Ir\u00e8ne Papas met en sc\u00e8ne une figure f\u00e9minine puissante, tiraill\u00e9e entre son devoir personnel et les exigences implacables du pouvoir. L\u2019Imp\u00e9ratrice de Byzance incarne la force, la dignit\u00e9 et l\u2019amour absolu dans un monde marqu\u00e9 par la violence, l\u2019injustice et les dilemmes moraux. L\u2019\u0153uvre, au style sobre et \u00e0 la charge \u00e9motionnelle intense, s\u2019inspire de la trag\u00e9die antique. \u00c0 travers monologues et tensions dra\u00admatiques, se d\u00e9voile la lutte humaine pour la libert\u00e9, la foi et le sacrifice de soi. Theodora, jamais publi\u00e9e jusqu\u2019\u00e0 aujourd\u2019hui, a cependant \u00e9t\u00e9 repr\u00e9sent\u00e9e par Ir\u00e8ne Papas dans plusieurs langues et divers pays. \u00ab\u2009... le plus souvent, j\u2019\u00e9cris des po\u00e8mes seulement pour moi, lorsque je traverse des moments difficiles. Ce sont comme des larmes.\u2009\u00bb Ir\u00e8ne Papas, interview\u00e9e par Roger Ebert pour le Chicago Sun-Times. &nbsp; \u00c9coutez le po\u00e8me r\u00e9cit\u00e9 par Ir\u00e8ne Papas\u2009: https:\\\/\\\/www.aiorabooks.com\\\/files\\\/theodora.mp3 &nbsp; &nbsp;\",\"breadcrumb\":{\"@id\":\"https:\\\/\\\/www.aiorabooks.com\\\/product\\\/theodora\\\/#breadcrumb\"},\"inLanguage\":\"fr-FR\",\"potentialAction\":[{\"@type\":\"ReadAction\",\"target\":[\"https:\\\/\\\/www.aiorabooks.com\\\/product\\\/theodora\\\/\"]}]},{\"@type\":\"ImageObject\",\"inLanguage\":\"fr-FR\",\"@id\":\"https:\\\/\\\/www.aiorabooks.com\\\/product\\\/theodora\\\/#primaryimage\",\"url\":\"https:\\\/\\\/www.aiorabooks.com\\\/wp-content\\\/uploads\\\/2026\\\/02\\\/irene-papa-theodora-rgb-site.jpg\",\"contentUrl\":\"https:\\\/\\\/www.aiorabooks.com\\\/wp-content\\\/uploads\\\/2026\\\/02\\\/irene-papa-theodora-rgb-site.jpg\",\"width\":727,\"height\":1138,\"caption\":\"Irene Papas, Th\u00e9odora, couverture de livre\"},{\"@type\":\"BreadcrumbList\",\"@id\":\"https:\\\/\\\/www.aiorabooks.com\\\/product\\\/theodora\\\/#breadcrumb\",\"itemListElement\":[{\"@type\":\"ListItem\",\"position\":1,\"name\":\"Home\",\"item\":\"https:\\\/\\\/www.aiorabooks.com\\\/fr\\\/\"},{\"@type\":\"ListItem\",\"position\":2,\"name\":\"Products\",\"item\":\"https:\\\/\\\/www.aiorabooks.com\\\/shop\\\/\"},{\"@type\":\"ListItem\",\"position\":3,\"name\":\"Th\u00e9odora\"}]},{\"@type\":\"WebSite\",\"@id\":\"https:\\\/\\\/www.aiorabooks.com\\\/#website\",\"url\":\"https:\\\/\\\/www.aiorabooks.com\\\/\",\"name\":\"Aiora Press\",\"description\":\"\",\"publisher\":{\"@id\":\"https:\\\/\\\/www.aiorabooks.com\\\/#organization\"},\"potentialAction\":[{\"@type\":\"SearchAction\",\"target\":{\"@type\":\"EntryPoint\",\"urlTemplate\":\"https:\\\/\\\/www.aiorabooks.com\\\/?s={search_term_string}\"},\"query-input\":{\"@type\":\"PropertyValueSpecification\",\"valueRequired\":true,\"valueName\":\"search_term_string\"}}],\"inLanguage\":\"fr-FR\"},{\"@type\":\"Organization\",\"@id\":\"https:\\\/\\\/www.aiorabooks.com\\\/#organization\",\"name\":\"Aiora Press\",\"url\":\"https:\\\/\\\/www.aiorabooks.com\\\/\",\"logo\":{\"@type\":\"ImageObject\",\"inLanguage\":\"fr-FR\",\"@id\":\"https:\\\/\\\/www.aiorabooks.com\\\/#\\\/schema\\\/logo\\\/image\\\/\",\"url\":\"https:\\\/\\\/www.aiorabooks.com\\\/wp-content\\\/uploads\\\/2018\\\/05\\\/aiora_press_B.png\",\"contentUrl\":\"https:\\\/\\\/www.aiorabooks.com\\\/wp-content\\\/uploads\\\/2018\\\/05\\\/aiora_press_B.png\",\"width\":520,\"height\":216,\"caption\":\"Aiora Press\"},\"image\":{\"@id\":\"https:\\\/\\\/www.aiorabooks.com\\\/#\\\/schema\\\/logo\\\/image\\\/\"},\"sameAs\":[\"https:\\\/\\\/www.instagram.com\\\/aiorapress\\\/\"]}]}<\/script>\n<!-- \/ Yoast SEO plugin. -->","yoast_head_json":{"title":"Th\u00e9odora - Aiora Press","description":"Po\u00e8me dramatique IR\u00c8NE PAPAS Pr\u00e9sent\u00e9 et traduit par Jacques Bouchard  \u00c9DITION BILINGUE  Le po\u00e8me dramatique Th\u00e9odora d\u2019Ir\u00e8ne Papas met en sc\u00e8ne une figure f\u00e9minine puissante, tiraill\u00e9e entre son devoir personnel et les exigences implacables du pouvoir. L\u2019Imp\u00e9ratrice de Byzance incarne la force, la dignit\u00e9 et l\u2019amour absolu dans un monde marqu\u00e9 par la violence, l\u2019injustice et les dilemmes moraux. L\u2019\u0153uvre, au style sobre et \u00e0 la charge \u00e9motionnelle intense, s\u2019inspire de la trag\u00e9die antique. \u00c0 travers monologues et tensions dra\u00admatiques, se d\u00e9voile la lutte humaine pour la libert\u00e9, la foi et le sacrifice de soi.  Theodora, jamais publi\u00e9e jusqu\u2019\u00e0 aujourd\u2019hui, a cependant \u00e9t\u00e9 repr\u00e9sent\u00e9e par Ir\u00e8ne Papas dans plusieurs langues et divers pays.  \u00ab\u2009... le plus souvent, j\u2019\u00e9cris des po\u00e8mes seulement pour moi, lorsque je traverse des moments difficiles. Ce sont comme des larmes.\u2009\u00bb  Ir\u00e8ne Papas, interview\u00e9e par Roger Ebert pour le Chicago Sun-Times.  &nbsp; \u00c9coutez le po\u00e8me r\u00e9cit\u00e9 par Ir\u00e8ne Papas\u2009: https:\/\/www.aiorabooks.com\/files\/theodora.mp3  &nbsp;  &nbsp;","robots":{"index":"index","follow":"follow","max-snippet":"max-snippet:-1","max-image-preview":"max-image-preview:large","max-video-preview":"max-video-preview:-1"},"canonical":"https:\/\/www.aiorabooks.com\/product\/theodora\/","og_locale":"fr_FR","og_type":"article","og_title":"Th\u00e9odora - Aiora Press","og_description":"Po\u00e8me dramatique IR\u00c8NE PAPAS Pr\u00e9sent\u00e9 et traduit par Jacques Bouchard  \u00c9DITION BILINGUE  Le po\u00e8me dramatique Th\u00e9odora d\u2019Ir\u00e8ne Papas met en sc\u00e8ne une figure f\u00e9minine puissante, tiraill\u00e9e entre son devoir personnel et les exigences implacables du pouvoir. L\u2019Imp\u00e9ratrice de Byzance incarne la force, la dignit\u00e9 et l\u2019amour absolu dans un monde marqu\u00e9 par la violence, l\u2019injustice et les dilemmes moraux. L\u2019\u0153uvre, au style sobre et \u00e0 la charge \u00e9motionnelle intense, s\u2019inspire de la trag\u00e9die antique. \u00c0 travers monologues et tensions dra\u00admatiques, se d\u00e9voile la lutte humaine pour la libert\u00e9, la foi et le sacrifice de soi.  Theodora, jamais publi\u00e9e jusqu\u2019\u00e0 aujourd\u2019hui, a cependant \u00e9t\u00e9 repr\u00e9sent\u00e9e par Ir\u00e8ne Papas dans plusieurs langues et divers pays.  \u00ab\u2009... le plus souvent, j\u2019\u00e9cris des po\u00e8mes seulement pour moi, lorsque je traverse des moments difficiles. Ce sont comme des larmes.\u2009\u00bb  Ir\u00e8ne Papas, interview\u00e9e par Roger Ebert pour le Chicago Sun-Times.  &nbsp; \u00c9coutez le po\u00e8me r\u00e9cit\u00e9 par Ir\u00e8ne Papas\u2009: https:\/\/www.aiorabooks.com\/files\/theodora.mp3  &nbsp;  &nbsp;","og_url":"https:\/\/www.aiorabooks.com\/product\/theodora\/","og_site_name":"Aiora Press","article_modified_time":"2026-03-10T09:52:13+00:00","og_image":[{"width":727,"height":1138,"url":"https:\/\/www.aiorabooks.com\/wp-content\/uploads\/2026\/02\/irene-papa-theodora-rgb-site.jpg","type":"image\/jpeg"}],"twitter_card":"summary_large_image","twitter_misc":{"Dur\u00e9e de lecture estim\u00e9e":"1 minute"},"schema":{"@context":"https:\/\/schema.org","@graph":[{"@type":"WebPage","@id":"https:\/\/www.aiorabooks.com\/product\/theodora\/","url":"https:\/\/www.aiorabooks.com\/product\/theodora\/","name":"Th\u00e9odora - Aiora Press","isPartOf":{"@id":"https:\/\/www.aiorabooks.com\/#website"},"primaryImageOfPage":{"@id":"https:\/\/www.aiorabooks.com\/product\/theodora\/#primaryimage"},"image":{"@id":"https:\/\/www.aiorabooks.com\/product\/theodora\/#primaryimage"},"thumbnailUrl":"https:\/\/www.aiorabooks.com\/wp-content\/uploads\/2026\/02\/irene-papa-theodora-rgb-site.jpg","datePublished":"2026-02-09T14:49:44+00:00","dateModified":"2026-03-10T09:52:13+00:00","description":"Po\u00e8me dramatique IR\u00c8NE PAPAS Pr\u00e9sent\u00e9 et traduit par Jacques Bouchard \u00c9DITION BILINGUE Le po\u00e8me dramatique Th\u00e9odora d\u2019Ir\u00e8ne Papas met en sc\u00e8ne une figure f\u00e9minine puissante, tiraill\u00e9e entre son devoir personnel et les exigences implacables du pouvoir. L\u2019Imp\u00e9ratrice de Byzance incarne la force, la dignit\u00e9 et l\u2019amour absolu dans un monde marqu\u00e9 par la violence, l\u2019injustice et les dilemmes moraux. L\u2019\u0153uvre, au style sobre et \u00e0 la charge \u00e9motionnelle intense, s\u2019inspire de la trag\u00e9die antique. \u00c0 travers monologues et tensions dra\u00admatiques, se d\u00e9voile la lutte humaine pour la libert\u00e9, la foi et le sacrifice de soi. Theodora, jamais publi\u00e9e jusqu\u2019\u00e0 aujourd\u2019hui, a cependant \u00e9t\u00e9 repr\u00e9sent\u00e9e par Ir\u00e8ne Papas dans plusieurs langues et divers pays. \u00ab\u2009... le plus souvent, j\u2019\u00e9cris des po\u00e8mes seulement pour moi, lorsque je traverse des moments difficiles. Ce sont comme des larmes.\u2009\u00bb Ir\u00e8ne Papas, interview\u00e9e par Roger Ebert pour le Chicago Sun-Times. &nbsp; \u00c9coutez le po\u00e8me r\u00e9cit\u00e9 par Ir\u00e8ne Papas\u2009: https:\/\/www.aiorabooks.com\/files\/theodora.mp3 &nbsp; &nbsp;","breadcrumb":{"@id":"https:\/\/www.aiorabooks.com\/product\/theodora\/#breadcrumb"},"inLanguage":"fr-FR","potentialAction":[{"@type":"ReadAction","target":["https:\/\/www.aiorabooks.com\/product\/theodora\/"]}]},{"@type":"ImageObject","inLanguage":"fr-FR","@id":"https:\/\/www.aiorabooks.com\/product\/theodora\/#primaryimage","url":"https:\/\/www.aiorabooks.com\/wp-content\/uploads\/2026\/02\/irene-papa-theodora-rgb-site.jpg","contentUrl":"https:\/\/www.aiorabooks.com\/wp-content\/uploads\/2026\/02\/irene-papa-theodora-rgb-site.jpg","width":727,"height":1138,"caption":"Irene Papas, Th\u00e9odora, couverture de livre"},{"@type":"BreadcrumbList","@id":"https:\/\/www.aiorabooks.com\/product\/theodora\/#breadcrumb","itemListElement":[{"@type":"ListItem","position":1,"name":"Home","item":"https:\/\/www.aiorabooks.com\/fr\/"},{"@type":"ListItem","position":2,"name":"Products","item":"https:\/\/www.aiorabooks.com\/shop\/"},{"@type":"ListItem","position":3,"name":"Th\u00e9odora"}]},{"@type":"WebSite","@id":"https:\/\/www.aiorabooks.com\/#website","url":"https:\/\/www.aiorabooks.com\/","name":"Aiora Press","description":"","publisher":{"@id":"https:\/\/www.aiorabooks.com\/#organization"},"potentialAction":[{"@type":"SearchAction","target":{"@type":"EntryPoint","urlTemplate":"https:\/\/www.aiorabooks.com\/?s={search_term_string}"},"query-input":{"@type":"PropertyValueSpecification","valueRequired":true,"valueName":"search_term_string"}}],"inLanguage":"fr-FR"},{"@type":"Organization","@id":"https:\/\/www.aiorabooks.com\/#organization","name":"Aiora Press","url":"https:\/\/www.aiorabooks.com\/","logo":{"@type":"ImageObject","inLanguage":"fr-FR","@id":"https:\/\/www.aiorabooks.com\/#\/schema\/logo\/image\/","url":"https:\/\/www.aiorabooks.com\/wp-content\/uploads\/2018\/05\/aiora_press_B.png","contentUrl":"https:\/\/www.aiorabooks.com\/wp-content\/uploads\/2018\/05\/aiora_press_B.png","width":520,"height":216,"caption":"Aiora Press"},"image":{"@id":"https:\/\/www.aiorabooks.com\/#\/schema\/logo\/image\/"},"sameAs":["https:\/\/www.instagram.com\/aiorapress\/"]}]}},"brands":[],"_links":{"self":[{"href":"https:\/\/www.aiorabooks.com\/fr\/wp-json\/wp\/v2\/product\/9454","targetHints":{"allow":["GET"]}}],"collection":[{"href":"https:\/\/www.aiorabooks.com\/fr\/wp-json\/wp\/v2\/product"}],"about":[{"href":"https:\/\/www.aiorabooks.com\/fr\/wp-json\/wp\/v2\/types\/product"}],"wp:featuredmedia":[{"embeddable":true,"href":"https:\/\/www.aiorabooks.com\/fr\/wp-json\/wp\/v2\/media\/9506"}],"wp:attachment":[{"href":"https:\/\/www.aiorabooks.com\/fr\/wp-json\/wp\/v2\/media?parent=9454"}],"wp:term":[{"taxonomy":"pwb-brand","embeddable":true,"href":"https:\/\/www.aiorabooks.com\/fr\/wp-json\/wp\/v2\/pwb-brand?post=9454"},{"taxonomy":"product_brand","embeddable":true,"href":"https:\/\/www.aiorabooks.com\/fr\/wp-json\/wp\/v2\/product_brand?post=9454"},{"taxonomy":"product_cat","embeddable":true,"href":"https:\/\/www.aiorabooks.com\/fr\/wp-json\/wp\/v2\/product_cat?post=9454"},{"taxonomy":"product_tag","embeddable":true,"href":"https:\/\/www.aiorabooks.com\/fr\/wp-json\/wp\/v2\/product_tag?post=9454"}],"curies":[{"name":"wp","href":"https:\/\/api.w.org\/{rel}","templated":true}]}}