{"id":9417,"date":"2026-01-12T14:21:38","date_gmt":"2026-01-12T12:21:38","guid":{"rendered":"https:\/\/www.aiorabooks.com\/?post_type=product&#038;p=9417"},"modified":"2026-02-20T15:49:30","modified_gmt":"2026-02-20T13:49:30","slug":"les-mythes-derriere-les-mots","status":"publish","type":"product","link":"https:\/\/www.aiorabooks.com\/fr\/product\/les-mythes-derriere-les-mots\/","title":{"rendered":"Les Mythes derri\u00e8re les mots"},"content":{"rendered":"<div id=\"attachment_9419\" style=\"width: 810px\" class=\"wp-caption alignleft\"><img loading=\"lazy\" decoding=\"async\" aria-describedby=\"caption-attachment-9419\" class=\"wp-image-9419\" src=\"https:\/\/www.aiorabooks.com\/wp-content\/uploads\/2026\/01\/mythes-01-300x211.png\" alt=\"Les Mythes derri\u00e8re les mots, Fil d\u2019Ariane &amp; Atlas\" width=\"800\" height=\"564\" srcset=\"https:\/\/www.aiorabooks.com\/wp-content\/uploads\/2026\/01\/mythes-01-300x211.png 300w, https:\/\/www.aiorabooks.com\/wp-content\/uploads\/2026\/01\/mythes-01-150x106.png 150w, https:\/\/www.aiorabooks.com\/wp-content\/uploads\/2026\/01\/mythes-01-768x541.png 768w, https:\/\/www.aiorabooks.com\/wp-content\/uploads\/2026\/01\/mythes-01-1024x722.png 1024w, https:\/\/www.aiorabooks.com\/wp-content\/uploads\/2026\/01\/mythes-01.png 1064w, https:\/\/www.aiorabooks.com\/wp-content\/uploads\/2026\/01\/mythes-01-600x423.png 600w\" sizes=\"auto, (max-width: 800px) 100vw, 800px\" \/><p id=\"caption-attachment-9419\" class=\"wp-caption-text\">Les Mythes derri\u00e8re les mots, Fil d\u2019Ariane &amp; Atlas<\/p><\/div>\n<div id=\"attachment_9420\" style=\"width: 809px\" class=\"wp-caption alignleft\"><img loading=\"lazy\" decoding=\"async\" aria-describedby=\"caption-attachment-9420\" class=\"wp-image-9420\" src=\"https:\/\/www.aiorabooks.com\/wp-content\/uploads\/2026\/01\/mythes-02-300x209.png\" alt=\"Les Mythes derri\u00e8re les mots, Cerb\u00e8re\" width=\"799\" height=\"557\" srcset=\"https:\/\/www.aiorabooks.com\/wp-content\/uploads\/2026\/01\/mythes-02-300x209.png 300w, https:\/\/www.aiorabooks.com\/wp-content\/uploads\/2026\/01\/mythes-02-150x105.png 150w, https:\/\/www.aiorabooks.com\/wp-content\/uploads\/2026\/01\/mythes-02-768x535.png 768w, https:\/\/www.aiorabooks.com\/wp-content\/uploads\/2026\/01\/mythes-02-1024x713.png 1024w, https:\/\/www.aiorabooks.com\/wp-content\/uploads\/2026\/01\/mythes-02.png 1052w, https:\/\/www.aiorabooks.com\/wp-content\/uploads\/2026\/01\/mythes-02-600x418.png 600w\" sizes=\"auto, (max-width: 799px) 100vw, 799px\" \/><p id=\"caption-attachment-9420\" class=\"wp-caption-text\">Les Mythes derri\u00e8re les mots, Cerb\u00e8re<\/p><\/div>\n","protected":false},"excerpt":{"rendered":"<p>MOTS ET EXPRESSIONS DE LA LANGUE FRAN\u00c7AISE EMPRUNT\u00c9S \u00c0 LA MYTHOLOGIE GRECQUE<br \/>\nPr\u00e9sent\u00e9 par <span style=\"color: #33cccc;\"><strong>Jacqueline Bouchet<\/strong><\/span><\/p>\n<p>Du <em>fil d\u2019Ariane<\/em> \u00e0 <em>la bo\u00eete de Pandore<\/em>, des bras de <em>Morph\u00e9e<\/em> au <em>talon d\u2019Achille<\/em>, de la <em>m\u00e9g\u00e8re<\/em> au <em>cerb\u00e8re<\/em>, du <em>mentor<\/em> \u00e0 la <em>muse<\/em>, quel <em>d\u00e9dale<\/em>, dans notre langue, de mots et d\u2019expressions emprunt\u00e9s aux mythes de la Gr\u00e8ce antique\u00a0!<\/p>\n<p>Ce livre vous propose d\u2019en r\u00e9capituler une centaine, de les \u00e9lucider en retrouvant pour chaque terme sa filiation et l\u2019histoire, emprunt\u00e9e aux r\u00e9\u00adcits d\u2019Hom\u00e8re, d\u2019H\u00e9siode ou de leurs successeurs, qui continue \u00e0 infuser en lui. Chaque entr\u00e9e, selon l\u2019ordre alphab\u00e9tique, vous introduira \u00e0 la connaissance d\u2019une figure de la mythologie, monstre, dieu ou h\u00e9ros, et \u00e0 la d\u00e9couverte de certains aspects de ses aventures.<\/p>\n<p>Des extraits traduits de l\u2019<em>Iliade<\/em> et de l\u2019<em>Odys\u00ads\u00e9e<\/em> d\u2019Hom\u00e8re, de la <em>Th\u00e9ogonie<\/em> d\u2019H\u00e9siode et des <em>Argonautiques<\/em> d\u2019Apollonios de Rhodes viendront parfois donner une vie particuli\u00e8re \u00e0 certains r\u00e9cits tandis que des reproductions originales de motifs peints sur les vases grecs en enrichiront d\u2019autres, s\u2019en faisant\u2026 l\u2019\u00e9cho.<\/p>\n<p><em>Les souvenirs mythologiques ne sont jamais tr\u00e8s loin <\/em><br \/>\n<em>de l\u2019\u00e9volution du vocabulaire, m\u00eame quand nous croyons <\/em><br \/>\n<em>ne plus les conna\u00eetre et ne plus y penser.<br \/>\n<\/em>\u2015 Jacqueline de Romilly<br \/>\nDans le jardin des mots<\/p>\n","protected":false},"featured_media":9418,"template":"","meta":{"_acf_changed":false},"pwb-brand":[],"product_brand":[],"product_cat":[246,982],"product_tag":[1734,1732,1731,1733,1730],"class_list":{"0":"post-9417","1":"product","2":"type-product","3":"status-publish","4":"has-post-thumbnail","6":"product_cat-livres","7":"product_cat-petite-bibliotheque-grecque","8":"product_tag-histoire","9":"product_tag-langage","10":"product_tag-langue","11":"product_tag-linguistique","12":"product_tag-mythologie","14":"first","15":"instock","16":"shipping-taxable","17":"purchasable","18":"product-type-simple"},"acf":[],"yoast_head":"<!-- This site is optimized with the Yoast SEO plugin v27.4 - https:\/\/yoast.com\/product\/yoast-seo-wordpress\/ -->\n<title>Les Mythes derri\u00e8re les mots - Aiora Press<\/title>\n<meta name=\"description\" content=\"MOTS ET EXPRESSIONS DE LA LANGUE FRAN\u00c7AISE EMPRUNT\u00c9S \u00c0 LA MYTHOLOGIE GRECQUE Pr\u00e9sent\u00e9 par Jacqueline Bouchet  Du fil d\u2019Ariane \u00e0 la bo\u00eete de Pandore, des bras de Morph\u00e9e au talon d\u2019Achille, de la m\u00e9g\u00e8re au cerb\u00e8re, du mentor \u00e0 la muse, quel d\u00e9dale, dans notre langue, de mots et d\u2019expressions emprunt\u00e9s aux mythes de la Gr\u00e8ce antique\u00a0!  Ce livre vous propose d\u2019en r\u00e9capituler une centaine, de les \u00e9lucider en retrouvant pour chaque terme sa filiation et l\u2019histoire, emprunt\u00e9e aux r\u00e9\u00adcits d\u2019Hom\u00e8re, d\u2019H\u00e9siode ou de leurs successeurs, qui continue \u00e0 infuser en lui. Chaque entr\u00e9e, selon l\u2019ordre alphab\u00e9tique, vous introduira \u00e0 la connaissance d\u2019une figure de la mythologie, monstre, dieu ou h\u00e9ros, et \u00e0 la d\u00e9couverte de certains aspects de ses aventures.  Des extraits traduits de l\u2019Iliade et de l\u2019Odys\u00ads\u00e9e d\u2019Hom\u00e8re, de la Th\u00e9ogonie d\u2019H\u00e9siode et des Argonautiques d\u2019Apollonios de Rhodes viendront parfois donner une vie particuli\u00e8re \u00e0 certains r\u00e9cits tandis que des reproductions originales de motifs peints sur les vases grecs en enrichiront d\u2019autres, s\u2019en faisant\u2026 l\u2019\u00e9cho.  Les souvenirs mythologiques ne sont jamais tr\u00e8s loin  de l\u2019\u00e9volution du vocabulaire, m\u00eame quand nous croyons  ne plus les conna\u00eetre et ne plus y penser. \u2015 Jacqueline de Romilly Dans le jardin des mots\" \/>\n<meta name=\"robots\" content=\"index, follow, max-snippet:-1, max-image-preview:large, max-video-preview:-1\" \/>\n<link rel=\"canonical\" href=\"https:\/\/www.aiorabooks.com\/product\/les-mythes-derriere-les-mots\/\" \/>\n<meta property=\"og:locale\" content=\"fr_FR\" \/>\n<meta property=\"og:type\" content=\"article\" \/>\n<meta property=\"og:title\" content=\"Les Mythes derri\u00e8re les mots - Aiora Press\" \/>\n<meta property=\"og:description\" content=\"MOTS ET EXPRESSIONS DE LA LANGUE FRAN\u00c7AISE EMPRUNT\u00c9S \u00c0 LA MYTHOLOGIE GRECQUE Pr\u00e9sent\u00e9 par Jacqueline Bouchet  Du fil d\u2019Ariane \u00e0 la bo\u00eete de Pandore, des bras de Morph\u00e9e au talon d\u2019Achille, de la m\u00e9g\u00e8re au cerb\u00e8re, du mentor \u00e0 la muse, quel d\u00e9dale, dans notre langue, de mots et d\u2019expressions emprunt\u00e9s aux mythes de la Gr\u00e8ce antique\u00a0!  Ce livre vous propose d\u2019en r\u00e9capituler une centaine, de les \u00e9lucider en retrouvant pour chaque terme sa filiation et l\u2019histoire, emprunt\u00e9e aux r\u00e9\u00adcits d\u2019Hom\u00e8re, d\u2019H\u00e9siode ou de leurs successeurs, qui continue \u00e0 infuser en lui. Chaque entr\u00e9e, selon l\u2019ordre alphab\u00e9tique, vous introduira \u00e0 la connaissance d\u2019une figure de la mythologie, monstre, dieu ou h\u00e9ros, et \u00e0 la d\u00e9couverte de certains aspects de ses aventures.  Des extraits traduits de l\u2019Iliade et de l\u2019Odys\u00ads\u00e9e d\u2019Hom\u00e8re, de la Th\u00e9ogonie d\u2019H\u00e9siode et des Argonautiques d\u2019Apollonios de Rhodes viendront parfois donner une vie particuli\u00e8re \u00e0 certains r\u00e9cits tandis que des reproductions originales de motifs peints sur les vases grecs en enrichiront d\u2019autres, s\u2019en faisant\u2026 l\u2019\u00e9cho.  Les souvenirs mythologiques ne sont jamais tr\u00e8s loin  de l\u2019\u00e9volution du vocabulaire, m\u00eame quand nous croyons  ne plus les conna\u00eetre et ne plus y penser. \u2015 Jacqueline de Romilly Dans le jardin des mots\" \/>\n<meta property=\"og:url\" content=\"https:\/\/www.aiorabooks.com\/product\/les-mythes-derriere-les-mots\/\" \/>\n<meta property=\"og:site_name\" content=\"Aiora Press\" \/>\n<meta property=\"article:modified_time\" content=\"2026-02-20T13:49:30+00:00\" \/>\n<meta property=\"og:image\" content=\"https:\/\/www.aiorabooks.com\/wp-content\/uploads\/2026\/01\/myths-fr-rgb-site.jpg\" \/>\n\t<meta property=\"og:image:width\" content=\"405\" \/>\n\t<meta property=\"og:image:height\" content=\"551\" \/>\n\t<meta property=\"og:image:type\" content=\"image\/jpeg\" \/>\n<meta name=\"twitter:card\" content=\"summary_large_image\" \/>\n<meta name=\"twitter:label1\" content=\"Dur\u00e9e de lecture estim\u00e9e\" \/>\n\t<meta name=\"twitter:data1\" content=\"1 minute\" \/>\n<script type=\"application\/ld+json\" class=\"yoast-schema-graph\">{\"@context\":\"https:\\\/\\\/schema.org\",\"@graph\":[{\"@type\":\"WebPage\",\"@id\":\"https:\\\/\\\/www.aiorabooks.com\\\/product\\\/les-mythes-derriere-les-mots\\\/\",\"url\":\"https:\\\/\\\/www.aiorabooks.com\\\/product\\\/les-mythes-derriere-les-mots\\\/\",\"name\":\"Les Mythes derri\u00e8re les mots - Aiora Press\",\"isPartOf\":{\"@id\":\"https:\\\/\\\/www.aiorabooks.com\\\/#website\"},\"primaryImageOfPage\":{\"@id\":\"https:\\\/\\\/www.aiorabooks.com\\\/product\\\/les-mythes-derriere-les-mots\\\/#primaryimage\"},\"image\":{\"@id\":\"https:\\\/\\\/www.aiorabooks.com\\\/product\\\/les-mythes-derriere-les-mots\\\/#primaryimage\"},\"thumbnailUrl\":\"https:\\\/\\\/www.aiorabooks.com\\\/wp-content\\\/uploads\\\/2026\\\/01\\\/myths-fr-rgb-site.jpg\",\"datePublished\":\"2026-01-12T12:21:38+00:00\",\"dateModified\":\"2026-02-20T13:49:30+00:00\",\"description\":\"MOTS ET EXPRESSIONS DE LA LANGUE FRAN\u00c7AISE EMPRUNT\u00c9S \u00c0 LA MYTHOLOGIE GRECQUE Pr\u00e9sent\u00e9 par Jacqueline Bouchet Du fil d\u2019Ariane \u00e0 la bo\u00eete de Pandore, des bras de Morph\u00e9e au talon d\u2019Achille, de la m\u00e9g\u00e8re au cerb\u00e8re, du mentor \u00e0 la muse, quel d\u00e9dale, dans notre langue, de mots et d\u2019expressions emprunt\u00e9s aux mythes de la Gr\u00e8ce antique\u00a0! Ce livre vous propose d\u2019en r\u00e9capituler une centaine, de les \u00e9lucider en retrouvant pour chaque terme sa filiation et l\u2019histoire, emprunt\u00e9e aux r\u00e9\u00adcits d\u2019Hom\u00e8re, d\u2019H\u00e9siode ou de leurs successeurs, qui continue \u00e0 infuser en lui. Chaque entr\u00e9e, selon l\u2019ordre alphab\u00e9tique, vous introduira \u00e0 la connaissance d\u2019une figure de la mythologie, monstre, dieu ou h\u00e9ros, et \u00e0 la d\u00e9couverte de certains aspects de ses aventures. Des extraits traduits de l\u2019Iliade et de l\u2019Odys\u00ads\u00e9e d\u2019Hom\u00e8re, de la Th\u00e9ogonie d\u2019H\u00e9siode et des Argonautiques d\u2019Apollonios de Rhodes viendront parfois donner une vie particuli\u00e8re \u00e0 certains r\u00e9cits tandis que des reproductions originales de motifs peints sur les vases grecs en enrichiront d\u2019autres, s\u2019en faisant\u2026 l\u2019\u00e9cho. Les souvenirs mythologiques ne sont jamais tr\u00e8s loin de l\u2019\u00e9volution du vocabulaire, m\u00eame quand nous croyons ne plus les conna\u00eetre et ne plus y penser. \u2015 Jacqueline de Romilly Dans le jardin des mots\",\"breadcrumb\":{\"@id\":\"https:\\\/\\\/www.aiorabooks.com\\\/product\\\/les-mythes-derriere-les-mots\\\/#breadcrumb\"},\"inLanguage\":\"fr-FR\",\"potentialAction\":[{\"@type\":\"ReadAction\",\"target\":[\"https:\\\/\\\/www.aiorabooks.com\\\/product\\\/les-mythes-derriere-les-mots\\\/\"]}]},{\"@type\":\"ImageObject\",\"inLanguage\":\"fr-FR\",\"@id\":\"https:\\\/\\\/www.aiorabooks.com\\\/product\\\/les-mythes-derriere-les-mots\\\/#primaryimage\",\"url\":\"https:\\\/\\\/www.aiorabooks.com\\\/wp-content\\\/uploads\\\/2026\\\/01\\\/myths-fr-rgb-site.jpg\",\"contentUrl\":\"https:\\\/\\\/www.aiorabooks.com\\\/wp-content\\\/uploads\\\/2026\\\/01\\\/myths-fr-rgb-site.jpg\",\"width\":405,\"height\":551,\"caption\":\"Les Mythes derri\u00e8re les mots\"},{\"@type\":\"BreadcrumbList\",\"@id\":\"https:\\\/\\\/www.aiorabooks.com\\\/product\\\/les-mythes-derriere-les-mots\\\/#breadcrumb\",\"itemListElement\":[{\"@type\":\"ListItem\",\"position\":1,\"name\":\"Home\",\"item\":\"https:\\\/\\\/www.aiorabooks.com\\\/fr\\\/\"},{\"@type\":\"ListItem\",\"position\":2,\"name\":\"Products\",\"item\":\"https:\\\/\\\/www.aiorabooks.com\\\/shop\\\/\"},{\"@type\":\"ListItem\",\"position\":3,\"name\":\"Les Mythes derri\u00e8re les mots\"}]},{\"@type\":\"WebSite\",\"@id\":\"https:\\\/\\\/www.aiorabooks.com\\\/#website\",\"url\":\"https:\\\/\\\/www.aiorabooks.com\\\/\",\"name\":\"Aiora Press\",\"description\":\"\",\"publisher\":{\"@id\":\"https:\\\/\\\/www.aiorabooks.com\\\/#organization\"},\"potentialAction\":[{\"@type\":\"SearchAction\",\"target\":{\"@type\":\"EntryPoint\",\"urlTemplate\":\"https:\\\/\\\/www.aiorabooks.com\\\/?s={search_term_string}\"},\"query-input\":{\"@type\":\"PropertyValueSpecification\",\"valueRequired\":true,\"valueName\":\"search_term_string\"}}],\"inLanguage\":\"fr-FR\"},{\"@type\":\"Organization\",\"@id\":\"https:\\\/\\\/www.aiorabooks.com\\\/#organization\",\"name\":\"Aiora Press\",\"url\":\"https:\\\/\\\/www.aiorabooks.com\\\/\",\"logo\":{\"@type\":\"ImageObject\",\"inLanguage\":\"fr-FR\",\"@id\":\"https:\\\/\\\/www.aiorabooks.com\\\/#\\\/schema\\\/logo\\\/image\\\/\",\"url\":\"https:\\\/\\\/www.aiorabooks.com\\\/wp-content\\\/uploads\\\/2018\\\/05\\\/aiora_press_B.png\",\"contentUrl\":\"https:\\\/\\\/www.aiorabooks.com\\\/wp-content\\\/uploads\\\/2018\\\/05\\\/aiora_press_B.png\",\"width\":520,\"height\":216,\"caption\":\"Aiora Press\"},\"image\":{\"@id\":\"https:\\\/\\\/www.aiorabooks.com\\\/#\\\/schema\\\/logo\\\/image\\\/\"},\"sameAs\":[\"https:\\\/\\\/www.instagram.com\\\/aiorapress\\\/\"]}]}<\/script>\n<!-- \/ Yoast SEO plugin. -->","yoast_head_json":{"title":"Les Mythes derri\u00e8re les mots - Aiora Press","description":"MOTS ET EXPRESSIONS DE LA LANGUE FRAN\u00c7AISE EMPRUNT\u00c9S \u00c0 LA MYTHOLOGIE GRECQUE Pr\u00e9sent\u00e9 par Jacqueline Bouchet  Du fil d\u2019Ariane \u00e0 la bo\u00eete de Pandore, des bras de Morph\u00e9e au talon d\u2019Achille, de la m\u00e9g\u00e8re au cerb\u00e8re, du mentor \u00e0 la muse, quel d\u00e9dale, dans notre langue, de mots et d\u2019expressions emprunt\u00e9s aux mythes de la Gr\u00e8ce antique\u00a0!  Ce livre vous propose d\u2019en r\u00e9capituler une centaine, de les \u00e9lucider en retrouvant pour chaque terme sa filiation et l\u2019histoire, emprunt\u00e9e aux r\u00e9\u00adcits d\u2019Hom\u00e8re, d\u2019H\u00e9siode ou de leurs successeurs, qui continue \u00e0 infuser en lui. Chaque entr\u00e9e, selon l\u2019ordre alphab\u00e9tique, vous introduira \u00e0 la connaissance d\u2019une figure de la mythologie, monstre, dieu ou h\u00e9ros, et \u00e0 la d\u00e9couverte de certains aspects de ses aventures.  Des extraits traduits de l\u2019Iliade et de l\u2019Odys\u00ads\u00e9e d\u2019Hom\u00e8re, de la Th\u00e9ogonie d\u2019H\u00e9siode et des Argonautiques d\u2019Apollonios de Rhodes viendront parfois donner une vie particuli\u00e8re \u00e0 certains r\u00e9cits tandis que des reproductions originales de motifs peints sur les vases grecs en enrichiront d\u2019autres, s\u2019en faisant\u2026 l\u2019\u00e9cho.  Les souvenirs mythologiques ne sont jamais tr\u00e8s loin  de l\u2019\u00e9volution du vocabulaire, m\u00eame quand nous croyons  ne plus les conna\u00eetre et ne plus y penser. \u2015 Jacqueline de Romilly Dans le jardin des mots","robots":{"index":"index","follow":"follow","max-snippet":"max-snippet:-1","max-image-preview":"max-image-preview:large","max-video-preview":"max-video-preview:-1"},"canonical":"https:\/\/www.aiorabooks.com\/product\/les-mythes-derriere-les-mots\/","og_locale":"fr_FR","og_type":"article","og_title":"Les Mythes derri\u00e8re les mots - Aiora Press","og_description":"MOTS ET EXPRESSIONS DE LA LANGUE FRAN\u00c7AISE EMPRUNT\u00c9S \u00c0 LA MYTHOLOGIE GRECQUE Pr\u00e9sent\u00e9 par Jacqueline Bouchet  Du fil d\u2019Ariane \u00e0 la bo\u00eete de Pandore, des bras de Morph\u00e9e au talon d\u2019Achille, de la m\u00e9g\u00e8re au cerb\u00e8re, du mentor \u00e0 la muse, quel d\u00e9dale, dans notre langue, de mots et d\u2019expressions emprunt\u00e9s aux mythes de la Gr\u00e8ce antique\u00a0!  Ce livre vous propose d\u2019en r\u00e9capituler une centaine, de les \u00e9lucider en retrouvant pour chaque terme sa filiation et l\u2019histoire, emprunt\u00e9e aux r\u00e9\u00adcits d\u2019Hom\u00e8re, d\u2019H\u00e9siode ou de leurs successeurs, qui continue \u00e0 infuser en lui. Chaque entr\u00e9e, selon l\u2019ordre alphab\u00e9tique, vous introduira \u00e0 la connaissance d\u2019une figure de la mythologie, monstre, dieu ou h\u00e9ros, et \u00e0 la d\u00e9couverte de certains aspects de ses aventures.  Des extraits traduits de l\u2019Iliade et de l\u2019Odys\u00ads\u00e9e d\u2019Hom\u00e8re, de la Th\u00e9ogonie d\u2019H\u00e9siode et des Argonautiques d\u2019Apollonios de Rhodes viendront parfois donner une vie particuli\u00e8re \u00e0 certains r\u00e9cits tandis que des reproductions originales de motifs peints sur les vases grecs en enrichiront d\u2019autres, s\u2019en faisant\u2026 l\u2019\u00e9cho.  Les souvenirs mythologiques ne sont jamais tr\u00e8s loin  de l\u2019\u00e9volution du vocabulaire, m\u00eame quand nous croyons  ne plus les conna\u00eetre et ne plus y penser. \u2015 Jacqueline de Romilly Dans le jardin des mots","og_url":"https:\/\/www.aiorabooks.com\/product\/les-mythes-derriere-les-mots\/","og_site_name":"Aiora Press","article_modified_time":"2026-02-20T13:49:30+00:00","og_image":[{"width":405,"height":551,"url":"https:\/\/www.aiorabooks.com\/wp-content\/uploads\/2026\/01\/myths-fr-rgb-site.jpg","type":"image\/jpeg"}],"twitter_card":"summary_large_image","twitter_misc":{"Dur\u00e9e de lecture estim\u00e9e":"1 minute"},"schema":{"@context":"https:\/\/schema.org","@graph":[{"@type":"WebPage","@id":"https:\/\/www.aiorabooks.com\/product\/les-mythes-derriere-les-mots\/","url":"https:\/\/www.aiorabooks.com\/product\/les-mythes-derriere-les-mots\/","name":"Les Mythes derri\u00e8re les mots - Aiora Press","isPartOf":{"@id":"https:\/\/www.aiorabooks.com\/#website"},"primaryImageOfPage":{"@id":"https:\/\/www.aiorabooks.com\/product\/les-mythes-derriere-les-mots\/#primaryimage"},"image":{"@id":"https:\/\/www.aiorabooks.com\/product\/les-mythes-derriere-les-mots\/#primaryimage"},"thumbnailUrl":"https:\/\/www.aiorabooks.com\/wp-content\/uploads\/2026\/01\/myths-fr-rgb-site.jpg","datePublished":"2026-01-12T12:21:38+00:00","dateModified":"2026-02-20T13:49:30+00:00","description":"MOTS ET EXPRESSIONS DE LA LANGUE FRAN\u00c7AISE EMPRUNT\u00c9S \u00c0 LA MYTHOLOGIE GRECQUE Pr\u00e9sent\u00e9 par Jacqueline Bouchet Du fil d\u2019Ariane \u00e0 la bo\u00eete de Pandore, des bras de Morph\u00e9e au talon d\u2019Achille, de la m\u00e9g\u00e8re au cerb\u00e8re, du mentor \u00e0 la muse, quel d\u00e9dale, dans notre langue, de mots et d\u2019expressions emprunt\u00e9s aux mythes de la Gr\u00e8ce antique\u00a0! Ce livre vous propose d\u2019en r\u00e9capituler une centaine, de les \u00e9lucider en retrouvant pour chaque terme sa filiation et l\u2019histoire, emprunt\u00e9e aux r\u00e9\u00adcits d\u2019Hom\u00e8re, d\u2019H\u00e9siode ou de leurs successeurs, qui continue \u00e0 infuser en lui. Chaque entr\u00e9e, selon l\u2019ordre alphab\u00e9tique, vous introduira \u00e0 la connaissance d\u2019une figure de la mythologie, monstre, dieu ou h\u00e9ros, et \u00e0 la d\u00e9couverte de certains aspects de ses aventures. Des extraits traduits de l\u2019Iliade et de l\u2019Odys\u00ads\u00e9e d\u2019Hom\u00e8re, de la Th\u00e9ogonie d\u2019H\u00e9siode et des Argonautiques d\u2019Apollonios de Rhodes viendront parfois donner une vie particuli\u00e8re \u00e0 certains r\u00e9cits tandis que des reproductions originales de motifs peints sur les vases grecs en enrichiront d\u2019autres, s\u2019en faisant\u2026 l\u2019\u00e9cho. Les souvenirs mythologiques ne sont jamais tr\u00e8s loin de l\u2019\u00e9volution du vocabulaire, m\u00eame quand nous croyons ne plus les conna\u00eetre et ne plus y penser. \u2015 Jacqueline de Romilly Dans le jardin des mots","breadcrumb":{"@id":"https:\/\/www.aiorabooks.com\/product\/les-mythes-derriere-les-mots\/#breadcrumb"},"inLanguage":"fr-FR","potentialAction":[{"@type":"ReadAction","target":["https:\/\/www.aiorabooks.com\/product\/les-mythes-derriere-les-mots\/"]}]},{"@type":"ImageObject","inLanguage":"fr-FR","@id":"https:\/\/www.aiorabooks.com\/product\/les-mythes-derriere-les-mots\/#primaryimage","url":"https:\/\/www.aiorabooks.com\/wp-content\/uploads\/2026\/01\/myths-fr-rgb-site.jpg","contentUrl":"https:\/\/www.aiorabooks.com\/wp-content\/uploads\/2026\/01\/myths-fr-rgb-site.jpg","width":405,"height":551,"caption":"Les Mythes derri\u00e8re les mots"},{"@type":"BreadcrumbList","@id":"https:\/\/www.aiorabooks.com\/product\/les-mythes-derriere-les-mots\/#breadcrumb","itemListElement":[{"@type":"ListItem","position":1,"name":"Home","item":"https:\/\/www.aiorabooks.com\/fr\/"},{"@type":"ListItem","position":2,"name":"Products","item":"https:\/\/www.aiorabooks.com\/shop\/"},{"@type":"ListItem","position":3,"name":"Les Mythes derri\u00e8re les mots"}]},{"@type":"WebSite","@id":"https:\/\/www.aiorabooks.com\/#website","url":"https:\/\/www.aiorabooks.com\/","name":"Aiora Press","description":"","publisher":{"@id":"https:\/\/www.aiorabooks.com\/#organization"},"potentialAction":[{"@type":"SearchAction","target":{"@type":"EntryPoint","urlTemplate":"https:\/\/www.aiorabooks.com\/?s={search_term_string}"},"query-input":{"@type":"PropertyValueSpecification","valueRequired":true,"valueName":"search_term_string"}}],"inLanguage":"fr-FR"},{"@type":"Organization","@id":"https:\/\/www.aiorabooks.com\/#organization","name":"Aiora Press","url":"https:\/\/www.aiorabooks.com\/","logo":{"@type":"ImageObject","inLanguage":"fr-FR","@id":"https:\/\/www.aiorabooks.com\/#\/schema\/logo\/image\/","url":"https:\/\/www.aiorabooks.com\/wp-content\/uploads\/2018\/05\/aiora_press_B.png","contentUrl":"https:\/\/www.aiorabooks.com\/wp-content\/uploads\/2018\/05\/aiora_press_B.png","width":520,"height":216,"caption":"Aiora Press"},"image":{"@id":"https:\/\/www.aiorabooks.com\/#\/schema\/logo\/image\/"},"sameAs":["https:\/\/www.instagram.com\/aiorapress\/"]}]}},"brands":[],"_links":{"self":[{"href":"https:\/\/www.aiorabooks.com\/fr\/wp-json\/wp\/v2\/product\/9417","targetHints":{"allow":["GET"]}}],"collection":[{"href":"https:\/\/www.aiorabooks.com\/fr\/wp-json\/wp\/v2\/product"}],"about":[{"href":"https:\/\/www.aiorabooks.com\/fr\/wp-json\/wp\/v2\/types\/product"}],"wp:featuredmedia":[{"embeddable":true,"href":"https:\/\/www.aiorabooks.com\/fr\/wp-json\/wp\/v2\/media\/9418"}],"wp:attachment":[{"href":"https:\/\/www.aiorabooks.com\/fr\/wp-json\/wp\/v2\/media?parent=9417"}],"wp:term":[{"taxonomy":"pwb-brand","embeddable":true,"href":"https:\/\/www.aiorabooks.com\/fr\/wp-json\/wp\/v2\/pwb-brand?post=9417"},{"taxonomy":"product_brand","embeddable":true,"href":"https:\/\/www.aiorabooks.com\/fr\/wp-json\/wp\/v2\/product_brand?post=9417"},{"taxonomy":"product_cat","embeddable":true,"href":"https:\/\/www.aiorabooks.com\/fr\/wp-json\/wp\/v2\/product_cat?post=9417"},{"taxonomy":"product_tag","embeddable":true,"href":"https:\/\/www.aiorabooks.com\/fr\/wp-json\/wp\/v2\/product_tag?post=9417"}],"curies":[{"name":"wp","href":"https:\/\/api.w.org\/{rel}","templated":true}]}}