{"id":4840,"date":"2021-07-15T14:34:44","date_gmt":"2021-07-15T11:34:44","guid":{"rendered":"https:\/\/www.aiorabooks.com\/?post_type=product&#038;p=4840"},"modified":"2026-01-19T13:43:05","modified_gmt":"2026-01-19T11:43:05","slug":"petites-chroniques-atheniennes","status":"publish","type":"product","link":"https:\/\/www.aiorabooks.com\/fr\/product\/petites-chroniques-atheniennes\/","title":{"rendered":"Petites Chroniques  Ath\u00e9niennes"},"content":{"rendered":"","protected":false},"excerpt":{"rendered":"<p><a href=\"https:\/\/www.aiorabooks.com\/fr\/2021\/07\/15\/jeanne-roques-tesson\/\"><span style=\"font-size: 14pt;\">Jeanne Roques-Tesson<\/span><\/a><\/p>\n<p>Un jeune promeneur agress\u00e9 par des voyous, des SDF transis, d\u00e9log\u00e9s avec perte et fracas des bains publics, un cordonnier astucieux qui gruge all\u00e8grement le fisc, des r\u00e9fugi\u00e9s montr\u00e9s du doigt en pleine pand\u00e9mie, une m\u00e8re d\u00e9sesp\u00e9r\u00e9e par son cancre de fils\u2009: au gr\u00e9 d\u2019instantan\u00e9s souvent malicieux, le lecteur c\u00f4toiera au plus pr\u00e8s de leur quotidien ces Grecs qu\u2019on dit Anciens, trop longtemps fig\u00e9s sur papier glac\u00e9. Croqu\u00e9s sur le vif avec leurs mesquineries, leurs na\u00efvet\u00e9s, leurs soucis d\u2019\u00e9l\u00e9gance, aux prises avec des probl\u00e8mes de couple ou des difficult\u00e9s d\u2019existence \u00e9tonnamment proches des n\u00f4tres. Sur l\u2019agora grouillante, r\u00e9sonnant des clameurs de poissonniers filous, il croisera dans l\u2019\u00e9choppe du barbier, haut-lieu des plus croustillants ragots, un Socrate d\u2019humeur fol\u00e2tre, qui r\u00eave ce matin-l\u00e0 d\u2019aller se tremper les pieds dans l\u2019Ilissos avec son ami Ph\u00e8dre.<\/p>\n<p>[Le livre est aussi disponible en format <strong><span style=\"color: #33cccc;\"><a style=\"color: #33cccc;\" href=\"https:\/\/www.amazon.com\/Petites-Chroniques-Ath%C3%A9niennes-French-Roques-Tesson-ebook\/dp\/B09NL2CLMP\/ref=sr_1_2?crid=3MX4XWO2WHJYD&amp;keywords=jeanne+roques-tesson&amp;qid=1658839124&amp;s=books&amp;sprefix=jeanne+roques-tesson%2Cstripbooks-intl-ship%2C173&amp;sr=1-2\">kindle<\/a><\/span><\/strong>.]<\/p>\n","protected":false},"featured_media":8917,"template":"","meta":{"_acf_changed":false},"pwb-brand":[652],"product_brand":[],"product_cat":[982],"product_tag":[658,657,655,656],"class_list":{"0":"post-4840","1":"product","2":"type-product","3":"status-publish","4":"has-post-thumbnail","6":"pwb-brand-jeanne-roques-tesson","7":"product_cat-petite-bibliotheque-grecque","8":"product_tag-anthropologie","9":"product_tag-antiquite-grecque","10":"product_tag-grecs-anciens","11":"product_tag-lepoque-classique","13":"first","14":"instock","15":"shipping-taxable","16":"purchasable","17":"product-type-simple"},"acf":[],"yoast_head":"<!-- This site is optimized with the Yoast SEO plugin v27.5 - https:\/\/yoast.com\/product\/yoast-seo-wordpress\/ -->\n<title>Petites Chroniques Ath\u00e9niennes - Aiora Press<\/title>\n<meta name=\"description\" content=\"Jeanne Roques-Tesson  Un jeune promeneur agress\u00e9 par des voyous, des SDF transis, d\u00e9log\u00e9s avec perte et fracas des bains publics, un cordonnier astucieux qui gruge all\u00e8grement le fisc, des r\u00e9fugi\u00e9s montr\u00e9s du doigt en pleine pand\u00e9mie, une m\u00e8re d\u00e9sesp\u00e9r\u00e9e par son cancre de fils\u2009: au gr\u00e9 d\u2019instantan\u00e9s souvent malicieux, le lecteur c\u00f4toiera au plus pr\u00e8s de leur quotidien ces Grecs qu\u2019on dit Anciens, trop longtemps fig\u00e9s sur papier glac\u00e9. Croqu\u00e9s sur le vif avec leurs mesquineries, leurs na\u00efvet\u00e9s, leurs soucis d\u2019\u00e9l\u00e9gance, aux prises avec des probl\u00e8mes de couple ou des difficult\u00e9s d\u2019existence \u00e9tonnamment proches des n\u00f4tres. Sur l\u2019agora grouillante, r\u00e9sonnant des clameurs de poissonniers filous, il croisera dans l\u2019\u00e9choppe du barbier, haut-lieu des plus croustillants ragots, un Socrate d\u2019humeur fol\u00e2tre, qui r\u00eave ce matin-l\u00e0 d\u2019aller se tremper les pieds dans l\u2019Ilissos avec son ami Ph\u00e8dre.\" \/>\n<meta name=\"robots\" content=\"index, follow, max-snippet:-1, max-image-preview:large, max-video-preview:-1\" \/>\n<link rel=\"canonical\" href=\"https:\/\/www.aiorabooks.com\/product\/petites-chroniques-atheniennes\/\" \/>\n<meta property=\"og:locale\" content=\"fr_FR\" \/>\n<meta property=\"og:type\" content=\"article\" \/>\n<meta property=\"og:title\" content=\"Petites Chroniques Ath\u00e9niennes - Aiora Press\" \/>\n<meta property=\"og:description\" content=\"Jeanne Roques-Tesson  Un jeune promeneur agress\u00e9 par des voyous, des SDF transis, d\u00e9log\u00e9s avec perte et fracas des bains publics, un cordonnier astucieux qui gruge all\u00e8grement le fisc, des r\u00e9fugi\u00e9s montr\u00e9s du doigt en pleine pand\u00e9mie, une m\u00e8re d\u00e9sesp\u00e9r\u00e9e par son cancre de fils\u2009: au gr\u00e9 d\u2019instantan\u00e9s souvent malicieux, le lecteur c\u00f4toiera au plus pr\u00e8s de leur quotidien ces Grecs qu\u2019on dit Anciens, trop longtemps fig\u00e9s sur papier glac\u00e9. Croqu\u00e9s sur le vif avec leurs mesquineries, leurs na\u00efvet\u00e9s, leurs soucis d\u2019\u00e9l\u00e9gance, aux prises avec des probl\u00e8mes de couple ou des difficult\u00e9s d\u2019existence \u00e9tonnamment proches des n\u00f4tres. Sur l\u2019agora grouillante, r\u00e9sonnant des clameurs de poissonniers filous, il croisera dans l\u2019\u00e9choppe du barbier, haut-lieu des plus croustillants ragots, un Socrate d\u2019humeur fol\u00e2tre, qui r\u00eave ce matin-l\u00e0 d\u2019aller se tremper les pieds dans l\u2019Ilissos avec son ami Ph\u00e8dre.\" \/>\n<meta property=\"og:url\" content=\"https:\/\/www.aiorabooks.com\/product\/petites-chroniques-atheniennes\/\" \/>\n<meta property=\"og:site_name\" content=\"Aiora Press\" \/>\n<meta property=\"article:modified_time\" content=\"2026-01-19T11:43:05+00:00\" \/>\n<meta property=\"og:image\" content=\"https:\/\/www.aiorabooks.com\/wp-content\/uploads\/2021\/07\/chroniques-rgb.jpg\" \/>\n\t<meta property=\"og:image:width\" content=\"827\" \/>\n\t<meta property=\"og:image:height\" content=\"1296\" \/>\n\t<meta property=\"og:image:type\" content=\"image\/jpeg\" \/>\n<meta name=\"twitter:card\" content=\"summary_large_image\" \/>\n<meta name=\"twitter:label1\" content=\"Dur\u00e9e de lecture estim\u00e9e\" \/>\n\t<meta name=\"twitter:data1\" content=\"1 minute\" \/>\n<script type=\"application\/ld+json\" class=\"yoast-schema-graph\">{\"@context\":\"https:\\\/\\\/schema.org\",\"@graph\":[{\"@type\":\"WebPage\",\"@id\":\"https:\\\/\\\/www.aiorabooks.com\\\/product\\\/petites-chroniques-atheniennes\\\/\",\"url\":\"https:\\\/\\\/www.aiorabooks.com\\\/product\\\/petites-chroniques-atheniennes\\\/\",\"name\":\"Petites Chroniques Ath\u00e9niennes - Aiora Press\",\"isPartOf\":{\"@id\":\"https:\\\/\\\/www.aiorabooks.com\\\/#website\"},\"primaryImageOfPage\":{\"@id\":\"https:\\\/\\\/www.aiorabooks.com\\\/product\\\/petites-chroniques-atheniennes\\\/#primaryimage\"},\"image\":{\"@id\":\"https:\\\/\\\/www.aiorabooks.com\\\/product\\\/petites-chroniques-atheniennes\\\/#primaryimage\"},\"thumbnailUrl\":\"https:\\\/\\\/www.aiorabooks.com\\\/wp-content\\\/uploads\\\/2021\\\/07\\\/chroniques-rgb.jpg\",\"datePublished\":\"2021-07-15T11:34:44+00:00\",\"dateModified\":\"2026-01-19T11:43:05+00:00\",\"description\":\"Jeanne Roques-Tesson Un jeune promeneur agress\u00e9 par des voyous, des SDF transis, d\u00e9log\u00e9s avec perte et fracas des bains publics, un cordonnier astucieux qui gruge all\u00e8grement le fisc, des r\u00e9fugi\u00e9s montr\u00e9s du doigt en pleine pand\u00e9mie, une m\u00e8re d\u00e9sesp\u00e9r\u00e9e par son cancre de fils\u2009: au gr\u00e9 d\u2019instantan\u00e9s souvent malicieux, le lecteur c\u00f4toiera au plus pr\u00e8s de leur quotidien ces Grecs qu\u2019on dit Anciens, trop longtemps fig\u00e9s sur papier glac\u00e9. Croqu\u00e9s sur le vif avec leurs mesquineries, leurs na\u00efvet\u00e9s, leurs soucis d\u2019\u00e9l\u00e9gance, aux prises avec des probl\u00e8mes de couple ou des difficult\u00e9s d\u2019existence \u00e9tonnamment proches des n\u00f4tres. Sur l\u2019agora grouillante, r\u00e9sonnant des clameurs de poissonniers filous, il croisera dans l\u2019\u00e9choppe du barbier, haut-lieu des plus croustillants ragots, un Socrate d\u2019humeur fol\u00e2tre, qui r\u00eave ce matin-l\u00e0 d\u2019aller se tremper les pieds dans l\u2019Ilissos avec son ami Ph\u00e8dre.\",\"breadcrumb\":{\"@id\":\"https:\\\/\\\/www.aiorabooks.com\\\/product\\\/petites-chroniques-atheniennes\\\/#breadcrumb\"},\"inLanguage\":\"fr-FR\",\"potentialAction\":[{\"@type\":\"ReadAction\",\"target\":[\"https:\\\/\\\/www.aiorabooks.com\\\/product\\\/petites-chroniques-atheniennes\\\/\"]}]},{\"@type\":\"ImageObject\",\"inLanguage\":\"fr-FR\",\"@id\":\"https:\\\/\\\/www.aiorabooks.com\\\/product\\\/petites-chroniques-atheniennes\\\/#primaryimage\",\"url\":\"https:\\\/\\\/www.aiorabooks.com\\\/wp-content\\\/uploads\\\/2021\\\/07\\\/chroniques-rgb.jpg\",\"contentUrl\":\"https:\\\/\\\/www.aiorabooks.com\\\/wp-content\\\/uploads\\\/2021\\\/07\\\/chroniques-rgb.jpg\",\"width\":827,\"height\":1296,\"caption\":\"Petites Chroniques Ath\u00e9niennes\"},{\"@type\":\"BreadcrumbList\",\"@id\":\"https:\\\/\\\/www.aiorabooks.com\\\/product\\\/petites-chroniques-atheniennes\\\/#breadcrumb\",\"itemListElement\":[{\"@type\":\"ListItem\",\"position\":1,\"name\":\"Home\",\"item\":\"https:\\\/\\\/www.aiorabooks.com\\\/fr\\\/\"},{\"@type\":\"ListItem\",\"position\":2,\"name\":\"Products\",\"item\":\"https:\\\/\\\/www.aiorabooks.com\\\/shop\\\/\"},{\"@type\":\"ListItem\",\"position\":3,\"name\":\"Petites Chroniques Ath\u00e9niennes\"}]},{\"@type\":\"WebSite\",\"@id\":\"https:\\\/\\\/www.aiorabooks.com\\\/#website\",\"url\":\"https:\\\/\\\/www.aiorabooks.com\\\/\",\"name\":\"Aiora Press\",\"description\":\"\",\"publisher\":{\"@id\":\"https:\\\/\\\/www.aiorabooks.com\\\/#organization\"},\"potentialAction\":[{\"@type\":\"SearchAction\",\"target\":{\"@type\":\"EntryPoint\",\"urlTemplate\":\"https:\\\/\\\/www.aiorabooks.com\\\/?s={search_term_string}\"},\"query-input\":{\"@type\":\"PropertyValueSpecification\",\"valueRequired\":true,\"valueName\":\"search_term_string\"}}],\"inLanguage\":\"fr-FR\"},{\"@type\":\"Organization\",\"@id\":\"https:\\\/\\\/www.aiorabooks.com\\\/#organization\",\"name\":\"Aiora Press\",\"url\":\"https:\\\/\\\/www.aiorabooks.com\\\/\",\"logo\":{\"@type\":\"ImageObject\",\"inLanguage\":\"fr-FR\",\"@id\":\"https:\\\/\\\/www.aiorabooks.com\\\/#\\\/schema\\\/logo\\\/image\\\/\",\"url\":\"https:\\\/\\\/www.aiorabooks.com\\\/wp-content\\\/uploads\\\/2018\\\/05\\\/aiora_press_B.png\",\"contentUrl\":\"https:\\\/\\\/www.aiorabooks.com\\\/wp-content\\\/uploads\\\/2018\\\/05\\\/aiora_press_B.png\",\"width\":520,\"height\":216,\"caption\":\"Aiora Press\"},\"image\":{\"@id\":\"https:\\\/\\\/www.aiorabooks.com\\\/#\\\/schema\\\/logo\\\/image\\\/\"},\"sameAs\":[\"https:\\\/\\\/www.instagram.com\\\/aiorapress\\\/\"]}]}<\/script>\n<!-- \/ Yoast SEO plugin. -->","yoast_head_json":{"title":"Petites Chroniques Ath\u00e9niennes - Aiora Press","description":"Jeanne Roques-Tesson  Un jeune promeneur agress\u00e9 par des voyous, des SDF transis, d\u00e9log\u00e9s avec perte et fracas des bains publics, un cordonnier astucieux qui gruge all\u00e8grement le fisc, des r\u00e9fugi\u00e9s montr\u00e9s du doigt en pleine pand\u00e9mie, une m\u00e8re d\u00e9sesp\u00e9r\u00e9e par son cancre de fils\u2009: au gr\u00e9 d\u2019instantan\u00e9s souvent malicieux, le lecteur c\u00f4toiera au plus pr\u00e8s de leur quotidien ces Grecs qu\u2019on dit Anciens, trop longtemps fig\u00e9s sur papier glac\u00e9. Croqu\u00e9s sur le vif avec leurs mesquineries, leurs na\u00efvet\u00e9s, leurs soucis d\u2019\u00e9l\u00e9gance, aux prises avec des probl\u00e8mes de couple ou des difficult\u00e9s d\u2019existence \u00e9tonnamment proches des n\u00f4tres. Sur l\u2019agora grouillante, r\u00e9sonnant des clameurs de poissonniers filous, il croisera dans l\u2019\u00e9choppe du barbier, haut-lieu des plus croustillants ragots, un Socrate d\u2019humeur fol\u00e2tre, qui r\u00eave ce matin-l\u00e0 d\u2019aller se tremper les pieds dans l\u2019Ilissos avec son ami Ph\u00e8dre.","robots":{"index":"index","follow":"follow","max-snippet":"max-snippet:-1","max-image-preview":"max-image-preview:large","max-video-preview":"max-video-preview:-1"},"canonical":"https:\/\/www.aiorabooks.com\/product\/petites-chroniques-atheniennes\/","og_locale":"fr_FR","og_type":"article","og_title":"Petites Chroniques Ath\u00e9niennes - Aiora Press","og_description":"Jeanne Roques-Tesson  Un jeune promeneur agress\u00e9 par des voyous, des SDF transis, d\u00e9log\u00e9s avec perte et fracas des bains publics, un cordonnier astucieux qui gruge all\u00e8grement le fisc, des r\u00e9fugi\u00e9s montr\u00e9s du doigt en pleine pand\u00e9mie, une m\u00e8re d\u00e9sesp\u00e9r\u00e9e par son cancre de fils\u2009: au gr\u00e9 d\u2019instantan\u00e9s souvent malicieux, le lecteur c\u00f4toiera au plus pr\u00e8s de leur quotidien ces Grecs qu\u2019on dit Anciens, trop longtemps fig\u00e9s sur papier glac\u00e9. Croqu\u00e9s sur le vif avec leurs mesquineries, leurs na\u00efvet\u00e9s, leurs soucis d\u2019\u00e9l\u00e9gance, aux prises avec des probl\u00e8mes de couple ou des difficult\u00e9s d\u2019existence \u00e9tonnamment proches des n\u00f4tres. Sur l\u2019agora grouillante, r\u00e9sonnant des clameurs de poissonniers filous, il croisera dans l\u2019\u00e9choppe du barbier, haut-lieu des plus croustillants ragots, un Socrate d\u2019humeur fol\u00e2tre, qui r\u00eave ce matin-l\u00e0 d\u2019aller se tremper les pieds dans l\u2019Ilissos avec son ami Ph\u00e8dre.","og_url":"https:\/\/www.aiorabooks.com\/product\/petites-chroniques-atheniennes\/","og_site_name":"Aiora Press","article_modified_time":"2026-01-19T11:43:05+00:00","og_image":[{"width":827,"height":1296,"url":"https:\/\/www.aiorabooks.com\/wp-content\/uploads\/2021\/07\/chroniques-rgb.jpg","type":"image\/jpeg"}],"twitter_card":"summary_large_image","twitter_misc":{"Dur\u00e9e de lecture estim\u00e9e":"1 minute"},"schema":{"@context":"https:\/\/schema.org","@graph":[{"@type":"WebPage","@id":"https:\/\/www.aiorabooks.com\/product\/petites-chroniques-atheniennes\/","url":"https:\/\/www.aiorabooks.com\/product\/petites-chroniques-atheniennes\/","name":"Petites Chroniques Ath\u00e9niennes - Aiora Press","isPartOf":{"@id":"https:\/\/www.aiorabooks.com\/#website"},"primaryImageOfPage":{"@id":"https:\/\/www.aiorabooks.com\/product\/petites-chroniques-atheniennes\/#primaryimage"},"image":{"@id":"https:\/\/www.aiorabooks.com\/product\/petites-chroniques-atheniennes\/#primaryimage"},"thumbnailUrl":"https:\/\/www.aiorabooks.com\/wp-content\/uploads\/2021\/07\/chroniques-rgb.jpg","datePublished":"2021-07-15T11:34:44+00:00","dateModified":"2026-01-19T11:43:05+00:00","description":"Jeanne Roques-Tesson Un jeune promeneur agress\u00e9 par des voyous, des SDF transis, d\u00e9log\u00e9s avec perte et fracas des bains publics, un cordonnier astucieux qui gruge all\u00e8grement le fisc, des r\u00e9fugi\u00e9s montr\u00e9s du doigt en pleine pand\u00e9mie, une m\u00e8re d\u00e9sesp\u00e9r\u00e9e par son cancre de fils\u2009: au gr\u00e9 d\u2019instantan\u00e9s souvent malicieux, le lecteur c\u00f4toiera au plus pr\u00e8s de leur quotidien ces Grecs qu\u2019on dit Anciens, trop longtemps fig\u00e9s sur papier glac\u00e9. Croqu\u00e9s sur le vif avec leurs mesquineries, leurs na\u00efvet\u00e9s, leurs soucis d\u2019\u00e9l\u00e9gance, aux prises avec des probl\u00e8mes de couple ou des difficult\u00e9s d\u2019existence \u00e9tonnamment proches des n\u00f4tres. Sur l\u2019agora grouillante, r\u00e9sonnant des clameurs de poissonniers filous, il croisera dans l\u2019\u00e9choppe du barbier, haut-lieu des plus croustillants ragots, un Socrate d\u2019humeur fol\u00e2tre, qui r\u00eave ce matin-l\u00e0 d\u2019aller se tremper les pieds dans l\u2019Ilissos avec son ami Ph\u00e8dre.","breadcrumb":{"@id":"https:\/\/www.aiorabooks.com\/product\/petites-chroniques-atheniennes\/#breadcrumb"},"inLanguage":"fr-FR","potentialAction":[{"@type":"ReadAction","target":["https:\/\/www.aiorabooks.com\/product\/petites-chroniques-atheniennes\/"]}]},{"@type":"ImageObject","inLanguage":"fr-FR","@id":"https:\/\/www.aiorabooks.com\/product\/petites-chroniques-atheniennes\/#primaryimage","url":"https:\/\/www.aiorabooks.com\/wp-content\/uploads\/2021\/07\/chroniques-rgb.jpg","contentUrl":"https:\/\/www.aiorabooks.com\/wp-content\/uploads\/2021\/07\/chroniques-rgb.jpg","width":827,"height":1296,"caption":"Petites Chroniques Ath\u00e9niennes"},{"@type":"BreadcrumbList","@id":"https:\/\/www.aiorabooks.com\/product\/petites-chroniques-atheniennes\/#breadcrumb","itemListElement":[{"@type":"ListItem","position":1,"name":"Home","item":"https:\/\/www.aiorabooks.com\/fr\/"},{"@type":"ListItem","position":2,"name":"Products","item":"https:\/\/www.aiorabooks.com\/shop\/"},{"@type":"ListItem","position":3,"name":"Petites Chroniques Ath\u00e9niennes"}]},{"@type":"WebSite","@id":"https:\/\/www.aiorabooks.com\/#website","url":"https:\/\/www.aiorabooks.com\/","name":"Aiora Press","description":"","publisher":{"@id":"https:\/\/www.aiorabooks.com\/#organization"},"potentialAction":[{"@type":"SearchAction","target":{"@type":"EntryPoint","urlTemplate":"https:\/\/www.aiorabooks.com\/?s={search_term_string}"},"query-input":{"@type":"PropertyValueSpecification","valueRequired":true,"valueName":"search_term_string"}}],"inLanguage":"fr-FR"},{"@type":"Organization","@id":"https:\/\/www.aiorabooks.com\/#organization","name":"Aiora Press","url":"https:\/\/www.aiorabooks.com\/","logo":{"@type":"ImageObject","inLanguage":"fr-FR","@id":"https:\/\/www.aiorabooks.com\/#\/schema\/logo\/image\/","url":"https:\/\/www.aiorabooks.com\/wp-content\/uploads\/2018\/05\/aiora_press_B.png","contentUrl":"https:\/\/www.aiorabooks.com\/wp-content\/uploads\/2018\/05\/aiora_press_B.png","width":520,"height":216,"caption":"Aiora Press"},"image":{"@id":"https:\/\/www.aiorabooks.com\/#\/schema\/logo\/image\/"},"sameAs":["https:\/\/www.instagram.com\/aiorapress\/"]}]}},"brands":[{"id":652,"name":"Jeanne Roques-Tesson","slug":"jeanne-roques-tesson"}],"_links":{"self":[{"href":"https:\/\/www.aiorabooks.com\/fr\/wp-json\/wp\/v2\/product\/4840","targetHints":{"allow":["GET"]}}],"collection":[{"href":"https:\/\/www.aiorabooks.com\/fr\/wp-json\/wp\/v2\/product"}],"about":[{"href":"https:\/\/www.aiorabooks.com\/fr\/wp-json\/wp\/v2\/types\/product"}],"wp:featuredmedia":[{"embeddable":true,"href":"https:\/\/www.aiorabooks.com\/fr\/wp-json\/wp\/v2\/media\/8917"}],"wp:attachment":[{"href":"https:\/\/www.aiorabooks.com\/fr\/wp-json\/wp\/v2\/media?parent=4840"}],"wp:term":[{"taxonomy":"pwb-brand","embeddable":true,"href":"https:\/\/www.aiorabooks.com\/fr\/wp-json\/wp\/v2\/pwb-brand?post=4840"},{"taxonomy":"product_brand","embeddable":true,"href":"https:\/\/www.aiorabooks.com\/fr\/wp-json\/wp\/v2\/product_brand?post=4840"},{"taxonomy":"product_cat","embeddable":true,"href":"https:\/\/www.aiorabooks.com\/fr\/wp-json\/wp\/v2\/product_cat?post=4840"},{"taxonomy":"product_tag","embeddable":true,"href":"https:\/\/www.aiorabooks.com\/fr\/wp-json\/wp\/v2\/product_tag?post=4840"}],"curies":[{"name":"wp","href":"https:\/\/api.w.org\/{rel}","templated":true}]}}