{"id":4088,"date":"2020-02-05T02:47:41","date_gmt":"2020-02-05T00:47:41","guid":{"rendered":"https:\/\/www.aiorabooks.com\/?post_type=product&#038;p=4088"},"modified":"2025-03-04T12:30:20","modified_gmt":"2025-03-04T10:30:20","slug":"der-kirchenscheue","status":"publish","type":"product","link":"https:\/\/www.aiorabooks.com\/fr\/product\/der-kirchenscheue\/","title":{"rendered":"Der Kirchenscheue"},"content":{"rendered":"","protected":false},"excerpt":{"rendered":"<p>Eine Erz\u00e4hlung aus Skiathos<br \/>\n<span style=\"font-size: 14pt;\"><a href=\"https:\/\/www.aiorabooks.com\/de\/2020\/02\/05\/alexandros-papadiamantis\/\"><strong>Alexandros Papadiamantis<\/strong><\/a><\/span><br \/>\n\u00dcbersetzung von<br \/>\n<strong><a href=\"https:\/\/www.aiorabooks.com\/de\/2020\/02\/05\/prof-dr-ludwig-buerchner\/\">Prof. Dr. Ludwig B\u00fcrchner<\/a><\/strong><\/p>\n<p><span style=\"font-size: 10pt; font-family: verdana, geneva, sans-serif; color: #be0000;\"><strong>ZWEISPRACHIGE AUSGABE<\/strong><\/span><\/p>\n<p><b>Mit einem Nachwort \u00fcber \u201eGriechen in G\u00f6rlitz\u201c von Thomas Plaul<br \/>\n<\/b><\/p>\n<p>Vor 30 Jahren, auf der vertr\u00e4umten Insel Skiathos, verliebte sich Kolias in Molota. Ihre Liebe wurde mit einem einzigen Kuss besiegelt. Dann wurde sie gezwungen, einen anderen zu heiraten, und er zog sich als Einsiedler in die Berge zur\u00fcck. Dennoch brachte sie das Schicksal wieder zusammen&#8230;<\/p>\n<p>Alexandros Papadiamantis ist ein erstrangiger Vertreter der neugriechischen Literatur. Er reiht die Grundelemente der griechischen Identit\u00e4t aneinander, stellt gleichsam die verlorene Verbindung her zwischen der byzantinischen Tradition und dem heutigen Griechenland, beschreibt einf\u00fchlsam die lokalen Volkssitten und wirft einen nachdenklichen, klugen Blick auf die griechische Seele.<\/p>\n","protected":false},"featured_media":4089,"template":"","meta":{"_acf_changed":false},"pwb-brand":[594],"product_brand":[],"product_cat":[583],"product_tag":[],"class_list":{"0":"post-4088","1":"product","2":"type-product","3":"status-publish","4":"has-post-thumbnail","6":"pwb-brand-alexandros-papadiamantis","7":"product_cat-bucher","9":"first","10":"instock","11":"shipping-taxable","12":"purchasable","13":"product-type-simple"},"acf":[],"yoast_head":"<!-- This site is optimized with the Yoast SEO plugin v27.5 - https:\/\/yoast.com\/product\/yoast-seo-wordpress\/ -->\n<title>Der Kirchenscheue - Aiora Press<\/title>\n<meta name=\"description\" content=\"Eine Erz\u00e4hlung aus Skiathos Alexandros Papadiamantis \u00dcbersetzung von Prof. Dr. Ludwig B\u00fcrchner  ZWEISPRACHIGE AUSGABE  Mit einem Nachwort \u00fcber \u201eGriechen in G\u00f6rlitz\u201c von Thomas Plaul   Vor 30 Jahren, auf der vertr\u00e4umten Insel Skiathos, verliebte sich Kolias in Molota. Ihre Liebe wurde mit einem einzigen Kuss besiegelt. Dann wurde sie gezwungen, einen anderen zu heiraten, und er zog sich als Einsiedler in die Berge zur\u00fcck. Dennoch brachte sie das Schicksal wieder zusammen...  Alexandros Papadiamantis ist ein erstrangiger Vertreter der neugriechischen Literatur. Er reiht die Grundelemente der griechischen Identit\u00e4t aneinander, stellt gleichsam die verlorene Verbindung her zwischen der byzantinischen Tradition und dem heutigen Griechenland, beschreibt einf\u00fchlsam die lokalen Volkssitten und wirft einen nachdenklichen, klugen Blick auf die griechische Seele.\" \/>\n<meta name=\"robots\" content=\"index, follow, max-snippet:-1, max-image-preview:large, max-video-preview:-1\" \/>\n<link rel=\"canonical\" href=\"https:\/\/www.aiorabooks.com\/product\/der-kirchenscheue\/\" \/>\n<meta property=\"og:locale\" content=\"fr_FR\" \/>\n<meta property=\"og:type\" content=\"article\" \/>\n<meta property=\"og:title\" content=\"Der Kirchenscheue - Aiora Press\" \/>\n<meta property=\"og:description\" content=\"Eine Erz\u00e4hlung aus Skiathos Alexandros Papadiamantis \u00dcbersetzung von Prof. Dr. Ludwig B\u00fcrchner  ZWEISPRACHIGE AUSGABE  Mit einem Nachwort \u00fcber \u201eGriechen in G\u00f6rlitz\u201c von Thomas Plaul   Vor 30 Jahren, auf der vertr\u00e4umten Insel Skiathos, verliebte sich Kolias in Molota. Ihre Liebe wurde mit einem einzigen Kuss besiegelt. Dann wurde sie gezwungen, einen anderen zu heiraten, und er zog sich als Einsiedler in die Berge zur\u00fcck. Dennoch brachte sie das Schicksal wieder zusammen...  Alexandros Papadiamantis ist ein erstrangiger Vertreter der neugriechischen Literatur. Er reiht die Grundelemente der griechischen Identit\u00e4t aneinander, stellt gleichsam die verlorene Verbindung her zwischen der byzantinischen Tradition und dem heutigen Griechenland, beschreibt einf\u00fchlsam die lokalen Volkssitten und wirft einen nachdenklichen, klugen Blick auf die griechische Seele.\" \/>\n<meta property=\"og:url\" content=\"https:\/\/www.aiorabooks.com\/product\/der-kirchenscheue\/\" \/>\n<meta property=\"og:site_name\" content=\"Aiora Press\" \/>\n<meta property=\"article:modified_time\" content=\"2025-03-04T10:30:20+00:00\" \/>\n<meta property=\"og:image\" content=\"https:\/\/www.aiorabooks.com\/wp-content\/uploads\/2020\/02\/Der-Kirchenscheue.jpg\" \/>\n\t<meta property=\"og:image:width\" content=\"1181\" \/>\n\t<meta property=\"og:image:height\" content=\"1862\" \/>\n\t<meta property=\"og:image:type\" content=\"image\/jpeg\" \/>\n<meta name=\"twitter:card\" content=\"summary_large_image\" \/>\n<script type=\"application\/ld+json\" class=\"yoast-schema-graph\">{\"@context\":\"https:\\\/\\\/schema.org\",\"@graph\":[{\"@type\":\"WebPage\",\"@id\":\"https:\\\/\\\/www.aiorabooks.com\\\/product\\\/der-kirchenscheue\\\/\",\"url\":\"https:\\\/\\\/www.aiorabooks.com\\\/product\\\/der-kirchenscheue\\\/\",\"name\":\"Der Kirchenscheue - Aiora Press\",\"isPartOf\":{\"@id\":\"https:\\\/\\\/www.aiorabooks.com\\\/#website\"},\"primaryImageOfPage\":{\"@id\":\"https:\\\/\\\/www.aiorabooks.com\\\/product\\\/der-kirchenscheue\\\/#primaryimage\"},\"image\":{\"@id\":\"https:\\\/\\\/www.aiorabooks.com\\\/product\\\/der-kirchenscheue\\\/#primaryimage\"},\"thumbnailUrl\":\"https:\\\/\\\/www.aiorabooks.com\\\/wp-content\\\/uploads\\\/2020\\\/02\\\/Der-Kirchenscheue.jpg\",\"datePublished\":\"2020-02-05T00:47:41+00:00\",\"dateModified\":\"2025-03-04T10:30:20+00:00\",\"description\":\"Eine Erz\u00e4hlung aus Skiathos Alexandros Papadiamantis \u00dcbersetzung von Prof. Dr. Ludwig B\u00fcrchner ZWEISPRACHIGE AUSGABE Mit einem Nachwort \u00fcber \u201eGriechen in G\u00f6rlitz\u201c von Thomas Plaul Vor 30 Jahren, auf der vertr\u00e4umten Insel Skiathos, verliebte sich Kolias in Molota. Ihre Liebe wurde mit einem einzigen Kuss besiegelt. Dann wurde sie gezwungen, einen anderen zu heiraten, und er zog sich als Einsiedler in die Berge zur\u00fcck. Dennoch brachte sie das Schicksal wieder zusammen... Alexandros Papadiamantis ist ein erstrangiger Vertreter der neugriechischen Literatur. Er reiht die Grundelemente der griechischen Identit\u00e4t aneinander, stellt gleichsam die verlorene Verbindung her zwischen der byzantinischen Tradition und dem heutigen Griechenland, beschreibt einf\u00fchlsam die lokalen Volkssitten und wirft einen nachdenklichen, klugen Blick auf die griechische Seele.\",\"breadcrumb\":{\"@id\":\"https:\\\/\\\/www.aiorabooks.com\\\/product\\\/der-kirchenscheue\\\/#breadcrumb\"},\"inLanguage\":\"fr-FR\",\"potentialAction\":[{\"@type\":\"ReadAction\",\"target\":[\"https:\\\/\\\/www.aiorabooks.com\\\/product\\\/der-kirchenscheue\\\/\"]}]},{\"@type\":\"ImageObject\",\"inLanguage\":\"fr-FR\",\"@id\":\"https:\\\/\\\/www.aiorabooks.com\\\/product\\\/der-kirchenscheue\\\/#primaryimage\",\"url\":\"https:\\\/\\\/www.aiorabooks.com\\\/wp-content\\\/uploads\\\/2020\\\/02\\\/Der-Kirchenscheue.jpg\",\"contentUrl\":\"https:\\\/\\\/www.aiorabooks.com\\\/wp-content\\\/uploads\\\/2020\\\/02\\\/Der-Kirchenscheue.jpg\",\"width\":1181,\"height\":1862,\"caption\":\"Der Kirchenscheue\"},{\"@type\":\"BreadcrumbList\",\"@id\":\"https:\\\/\\\/www.aiorabooks.com\\\/product\\\/der-kirchenscheue\\\/#breadcrumb\",\"itemListElement\":[{\"@type\":\"ListItem\",\"position\":1,\"name\":\"Home\",\"item\":\"https:\\\/\\\/www.aiorabooks.com\\\/fr\\\/\"},{\"@type\":\"ListItem\",\"position\":2,\"name\":\"Products\",\"item\":\"https:\\\/\\\/www.aiorabooks.com\\\/shop\\\/\"},{\"@type\":\"ListItem\",\"position\":3,\"name\":\"Der Kirchenscheue\"}]},{\"@type\":\"WebSite\",\"@id\":\"https:\\\/\\\/www.aiorabooks.com\\\/#website\",\"url\":\"https:\\\/\\\/www.aiorabooks.com\\\/\",\"name\":\"Aiora Press\",\"description\":\"\",\"publisher\":{\"@id\":\"https:\\\/\\\/www.aiorabooks.com\\\/#organization\"},\"potentialAction\":[{\"@type\":\"SearchAction\",\"target\":{\"@type\":\"EntryPoint\",\"urlTemplate\":\"https:\\\/\\\/www.aiorabooks.com\\\/?s={search_term_string}\"},\"query-input\":{\"@type\":\"PropertyValueSpecification\",\"valueRequired\":true,\"valueName\":\"search_term_string\"}}],\"inLanguage\":\"fr-FR\"},{\"@type\":\"Organization\",\"@id\":\"https:\\\/\\\/www.aiorabooks.com\\\/#organization\",\"name\":\"Aiora Press\",\"url\":\"https:\\\/\\\/www.aiorabooks.com\\\/\",\"logo\":{\"@type\":\"ImageObject\",\"inLanguage\":\"fr-FR\",\"@id\":\"https:\\\/\\\/www.aiorabooks.com\\\/#\\\/schema\\\/logo\\\/image\\\/\",\"url\":\"https:\\\/\\\/www.aiorabooks.com\\\/wp-content\\\/uploads\\\/2018\\\/05\\\/aiora_press_B.png\",\"contentUrl\":\"https:\\\/\\\/www.aiorabooks.com\\\/wp-content\\\/uploads\\\/2018\\\/05\\\/aiora_press_B.png\",\"width\":520,\"height\":216,\"caption\":\"Aiora Press\"},\"image\":{\"@id\":\"https:\\\/\\\/www.aiorabooks.com\\\/#\\\/schema\\\/logo\\\/image\\\/\"},\"sameAs\":[\"https:\\\/\\\/www.instagram.com\\\/aiorapress\\\/\"]}]}<\/script>\n<!-- \/ Yoast SEO plugin. -->","yoast_head_json":{"title":"Der Kirchenscheue - Aiora Press","description":"Eine Erz\u00e4hlung aus Skiathos Alexandros Papadiamantis \u00dcbersetzung von Prof. Dr. Ludwig B\u00fcrchner  ZWEISPRACHIGE AUSGABE  Mit einem Nachwort \u00fcber \u201eGriechen in G\u00f6rlitz\u201c von Thomas Plaul   Vor 30 Jahren, auf der vertr\u00e4umten Insel Skiathos, verliebte sich Kolias in Molota. Ihre Liebe wurde mit einem einzigen Kuss besiegelt. Dann wurde sie gezwungen, einen anderen zu heiraten, und er zog sich als Einsiedler in die Berge zur\u00fcck. Dennoch brachte sie das Schicksal wieder zusammen...  Alexandros Papadiamantis ist ein erstrangiger Vertreter der neugriechischen Literatur. Er reiht die Grundelemente der griechischen Identit\u00e4t aneinander, stellt gleichsam die verlorene Verbindung her zwischen der byzantinischen Tradition und dem heutigen Griechenland, beschreibt einf\u00fchlsam die lokalen Volkssitten und wirft einen nachdenklichen, klugen Blick auf die griechische Seele.","robots":{"index":"index","follow":"follow","max-snippet":"max-snippet:-1","max-image-preview":"max-image-preview:large","max-video-preview":"max-video-preview:-1"},"canonical":"https:\/\/www.aiorabooks.com\/product\/der-kirchenscheue\/","og_locale":"fr_FR","og_type":"article","og_title":"Der Kirchenscheue - Aiora Press","og_description":"Eine Erz\u00e4hlung aus Skiathos Alexandros Papadiamantis \u00dcbersetzung von Prof. Dr. Ludwig B\u00fcrchner  ZWEISPRACHIGE AUSGABE  Mit einem Nachwort \u00fcber \u201eGriechen in G\u00f6rlitz\u201c von Thomas Plaul   Vor 30 Jahren, auf der vertr\u00e4umten Insel Skiathos, verliebte sich Kolias in Molota. Ihre Liebe wurde mit einem einzigen Kuss besiegelt. Dann wurde sie gezwungen, einen anderen zu heiraten, und er zog sich als Einsiedler in die Berge zur\u00fcck. Dennoch brachte sie das Schicksal wieder zusammen...  Alexandros Papadiamantis ist ein erstrangiger Vertreter der neugriechischen Literatur. Er reiht die Grundelemente der griechischen Identit\u00e4t aneinander, stellt gleichsam die verlorene Verbindung her zwischen der byzantinischen Tradition und dem heutigen Griechenland, beschreibt einf\u00fchlsam die lokalen Volkssitten und wirft einen nachdenklichen, klugen Blick auf die griechische Seele.","og_url":"https:\/\/www.aiorabooks.com\/product\/der-kirchenscheue\/","og_site_name":"Aiora Press","article_modified_time":"2025-03-04T10:30:20+00:00","og_image":[{"width":1181,"height":1862,"url":"https:\/\/www.aiorabooks.com\/wp-content\/uploads\/2020\/02\/Der-Kirchenscheue.jpg","type":"image\/jpeg"}],"twitter_card":"summary_large_image","schema":{"@context":"https:\/\/schema.org","@graph":[{"@type":"WebPage","@id":"https:\/\/www.aiorabooks.com\/product\/der-kirchenscheue\/","url":"https:\/\/www.aiorabooks.com\/product\/der-kirchenscheue\/","name":"Der Kirchenscheue - Aiora Press","isPartOf":{"@id":"https:\/\/www.aiorabooks.com\/#website"},"primaryImageOfPage":{"@id":"https:\/\/www.aiorabooks.com\/product\/der-kirchenscheue\/#primaryimage"},"image":{"@id":"https:\/\/www.aiorabooks.com\/product\/der-kirchenscheue\/#primaryimage"},"thumbnailUrl":"https:\/\/www.aiorabooks.com\/wp-content\/uploads\/2020\/02\/Der-Kirchenscheue.jpg","datePublished":"2020-02-05T00:47:41+00:00","dateModified":"2025-03-04T10:30:20+00:00","description":"Eine Erz\u00e4hlung aus Skiathos Alexandros Papadiamantis \u00dcbersetzung von Prof. Dr. Ludwig B\u00fcrchner ZWEISPRACHIGE AUSGABE Mit einem Nachwort \u00fcber \u201eGriechen in G\u00f6rlitz\u201c von Thomas Plaul Vor 30 Jahren, auf der vertr\u00e4umten Insel Skiathos, verliebte sich Kolias in Molota. Ihre Liebe wurde mit einem einzigen Kuss besiegelt. Dann wurde sie gezwungen, einen anderen zu heiraten, und er zog sich als Einsiedler in die Berge zur\u00fcck. Dennoch brachte sie das Schicksal wieder zusammen... Alexandros Papadiamantis ist ein erstrangiger Vertreter der neugriechischen Literatur. Er reiht die Grundelemente der griechischen Identit\u00e4t aneinander, stellt gleichsam die verlorene Verbindung her zwischen der byzantinischen Tradition und dem heutigen Griechenland, beschreibt einf\u00fchlsam die lokalen Volkssitten und wirft einen nachdenklichen, klugen Blick auf die griechische Seele.","breadcrumb":{"@id":"https:\/\/www.aiorabooks.com\/product\/der-kirchenscheue\/#breadcrumb"},"inLanguage":"fr-FR","potentialAction":[{"@type":"ReadAction","target":["https:\/\/www.aiorabooks.com\/product\/der-kirchenscheue\/"]}]},{"@type":"ImageObject","inLanguage":"fr-FR","@id":"https:\/\/www.aiorabooks.com\/product\/der-kirchenscheue\/#primaryimage","url":"https:\/\/www.aiorabooks.com\/wp-content\/uploads\/2020\/02\/Der-Kirchenscheue.jpg","contentUrl":"https:\/\/www.aiorabooks.com\/wp-content\/uploads\/2020\/02\/Der-Kirchenscheue.jpg","width":1181,"height":1862,"caption":"Der Kirchenscheue"},{"@type":"BreadcrumbList","@id":"https:\/\/www.aiorabooks.com\/product\/der-kirchenscheue\/#breadcrumb","itemListElement":[{"@type":"ListItem","position":1,"name":"Home","item":"https:\/\/www.aiorabooks.com\/fr\/"},{"@type":"ListItem","position":2,"name":"Products","item":"https:\/\/www.aiorabooks.com\/shop\/"},{"@type":"ListItem","position":3,"name":"Der Kirchenscheue"}]},{"@type":"WebSite","@id":"https:\/\/www.aiorabooks.com\/#website","url":"https:\/\/www.aiorabooks.com\/","name":"Aiora Press","description":"","publisher":{"@id":"https:\/\/www.aiorabooks.com\/#organization"},"potentialAction":[{"@type":"SearchAction","target":{"@type":"EntryPoint","urlTemplate":"https:\/\/www.aiorabooks.com\/?s={search_term_string}"},"query-input":{"@type":"PropertyValueSpecification","valueRequired":true,"valueName":"search_term_string"}}],"inLanguage":"fr-FR"},{"@type":"Organization","@id":"https:\/\/www.aiorabooks.com\/#organization","name":"Aiora Press","url":"https:\/\/www.aiorabooks.com\/","logo":{"@type":"ImageObject","inLanguage":"fr-FR","@id":"https:\/\/www.aiorabooks.com\/#\/schema\/logo\/image\/","url":"https:\/\/www.aiorabooks.com\/wp-content\/uploads\/2018\/05\/aiora_press_B.png","contentUrl":"https:\/\/www.aiorabooks.com\/wp-content\/uploads\/2018\/05\/aiora_press_B.png","width":520,"height":216,"caption":"Aiora Press"},"image":{"@id":"https:\/\/www.aiorabooks.com\/#\/schema\/logo\/image\/"},"sameAs":["https:\/\/www.instagram.com\/aiorapress\/"]}]}},"brands":[{"id":594,"name":"Alexandros Papadiamantis","slug":"alexandros-papadiamantis"}],"_links":{"self":[{"href":"https:\/\/www.aiorabooks.com\/fr\/wp-json\/wp\/v2\/product\/4088","targetHints":{"allow":["GET"]}}],"collection":[{"href":"https:\/\/www.aiorabooks.com\/fr\/wp-json\/wp\/v2\/product"}],"about":[{"href":"https:\/\/www.aiorabooks.com\/fr\/wp-json\/wp\/v2\/types\/product"}],"wp:featuredmedia":[{"embeddable":true,"href":"https:\/\/www.aiorabooks.com\/fr\/wp-json\/wp\/v2\/media\/4089"}],"wp:attachment":[{"href":"https:\/\/www.aiorabooks.com\/fr\/wp-json\/wp\/v2\/media?parent=4088"}],"wp:term":[{"taxonomy":"pwb-brand","embeddable":true,"href":"https:\/\/www.aiorabooks.com\/fr\/wp-json\/wp\/v2\/pwb-brand?post=4088"},{"taxonomy":"product_brand","embeddable":true,"href":"https:\/\/www.aiorabooks.com\/fr\/wp-json\/wp\/v2\/product_brand?post=4088"},{"taxonomy":"product_cat","embeddable":true,"href":"https:\/\/www.aiorabooks.com\/fr\/wp-json\/wp\/v2\/product_cat?post=4088"},{"taxonomy":"product_tag","embeddable":true,"href":"https:\/\/www.aiorabooks.com\/fr\/wp-json\/wp\/v2\/product_tag?post=4088"}],"curies":[{"name":"wp","href":"https:\/\/api.w.org\/{rel}","templated":true}]}}