{"id":3284,"date":"2018-10-17T11:50:22","date_gmt":"2018-10-17T08:50:22","guid":{"rendered":"https:\/\/www.aiorabooks.com\/?post_type=product&#038;p=3284"},"modified":"2026-03-10T11:49:54","modified_gmt":"2026-03-10T09:49:54","slug":"le-chaudron-calcine-et-autres-poemes","status":"publish","type":"product","link":"https:\/\/www.aiorabooks.com\/fr\/product\/le-chaudron-calcine-et-autres-poemes\/","title":{"rendered":"Le chaudron calcin\u00e9 et autres po\u00e8mes"},"content":{"rendered":"","protected":false},"excerpt":{"rendered":"<p><span style=\"font-family: helvetica, arial, sans-serif;\"><a href=\"http:\/\/aioralivres.com\/index.php\/bios\/yannis-ritsos-fr\/\"><strong><span style=\"font-size: 14pt;\">YANNIS RITSOS<\/span><\/strong><\/a><\/span><br \/>\n<span style=\"font-family: helvetica, arial, sans-serif;\">Traduit par <\/span><strong><span style=\"font-family: helvetica, arial, sans-serif;\">Anne Personnaz<\/span><br \/>\n<\/strong><\/p>\n<p><span style=\"font-family: verdana, geneva, sans-serif; font-size: 10pt; color: #be0000;\">\u00c9DITION BILINGUE<\/span><\/p>\n<p>Yannis Ritsos a \u00e9crit Le chaudron calcin\u00e9, un long po\u00e8me embl\u00e9matique, dans le camps de prisonniers politiques sur l\u2019\u00eele de Limnos durant la guerre civile grecque. Le po\u00e8te, d\u00e9port\u00e9, \u00e0 la survie et aux len\u00addemains incertains, parle de la prison et de l\u2019exil, de la valeur des compagnons et des camarades \u00adde luttes, du combattant qui supporte l\u2019emprisonnement et qui ne perd pas espoir, du prisonnier qui continue de r\u00eaver dans les conditions les plus angoissantes, de la personne qui ne s\u2019arr\u00eate pas de lutter quo\u00adtidiennement. Le po\u00e8me constitue un hymne aux hommes et femmes qui luttent pour la dignit\u00e9 de l\u2019\u00eatre humain.<\/p>\n<p>Le livre est aussi disponible en format <span style=\"color: #33cccc;\"><a style=\"color: #33cccc;\" href=\"https:\/\/www.amazon.com\/chaudron-calcin%C3%A9-autres-po%C3%A8mes-bilingue-ebook\/dp\/B08F2VN349\/ref=sr_1_1?crid=SA70RNN7MR46&amp;keywords=le+chaudron+calcine+et+autres+poems&amp;qid=1658839706&amp;s=books&amp;sprefix=le+chaudron+calcin%C3%A9+et+autres+po%C3%A8mes%2Cstripbooks-intl-ship%2C178&amp;sr=1-1\"><strong>kindle<\/strong><\/a><\/span>.]<\/p>\n<p>&nbsp;<\/p>\n<p><em>Ritsos reste fid\u00e8le \u00e0 la po\u00e9sie qui rend \u00e0 l\u2019homme humili\u00e9 sa dignit\u00e9, celle qui le r\u00e9concilie avec le monde<\/em>.<\/p>\n<p><strong>\u2014 Michel M\u00e9nach\u00e9<br \/>\n<\/strong>REVUE EUROPE<\/p>\n<p><em>Yannis Ritsos est un po\u00e8te majeur comme on n\u2019en fait plus. Sa production est consid\u00e9rable, sa vie h\u00e9ro\u00efque et tumultueuse, sa voix est l\u2019incarnation du courage national, son esprit d\u2019une activit\u00e9 sans rel\u00e2che. <\/em><\/p>\n<p><strong>\u2014 Peter Levi<br \/>\n<\/strong>TIMES LITERARY SUPPLEMENT<\/p>\n","protected":false},"featured_media":8918,"template":"","meta":{"_acf_changed":false},"pwb-brand":[313],"product_brand":[],"product_cat":[238,246],"product_tag":[473,485,1762,1763],"class_list":{"0":"post-3284","1":"product","2":"type-product","3":"status-publish","4":"has-post-thumbnail","6":"pwb-brand-yannis-ritsos-fr","7":"product_cat-classiques-grecs-modernes","8":"product_cat-livres","9":"product_tag-poesie","10":"product_tag-poesie-neohellenique","11":"product_tag-ritsos","12":"product_tag-yannis-ritsos","14":"first","15":"instock","16":"shipping-taxable","17":"purchasable","18":"product-type-simple"},"acf":[],"yoast_head":"<!-- This site is optimized with the Yoast SEO plugin v27.5 - https:\/\/yoast.com\/product\/yoast-seo-wordpress\/ -->\n<title>Le chaudron calcin\u00e9 et autres po\u00e8mes - Aiora Press<\/title>\n<meta name=\"description\" content=\"YANNIS RITSOS Traduit par Anne Personnaz   \u00c9DITION BILINGUE  Yannis Ritsos a \u00e9crit Le chaudron calcin\u00e9, un long po\u00e8me embl\u00e9matique, dans le camps de prisonniers politiques sur l\u2019\u00eele de Limnos durant la guerre civile grecque. Le po\u00e8te, d\u00e9port\u00e9, \u00e0 la survie et aux len\u00addemains incertains, parle de la prison et de l\u2019exil, de la valeur des compagnons et des camarades \u00adde luttes, du combattant qui supporte l\u2019emprisonnement et qui ne perd pas espoir, du prisonnier qui continue de r\u00eaver dans les conditions les plus angoissantes, de la personne qui ne s\u2019arr\u00eate pas de lutter quo\u00adtidiennement. Le po\u00e8me constitue un hymne aux hommes et femmes qui luttent pour la dignit\u00e9 de l\u2019\u00eatre humain.  Le livre est aussi disponible en format kindle.]  &nbsp;  Ritsos reste fid\u00e8le \u00e0 la po\u00e9sie qui rend \u00e0 l\u2019homme humili\u00e9 sa dignit\u00e9, celle qui le r\u00e9concilie avec le monde.  \u2014 Michel M\u00e9nach\u00e9 REVUE EUROPE  Yannis Ritsos est un po\u00e8te majeur comme on n\u2019en fait plus. Sa production est consid\u00e9rable, sa vie h\u00e9ro\u00efque et tumultueuse, sa voix est l\u2019incarnation du courage national, son esprit d\u2019une activit\u00e9 sans rel\u00e2che.   \u2014 Peter Levi TIMES LITERARY SUPPLEMENT\" \/>\n<meta name=\"robots\" content=\"index, follow, max-snippet:-1, max-image-preview:large, max-video-preview:-1\" \/>\n<link rel=\"canonical\" href=\"https:\/\/www.aiorabooks.com\/product\/le-chaudron-calcine-et-autres-poemes\/\" \/>\n<meta property=\"og:locale\" content=\"fr_FR\" \/>\n<meta property=\"og:type\" content=\"article\" \/>\n<meta property=\"og:title\" content=\"Le chaudron calcin\u00e9 et autres po\u00e8mes - Aiora Press\" \/>\n<meta property=\"og:description\" content=\"YANNIS RITSOS Traduit par Anne Personnaz   \u00c9DITION BILINGUE  Yannis Ritsos a \u00e9crit Le chaudron calcin\u00e9, un long po\u00e8me embl\u00e9matique, dans le camps de prisonniers politiques sur l\u2019\u00eele de Limnos durant la guerre civile grecque. Le po\u00e8te, d\u00e9port\u00e9, \u00e0 la survie et aux len\u00addemains incertains, parle de la prison et de l\u2019exil, de la valeur des compagnons et des camarades \u00adde luttes, du combattant qui supporte l\u2019emprisonnement et qui ne perd pas espoir, du prisonnier qui continue de r\u00eaver dans les conditions les plus angoissantes, de la personne qui ne s\u2019arr\u00eate pas de lutter quo\u00adtidiennement. Le po\u00e8me constitue un hymne aux hommes et femmes qui luttent pour la dignit\u00e9 de l\u2019\u00eatre humain.  Le livre est aussi disponible en format kindle.]  &nbsp;  Ritsos reste fid\u00e8le \u00e0 la po\u00e9sie qui rend \u00e0 l\u2019homme humili\u00e9 sa dignit\u00e9, celle qui le r\u00e9concilie avec le monde.  \u2014 Michel M\u00e9nach\u00e9 REVUE EUROPE  Yannis Ritsos est un po\u00e8te majeur comme on n\u2019en fait plus. Sa production est consid\u00e9rable, sa vie h\u00e9ro\u00efque et tumultueuse, sa voix est l\u2019incarnation du courage national, son esprit d\u2019une activit\u00e9 sans rel\u00e2che.   \u2014 Peter Levi TIMES LITERARY SUPPLEMENT\" \/>\n<meta property=\"og:url\" content=\"https:\/\/www.aiorabooks.com\/product\/le-chaudron-calcine-et-autres-poemes\/\" \/>\n<meta property=\"og:site_name\" content=\"Aiora Press\" \/>\n<meta property=\"article:modified_time\" content=\"2026-03-10T09:49:54+00:00\" \/>\n<meta property=\"og:image\" content=\"https:\/\/www.aiorabooks.com\/wp-content\/uploads\/2018\/10\/ritsos-fr-rgb.jpg\" \/>\n\t<meta property=\"og:image:width\" content=\"1513\" \/>\n\t<meta property=\"og:image:height\" content=\"2421\" \/>\n\t<meta property=\"og:image:type\" content=\"image\/jpeg\" \/>\n<meta name=\"twitter:card\" content=\"summary_large_image\" \/>\n<meta name=\"twitter:label1\" content=\"Dur\u00e9e de lecture estim\u00e9e\" \/>\n\t<meta name=\"twitter:data1\" content=\"1 minute\" \/>\n<script type=\"application\/ld+json\" class=\"yoast-schema-graph\">{\"@context\":\"https:\\\/\\\/schema.org\",\"@graph\":[{\"@type\":\"WebPage\",\"@id\":\"https:\\\/\\\/www.aiorabooks.com\\\/product\\\/le-chaudron-calcine-et-autres-poemes\\\/\",\"url\":\"https:\\\/\\\/www.aiorabooks.com\\\/product\\\/le-chaudron-calcine-et-autres-poemes\\\/\",\"name\":\"Le chaudron calcin\u00e9 et autres po\u00e8mes - Aiora Press\",\"isPartOf\":{\"@id\":\"https:\\\/\\\/www.aiorabooks.com\\\/#website\"},\"primaryImageOfPage\":{\"@id\":\"https:\\\/\\\/www.aiorabooks.com\\\/product\\\/le-chaudron-calcine-et-autres-poemes\\\/#primaryimage\"},\"image\":{\"@id\":\"https:\\\/\\\/www.aiorabooks.com\\\/product\\\/le-chaudron-calcine-et-autres-poemes\\\/#primaryimage\"},\"thumbnailUrl\":\"https:\\\/\\\/www.aiorabooks.com\\\/wp-content\\\/uploads\\\/2018\\\/10\\\/ritsos-fr-rgb.jpg\",\"datePublished\":\"2018-10-17T08:50:22+00:00\",\"dateModified\":\"2026-03-10T09:49:54+00:00\",\"description\":\"YANNIS RITSOS Traduit par Anne Personnaz \u00c9DITION BILINGUE Yannis Ritsos a \u00e9crit Le chaudron calcin\u00e9, un long po\u00e8me embl\u00e9matique, dans le camps de prisonniers politiques sur l\u2019\u00eele de Limnos durant la guerre civile grecque. Le po\u00e8te, d\u00e9port\u00e9, \u00e0 la survie et aux len\u00addemains incertains, parle de la prison et de l\u2019exil, de la valeur des compagnons et des camarades \u00adde luttes, du combattant qui supporte l\u2019emprisonnement et qui ne perd pas espoir, du prisonnier qui continue de r\u00eaver dans les conditions les plus angoissantes, de la personne qui ne s\u2019arr\u00eate pas de lutter quo\u00adtidiennement. Le po\u00e8me constitue un hymne aux hommes et femmes qui luttent pour la dignit\u00e9 de l\u2019\u00eatre humain. Le livre est aussi disponible en format kindle.] &nbsp; Ritsos reste fid\u00e8le \u00e0 la po\u00e9sie qui rend \u00e0 l\u2019homme humili\u00e9 sa dignit\u00e9, celle qui le r\u00e9concilie avec le monde. \u2014 Michel M\u00e9nach\u00e9 REVUE EUROPE Yannis Ritsos est un po\u00e8te majeur comme on n\u2019en fait plus. Sa production est consid\u00e9rable, sa vie h\u00e9ro\u00efque et tumultueuse, sa voix est l\u2019incarnation du courage national, son esprit d\u2019une activit\u00e9 sans rel\u00e2che. \u2014 Peter Levi TIMES LITERARY SUPPLEMENT\",\"breadcrumb\":{\"@id\":\"https:\\\/\\\/www.aiorabooks.com\\\/product\\\/le-chaudron-calcine-et-autres-poemes\\\/#breadcrumb\"},\"inLanguage\":\"fr-FR\",\"potentialAction\":[{\"@type\":\"ReadAction\",\"target\":[\"https:\\\/\\\/www.aiorabooks.com\\\/product\\\/le-chaudron-calcine-et-autres-poemes\\\/\"]}]},{\"@type\":\"ImageObject\",\"inLanguage\":\"fr-FR\",\"@id\":\"https:\\\/\\\/www.aiorabooks.com\\\/product\\\/le-chaudron-calcine-et-autres-poemes\\\/#primaryimage\",\"url\":\"https:\\\/\\\/www.aiorabooks.com\\\/wp-content\\\/uploads\\\/2018\\\/10\\\/ritsos-fr-rgb.jpg\",\"contentUrl\":\"https:\\\/\\\/www.aiorabooks.com\\\/wp-content\\\/uploads\\\/2018\\\/10\\\/ritsos-fr-rgb.jpg\",\"width\":1513,\"height\":2421,\"caption\":\"Yannis Ritsos, Le chaudron calcin\u00e9\"},{\"@type\":\"BreadcrumbList\",\"@id\":\"https:\\\/\\\/www.aiorabooks.com\\\/product\\\/le-chaudron-calcine-et-autres-poemes\\\/#breadcrumb\",\"itemListElement\":[{\"@type\":\"ListItem\",\"position\":1,\"name\":\"Home\",\"item\":\"https:\\\/\\\/www.aiorabooks.com\\\/fr\\\/\"},{\"@type\":\"ListItem\",\"position\":2,\"name\":\"Products\",\"item\":\"https:\\\/\\\/www.aiorabooks.com\\\/shop\\\/\"},{\"@type\":\"ListItem\",\"position\":3,\"name\":\"Le chaudron calcin\u00e9 et autres po\u00e8mes\"}]},{\"@type\":\"WebSite\",\"@id\":\"https:\\\/\\\/www.aiorabooks.com\\\/#website\",\"url\":\"https:\\\/\\\/www.aiorabooks.com\\\/\",\"name\":\"Aiora Press\",\"description\":\"\",\"publisher\":{\"@id\":\"https:\\\/\\\/www.aiorabooks.com\\\/#organization\"},\"potentialAction\":[{\"@type\":\"SearchAction\",\"target\":{\"@type\":\"EntryPoint\",\"urlTemplate\":\"https:\\\/\\\/www.aiorabooks.com\\\/?s={search_term_string}\"},\"query-input\":{\"@type\":\"PropertyValueSpecification\",\"valueRequired\":true,\"valueName\":\"search_term_string\"}}],\"inLanguage\":\"fr-FR\"},{\"@type\":\"Organization\",\"@id\":\"https:\\\/\\\/www.aiorabooks.com\\\/#organization\",\"name\":\"Aiora Press\",\"url\":\"https:\\\/\\\/www.aiorabooks.com\\\/\",\"logo\":{\"@type\":\"ImageObject\",\"inLanguage\":\"fr-FR\",\"@id\":\"https:\\\/\\\/www.aiorabooks.com\\\/#\\\/schema\\\/logo\\\/image\\\/\",\"url\":\"https:\\\/\\\/www.aiorabooks.com\\\/wp-content\\\/uploads\\\/2018\\\/05\\\/aiora_press_B.png\",\"contentUrl\":\"https:\\\/\\\/www.aiorabooks.com\\\/wp-content\\\/uploads\\\/2018\\\/05\\\/aiora_press_B.png\",\"width\":520,\"height\":216,\"caption\":\"Aiora Press\"},\"image\":{\"@id\":\"https:\\\/\\\/www.aiorabooks.com\\\/#\\\/schema\\\/logo\\\/image\\\/\"},\"sameAs\":[\"https:\\\/\\\/www.instagram.com\\\/aiorapress\\\/\"]}]}<\/script>\n<!-- \/ Yoast SEO plugin. -->","yoast_head_json":{"title":"Le chaudron calcin\u00e9 et autres po\u00e8mes - Aiora Press","description":"YANNIS RITSOS Traduit par Anne Personnaz   \u00c9DITION BILINGUE  Yannis Ritsos a \u00e9crit Le chaudron calcin\u00e9, un long po\u00e8me embl\u00e9matique, dans le camps de prisonniers politiques sur l\u2019\u00eele de Limnos durant la guerre civile grecque. Le po\u00e8te, d\u00e9port\u00e9, \u00e0 la survie et aux len\u00addemains incertains, parle de la prison et de l\u2019exil, de la valeur des compagnons et des camarades \u00adde luttes, du combattant qui supporte l\u2019emprisonnement et qui ne perd pas espoir, du prisonnier qui continue de r\u00eaver dans les conditions les plus angoissantes, de la personne qui ne s\u2019arr\u00eate pas de lutter quo\u00adtidiennement. Le po\u00e8me constitue un hymne aux hommes et femmes qui luttent pour la dignit\u00e9 de l\u2019\u00eatre humain.  Le livre est aussi disponible en format kindle.]  &nbsp;  Ritsos reste fid\u00e8le \u00e0 la po\u00e9sie qui rend \u00e0 l\u2019homme humili\u00e9 sa dignit\u00e9, celle qui le r\u00e9concilie avec le monde.  \u2014 Michel M\u00e9nach\u00e9 REVUE EUROPE  Yannis Ritsos est un po\u00e8te majeur comme on n\u2019en fait plus. Sa production est consid\u00e9rable, sa vie h\u00e9ro\u00efque et tumultueuse, sa voix est l\u2019incarnation du courage national, son esprit d\u2019une activit\u00e9 sans rel\u00e2che.   \u2014 Peter Levi TIMES LITERARY SUPPLEMENT","robots":{"index":"index","follow":"follow","max-snippet":"max-snippet:-1","max-image-preview":"max-image-preview:large","max-video-preview":"max-video-preview:-1"},"canonical":"https:\/\/www.aiorabooks.com\/product\/le-chaudron-calcine-et-autres-poemes\/","og_locale":"fr_FR","og_type":"article","og_title":"Le chaudron calcin\u00e9 et autres po\u00e8mes - Aiora Press","og_description":"YANNIS RITSOS Traduit par Anne Personnaz   \u00c9DITION BILINGUE  Yannis Ritsos a \u00e9crit Le chaudron calcin\u00e9, un long po\u00e8me embl\u00e9matique, dans le camps de prisonniers politiques sur l\u2019\u00eele de Limnos durant la guerre civile grecque. Le po\u00e8te, d\u00e9port\u00e9, \u00e0 la survie et aux len\u00addemains incertains, parle de la prison et de l\u2019exil, de la valeur des compagnons et des camarades \u00adde luttes, du combattant qui supporte l\u2019emprisonnement et qui ne perd pas espoir, du prisonnier qui continue de r\u00eaver dans les conditions les plus angoissantes, de la personne qui ne s\u2019arr\u00eate pas de lutter quo\u00adtidiennement. Le po\u00e8me constitue un hymne aux hommes et femmes qui luttent pour la dignit\u00e9 de l\u2019\u00eatre humain.  Le livre est aussi disponible en format kindle.]  &nbsp;  Ritsos reste fid\u00e8le \u00e0 la po\u00e9sie qui rend \u00e0 l\u2019homme humili\u00e9 sa dignit\u00e9, celle qui le r\u00e9concilie avec le monde.  \u2014 Michel M\u00e9nach\u00e9 REVUE EUROPE  Yannis Ritsos est un po\u00e8te majeur comme on n\u2019en fait plus. Sa production est consid\u00e9rable, sa vie h\u00e9ro\u00efque et tumultueuse, sa voix est l\u2019incarnation du courage national, son esprit d\u2019une activit\u00e9 sans rel\u00e2che.   \u2014 Peter Levi TIMES LITERARY SUPPLEMENT","og_url":"https:\/\/www.aiorabooks.com\/product\/le-chaudron-calcine-et-autres-poemes\/","og_site_name":"Aiora Press","article_modified_time":"2026-03-10T09:49:54+00:00","og_image":[{"width":1513,"height":2421,"url":"https:\/\/www.aiorabooks.com\/wp-content\/uploads\/2018\/10\/ritsos-fr-rgb.jpg","type":"image\/jpeg"}],"twitter_card":"summary_large_image","twitter_misc":{"Dur\u00e9e de lecture estim\u00e9e":"1 minute"},"schema":{"@context":"https:\/\/schema.org","@graph":[{"@type":"WebPage","@id":"https:\/\/www.aiorabooks.com\/product\/le-chaudron-calcine-et-autres-poemes\/","url":"https:\/\/www.aiorabooks.com\/product\/le-chaudron-calcine-et-autres-poemes\/","name":"Le chaudron calcin\u00e9 et autres po\u00e8mes - Aiora Press","isPartOf":{"@id":"https:\/\/www.aiorabooks.com\/#website"},"primaryImageOfPage":{"@id":"https:\/\/www.aiorabooks.com\/product\/le-chaudron-calcine-et-autres-poemes\/#primaryimage"},"image":{"@id":"https:\/\/www.aiorabooks.com\/product\/le-chaudron-calcine-et-autres-poemes\/#primaryimage"},"thumbnailUrl":"https:\/\/www.aiorabooks.com\/wp-content\/uploads\/2018\/10\/ritsos-fr-rgb.jpg","datePublished":"2018-10-17T08:50:22+00:00","dateModified":"2026-03-10T09:49:54+00:00","description":"YANNIS RITSOS Traduit par Anne Personnaz \u00c9DITION BILINGUE Yannis Ritsos a \u00e9crit Le chaudron calcin\u00e9, un long po\u00e8me embl\u00e9matique, dans le camps de prisonniers politiques sur l\u2019\u00eele de Limnos durant la guerre civile grecque. Le po\u00e8te, d\u00e9port\u00e9, \u00e0 la survie et aux len\u00addemains incertains, parle de la prison et de l\u2019exil, de la valeur des compagnons et des camarades \u00adde luttes, du combattant qui supporte l\u2019emprisonnement et qui ne perd pas espoir, du prisonnier qui continue de r\u00eaver dans les conditions les plus angoissantes, de la personne qui ne s\u2019arr\u00eate pas de lutter quo\u00adtidiennement. Le po\u00e8me constitue un hymne aux hommes et femmes qui luttent pour la dignit\u00e9 de l\u2019\u00eatre humain. Le livre est aussi disponible en format kindle.] &nbsp; Ritsos reste fid\u00e8le \u00e0 la po\u00e9sie qui rend \u00e0 l\u2019homme humili\u00e9 sa dignit\u00e9, celle qui le r\u00e9concilie avec le monde. \u2014 Michel M\u00e9nach\u00e9 REVUE EUROPE Yannis Ritsos est un po\u00e8te majeur comme on n\u2019en fait plus. Sa production est consid\u00e9rable, sa vie h\u00e9ro\u00efque et tumultueuse, sa voix est l\u2019incarnation du courage national, son esprit d\u2019une activit\u00e9 sans rel\u00e2che. \u2014 Peter Levi TIMES LITERARY SUPPLEMENT","breadcrumb":{"@id":"https:\/\/www.aiorabooks.com\/product\/le-chaudron-calcine-et-autres-poemes\/#breadcrumb"},"inLanguage":"fr-FR","potentialAction":[{"@type":"ReadAction","target":["https:\/\/www.aiorabooks.com\/product\/le-chaudron-calcine-et-autres-poemes\/"]}]},{"@type":"ImageObject","inLanguage":"fr-FR","@id":"https:\/\/www.aiorabooks.com\/product\/le-chaudron-calcine-et-autres-poemes\/#primaryimage","url":"https:\/\/www.aiorabooks.com\/wp-content\/uploads\/2018\/10\/ritsos-fr-rgb.jpg","contentUrl":"https:\/\/www.aiorabooks.com\/wp-content\/uploads\/2018\/10\/ritsos-fr-rgb.jpg","width":1513,"height":2421,"caption":"Yannis Ritsos, Le chaudron calcin\u00e9"},{"@type":"BreadcrumbList","@id":"https:\/\/www.aiorabooks.com\/product\/le-chaudron-calcine-et-autres-poemes\/#breadcrumb","itemListElement":[{"@type":"ListItem","position":1,"name":"Home","item":"https:\/\/www.aiorabooks.com\/fr\/"},{"@type":"ListItem","position":2,"name":"Products","item":"https:\/\/www.aiorabooks.com\/shop\/"},{"@type":"ListItem","position":3,"name":"Le chaudron calcin\u00e9 et autres po\u00e8mes"}]},{"@type":"WebSite","@id":"https:\/\/www.aiorabooks.com\/#website","url":"https:\/\/www.aiorabooks.com\/","name":"Aiora Press","description":"","publisher":{"@id":"https:\/\/www.aiorabooks.com\/#organization"},"potentialAction":[{"@type":"SearchAction","target":{"@type":"EntryPoint","urlTemplate":"https:\/\/www.aiorabooks.com\/?s={search_term_string}"},"query-input":{"@type":"PropertyValueSpecification","valueRequired":true,"valueName":"search_term_string"}}],"inLanguage":"fr-FR"},{"@type":"Organization","@id":"https:\/\/www.aiorabooks.com\/#organization","name":"Aiora Press","url":"https:\/\/www.aiorabooks.com\/","logo":{"@type":"ImageObject","inLanguage":"fr-FR","@id":"https:\/\/www.aiorabooks.com\/#\/schema\/logo\/image\/","url":"https:\/\/www.aiorabooks.com\/wp-content\/uploads\/2018\/05\/aiora_press_B.png","contentUrl":"https:\/\/www.aiorabooks.com\/wp-content\/uploads\/2018\/05\/aiora_press_B.png","width":520,"height":216,"caption":"Aiora Press"},"image":{"@id":"https:\/\/www.aiorabooks.com\/#\/schema\/logo\/image\/"},"sameAs":["https:\/\/www.instagram.com\/aiorapress\/"]}]}},"brands":[{"id":313,"name":"Yannis Ritsos","slug":"yannis-ritsos-fr"}],"_links":{"self":[{"href":"https:\/\/www.aiorabooks.com\/fr\/wp-json\/wp\/v2\/product\/3284","targetHints":{"allow":["GET"]}}],"collection":[{"href":"https:\/\/www.aiorabooks.com\/fr\/wp-json\/wp\/v2\/product"}],"about":[{"href":"https:\/\/www.aiorabooks.com\/fr\/wp-json\/wp\/v2\/types\/product"}],"wp:featuredmedia":[{"embeddable":true,"href":"https:\/\/www.aiorabooks.com\/fr\/wp-json\/wp\/v2\/media\/8918"}],"wp:attachment":[{"href":"https:\/\/www.aiorabooks.com\/fr\/wp-json\/wp\/v2\/media?parent=3284"}],"wp:term":[{"taxonomy":"pwb-brand","embeddable":true,"href":"https:\/\/www.aiorabooks.com\/fr\/wp-json\/wp\/v2\/pwb-brand?post=3284"},{"taxonomy":"product_brand","embeddable":true,"href":"https:\/\/www.aiorabooks.com\/fr\/wp-json\/wp\/v2\/product_brand?post=3284"},{"taxonomy":"product_cat","embeddable":true,"href":"https:\/\/www.aiorabooks.com\/fr\/wp-json\/wp\/v2\/product_cat?post=3284"},{"taxonomy":"product_tag","embeddable":true,"href":"https:\/\/www.aiorabooks.com\/fr\/wp-json\/wp\/v2\/product_tag?post=3284"}],"curies":[{"name":"wp","href":"https:\/\/api.w.org\/{rel}","templated":true}]}}