{"id":3184,"date":"2018-10-05T12:56:45","date_gmt":"2018-10-05T09:56:45","guid":{"rendered":"https:\/\/www.aiorabooks.com\/?post_type=product&#038;p=3184"},"modified":"2025-05-13T14:16:04","modified_gmt":"2025-05-13T11:16:04","slug":"quelques-points-de-la-tradition-grecque-moderne","status":"publish","type":"product","link":"https:\/\/www.aiorabooks.com\/fr\/product\/quelques-points-de-la-tradition-grecque-moderne\/","title":{"rendered":"Quelques points de la tradition grecque moderne"},"content":{"rendered":"","protected":false},"excerpt":{"rendered":"<p><span style=\"font-family: helvetica, arial, sans-serif;\"><strong><span style=\"color: #33cccc;\"><a style=\"color: #33cccc;\" href=\"https:\/\/www.aiorabooks.com\/fr\/2019\/06\/06\/georges-seferis\/\"><span style=\"font-size: 14pt;\">GEORGES S\u00c9F\u00c9RIS<\/span><\/a><\/span><br \/>\n<\/strong>Postface\u200a: <strong>Dimitris Daskalopoulos<br \/>\n<\/strong><\/span><\/p>\n<p><span style=\"font-family: verdana, geneva, sans-serif; font-size: 10pt; color: #be0000;\">\u00c9DITION BILINGUE<\/span><\/p>\n<p>Georges S\u00e9f\u00e9ris, un po\u00e8te grec parmi les plus importants, a renouvel\u00e9 la po\u00e9sie n\u00e9ohell\u00e9nique du point de vue de l&#8217;inspiration, de la sensibilit\u00e9 et des id\u00e9es. Les deux discours prononc\u00e9s \u00e0 Stockholm \u00e0 l&#8217;occasion de l&#8217;attribution du prix Nobel de Litt\u00e9rature en 1963, remarquablement actuels, pr\u00e9sentent un int\u00e9r\u00eat extraordinaire pour ceux qui voudraient en savoir plus sur les id\u00e9es du po\u00e8te concernant la gr\u00e9cit\u00e9, la tradition culturelle de son pays, et surtout sa langue.<\/p>\n<p>Le po\u00e8te Georges S\u00e9f\u00e9ris, n\u00e9 en 1900 \u00e0 Smyrne (l&#8217;actuelle Izmir) en Asie Mineure, s&#8217;installe \u00e0 Ath\u00e8nes pendant son adolescence. Apr\u00e8s avoir accompli ses \u00e9tudes \u00e0 Paris et \u00e0 Londres, il poursuit une carri\u00e8re diplomatique, qui lui donne acc\u00e8s \u00e0 des postes les plus pr\u00e9stigieux et lui permet de faire plusieurs voyages dans le monde entier. Son \u0153uvre comprend plusieurs recueils de po\u00e8mes, des essais, ainsi que des traductions des \u00e9crivains \u00e9trangers et un roman. Il a re\u00e7u le prix Nobel de litt\u00e9rature en 1963. Il meurt \u00e0 Ath\u00e8nes en 1971.<\/p>\n<p><em>Dans ce monde qui va en se r\u00e9tr\u00e9cissant, chacun de nous a besoin de tous les autres. Nous devons chercher l\u200a&#8217;\u200ahomme, partout o\u00f9 il se trouve. Quand, sur le chemin de Th\u00e8bes, \u0152dipe rencontra le Sphinx qui lui posa son \u00e9nigme sa r\u00e9ponse fut\u2009: l\u200a&#8217;homme. Ce simple mot d\u00e9truisit le monstre. Nous avons beaucoup de monstres \u00e0 d\u00e9truire. Pensons \u00e0 la r\u00e9ponse d\u200a&#8217;\u200a\u0152dipe.<\/em><br \/>\n<strong>Georges S\u00e9f\u00e9ris<\/strong><\/p>\n","protected":false},"featured_media":3185,"template":"","meta":{"_acf_changed":false},"pwb-brand":[454],"product_brand":[],"product_cat":[238],"product_tag":[485,484,508],"class_list":{"0":"post-3184","1":"product","2":"type-product","3":"status-publish","4":"has-post-thumbnail","6":"pwb-brand-george-seferis-fr","7":"product_cat-classiques-grecs-modernes","8":"product_tag-poesie-neohellenique","9":"product_tag-prix-nobel-de-litterature-1963","10":"product_tag-seferis-fr","12":"first","13":"instock","14":"shipping-taxable","15":"purchasable","16":"product-type-simple"},"acf":[],"yoast_head":"<!-- This site is optimized with the Yoast SEO plugin v27.5 - https:\/\/yoast.com\/product\/yoast-seo-wordpress\/ -->\n<title>Quelques points de la tradition grecque moderne - Aiora Press<\/title>\n<meta name=\"description\" content=\"GEORGES S\u00c9F\u00c9RIS Postface\u200a: Dimitris Daskalopoulos   \u00c9DITION BILINGUE  Georges S\u00e9f\u00e9ris, un po\u00e8te grec parmi les plus importants, a renouvel\u00e9 la po\u00e9sie n\u00e9ohell\u00e9nique du point de vue de l&#039;inspiration, de la sensibilit\u00e9 et des id\u00e9es. Les deux discours prononc\u00e9s \u00e0 Stockholm \u00e0 l&#039;occasion de l&#039;attribution du prix Nobel de Litt\u00e9rature en 1963, remarquablement actuels, pr\u00e9sentent un int\u00e9r\u00eat extraordinaire pour ceux qui voudraient en savoir plus sur les id\u00e9es du po\u00e8te concernant la gr\u00e9cit\u00e9, la tradition culturelle de son pays, et surtout sa langue.  Le po\u00e8te Georges S\u00e9f\u00e9ris, n\u00e9 en 1900 \u00e0 Smyrne (l&#039;actuelle Izmir) en Asie Mineure, s&#039;installe \u00e0 Ath\u00e8nes pendant son adolescence. Apr\u00e8s avoir accompli ses \u00e9tudes \u00e0 Paris et \u00e0 Londres, il poursuit une carri\u00e8re diplomatique, qui lui donne acc\u00e8s \u00e0 des postes les plus pr\u00e9stigieux et lui permet de faire plusieurs voyages dans le monde entier. Son \u0153uvre comprend plusieurs recueils de po\u00e8mes, des essais, ainsi que des traductions des \u00e9crivains \u00e9trangers et un roman. Il a re\u00e7u le prix Nobel de litt\u00e9rature en 1963. Il meurt \u00e0 Ath\u00e8nes en 1971.  Dans ce monde qui va en se r\u00e9tr\u00e9cissant, chacun de nous a besoin de tous les autres. Nous devons chercher l\u200a&#039;\u200ahomme, partout o\u00f9 il se trouve. Quand, sur le chemin de Th\u00e8bes, \u0152dipe rencontra le Sphinx qui lui posa son \u00e9nigme sa r\u00e9ponse fut\u2009: l\u200a&#039;homme. Ce simple mot d\u00e9truisit le monstre. Nous avons beaucoup de monstres \u00e0 d\u00e9truire. Pensons \u00e0 la r\u00e9ponse d\u200a&#039;\u200a\u0152dipe. Georges S\u00e9f\u00e9ris\" \/>\n<meta name=\"robots\" content=\"index, follow, max-snippet:-1, max-image-preview:large, max-video-preview:-1\" \/>\n<link rel=\"canonical\" href=\"https:\/\/www.aiorabooks.com\/product\/quelques-points-de-la-tradition-grecque-moderne\/\" \/>\n<meta property=\"og:locale\" content=\"fr_FR\" \/>\n<meta property=\"og:type\" content=\"article\" \/>\n<meta property=\"og:title\" content=\"Quelques points de la tradition grecque moderne - Aiora Press\" \/>\n<meta property=\"og:description\" content=\"GEORGES S\u00c9F\u00c9RIS Postface\u200a: Dimitris Daskalopoulos   \u00c9DITION BILINGUE  Georges S\u00e9f\u00e9ris, un po\u00e8te grec parmi les plus importants, a renouvel\u00e9 la po\u00e9sie n\u00e9ohell\u00e9nique du point de vue de l&#039;inspiration, de la sensibilit\u00e9 et des id\u00e9es. Les deux discours prononc\u00e9s \u00e0 Stockholm \u00e0 l&#039;occasion de l&#039;attribution du prix Nobel de Litt\u00e9rature en 1963, remarquablement actuels, pr\u00e9sentent un int\u00e9r\u00eat extraordinaire pour ceux qui voudraient en savoir plus sur les id\u00e9es du po\u00e8te concernant la gr\u00e9cit\u00e9, la tradition culturelle de son pays, et surtout sa langue.  Le po\u00e8te Georges S\u00e9f\u00e9ris, n\u00e9 en 1900 \u00e0 Smyrne (l&#039;actuelle Izmir) en Asie Mineure, s&#039;installe \u00e0 Ath\u00e8nes pendant son adolescence. Apr\u00e8s avoir accompli ses \u00e9tudes \u00e0 Paris et \u00e0 Londres, il poursuit une carri\u00e8re diplomatique, qui lui donne acc\u00e8s \u00e0 des postes les plus pr\u00e9stigieux et lui permet de faire plusieurs voyages dans le monde entier. Son \u0153uvre comprend plusieurs recueils de po\u00e8mes, des essais, ainsi que des traductions des \u00e9crivains \u00e9trangers et un roman. Il a re\u00e7u le prix Nobel de litt\u00e9rature en 1963. Il meurt \u00e0 Ath\u00e8nes en 1971.  Dans ce monde qui va en se r\u00e9tr\u00e9cissant, chacun de nous a besoin de tous les autres. Nous devons chercher l\u200a&#039;\u200ahomme, partout o\u00f9 il se trouve. Quand, sur le chemin de Th\u00e8bes, \u0152dipe rencontra le Sphinx qui lui posa son \u00e9nigme sa r\u00e9ponse fut\u2009: l\u200a&#039;homme. Ce simple mot d\u00e9truisit le monstre. Nous avons beaucoup de monstres \u00e0 d\u00e9truire. Pensons \u00e0 la r\u00e9ponse d\u200a&#039;\u200a\u0152dipe. Georges S\u00e9f\u00e9ris\" \/>\n<meta property=\"og:url\" content=\"https:\/\/www.aiorabooks.com\/product\/quelques-points-de-la-tradition-grecque-moderne\/\" \/>\n<meta property=\"og:site_name\" content=\"Aiora Press\" \/>\n<meta property=\"article:modified_time\" content=\"2025-05-13T11:16:04+00:00\" \/>\n<meta property=\"og:image\" content=\"https:\/\/www.aiorabooks.com\/wp-content\/uploads\/2018\/10\/seferisNOBEL_FR_RGB.jpg\" \/>\n\t<meta property=\"og:image:width\" content=\"1181\" \/>\n\t<meta property=\"og:image:height\" content=\"1863\" \/>\n\t<meta property=\"og:image:type\" content=\"image\/jpeg\" \/>\n<meta name=\"twitter:card\" content=\"summary_large_image\" \/>\n<meta name=\"twitter:label1\" content=\"Dur\u00e9e de lecture estim\u00e9e\" \/>\n\t<meta name=\"twitter:data1\" content=\"1 minute\" \/>\n<script type=\"application\/ld+json\" class=\"yoast-schema-graph\">{\"@context\":\"https:\\\/\\\/schema.org\",\"@graph\":[{\"@type\":\"WebPage\",\"@id\":\"https:\\\/\\\/www.aiorabooks.com\\\/product\\\/quelques-points-de-la-tradition-grecque-moderne\\\/\",\"url\":\"https:\\\/\\\/www.aiorabooks.com\\\/product\\\/quelques-points-de-la-tradition-grecque-moderne\\\/\",\"name\":\"Quelques points de la tradition grecque moderne - Aiora Press\",\"isPartOf\":{\"@id\":\"https:\\\/\\\/www.aiorabooks.com\\\/#website\"},\"primaryImageOfPage\":{\"@id\":\"https:\\\/\\\/www.aiorabooks.com\\\/product\\\/quelques-points-de-la-tradition-grecque-moderne\\\/#primaryimage\"},\"image\":{\"@id\":\"https:\\\/\\\/www.aiorabooks.com\\\/product\\\/quelques-points-de-la-tradition-grecque-moderne\\\/#primaryimage\"},\"thumbnailUrl\":\"https:\\\/\\\/www.aiorabooks.com\\\/wp-content\\\/uploads\\\/2018\\\/10\\\/seferisNOBEL_FR_RGB.jpg\",\"datePublished\":\"2018-10-05T09:56:45+00:00\",\"dateModified\":\"2025-05-13T11:16:04+00:00\",\"description\":\"GEORGES S\u00c9F\u00c9RIS Postface\u200a: Dimitris Daskalopoulos \u00c9DITION BILINGUE Georges S\u00e9f\u00e9ris, un po\u00e8te grec parmi les plus importants, a renouvel\u00e9 la po\u00e9sie n\u00e9ohell\u00e9nique du point de vue de l'inspiration, de la sensibilit\u00e9 et des id\u00e9es. Les deux discours prononc\u00e9s \u00e0 Stockholm \u00e0 l'occasion de l'attribution du prix Nobel de Litt\u00e9rature en 1963, remarquablement actuels, pr\u00e9sentent un int\u00e9r\u00eat extraordinaire pour ceux qui voudraient en savoir plus sur les id\u00e9es du po\u00e8te concernant la gr\u00e9cit\u00e9, la tradition culturelle de son pays, et surtout sa langue. Le po\u00e8te Georges S\u00e9f\u00e9ris, n\u00e9 en 1900 \u00e0 Smyrne (l'actuelle Izmir) en Asie Mineure, s'installe \u00e0 Ath\u00e8nes pendant son adolescence. Apr\u00e8s avoir accompli ses \u00e9tudes \u00e0 Paris et \u00e0 Londres, il poursuit une carri\u00e8re diplomatique, qui lui donne acc\u00e8s \u00e0 des postes les plus pr\u00e9stigieux et lui permet de faire plusieurs voyages dans le monde entier. Son \u0153uvre comprend plusieurs recueils de po\u00e8mes, des essais, ainsi que des traductions des \u00e9crivains \u00e9trangers et un roman. Il a re\u00e7u le prix Nobel de litt\u00e9rature en 1963. Il meurt \u00e0 Ath\u00e8nes en 1971. Dans ce monde qui va en se r\u00e9tr\u00e9cissant, chacun de nous a besoin de tous les autres. Nous devons chercher l\u200a'\u200ahomme, partout o\u00f9 il se trouve. Quand, sur le chemin de Th\u00e8bes, \u0152dipe rencontra le Sphinx qui lui posa son \u00e9nigme sa r\u00e9ponse fut\u2009: l\u200a'homme. Ce simple mot d\u00e9truisit le monstre. Nous avons beaucoup de monstres \u00e0 d\u00e9truire. Pensons \u00e0 la r\u00e9ponse d\u200a'\u200a\u0152dipe. Georges S\u00e9f\u00e9ris\",\"breadcrumb\":{\"@id\":\"https:\\\/\\\/www.aiorabooks.com\\\/product\\\/quelques-points-de-la-tradition-grecque-moderne\\\/#breadcrumb\"},\"inLanguage\":\"fr-FR\",\"potentialAction\":[{\"@type\":\"ReadAction\",\"target\":[\"https:\\\/\\\/www.aiorabooks.com\\\/product\\\/quelques-points-de-la-tradition-grecque-moderne\\\/\"]}]},{\"@type\":\"ImageObject\",\"inLanguage\":\"fr-FR\",\"@id\":\"https:\\\/\\\/www.aiorabooks.com\\\/product\\\/quelques-points-de-la-tradition-grecque-moderne\\\/#primaryimage\",\"url\":\"https:\\\/\\\/www.aiorabooks.com\\\/wp-content\\\/uploads\\\/2018\\\/10\\\/seferisNOBEL_FR_RGB.jpg\",\"contentUrl\":\"https:\\\/\\\/www.aiorabooks.com\\\/wp-content\\\/uploads\\\/2018\\\/10\\\/seferisNOBEL_FR_RGB.jpg\",\"width\":1181,\"height\":1863,\"caption\":\"Georges S\u00e9f\u00e9ris, Quelques points de la tradition grecque moderne\"},{\"@type\":\"BreadcrumbList\",\"@id\":\"https:\\\/\\\/www.aiorabooks.com\\\/product\\\/quelques-points-de-la-tradition-grecque-moderne\\\/#breadcrumb\",\"itemListElement\":[{\"@type\":\"ListItem\",\"position\":1,\"name\":\"Home\",\"item\":\"https:\\\/\\\/www.aiorabooks.com\\\/fr\\\/\"},{\"@type\":\"ListItem\",\"position\":2,\"name\":\"Products\",\"item\":\"https:\\\/\\\/www.aiorabooks.com\\\/shop\\\/\"},{\"@type\":\"ListItem\",\"position\":3,\"name\":\"Quelques points de la tradition grecque moderne\"}]},{\"@type\":\"WebSite\",\"@id\":\"https:\\\/\\\/www.aiorabooks.com\\\/#website\",\"url\":\"https:\\\/\\\/www.aiorabooks.com\\\/\",\"name\":\"Aiora Press\",\"description\":\"\",\"publisher\":{\"@id\":\"https:\\\/\\\/www.aiorabooks.com\\\/#organization\"},\"potentialAction\":[{\"@type\":\"SearchAction\",\"target\":{\"@type\":\"EntryPoint\",\"urlTemplate\":\"https:\\\/\\\/www.aiorabooks.com\\\/?s={search_term_string}\"},\"query-input\":{\"@type\":\"PropertyValueSpecification\",\"valueRequired\":true,\"valueName\":\"search_term_string\"}}],\"inLanguage\":\"fr-FR\"},{\"@type\":\"Organization\",\"@id\":\"https:\\\/\\\/www.aiorabooks.com\\\/#organization\",\"name\":\"Aiora Press\",\"url\":\"https:\\\/\\\/www.aiorabooks.com\\\/\",\"logo\":{\"@type\":\"ImageObject\",\"inLanguage\":\"fr-FR\",\"@id\":\"https:\\\/\\\/www.aiorabooks.com\\\/#\\\/schema\\\/logo\\\/image\\\/\",\"url\":\"https:\\\/\\\/www.aiorabooks.com\\\/wp-content\\\/uploads\\\/2018\\\/05\\\/aiora_press_B.png\",\"contentUrl\":\"https:\\\/\\\/www.aiorabooks.com\\\/wp-content\\\/uploads\\\/2018\\\/05\\\/aiora_press_B.png\",\"width\":520,\"height\":216,\"caption\":\"Aiora Press\"},\"image\":{\"@id\":\"https:\\\/\\\/www.aiorabooks.com\\\/#\\\/schema\\\/logo\\\/image\\\/\"},\"sameAs\":[\"https:\\\/\\\/www.instagram.com\\\/aiorapress\\\/\"]}]}<\/script>\n<!-- \/ Yoast SEO plugin. -->","yoast_head_json":{"title":"Quelques points de la tradition grecque moderne - Aiora Press","description":"GEORGES S\u00c9F\u00c9RIS Postface\u200a: Dimitris Daskalopoulos   \u00c9DITION BILINGUE  Georges S\u00e9f\u00e9ris, un po\u00e8te grec parmi les plus importants, a renouvel\u00e9 la po\u00e9sie n\u00e9ohell\u00e9nique du point de vue de l'inspiration, de la sensibilit\u00e9 et des id\u00e9es. Les deux discours prononc\u00e9s \u00e0 Stockholm \u00e0 l'occasion de l'attribution du prix Nobel de Litt\u00e9rature en 1963, remarquablement actuels, pr\u00e9sentent un int\u00e9r\u00eat extraordinaire pour ceux qui voudraient en savoir plus sur les id\u00e9es du po\u00e8te concernant la gr\u00e9cit\u00e9, la tradition culturelle de son pays, et surtout sa langue.  Le po\u00e8te Georges S\u00e9f\u00e9ris, n\u00e9 en 1900 \u00e0 Smyrne (l'actuelle Izmir) en Asie Mineure, s'installe \u00e0 Ath\u00e8nes pendant son adolescence. Apr\u00e8s avoir accompli ses \u00e9tudes \u00e0 Paris et \u00e0 Londres, il poursuit une carri\u00e8re diplomatique, qui lui donne acc\u00e8s \u00e0 des postes les plus pr\u00e9stigieux et lui permet de faire plusieurs voyages dans le monde entier. Son \u0153uvre comprend plusieurs recueils de po\u00e8mes, des essais, ainsi que des traductions des \u00e9crivains \u00e9trangers et un roman. Il a re\u00e7u le prix Nobel de litt\u00e9rature en 1963. Il meurt \u00e0 Ath\u00e8nes en 1971.  Dans ce monde qui va en se r\u00e9tr\u00e9cissant, chacun de nous a besoin de tous les autres. Nous devons chercher l\u200a'\u200ahomme, partout o\u00f9 il se trouve. Quand, sur le chemin de Th\u00e8bes, \u0152dipe rencontra le Sphinx qui lui posa son \u00e9nigme sa r\u00e9ponse fut\u2009: l\u200a'homme. Ce simple mot d\u00e9truisit le monstre. Nous avons beaucoup de monstres \u00e0 d\u00e9truire. Pensons \u00e0 la r\u00e9ponse d\u200a'\u200a\u0152dipe. Georges S\u00e9f\u00e9ris","robots":{"index":"index","follow":"follow","max-snippet":"max-snippet:-1","max-image-preview":"max-image-preview:large","max-video-preview":"max-video-preview:-1"},"canonical":"https:\/\/www.aiorabooks.com\/product\/quelques-points-de-la-tradition-grecque-moderne\/","og_locale":"fr_FR","og_type":"article","og_title":"Quelques points de la tradition grecque moderne - Aiora Press","og_description":"GEORGES S\u00c9F\u00c9RIS Postface\u200a: Dimitris Daskalopoulos   \u00c9DITION BILINGUE  Georges S\u00e9f\u00e9ris, un po\u00e8te grec parmi les plus importants, a renouvel\u00e9 la po\u00e9sie n\u00e9ohell\u00e9nique du point de vue de l'inspiration, de la sensibilit\u00e9 et des id\u00e9es. Les deux discours prononc\u00e9s \u00e0 Stockholm \u00e0 l'occasion de l'attribution du prix Nobel de Litt\u00e9rature en 1963, remarquablement actuels, pr\u00e9sentent un int\u00e9r\u00eat extraordinaire pour ceux qui voudraient en savoir plus sur les id\u00e9es du po\u00e8te concernant la gr\u00e9cit\u00e9, la tradition culturelle de son pays, et surtout sa langue.  Le po\u00e8te Georges S\u00e9f\u00e9ris, n\u00e9 en 1900 \u00e0 Smyrne (l'actuelle Izmir) en Asie Mineure, s'installe \u00e0 Ath\u00e8nes pendant son adolescence. Apr\u00e8s avoir accompli ses \u00e9tudes \u00e0 Paris et \u00e0 Londres, il poursuit une carri\u00e8re diplomatique, qui lui donne acc\u00e8s \u00e0 des postes les plus pr\u00e9stigieux et lui permet de faire plusieurs voyages dans le monde entier. Son \u0153uvre comprend plusieurs recueils de po\u00e8mes, des essais, ainsi que des traductions des \u00e9crivains \u00e9trangers et un roman. Il a re\u00e7u le prix Nobel de litt\u00e9rature en 1963. Il meurt \u00e0 Ath\u00e8nes en 1971.  Dans ce monde qui va en se r\u00e9tr\u00e9cissant, chacun de nous a besoin de tous les autres. Nous devons chercher l\u200a'\u200ahomme, partout o\u00f9 il se trouve. Quand, sur le chemin de Th\u00e8bes, \u0152dipe rencontra le Sphinx qui lui posa son \u00e9nigme sa r\u00e9ponse fut\u2009: l\u200a'homme. Ce simple mot d\u00e9truisit le monstre. Nous avons beaucoup de monstres \u00e0 d\u00e9truire. Pensons \u00e0 la r\u00e9ponse d\u200a'\u200a\u0152dipe. Georges S\u00e9f\u00e9ris","og_url":"https:\/\/www.aiorabooks.com\/product\/quelques-points-de-la-tradition-grecque-moderne\/","og_site_name":"Aiora Press","article_modified_time":"2025-05-13T11:16:04+00:00","og_image":[{"width":1181,"height":1863,"url":"https:\/\/www.aiorabooks.com\/wp-content\/uploads\/2018\/10\/seferisNOBEL_FR_RGB.jpg","type":"image\/jpeg"}],"twitter_card":"summary_large_image","twitter_misc":{"Dur\u00e9e de lecture estim\u00e9e":"1 minute"},"schema":{"@context":"https:\/\/schema.org","@graph":[{"@type":"WebPage","@id":"https:\/\/www.aiorabooks.com\/product\/quelques-points-de-la-tradition-grecque-moderne\/","url":"https:\/\/www.aiorabooks.com\/product\/quelques-points-de-la-tradition-grecque-moderne\/","name":"Quelques points de la tradition grecque moderne - Aiora Press","isPartOf":{"@id":"https:\/\/www.aiorabooks.com\/#website"},"primaryImageOfPage":{"@id":"https:\/\/www.aiorabooks.com\/product\/quelques-points-de-la-tradition-grecque-moderne\/#primaryimage"},"image":{"@id":"https:\/\/www.aiorabooks.com\/product\/quelques-points-de-la-tradition-grecque-moderne\/#primaryimage"},"thumbnailUrl":"https:\/\/www.aiorabooks.com\/wp-content\/uploads\/2018\/10\/seferisNOBEL_FR_RGB.jpg","datePublished":"2018-10-05T09:56:45+00:00","dateModified":"2025-05-13T11:16:04+00:00","description":"GEORGES S\u00c9F\u00c9RIS Postface\u200a: Dimitris Daskalopoulos \u00c9DITION BILINGUE Georges S\u00e9f\u00e9ris, un po\u00e8te grec parmi les plus importants, a renouvel\u00e9 la po\u00e9sie n\u00e9ohell\u00e9nique du point de vue de l'inspiration, de la sensibilit\u00e9 et des id\u00e9es. Les deux discours prononc\u00e9s \u00e0 Stockholm \u00e0 l'occasion de l'attribution du prix Nobel de Litt\u00e9rature en 1963, remarquablement actuels, pr\u00e9sentent un int\u00e9r\u00eat extraordinaire pour ceux qui voudraient en savoir plus sur les id\u00e9es du po\u00e8te concernant la gr\u00e9cit\u00e9, la tradition culturelle de son pays, et surtout sa langue. Le po\u00e8te Georges S\u00e9f\u00e9ris, n\u00e9 en 1900 \u00e0 Smyrne (l'actuelle Izmir) en Asie Mineure, s'installe \u00e0 Ath\u00e8nes pendant son adolescence. Apr\u00e8s avoir accompli ses \u00e9tudes \u00e0 Paris et \u00e0 Londres, il poursuit une carri\u00e8re diplomatique, qui lui donne acc\u00e8s \u00e0 des postes les plus pr\u00e9stigieux et lui permet de faire plusieurs voyages dans le monde entier. Son \u0153uvre comprend plusieurs recueils de po\u00e8mes, des essais, ainsi que des traductions des \u00e9crivains \u00e9trangers et un roman. Il a re\u00e7u le prix Nobel de litt\u00e9rature en 1963. Il meurt \u00e0 Ath\u00e8nes en 1971. Dans ce monde qui va en se r\u00e9tr\u00e9cissant, chacun de nous a besoin de tous les autres. Nous devons chercher l\u200a'\u200ahomme, partout o\u00f9 il se trouve. Quand, sur le chemin de Th\u00e8bes, \u0152dipe rencontra le Sphinx qui lui posa son \u00e9nigme sa r\u00e9ponse fut\u2009: l\u200a'homme. Ce simple mot d\u00e9truisit le monstre. Nous avons beaucoup de monstres \u00e0 d\u00e9truire. Pensons \u00e0 la r\u00e9ponse d\u200a'\u200a\u0152dipe. Georges S\u00e9f\u00e9ris","breadcrumb":{"@id":"https:\/\/www.aiorabooks.com\/product\/quelques-points-de-la-tradition-grecque-moderne\/#breadcrumb"},"inLanguage":"fr-FR","potentialAction":[{"@type":"ReadAction","target":["https:\/\/www.aiorabooks.com\/product\/quelques-points-de-la-tradition-grecque-moderne\/"]}]},{"@type":"ImageObject","inLanguage":"fr-FR","@id":"https:\/\/www.aiorabooks.com\/product\/quelques-points-de-la-tradition-grecque-moderne\/#primaryimage","url":"https:\/\/www.aiorabooks.com\/wp-content\/uploads\/2018\/10\/seferisNOBEL_FR_RGB.jpg","contentUrl":"https:\/\/www.aiorabooks.com\/wp-content\/uploads\/2018\/10\/seferisNOBEL_FR_RGB.jpg","width":1181,"height":1863,"caption":"Georges S\u00e9f\u00e9ris, Quelques points de la tradition grecque moderne"},{"@type":"BreadcrumbList","@id":"https:\/\/www.aiorabooks.com\/product\/quelques-points-de-la-tradition-grecque-moderne\/#breadcrumb","itemListElement":[{"@type":"ListItem","position":1,"name":"Home","item":"https:\/\/www.aiorabooks.com\/fr\/"},{"@type":"ListItem","position":2,"name":"Products","item":"https:\/\/www.aiorabooks.com\/shop\/"},{"@type":"ListItem","position":3,"name":"Quelques points de la tradition grecque moderne"}]},{"@type":"WebSite","@id":"https:\/\/www.aiorabooks.com\/#website","url":"https:\/\/www.aiorabooks.com\/","name":"Aiora Press","description":"","publisher":{"@id":"https:\/\/www.aiorabooks.com\/#organization"},"potentialAction":[{"@type":"SearchAction","target":{"@type":"EntryPoint","urlTemplate":"https:\/\/www.aiorabooks.com\/?s={search_term_string}"},"query-input":{"@type":"PropertyValueSpecification","valueRequired":true,"valueName":"search_term_string"}}],"inLanguage":"fr-FR"},{"@type":"Organization","@id":"https:\/\/www.aiorabooks.com\/#organization","name":"Aiora Press","url":"https:\/\/www.aiorabooks.com\/","logo":{"@type":"ImageObject","inLanguage":"fr-FR","@id":"https:\/\/www.aiorabooks.com\/#\/schema\/logo\/image\/","url":"https:\/\/www.aiorabooks.com\/wp-content\/uploads\/2018\/05\/aiora_press_B.png","contentUrl":"https:\/\/www.aiorabooks.com\/wp-content\/uploads\/2018\/05\/aiora_press_B.png","width":520,"height":216,"caption":"Aiora Press"},"image":{"@id":"https:\/\/www.aiorabooks.com\/#\/schema\/logo\/image\/"},"sameAs":["https:\/\/www.instagram.com\/aiorapress\/"]}]}},"brands":[{"id":454,"name":"Georges S\u00e9f\u00e9ris","slug":"george-seferis-fr"}],"_links":{"self":[{"href":"https:\/\/www.aiorabooks.com\/fr\/wp-json\/wp\/v2\/product\/3184","targetHints":{"allow":["GET"]}}],"collection":[{"href":"https:\/\/www.aiorabooks.com\/fr\/wp-json\/wp\/v2\/product"}],"about":[{"href":"https:\/\/www.aiorabooks.com\/fr\/wp-json\/wp\/v2\/types\/product"}],"wp:featuredmedia":[{"embeddable":true,"href":"https:\/\/www.aiorabooks.com\/fr\/wp-json\/wp\/v2\/media\/3185"}],"wp:attachment":[{"href":"https:\/\/www.aiorabooks.com\/fr\/wp-json\/wp\/v2\/media?parent=3184"}],"wp:term":[{"taxonomy":"pwb-brand","embeddable":true,"href":"https:\/\/www.aiorabooks.com\/fr\/wp-json\/wp\/v2\/pwb-brand?post=3184"},{"taxonomy":"product_brand","embeddable":true,"href":"https:\/\/www.aiorabooks.com\/fr\/wp-json\/wp\/v2\/product_brand?post=3184"},{"taxonomy":"product_cat","embeddable":true,"href":"https:\/\/www.aiorabooks.com\/fr\/wp-json\/wp\/v2\/product_cat?post=3184"},{"taxonomy":"product_tag","embeddable":true,"href":"https:\/\/www.aiorabooks.com\/fr\/wp-json\/wp\/v2\/product_tag?post=3184"}],"curies":[{"name":"wp","href":"https:\/\/api.w.org\/{rel}","templated":true}]}}