{"id":3176,"date":"2018-10-05T10:25:30","date_gmt":"2018-10-05T07:25:30","guid":{"rendered":"https:\/\/www.aiorabooks.com\/?post_type=product&#038;p=3176"},"modified":"2025-05-13T14:18:46","modified_gmt":"2025-05-13T11:18:46","slug":"le-colonel-liapkine","status":"publish","type":"product","link":"https:\/\/www.aiorabooks.com\/fr\/product\/le-colonel-liapkine\/","title":{"rendered":"Le colonel Liapkine"},"content":{"rendered":"","protected":false},"excerpt":{"rendered":"<p><strong><span style=\"font-family: helvetica, arial, sans-serif;\"><span style=\"font-size: 14pt;\"><a href=\"http:\/\/aioralivres.com\/index.php\/bios\/karagatsis-fr\/\">M. KARAGATSIS<\/a><\/span><br \/>\n<\/span><\/strong><span style=\"font-family: helvetica, arial, sans-serif;\">Traduit par <\/span><strong><span style=\"font-family: helvetica, arial, sans-serif;\">Ren\u00e9 Bouchet<br \/>\n<\/span><\/strong><\/p>\n<p><i>Le colonel Liapkine<\/i>, qui, par son succ\u00e8s \u00e0 la fois imm\u00e9diat et durable, assura d\u2019embl\u00e9e en Gr\u00e8ce le renom de son auteur, semble refuser \u00e0 dessein \u00e0 son lecteur \u00e9tranger les clich\u00e9s d\u2019un pays de mer et de soleil, d\u2019une population festive et insouciante. Ou plut\u00f4t il para\u00eet transf\u00e9rer cette vision mythique sur le personnage haut en couleur d\u2019un \u00e9migr\u00e9 russe, officier tsariste chass\u00e9 de sa patrie par la R\u00e9volution de 1917, dont la d\u00e9bordante vitalit\u00e9 va finir par se perdre dans la morne pla\u00adtitude de la plaine de Thessalie o\u00f9 il a trouv\u00e9 \u00e0 s\u2019employer, dans une soci\u00e9t\u00e9 provinciale faite de fonctionnaires mesquins et cancaniers et de paysans abrutis par le labeur, dans le microcosme d\u2019\u00e9migr\u00e9s russes d\u00e9class\u00e9s et aigris, et dans une nostalgie incurable qui rend son acclimatation impossible. La force de ce roman tient autant \u00e0 la figure inoubliable de son protagoniste, dont l\u2019exub\u00e9rance et la vigueur ne peuvent s\u2019adapter au milieu \u00e9triqu\u00e9 au sein duquel son exil l\u2019a fait \u00e9chouer, qu\u2019\u00e0 la peinture d\u2019une existence in\u00e9luctablement ruin\u00e9e par les caprices de l\u2019Histoire, l\u2019incompatibilit\u00e9 des cultures et un alcoolisme qui n\u2019est jamais que l\u2019instrument d\u2019une aveugle Destin\u00e9e digne de la trag\u00e9die antique.<\/p>\n","protected":false},"featured_media":3177,"template":"","meta":{"_acf_changed":false},"pwb-brand":[455],"product_brand":[],"product_cat":[238],"product_tag":[477,478],"class_list":{"0":"post-3176","1":"product","2":"type-product","3":"status-publish","4":"has-post-thumbnail","6":"pwb-brand-karagatsis-fr","7":"product_cat-classiques-grecs-modernes","8":"product_tag-karagatsis","9":"product_tag-rene-bouchet","11":"first","12":"instock","13":"shipping-taxable","14":"purchasable","15":"product-type-simple"},"acf":[],"yoast_head":"<!-- This site is optimized with the Yoast SEO plugin v27.5 - https:\/\/yoast.com\/product\/yoast-seo-wordpress\/ -->\n<title>Le colonel Liapkine - Aiora Press<\/title>\n<meta name=\"description\" content=\"M. KARAGATSIS Traduit par Ren\u00e9 Bouchet   Le colonel Liapkine, qui, par son succ\u00e8s \u00e0 la fois imm\u00e9diat et durable, assura d\u2019embl\u00e9e en Gr\u00e8ce le renom de son auteur, semble refuser \u00e0 dessein \u00e0 son lecteur \u00e9tranger les clich\u00e9s d\u2019un pays de mer et de soleil, d\u2019une population festive et insouciante. Ou plut\u00f4t il para\u00eet transf\u00e9rer cette vision mythique sur le personnage haut en couleur d\u2019un \u00e9migr\u00e9 russe, officier tsariste chass\u00e9 de sa patrie par la R\u00e9volution de 1917, dont la d\u00e9bordante vitalit\u00e9 va finir par se perdre dans la morne pla\u00adtitude de la plaine de Thessalie o\u00f9 il a trouv\u00e9 \u00e0 s\u2019employer, dans une soci\u00e9t\u00e9 provinciale faite de fonctionnaires mesquins et cancaniers et de paysans abrutis par le labeur, dans le microcosme d\u2019\u00e9migr\u00e9s russes d\u00e9class\u00e9s et aigris, et dans une nostalgie incurable qui rend son acclimatation impossible. La force de ce roman tient autant \u00e0 la figure inoubliable de son protagoniste, dont l\u2019exub\u00e9rance et la vigueur ne peuvent s\u2019adapter au milieu \u00e9triqu\u00e9 au sein duquel son exil l\u2019a fait \u00e9chouer, qu\u2019\u00e0 la peinture d\u2019une existence in\u00e9luctablement ruin\u00e9e par les caprices de l\u2019Histoire, l\u2019incompatibilit\u00e9 des cultures et un alcoolisme qui n\u2019est jamais que l\u2019instrument d\u2019une aveugle Destin\u00e9e digne de la trag\u00e9die antique.\" \/>\n<meta name=\"robots\" content=\"index, follow, max-snippet:-1, max-image-preview:large, max-video-preview:-1\" \/>\n<link rel=\"canonical\" href=\"https:\/\/www.aiorabooks.com\/product\/le-colonel-liapkine\/\" \/>\n<meta property=\"og:locale\" content=\"fr_FR\" \/>\n<meta property=\"og:type\" content=\"article\" \/>\n<meta property=\"og:title\" content=\"Le colonel Liapkine - Aiora Press\" \/>\n<meta property=\"og:description\" content=\"M. KARAGATSIS Traduit par Ren\u00e9 Bouchet   Le colonel Liapkine, qui, par son succ\u00e8s \u00e0 la fois imm\u00e9diat et durable, assura d\u2019embl\u00e9e en Gr\u00e8ce le renom de son auteur, semble refuser \u00e0 dessein \u00e0 son lecteur \u00e9tranger les clich\u00e9s d\u2019un pays de mer et de soleil, d\u2019une population festive et insouciante. Ou plut\u00f4t il para\u00eet transf\u00e9rer cette vision mythique sur le personnage haut en couleur d\u2019un \u00e9migr\u00e9 russe, officier tsariste chass\u00e9 de sa patrie par la R\u00e9volution de 1917, dont la d\u00e9bordante vitalit\u00e9 va finir par se perdre dans la morne pla\u00adtitude de la plaine de Thessalie o\u00f9 il a trouv\u00e9 \u00e0 s\u2019employer, dans une soci\u00e9t\u00e9 provinciale faite de fonctionnaires mesquins et cancaniers et de paysans abrutis par le labeur, dans le microcosme d\u2019\u00e9migr\u00e9s russes d\u00e9class\u00e9s et aigris, et dans une nostalgie incurable qui rend son acclimatation impossible. La force de ce roman tient autant \u00e0 la figure inoubliable de son protagoniste, dont l\u2019exub\u00e9rance et la vigueur ne peuvent s\u2019adapter au milieu \u00e9triqu\u00e9 au sein duquel son exil l\u2019a fait \u00e9chouer, qu\u2019\u00e0 la peinture d\u2019une existence in\u00e9luctablement ruin\u00e9e par les caprices de l\u2019Histoire, l\u2019incompatibilit\u00e9 des cultures et un alcoolisme qui n\u2019est jamais que l\u2019instrument d\u2019une aveugle Destin\u00e9e digne de la trag\u00e9die antique.\" \/>\n<meta property=\"og:url\" content=\"https:\/\/www.aiorabooks.com\/product\/le-colonel-liapkine\/\" \/>\n<meta property=\"og:site_name\" content=\"Aiora Press\" \/>\n<meta property=\"article:modified_time\" content=\"2025-05-13T11:18:46+00:00\" \/>\n<meta property=\"og:image\" content=\"https:\/\/www.aiorabooks.com\/wp-content\/uploads\/2018\/10\/liapkin_RGB.jpg\" \/>\n\t<meta property=\"og:image:width\" content=\"1123\" \/>\n\t<meta property=\"og:image:height\" content=\"1772\" \/>\n\t<meta property=\"og:image:type\" content=\"image\/jpeg\" \/>\n<meta name=\"twitter:card\" content=\"summary_large_image\" \/>\n<meta name=\"twitter:label1\" content=\"Dur\u00e9e de lecture estim\u00e9e\" \/>\n\t<meta name=\"twitter:data1\" content=\"1 minute\" \/>\n<script type=\"application\/ld+json\" class=\"yoast-schema-graph\">{\"@context\":\"https:\\\/\\\/schema.org\",\"@graph\":[{\"@type\":\"WebPage\",\"@id\":\"https:\\\/\\\/www.aiorabooks.com\\\/product\\\/le-colonel-liapkine\\\/\",\"url\":\"https:\\\/\\\/www.aiorabooks.com\\\/product\\\/le-colonel-liapkine\\\/\",\"name\":\"Le colonel Liapkine - Aiora Press\",\"isPartOf\":{\"@id\":\"https:\\\/\\\/www.aiorabooks.com\\\/#website\"},\"primaryImageOfPage\":{\"@id\":\"https:\\\/\\\/www.aiorabooks.com\\\/product\\\/le-colonel-liapkine\\\/#primaryimage\"},\"image\":{\"@id\":\"https:\\\/\\\/www.aiorabooks.com\\\/product\\\/le-colonel-liapkine\\\/#primaryimage\"},\"thumbnailUrl\":\"https:\\\/\\\/www.aiorabooks.com\\\/wp-content\\\/uploads\\\/2018\\\/10\\\/liapkin_RGB.jpg\",\"datePublished\":\"2018-10-05T07:25:30+00:00\",\"dateModified\":\"2025-05-13T11:18:46+00:00\",\"description\":\"M. KARAGATSIS Traduit par Ren\u00e9 Bouchet Le colonel Liapkine, qui, par son succ\u00e8s \u00e0 la fois imm\u00e9diat et durable, assura d\u2019embl\u00e9e en Gr\u00e8ce le renom de son auteur, semble refuser \u00e0 dessein \u00e0 son lecteur \u00e9tranger les clich\u00e9s d\u2019un pays de mer et de soleil, d\u2019une population festive et insouciante. Ou plut\u00f4t il para\u00eet transf\u00e9rer cette vision mythique sur le personnage haut en couleur d\u2019un \u00e9migr\u00e9 russe, officier tsariste chass\u00e9 de sa patrie par la R\u00e9volution de 1917, dont la d\u00e9bordante vitalit\u00e9 va finir par se perdre dans la morne pla\u00adtitude de la plaine de Thessalie o\u00f9 il a trouv\u00e9 \u00e0 s\u2019employer, dans une soci\u00e9t\u00e9 provinciale faite de fonctionnaires mesquins et cancaniers et de paysans abrutis par le labeur, dans le microcosme d\u2019\u00e9migr\u00e9s russes d\u00e9class\u00e9s et aigris, et dans une nostalgie incurable qui rend son acclimatation impossible. La force de ce roman tient autant \u00e0 la figure inoubliable de son protagoniste, dont l\u2019exub\u00e9rance et la vigueur ne peuvent s\u2019adapter au milieu \u00e9triqu\u00e9 au sein duquel son exil l\u2019a fait \u00e9chouer, qu\u2019\u00e0 la peinture d\u2019une existence in\u00e9luctablement ruin\u00e9e par les caprices de l\u2019Histoire, l\u2019incompatibilit\u00e9 des cultures et un alcoolisme qui n\u2019est jamais que l\u2019instrument d\u2019une aveugle Destin\u00e9e digne de la trag\u00e9die antique.\",\"breadcrumb\":{\"@id\":\"https:\\\/\\\/www.aiorabooks.com\\\/product\\\/le-colonel-liapkine\\\/#breadcrumb\"},\"inLanguage\":\"fr-FR\",\"potentialAction\":[{\"@type\":\"ReadAction\",\"target\":[\"https:\\\/\\\/www.aiorabooks.com\\\/product\\\/le-colonel-liapkine\\\/\"]}]},{\"@type\":\"ImageObject\",\"inLanguage\":\"fr-FR\",\"@id\":\"https:\\\/\\\/www.aiorabooks.com\\\/product\\\/le-colonel-liapkine\\\/#primaryimage\",\"url\":\"https:\\\/\\\/www.aiorabooks.com\\\/wp-content\\\/uploads\\\/2018\\\/10\\\/liapkin_RGB.jpg\",\"contentUrl\":\"https:\\\/\\\/www.aiorabooks.com\\\/wp-content\\\/uploads\\\/2018\\\/10\\\/liapkin_RGB.jpg\",\"width\":1123,\"height\":1772,\"caption\":\"Le colonel Liapkine\"},{\"@type\":\"BreadcrumbList\",\"@id\":\"https:\\\/\\\/www.aiorabooks.com\\\/product\\\/le-colonel-liapkine\\\/#breadcrumb\",\"itemListElement\":[{\"@type\":\"ListItem\",\"position\":1,\"name\":\"Home\",\"item\":\"https:\\\/\\\/www.aiorabooks.com\\\/fr\\\/\"},{\"@type\":\"ListItem\",\"position\":2,\"name\":\"Products\",\"item\":\"https:\\\/\\\/www.aiorabooks.com\\\/shop\\\/\"},{\"@type\":\"ListItem\",\"position\":3,\"name\":\"Le colonel Liapkine\"}]},{\"@type\":\"WebSite\",\"@id\":\"https:\\\/\\\/www.aiorabooks.com\\\/#website\",\"url\":\"https:\\\/\\\/www.aiorabooks.com\\\/\",\"name\":\"Aiora Press\",\"description\":\"\",\"publisher\":{\"@id\":\"https:\\\/\\\/www.aiorabooks.com\\\/#organization\"},\"potentialAction\":[{\"@type\":\"SearchAction\",\"target\":{\"@type\":\"EntryPoint\",\"urlTemplate\":\"https:\\\/\\\/www.aiorabooks.com\\\/?s={search_term_string}\"},\"query-input\":{\"@type\":\"PropertyValueSpecification\",\"valueRequired\":true,\"valueName\":\"search_term_string\"}}],\"inLanguage\":\"fr-FR\"},{\"@type\":\"Organization\",\"@id\":\"https:\\\/\\\/www.aiorabooks.com\\\/#organization\",\"name\":\"Aiora Press\",\"url\":\"https:\\\/\\\/www.aiorabooks.com\\\/\",\"logo\":{\"@type\":\"ImageObject\",\"inLanguage\":\"fr-FR\",\"@id\":\"https:\\\/\\\/www.aiorabooks.com\\\/#\\\/schema\\\/logo\\\/image\\\/\",\"url\":\"https:\\\/\\\/www.aiorabooks.com\\\/wp-content\\\/uploads\\\/2018\\\/05\\\/aiora_press_B.png\",\"contentUrl\":\"https:\\\/\\\/www.aiorabooks.com\\\/wp-content\\\/uploads\\\/2018\\\/05\\\/aiora_press_B.png\",\"width\":520,\"height\":216,\"caption\":\"Aiora Press\"},\"image\":{\"@id\":\"https:\\\/\\\/www.aiorabooks.com\\\/#\\\/schema\\\/logo\\\/image\\\/\"},\"sameAs\":[\"https:\\\/\\\/www.instagram.com\\\/aiorapress\\\/\"]}]}<\/script>\n<!-- \/ Yoast SEO plugin. -->","yoast_head_json":{"title":"Le colonel Liapkine - Aiora Press","description":"M. KARAGATSIS Traduit par Ren\u00e9 Bouchet   Le colonel Liapkine, qui, par son succ\u00e8s \u00e0 la fois imm\u00e9diat et durable, assura d\u2019embl\u00e9e en Gr\u00e8ce le renom de son auteur, semble refuser \u00e0 dessein \u00e0 son lecteur \u00e9tranger les clich\u00e9s d\u2019un pays de mer et de soleil, d\u2019une population festive et insouciante. Ou plut\u00f4t il para\u00eet transf\u00e9rer cette vision mythique sur le personnage haut en couleur d\u2019un \u00e9migr\u00e9 russe, officier tsariste chass\u00e9 de sa patrie par la R\u00e9volution de 1917, dont la d\u00e9bordante vitalit\u00e9 va finir par se perdre dans la morne pla\u00adtitude de la plaine de Thessalie o\u00f9 il a trouv\u00e9 \u00e0 s\u2019employer, dans une soci\u00e9t\u00e9 provinciale faite de fonctionnaires mesquins et cancaniers et de paysans abrutis par le labeur, dans le microcosme d\u2019\u00e9migr\u00e9s russes d\u00e9class\u00e9s et aigris, et dans une nostalgie incurable qui rend son acclimatation impossible. La force de ce roman tient autant \u00e0 la figure inoubliable de son protagoniste, dont l\u2019exub\u00e9rance et la vigueur ne peuvent s\u2019adapter au milieu \u00e9triqu\u00e9 au sein duquel son exil l\u2019a fait \u00e9chouer, qu\u2019\u00e0 la peinture d\u2019une existence in\u00e9luctablement ruin\u00e9e par les caprices de l\u2019Histoire, l\u2019incompatibilit\u00e9 des cultures et un alcoolisme qui n\u2019est jamais que l\u2019instrument d\u2019une aveugle Destin\u00e9e digne de la trag\u00e9die antique.","robots":{"index":"index","follow":"follow","max-snippet":"max-snippet:-1","max-image-preview":"max-image-preview:large","max-video-preview":"max-video-preview:-1"},"canonical":"https:\/\/www.aiorabooks.com\/product\/le-colonel-liapkine\/","og_locale":"fr_FR","og_type":"article","og_title":"Le colonel Liapkine - Aiora Press","og_description":"M. KARAGATSIS Traduit par Ren\u00e9 Bouchet   Le colonel Liapkine, qui, par son succ\u00e8s \u00e0 la fois imm\u00e9diat et durable, assura d\u2019embl\u00e9e en Gr\u00e8ce le renom de son auteur, semble refuser \u00e0 dessein \u00e0 son lecteur \u00e9tranger les clich\u00e9s d\u2019un pays de mer et de soleil, d\u2019une population festive et insouciante. Ou plut\u00f4t il para\u00eet transf\u00e9rer cette vision mythique sur le personnage haut en couleur d\u2019un \u00e9migr\u00e9 russe, officier tsariste chass\u00e9 de sa patrie par la R\u00e9volution de 1917, dont la d\u00e9bordante vitalit\u00e9 va finir par se perdre dans la morne pla\u00adtitude de la plaine de Thessalie o\u00f9 il a trouv\u00e9 \u00e0 s\u2019employer, dans une soci\u00e9t\u00e9 provinciale faite de fonctionnaires mesquins et cancaniers et de paysans abrutis par le labeur, dans le microcosme d\u2019\u00e9migr\u00e9s russes d\u00e9class\u00e9s et aigris, et dans une nostalgie incurable qui rend son acclimatation impossible. La force de ce roman tient autant \u00e0 la figure inoubliable de son protagoniste, dont l\u2019exub\u00e9rance et la vigueur ne peuvent s\u2019adapter au milieu \u00e9triqu\u00e9 au sein duquel son exil l\u2019a fait \u00e9chouer, qu\u2019\u00e0 la peinture d\u2019une existence in\u00e9luctablement ruin\u00e9e par les caprices de l\u2019Histoire, l\u2019incompatibilit\u00e9 des cultures et un alcoolisme qui n\u2019est jamais que l\u2019instrument d\u2019une aveugle Destin\u00e9e digne de la trag\u00e9die antique.","og_url":"https:\/\/www.aiorabooks.com\/product\/le-colonel-liapkine\/","og_site_name":"Aiora Press","article_modified_time":"2025-05-13T11:18:46+00:00","og_image":[{"width":1123,"height":1772,"url":"https:\/\/www.aiorabooks.com\/wp-content\/uploads\/2018\/10\/liapkin_RGB.jpg","type":"image\/jpeg"}],"twitter_card":"summary_large_image","twitter_misc":{"Dur\u00e9e de lecture estim\u00e9e":"1 minute"},"schema":{"@context":"https:\/\/schema.org","@graph":[{"@type":"WebPage","@id":"https:\/\/www.aiorabooks.com\/product\/le-colonel-liapkine\/","url":"https:\/\/www.aiorabooks.com\/product\/le-colonel-liapkine\/","name":"Le colonel Liapkine - Aiora Press","isPartOf":{"@id":"https:\/\/www.aiorabooks.com\/#website"},"primaryImageOfPage":{"@id":"https:\/\/www.aiorabooks.com\/product\/le-colonel-liapkine\/#primaryimage"},"image":{"@id":"https:\/\/www.aiorabooks.com\/product\/le-colonel-liapkine\/#primaryimage"},"thumbnailUrl":"https:\/\/www.aiorabooks.com\/wp-content\/uploads\/2018\/10\/liapkin_RGB.jpg","datePublished":"2018-10-05T07:25:30+00:00","dateModified":"2025-05-13T11:18:46+00:00","description":"M. KARAGATSIS Traduit par Ren\u00e9 Bouchet Le colonel Liapkine, qui, par son succ\u00e8s \u00e0 la fois imm\u00e9diat et durable, assura d\u2019embl\u00e9e en Gr\u00e8ce le renom de son auteur, semble refuser \u00e0 dessein \u00e0 son lecteur \u00e9tranger les clich\u00e9s d\u2019un pays de mer et de soleil, d\u2019une population festive et insouciante. Ou plut\u00f4t il para\u00eet transf\u00e9rer cette vision mythique sur le personnage haut en couleur d\u2019un \u00e9migr\u00e9 russe, officier tsariste chass\u00e9 de sa patrie par la R\u00e9volution de 1917, dont la d\u00e9bordante vitalit\u00e9 va finir par se perdre dans la morne pla\u00adtitude de la plaine de Thessalie o\u00f9 il a trouv\u00e9 \u00e0 s\u2019employer, dans une soci\u00e9t\u00e9 provinciale faite de fonctionnaires mesquins et cancaniers et de paysans abrutis par le labeur, dans le microcosme d\u2019\u00e9migr\u00e9s russes d\u00e9class\u00e9s et aigris, et dans une nostalgie incurable qui rend son acclimatation impossible. La force de ce roman tient autant \u00e0 la figure inoubliable de son protagoniste, dont l\u2019exub\u00e9rance et la vigueur ne peuvent s\u2019adapter au milieu \u00e9triqu\u00e9 au sein duquel son exil l\u2019a fait \u00e9chouer, qu\u2019\u00e0 la peinture d\u2019une existence in\u00e9luctablement ruin\u00e9e par les caprices de l\u2019Histoire, l\u2019incompatibilit\u00e9 des cultures et un alcoolisme qui n\u2019est jamais que l\u2019instrument d\u2019une aveugle Destin\u00e9e digne de la trag\u00e9die antique.","breadcrumb":{"@id":"https:\/\/www.aiorabooks.com\/product\/le-colonel-liapkine\/#breadcrumb"},"inLanguage":"fr-FR","potentialAction":[{"@type":"ReadAction","target":["https:\/\/www.aiorabooks.com\/product\/le-colonel-liapkine\/"]}]},{"@type":"ImageObject","inLanguage":"fr-FR","@id":"https:\/\/www.aiorabooks.com\/product\/le-colonel-liapkine\/#primaryimage","url":"https:\/\/www.aiorabooks.com\/wp-content\/uploads\/2018\/10\/liapkin_RGB.jpg","contentUrl":"https:\/\/www.aiorabooks.com\/wp-content\/uploads\/2018\/10\/liapkin_RGB.jpg","width":1123,"height":1772,"caption":"Le colonel Liapkine"},{"@type":"BreadcrumbList","@id":"https:\/\/www.aiorabooks.com\/product\/le-colonel-liapkine\/#breadcrumb","itemListElement":[{"@type":"ListItem","position":1,"name":"Home","item":"https:\/\/www.aiorabooks.com\/fr\/"},{"@type":"ListItem","position":2,"name":"Products","item":"https:\/\/www.aiorabooks.com\/shop\/"},{"@type":"ListItem","position":3,"name":"Le colonel Liapkine"}]},{"@type":"WebSite","@id":"https:\/\/www.aiorabooks.com\/#website","url":"https:\/\/www.aiorabooks.com\/","name":"Aiora Press","description":"","publisher":{"@id":"https:\/\/www.aiorabooks.com\/#organization"},"potentialAction":[{"@type":"SearchAction","target":{"@type":"EntryPoint","urlTemplate":"https:\/\/www.aiorabooks.com\/?s={search_term_string}"},"query-input":{"@type":"PropertyValueSpecification","valueRequired":true,"valueName":"search_term_string"}}],"inLanguage":"fr-FR"},{"@type":"Organization","@id":"https:\/\/www.aiorabooks.com\/#organization","name":"Aiora Press","url":"https:\/\/www.aiorabooks.com\/","logo":{"@type":"ImageObject","inLanguage":"fr-FR","@id":"https:\/\/www.aiorabooks.com\/#\/schema\/logo\/image\/","url":"https:\/\/www.aiorabooks.com\/wp-content\/uploads\/2018\/05\/aiora_press_B.png","contentUrl":"https:\/\/www.aiorabooks.com\/wp-content\/uploads\/2018\/05\/aiora_press_B.png","width":520,"height":216,"caption":"Aiora Press"},"image":{"@id":"https:\/\/www.aiorabooks.com\/#\/schema\/logo\/image\/"},"sameAs":["https:\/\/www.instagram.com\/aiorapress\/"]}]}},"brands":[{"id":455,"name":"M. Karagatsis","slug":"karagatsis-fr"}],"_links":{"self":[{"href":"https:\/\/www.aiorabooks.com\/fr\/wp-json\/wp\/v2\/product\/3176","targetHints":{"allow":["GET"]}}],"collection":[{"href":"https:\/\/www.aiorabooks.com\/fr\/wp-json\/wp\/v2\/product"}],"about":[{"href":"https:\/\/www.aiorabooks.com\/fr\/wp-json\/wp\/v2\/types\/product"}],"wp:featuredmedia":[{"embeddable":true,"href":"https:\/\/www.aiorabooks.com\/fr\/wp-json\/wp\/v2\/media\/3177"}],"wp:attachment":[{"href":"https:\/\/www.aiorabooks.com\/fr\/wp-json\/wp\/v2\/media?parent=3176"}],"wp:term":[{"taxonomy":"pwb-brand","embeddable":true,"href":"https:\/\/www.aiorabooks.com\/fr\/wp-json\/wp\/v2\/pwb-brand?post=3176"},{"taxonomy":"product_brand","embeddable":true,"href":"https:\/\/www.aiorabooks.com\/fr\/wp-json\/wp\/v2\/product_brand?post=3176"},{"taxonomy":"product_cat","embeddable":true,"href":"https:\/\/www.aiorabooks.com\/fr\/wp-json\/wp\/v2\/product_cat?post=3176"},{"taxonomy":"product_tag","embeddable":true,"href":"https:\/\/www.aiorabooks.com\/fr\/wp-json\/wp\/v2\/product_tag?post=3176"}],"curies":[{"name":"wp","href":"https:\/\/api.w.org\/{rel}","templated":true}]}}