{"id":2257,"date":"2018-05-14T12:41:43","date_gmt":"2018-05-14T09:41:43","guid":{"rendered":"https:\/\/www.aiorabooks.com\/index.php\/product\/constantin-cavafis-choix-de-poemes\/"},"modified":"2025-05-13T14:29:29","modified_gmt":"2025-05-13T11:29:29","slug":"constantin-cavafis-choix-de-poemes","status":"publish","type":"product","link":"https:\/\/www.aiorabooks.com\/fr\/product\/constantin-cavafis-choix-de-poemes\/","title":{"rendered":"Choix de po\u00e8mes"},"content":{"rendered":"","protected":false},"excerpt":{"rendered":"<p><span style=\"font-size: 14pt;\"><a href=\"http:\/\/aioralivres.com\/index.php\/bios\/c-p-cavafy-fr\/\"><strong><span style=\"font-family: helvetica, arial, sans-serif;\">CONSTA<\/span><span style=\"font-family: helvetica, arial, sans-serif;\">NTIN <\/span><\/strong><\/a><\/span><span style=\"font-family: Helvetica, sans-serif;\"><span style=\"font-size: 14pt;\"><a href=\"http:\/\/aioralivres.com\/index.php\/bios\/c-p-cavafy-fr\/\"><strong><span style=\"font-family: helvetica, arial, sans-serif;\">CAV\u00c0FIS<\/span><\/strong><\/a><\/span><br \/>\n<\/span><span style=\"font-family: helvetica, arial, sans-serif;\">Traduit par <\/span><strong><span style=\"font-family: helvetica, arial, sans-serif;\">Michel Volkovitch<\/span><br \/>\n<\/strong><\/p>\n<p><span style=\"font-family: verdana, geneva, sans-serif; font-size: 10pt; color: #be0000;\">\u00c9DITION BILINGUE<\/span><\/p>\n<p>Le Cav\u00e0fis des po\u00e8mes historiques, fascin\u00e9 par la p\u00e9riode hell\u00e9nistique ou la Byzance m\u00e9di\u00e9vale, et le Cav\u00e0fis des po\u00e8mes amoureux, obs\u00e9d\u00e9 par la beaut\u00e9 masculine et les plaisirs de sa jeunesse, ne sont qu\u2019un seul et m\u00eame po\u00e8te : le pass\u00e9, qu\u2019il soit lointain ou proche, reste pour lui \u00e9ternellement pr\u00e9sent ; et la ville o\u00f9 il v\u00e9cut, Alexandrie, ne cesse de hanter son \u0153uvre.<\/p>\n<p>Alexandrie n\u2019est jamais d\u00e9crite. Pas de couleur locale ici, ni d\u2019images, ni de grands \u00e9lans lyriques, mais une retenue, un d\u00e9pouillement extr\u00eames, une m\u00e9lancolie, une ironie diffuses, une magie sonore impalpable.<\/p>\n<p>Cav\u00e0fis est d\u00e9sormais traduit, comment\u00e9, c\u00e9l\u00e9br\u00e9 un peu partout dans le monde. Et pourtant, savourant aujourd\u2019hui ces vers lentement m\u00fbris, patiemment d\u00e9cant\u00e9s comme des alcools anciens, on croit \u00eatre encore \u00e0 l\u2019\u00e9poque o\u00f9 un po\u00e8te obscur les distribuait sur des feuilles volantes \u00e0 quelques amis ; ces po\u00e8mes illumin\u00e9s de leur gloire, tomb\u00e9s dans le domaine public, n\u2019en continuent pas moins de parler au lecteur \u00e0 mi-voix, lui confiant des secrets infiniment pr\u00e9cieux.<\/p>\n<p>&nbsp;<\/p>\n","protected":false},"featured_media":2431,"template":"","meta":{"_acf_changed":false},"pwb-brand":[281],"product_brand":[],"product_cat":[238],"product_tag":[461,239,460,462,241,240],"class_list":{"0":"post-2257","1":"product","2":"type-product","3":"status-publish","4":"has-post-thumbnail","6":"pwb-brand-c-p-cavafy-fr","7":"product_cat-classiques-grecs-modernes","8":"product_tag-alexandrie","9":"product_tag-c-p-cavafy-fr","10":"product_tag-cavafis","11":"product_tag-michel-volkovitch","12":"product_tag-poetry-fr","13":"product_tag-selected-poems-fr","15":"first","16":"instock","17":"shipping-taxable","18":"purchasable","19":"product-type-simple"},"acf":[],"yoast_head":"<!-- This site is optimized with the Yoast SEO plugin v27.4 - https:\/\/yoast.com\/product\/yoast-seo-wordpress\/ -->\n<title>Choix de po\u00e8mes - Aiora Press<\/title>\n<meta name=\"description\" content=\"CONSTANTIN CAV\u00c0FIS Traduit par Michel Volkovitch   \u00c9DITION BILINGUE  Le Cav\u00e0fis des po\u00e8mes historiques, fascin\u00e9 par la p\u00e9riode hell\u00e9nistique ou la Byzance m\u00e9di\u00e9vale, et le Cav\u00e0fis des po\u00e8mes amoureux, obs\u00e9d\u00e9 par la beaut\u00e9 masculine et les plaisirs de sa jeunesse, ne sont qu\u2019un seul et m\u00eame po\u00e8te : le pass\u00e9, qu\u2019il soit lointain ou proche, reste pour lui \u00e9ternellement pr\u00e9sent ; et la ville o\u00f9 il v\u00e9cut, Alexandrie, ne cesse de hanter son \u0153uvre.  Alexandrie n\u2019est jamais d\u00e9crite. Pas de couleur locale ici, ni d\u2019images, ni de grands \u00e9lans lyriques, mais une retenue, un d\u00e9pouillement extr\u00eames, une m\u00e9lancolie, une ironie diffuses, une magie sonore impalpable.  Cav\u00e0fis est d\u00e9sormais traduit, comment\u00e9, c\u00e9l\u00e9br\u00e9 un peu partout dans le monde. Et pourtant, savourant aujourd\u2019hui ces vers lentement m\u00fbris, patiemment d\u00e9cant\u00e9s comme des alcools anciens, on croit \u00eatre encore \u00e0 l\u2019\u00e9poque o\u00f9 un po\u00e8te obscur les distribuait sur des feuilles volantes \u00e0 quelques amis ; ces po\u00e8mes illumin\u00e9s de leur gloire, tomb\u00e9s dans le domaine public, n\u2019en continuent pas moins de parler au lecteur \u00e0 mi-voix, lui confiant des secrets infiniment pr\u00e9cieux.  &nbsp;\" \/>\n<meta name=\"robots\" content=\"index, follow, max-snippet:-1, max-image-preview:large, max-video-preview:-1\" \/>\n<link rel=\"canonical\" href=\"https:\/\/www.aiorabooks.com\/product\/constantin-cavafis-choix-de-poemes\/\" \/>\n<meta property=\"og:locale\" content=\"fr_FR\" \/>\n<meta property=\"og:type\" content=\"article\" \/>\n<meta property=\"og:title\" content=\"Choix de po\u00e8mes - Aiora Press\" \/>\n<meta property=\"og:description\" content=\"CONSTANTIN CAV\u00c0FIS Traduit par Michel Volkovitch   \u00c9DITION BILINGUE  Le Cav\u00e0fis des po\u00e8mes historiques, fascin\u00e9 par la p\u00e9riode hell\u00e9nistique ou la Byzance m\u00e9di\u00e9vale, et le Cav\u00e0fis des po\u00e8mes amoureux, obs\u00e9d\u00e9 par la beaut\u00e9 masculine et les plaisirs de sa jeunesse, ne sont qu\u2019un seul et m\u00eame po\u00e8te : le pass\u00e9, qu\u2019il soit lointain ou proche, reste pour lui \u00e9ternellement pr\u00e9sent ; et la ville o\u00f9 il v\u00e9cut, Alexandrie, ne cesse de hanter son \u0153uvre.  Alexandrie n\u2019est jamais d\u00e9crite. Pas de couleur locale ici, ni d\u2019images, ni de grands \u00e9lans lyriques, mais une retenue, un d\u00e9pouillement extr\u00eames, une m\u00e9lancolie, une ironie diffuses, une magie sonore impalpable.  Cav\u00e0fis est d\u00e9sormais traduit, comment\u00e9, c\u00e9l\u00e9br\u00e9 un peu partout dans le monde. Et pourtant, savourant aujourd\u2019hui ces vers lentement m\u00fbris, patiemment d\u00e9cant\u00e9s comme des alcools anciens, on croit \u00eatre encore \u00e0 l\u2019\u00e9poque o\u00f9 un po\u00e8te obscur les distribuait sur des feuilles volantes \u00e0 quelques amis ; ces po\u00e8mes illumin\u00e9s de leur gloire, tomb\u00e9s dans le domaine public, n\u2019en continuent pas moins de parler au lecteur \u00e0 mi-voix, lui confiant des secrets infiniment pr\u00e9cieux.  &nbsp;\" \/>\n<meta property=\"og:url\" content=\"https:\/\/www.aiorabooks.com\/product\/constantin-cavafis-choix-de-poemes\/\" \/>\n<meta property=\"og:site_name\" content=\"Aiora Press\" \/>\n<meta property=\"article:modified_time\" content=\"2025-05-13T11:29:29+00:00\" \/>\n<meta property=\"og:image\" content=\"https:\/\/www.aiorabooks.com\/wp-content\/uploads\/2018\/05\/cavafy-FR.jpg\" \/>\n\t<meta property=\"og:image:width\" content=\"749\" \/>\n\t<meta property=\"og:image:height\" content=\"1182\" \/>\n\t<meta property=\"og:image:type\" content=\"image\/jpeg\" \/>\n<meta name=\"twitter:card\" content=\"summary_large_image\" \/>\n<meta name=\"twitter:label1\" content=\"Dur\u00e9e de lecture estim\u00e9e\" \/>\n\t<meta name=\"twitter:data1\" content=\"1 minute\" \/>\n<script type=\"application\/ld+json\" class=\"yoast-schema-graph\">{\"@context\":\"https:\\\/\\\/schema.org\",\"@graph\":[{\"@type\":\"WebPage\",\"@id\":\"https:\\\/\\\/www.aiorabooks.com\\\/product\\\/constantin-cavafis-choix-de-poemes\\\/\",\"url\":\"https:\\\/\\\/www.aiorabooks.com\\\/product\\\/constantin-cavafis-choix-de-poemes\\\/\",\"name\":\"Choix de po\u00e8mes - Aiora Press\",\"isPartOf\":{\"@id\":\"https:\\\/\\\/www.aiorabooks.com\\\/#website\"},\"primaryImageOfPage\":{\"@id\":\"https:\\\/\\\/www.aiorabooks.com\\\/product\\\/constantin-cavafis-choix-de-poemes\\\/#primaryimage\"},\"image\":{\"@id\":\"https:\\\/\\\/www.aiorabooks.com\\\/product\\\/constantin-cavafis-choix-de-poemes\\\/#primaryimage\"},\"thumbnailUrl\":\"https:\\\/\\\/www.aiorabooks.com\\\/wp-content\\\/uploads\\\/2018\\\/05\\\/cavafy-FR.jpg\",\"datePublished\":\"2018-05-14T09:41:43+00:00\",\"dateModified\":\"2025-05-13T11:29:29+00:00\",\"description\":\"CONSTANTIN CAV\u00c0FIS Traduit par Michel Volkovitch \u00c9DITION BILINGUE Le Cav\u00e0fis des po\u00e8mes historiques, fascin\u00e9 par la p\u00e9riode hell\u00e9nistique ou la Byzance m\u00e9di\u00e9vale, et le Cav\u00e0fis des po\u00e8mes amoureux, obs\u00e9d\u00e9 par la beaut\u00e9 masculine et les plaisirs de sa jeunesse, ne sont qu\u2019un seul et m\u00eame po\u00e8te : le pass\u00e9, qu\u2019il soit lointain ou proche, reste pour lui \u00e9ternellement pr\u00e9sent ; et la ville o\u00f9 il v\u00e9cut, Alexandrie, ne cesse de hanter son \u0153uvre. Alexandrie n\u2019est jamais d\u00e9crite. Pas de couleur locale ici, ni d\u2019images, ni de grands \u00e9lans lyriques, mais une retenue, un d\u00e9pouillement extr\u00eames, une m\u00e9lancolie, une ironie diffuses, une magie sonore impalpable. Cav\u00e0fis est d\u00e9sormais traduit, comment\u00e9, c\u00e9l\u00e9br\u00e9 un peu partout dans le monde. Et pourtant, savourant aujourd\u2019hui ces vers lentement m\u00fbris, patiemment d\u00e9cant\u00e9s comme des alcools anciens, on croit \u00eatre encore \u00e0 l\u2019\u00e9poque o\u00f9 un po\u00e8te obscur les distribuait sur des feuilles volantes \u00e0 quelques amis ; ces po\u00e8mes illumin\u00e9s de leur gloire, tomb\u00e9s dans le domaine public, n\u2019en continuent pas moins de parler au lecteur \u00e0 mi-voix, lui confiant des secrets infiniment pr\u00e9cieux. &nbsp;\",\"breadcrumb\":{\"@id\":\"https:\\\/\\\/www.aiorabooks.com\\\/product\\\/constantin-cavafis-choix-de-poemes\\\/#breadcrumb\"},\"inLanguage\":\"fr-FR\",\"potentialAction\":[{\"@type\":\"ReadAction\",\"target\":[\"https:\\\/\\\/www.aiorabooks.com\\\/product\\\/constantin-cavafis-choix-de-poemes\\\/\"]}]},{\"@type\":\"ImageObject\",\"inLanguage\":\"fr-FR\",\"@id\":\"https:\\\/\\\/www.aiorabooks.com\\\/product\\\/constantin-cavafis-choix-de-poemes\\\/#primaryimage\",\"url\":\"https:\\\/\\\/www.aiorabooks.com\\\/wp-content\\\/uploads\\\/2018\\\/05\\\/cavafy-FR.jpg\",\"contentUrl\":\"https:\\\/\\\/www.aiorabooks.com\\\/wp-content\\\/uploads\\\/2018\\\/05\\\/cavafy-FR.jpg\",\"width\":749,\"height\":1182,\"caption\":\"CONSTANTIN CAV\u00c0FIS \u2013 CHOIX DE PO\u00c8MES\"},{\"@type\":\"BreadcrumbList\",\"@id\":\"https:\\\/\\\/www.aiorabooks.com\\\/product\\\/constantin-cavafis-choix-de-poemes\\\/#breadcrumb\",\"itemListElement\":[{\"@type\":\"ListItem\",\"position\":1,\"name\":\"Home\",\"item\":\"https:\\\/\\\/www.aiorabooks.com\\\/fr\\\/\"},{\"@type\":\"ListItem\",\"position\":2,\"name\":\"Products\",\"item\":\"https:\\\/\\\/www.aiorabooks.com\\\/shop\\\/\"},{\"@type\":\"ListItem\",\"position\":3,\"name\":\"Choix de po\u00e8mes\"}]},{\"@type\":\"WebSite\",\"@id\":\"https:\\\/\\\/www.aiorabooks.com\\\/#website\",\"url\":\"https:\\\/\\\/www.aiorabooks.com\\\/\",\"name\":\"Aiora Press\",\"description\":\"\",\"publisher\":{\"@id\":\"https:\\\/\\\/www.aiorabooks.com\\\/#organization\"},\"potentialAction\":[{\"@type\":\"SearchAction\",\"target\":{\"@type\":\"EntryPoint\",\"urlTemplate\":\"https:\\\/\\\/www.aiorabooks.com\\\/?s={search_term_string}\"},\"query-input\":{\"@type\":\"PropertyValueSpecification\",\"valueRequired\":true,\"valueName\":\"search_term_string\"}}],\"inLanguage\":\"fr-FR\"},{\"@type\":\"Organization\",\"@id\":\"https:\\\/\\\/www.aiorabooks.com\\\/#organization\",\"name\":\"Aiora Press\",\"url\":\"https:\\\/\\\/www.aiorabooks.com\\\/\",\"logo\":{\"@type\":\"ImageObject\",\"inLanguage\":\"fr-FR\",\"@id\":\"https:\\\/\\\/www.aiorabooks.com\\\/#\\\/schema\\\/logo\\\/image\\\/\",\"url\":\"https:\\\/\\\/www.aiorabooks.com\\\/wp-content\\\/uploads\\\/2018\\\/05\\\/aiora_press_B.png\",\"contentUrl\":\"https:\\\/\\\/www.aiorabooks.com\\\/wp-content\\\/uploads\\\/2018\\\/05\\\/aiora_press_B.png\",\"width\":520,\"height\":216,\"caption\":\"Aiora Press\"},\"image\":{\"@id\":\"https:\\\/\\\/www.aiorabooks.com\\\/#\\\/schema\\\/logo\\\/image\\\/\"},\"sameAs\":[\"https:\\\/\\\/www.instagram.com\\\/aiorapress\\\/\"]}]}<\/script>\n<!-- \/ Yoast SEO plugin. -->","yoast_head_json":{"title":"Choix de po\u00e8mes - Aiora Press","description":"CONSTANTIN CAV\u00c0FIS Traduit par Michel Volkovitch   \u00c9DITION BILINGUE  Le Cav\u00e0fis des po\u00e8mes historiques, fascin\u00e9 par la p\u00e9riode hell\u00e9nistique ou la Byzance m\u00e9di\u00e9vale, et le Cav\u00e0fis des po\u00e8mes amoureux, obs\u00e9d\u00e9 par la beaut\u00e9 masculine et les plaisirs de sa jeunesse, ne sont qu\u2019un seul et m\u00eame po\u00e8te : le pass\u00e9, qu\u2019il soit lointain ou proche, reste pour lui \u00e9ternellement pr\u00e9sent ; et la ville o\u00f9 il v\u00e9cut, Alexandrie, ne cesse de hanter son \u0153uvre.  Alexandrie n\u2019est jamais d\u00e9crite. Pas de couleur locale ici, ni d\u2019images, ni de grands \u00e9lans lyriques, mais une retenue, un d\u00e9pouillement extr\u00eames, une m\u00e9lancolie, une ironie diffuses, une magie sonore impalpable.  Cav\u00e0fis est d\u00e9sormais traduit, comment\u00e9, c\u00e9l\u00e9br\u00e9 un peu partout dans le monde. Et pourtant, savourant aujourd\u2019hui ces vers lentement m\u00fbris, patiemment d\u00e9cant\u00e9s comme des alcools anciens, on croit \u00eatre encore \u00e0 l\u2019\u00e9poque o\u00f9 un po\u00e8te obscur les distribuait sur des feuilles volantes \u00e0 quelques amis ; ces po\u00e8mes illumin\u00e9s de leur gloire, tomb\u00e9s dans le domaine public, n\u2019en continuent pas moins de parler au lecteur \u00e0 mi-voix, lui confiant des secrets infiniment pr\u00e9cieux.  &nbsp;","robots":{"index":"index","follow":"follow","max-snippet":"max-snippet:-1","max-image-preview":"max-image-preview:large","max-video-preview":"max-video-preview:-1"},"canonical":"https:\/\/www.aiorabooks.com\/product\/constantin-cavafis-choix-de-poemes\/","og_locale":"fr_FR","og_type":"article","og_title":"Choix de po\u00e8mes - Aiora Press","og_description":"CONSTANTIN CAV\u00c0FIS Traduit par Michel Volkovitch   \u00c9DITION BILINGUE  Le Cav\u00e0fis des po\u00e8mes historiques, fascin\u00e9 par la p\u00e9riode hell\u00e9nistique ou la Byzance m\u00e9di\u00e9vale, et le Cav\u00e0fis des po\u00e8mes amoureux, obs\u00e9d\u00e9 par la beaut\u00e9 masculine et les plaisirs de sa jeunesse, ne sont qu\u2019un seul et m\u00eame po\u00e8te : le pass\u00e9, qu\u2019il soit lointain ou proche, reste pour lui \u00e9ternellement pr\u00e9sent ; et la ville o\u00f9 il v\u00e9cut, Alexandrie, ne cesse de hanter son \u0153uvre.  Alexandrie n\u2019est jamais d\u00e9crite. Pas de couleur locale ici, ni d\u2019images, ni de grands \u00e9lans lyriques, mais une retenue, un d\u00e9pouillement extr\u00eames, une m\u00e9lancolie, une ironie diffuses, une magie sonore impalpable.  Cav\u00e0fis est d\u00e9sormais traduit, comment\u00e9, c\u00e9l\u00e9br\u00e9 un peu partout dans le monde. Et pourtant, savourant aujourd\u2019hui ces vers lentement m\u00fbris, patiemment d\u00e9cant\u00e9s comme des alcools anciens, on croit \u00eatre encore \u00e0 l\u2019\u00e9poque o\u00f9 un po\u00e8te obscur les distribuait sur des feuilles volantes \u00e0 quelques amis ; ces po\u00e8mes illumin\u00e9s de leur gloire, tomb\u00e9s dans le domaine public, n\u2019en continuent pas moins de parler au lecteur \u00e0 mi-voix, lui confiant des secrets infiniment pr\u00e9cieux.  &nbsp;","og_url":"https:\/\/www.aiorabooks.com\/product\/constantin-cavafis-choix-de-poemes\/","og_site_name":"Aiora Press","article_modified_time":"2025-05-13T11:29:29+00:00","og_image":[{"width":749,"height":1182,"url":"https:\/\/www.aiorabooks.com\/wp-content\/uploads\/2018\/05\/cavafy-FR.jpg","type":"image\/jpeg"}],"twitter_card":"summary_large_image","twitter_misc":{"Dur\u00e9e de lecture estim\u00e9e":"1 minute"},"schema":{"@context":"https:\/\/schema.org","@graph":[{"@type":"WebPage","@id":"https:\/\/www.aiorabooks.com\/product\/constantin-cavafis-choix-de-poemes\/","url":"https:\/\/www.aiorabooks.com\/product\/constantin-cavafis-choix-de-poemes\/","name":"Choix de po\u00e8mes - Aiora Press","isPartOf":{"@id":"https:\/\/www.aiorabooks.com\/#website"},"primaryImageOfPage":{"@id":"https:\/\/www.aiorabooks.com\/product\/constantin-cavafis-choix-de-poemes\/#primaryimage"},"image":{"@id":"https:\/\/www.aiorabooks.com\/product\/constantin-cavafis-choix-de-poemes\/#primaryimage"},"thumbnailUrl":"https:\/\/www.aiorabooks.com\/wp-content\/uploads\/2018\/05\/cavafy-FR.jpg","datePublished":"2018-05-14T09:41:43+00:00","dateModified":"2025-05-13T11:29:29+00:00","description":"CONSTANTIN CAV\u00c0FIS Traduit par Michel Volkovitch \u00c9DITION BILINGUE Le Cav\u00e0fis des po\u00e8mes historiques, fascin\u00e9 par la p\u00e9riode hell\u00e9nistique ou la Byzance m\u00e9di\u00e9vale, et le Cav\u00e0fis des po\u00e8mes amoureux, obs\u00e9d\u00e9 par la beaut\u00e9 masculine et les plaisirs de sa jeunesse, ne sont qu\u2019un seul et m\u00eame po\u00e8te : le pass\u00e9, qu\u2019il soit lointain ou proche, reste pour lui \u00e9ternellement pr\u00e9sent ; et la ville o\u00f9 il v\u00e9cut, Alexandrie, ne cesse de hanter son \u0153uvre. Alexandrie n\u2019est jamais d\u00e9crite. Pas de couleur locale ici, ni d\u2019images, ni de grands \u00e9lans lyriques, mais une retenue, un d\u00e9pouillement extr\u00eames, une m\u00e9lancolie, une ironie diffuses, une magie sonore impalpable. Cav\u00e0fis est d\u00e9sormais traduit, comment\u00e9, c\u00e9l\u00e9br\u00e9 un peu partout dans le monde. Et pourtant, savourant aujourd\u2019hui ces vers lentement m\u00fbris, patiemment d\u00e9cant\u00e9s comme des alcools anciens, on croit \u00eatre encore \u00e0 l\u2019\u00e9poque o\u00f9 un po\u00e8te obscur les distribuait sur des feuilles volantes \u00e0 quelques amis ; ces po\u00e8mes illumin\u00e9s de leur gloire, tomb\u00e9s dans le domaine public, n\u2019en continuent pas moins de parler au lecteur \u00e0 mi-voix, lui confiant des secrets infiniment pr\u00e9cieux. &nbsp;","breadcrumb":{"@id":"https:\/\/www.aiorabooks.com\/product\/constantin-cavafis-choix-de-poemes\/#breadcrumb"},"inLanguage":"fr-FR","potentialAction":[{"@type":"ReadAction","target":["https:\/\/www.aiorabooks.com\/product\/constantin-cavafis-choix-de-poemes\/"]}]},{"@type":"ImageObject","inLanguage":"fr-FR","@id":"https:\/\/www.aiorabooks.com\/product\/constantin-cavafis-choix-de-poemes\/#primaryimage","url":"https:\/\/www.aiorabooks.com\/wp-content\/uploads\/2018\/05\/cavafy-FR.jpg","contentUrl":"https:\/\/www.aiorabooks.com\/wp-content\/uploads\/2018\/05\/cavafy-FR.jpg","width":749,"height":1182,"caption":"CONSTANTIN CAV\u00c0FIS \u2013 CHOIX DE PO\u00c8MES"},{"@type":"BreadcrumbList","@id":"https:\/\/www.aiorabooks.com\/product\/constantin-cavafis-choix-de-poemes\/#breadcrumb","itemListElement":[{"@type":"ListItem","position":1,"name":"Home","item":"https:\/\/www.aiorabooks.com\/fr\/"},{"@type":"ListItem","position":2,"name":"Products","item":"https:\/\/www.aiorabooks.com\/shop\/"},{"@type":"ListItem","position":3,"name":"Choix de po\u00e8mes"}]},{"@type":"WebSite","@id":"https:\/\/www.aiorabooks.com\/#website","url":"https:\/\/www.aiorabooks.com\/","name":"Aiora Press","description":"","publisher":{"@id":"https:\/\/www.aiorabooks.com\/#organization"},"potentialAction":[{"@type":"SearchAction","target":{"@type":"EntryPoint","urlTemplate":"https:\/\/www.aiorabooks.com\/?s={search_term_string}"},"query-input":{"@type":"PropertyValueSpecification","valueRequired":true,"valueName":"search_term_string"}}],"inLanguage":"fr-FR"},{"@type":"Organization","@id":"https:\/\/www.aiorabooks.com\/#organization","name":"Aiora Press","url":"https:\/\/www.aiorabooks.com\/","logo":{"@type":"ImageObject","inLanguage":"fr-FR","@id":"https:\/\/www.aiorabooks.com\/#\/schema\/logo\/image\/","url":"https:\/\/www.aiorabooks.com\/wp-content\/uploads\/2018\/05\/aiora_press_B.png","contentUrl":"https:\/\/www.aiorabooks.com\/wp-content\/uploads\/2018\/05\/aiora_press_B.png","width":520,"height":216,"caption":"Aiora Press"},"image":{"@id":"https:\/\/www.aiorabooks.com\/#\/schema\/logo\/image\/"},"sameAs":["https:\/\/www.instagram.com\/aiorapress\/"]}]}},"brands":[{"id":281,"name":"Constantin Cav\u00e0fis","slug":"c-p-cavafy-fr"}],"_links":{"self":[{"href":"https:\/\/www.aiorabooks.com\/fr\/wp-json\/wp\/v2\/product\/2257","targetHints":{"allow":["GET"]}}],"collection":[{"href":"https:\/\/www.aiorabooks.com\/fr\/wp-json\/wp\/v2\/product"}],"about":[{"href":"https:\/\/www.aiorabooks.com\/fr\/wp-json\/wp\/v2\/types\/product"}],"wp:featuredmedia":[{"embeddable":true,"href":"https:\/\/www.aiorabooks.com\/fr\/wp-json\/wp\/v2\/media\/2431"}],"wp:attachment":[{"href":"https:\/\/www.aiorabooks.com\/fr\/wp-json\/wp\/v2\/media?parent=2257"}],"wp:term":[{"taxonomy":"pwb-brand","embeddable":true,"href":"https:\/\/www.aiorabooks.com\/fr\/wp-json\/wp\/v2\/pwb-brand?post=2257"},{"taxonomy":"product_brand","embeddable":true,"href":"https:\/\/www.aiorabooks.com\/fr\/wp-json\/wp\/v2\/product_brand?post=2257"},{"taxonomy":"product_cat","embeddable":true,"href":"https:\/\/www.aiorabooks.com\/fr\/wp-json\/wp\/v2\/product_cat?post=2257"},{"taxonomy":"product_tag","embeddable":true,"href":"https:\/\/www.aiorabooks.com\/fr\/wp-json\/wp\/v2\/product_tag?post=2257"}],"curies":[{"name":"wp","href":"https:\/\/api.w.org\/{rel}","templated":true}]}}