{"id":2437,"date":"2018-05-17T11:36:11","date_gmt":"2018-05-17T11:36:11","guid":{"rendered":"https:\/\/www.aiorabooks.com\/?page_id=2437"},"modified":"2020-12-18T15:14:47","modified_gmt":"2020-12-18T13:14:47","slug":"actualites","status":"publish","type":"page","link":"https:\/\/www.aiorabooks.com\/fr\/actualites\/","title":{"rendered":"Actualit\u00e9s"},"content":{"rendered":"<div class=\"pt-cv-wrapper\"><div class=\"pt-cv-view pt-cv-grid pt-cv-colsys pt-cv-nolf\" id=\"pt-cv-view-0196d30rf3\"><div data-id=\"pt-cv-page-1\" class=\"pt-cv-page\" data-cvc=\"1\"><div class=\"col-md-12 col-sm-12 col-xs-12 pt-cv-content-item pt-cv-1-col\" ><div class='pt-cv-ifield'><h2 class=\"pt-cv-title\"><a href=\"https:\/\/www.aiorabooks.com\/fr\/theodora-recite-par-irene-papas\/\" class=\"_self\" target=\"_self\" >Th\u00e9odora r\u00e9cit\u00e9 par Ir\u00e8ne Papas<\/a><\/h2>\n<div class=\"pt-cv-content\"><h2><span style=\"color: #33cccc;\"><a style=\"color: #33cccc;\" href=\"https:\/\/www.aiorabooks.com\/fr\/product\/theodora\/\">Th\u00e9odora<\/a><\/span><\/h2>\n<p>Po\u00e8me dramatique<\/p>\n<p><a href=\"https:\/\/www.aiorabooks.com\/fr\/product\/theodora\/\"><img loading=\"lazy\" decoding=\"async\" class=\"wp-image-9506 size-medium\" src=\"https:\/\/www.aiorabooks.com\/wp-content\/uploads\/2026\/02\/irene-papa-theodora-rgb-site-192x300.jpg\" alt=\"Irene Papas, Th\u00e9odora, couverture de livre\" width=\"192\" height=\"300\" srcset=\"https:\/\/www.aiorabooks.com\/wp-content\/uploads\/2026\/02\/irene-papa-theodora-rgb-site-192x300.jpg 192w, https:\/\/www.aiorabooks.com\/wp-content\/uploads\/2026\/02\/irene-papa-theodora-rgb-site-96x150.jpg 96w, https:\/\/www.aiorabooks.com\/wp-content\/uploads\/2026\/02\/irene-papa-theodora-rgb-site.jpg 727w, https:\/\/www.aiorabooks.com\/wp-content\/uploads\/2026\/02\/irene-papa-theodora-rgb-site-654x1024.jpg 654w, https:\/\/www.aiorabooks.com\/wp-content\/uploads\/2026\/02\/irene-papa-theodora-rgb-site-300x470.jpg 300w, https:\/\/www.aiorabooks.com\/wp-content\/uploads\/2026\/02\/irene-papa-theodora-rgb-site-600x939.jpg 600w\" sizes=\"auto, (max-width: 192px) 100vw, 192px\" \/><\/a><\/p>\n<p>&nbsp;<\/p>\n<p>\u00c9coutez le po\u00e8me r\u00e9cit\u00e9 par <strong><span style=\"color: #33cccc;\"><a style=\"color: #33cccc;\" href=\"https:\/\/www.aiorabooks.com\/irene-papas\/\">Ir\u00e8ne Papas<\/a><\/span><\/strong><\/p>\n<audio class=\"wp-audio-shortcode\" id=\"audio-9462-1\" preload=\"none\" style=\"width: 100%;\" controls=\"controls\"><source type=\"audio\/mpeg\" src=\"https:\/\/www.aiorabooks.com\/files\/theodora.mp3?_=1\" \/><a href=\"https:\/\/www.aiorabooks.com\/files\/theodora.mp3\">https:\/\/www.aiorabooks.com\/files\/theodora.mp3<\/a><\/audio>\n<p>&nbsp;<\/p>\n<p>&nbsp;<\/p>\n<p>&nbsp;<\/p>\n<\/div><\/div><\/div>\n<div class=\"col-md-12 col-sm-12 col-xs-12 pt-cv-content-item pt-cv-1-col\" ><div class='pt-cv-ifield'><h2 class=\"pt-cv-title\"><a href=\"https:\/\/www.aiorabooks.com\/fr\/decouvrez-un-autre-aspect-de-la-grece\/\" class=\"_self\" target=\"_self\" >D\u00e9couvrez un autre aspect de la Gr\u00e8ce<\/a><\/h2>\n<div class=\"pt-cv-content\"><p><iframe loading=\"lazy\" width=\"1196\" height=\"673\" src=\"https:\/\/www.youtube.com\/embed\/IUO3dIB-NQ0?rel=0\" frameborder=\"0\" allow=\"accelerometer; autoplay; clipboard-write; encrypted-media; gyroscope; picture-in-picture\" allowfullscreen><\/iframe><\/p>\n<\/div><\/div><\/div><\/div><\/div><\/div>\n","protected":false},"excerpt":{"rendered":"","protected":false},"author":1,"featured_media":0,"parent":0,"menu_order":0,"comment_status":"closed","ping_status":"closed","template":"","meta":{"_acf_changed":false,"footnotes":""},"class_list":["post-2437","page","type-page","status-publish","hentry"],"acf":[],"yoast_head":"<!-- This site is optimized with the Yoast SEO plugin v27.4 - https:\/\/yoast.com\/product\/yoast-seo-wordpress\/ -->\n<title>Actualit\u00e9s - Aiora Press<\/title>\n<meta name=\"robots\" content=\"index, follow, max-snippet:-1, max-image-preview:large, max-video-preview:-1\" \/>\n<link rel=\"canonical\" href=\"https:\/\/www.aiorabooks.com\/fr\/actualites\/\" \/>\n<meta property=\"og:locale\" content=\"fr_FR\" \/>\n<meta property=\"og:type\" content=\"article\" \/>\n<meta property=\"og:title\" content=\"Actualit\u00e9s - Aiora Press\" \/>\n<meta property=\"og:url\" content=\"https:\/\/www.aiorabooks.com\/fr\/actualites\/\" \/>\n<meta property=\"og:site_name\" content=\"Aiora Press\" \/>\n<meta property=\"article:modified_time\" content=\"2020-12-18T13:14:47+00:00\" \/>\n<meta name=\"twitter:card\" content=\"summary_large_image\" \/>\n<script type=\"application\/ld+json\" class=\"yoast-schema-graph\">{\"@context\":\"https:\\\/\\\/schema.org\",\"@graph\":[{\"@type\":\"WebPage\",\"@id\":\"https:\\\/\\\/www.aiorabooks.com\\\/fr\\\/actualites\\\/\",\"url\":\"https:\\\/\\\/www.aiorabooks.com\\\/fr\\\/actualites\\\/\",\"name\":\"Actualit\u00e9s - Aiora Press\",\"isPartOf\":{\"@id\":\"https:\\\/\\\/www.aiorabooks.com\\\/#website\"},\"datePublished\":\"2018-05-17T11:36:11+00:00\",\"dateModified\":\"2020-12-18T13:14:47+00:00\",\"breadcrumb\":{\"@id\":\"https:\\\/\\\/www.aiorabooks.com\\\/fr\\\/actualites\\\/#breadcrumb\"},\"inLanguage\":\"fr-FR\",\"potentialAction\":[{\"@type\":\"ReadAction\",\"target\":[\"https:\\\/\\\/www.aiorabooks.com\\\/fr\\\/actualites\\\/\"]}]},{\"@type\":\"BreadcrumbList\",\"@id\":\"https:\\\/\\\/www.aiorabooks.com\\\/fr\\\/actualites\\\/#breadcrumb\",\"itemListElement\":[{\"@type\":\"ListItem\",\"position\":1,\"name\":\"Home\",\"item\":\"https:\\\/\\\/www.aiorabooks.com\\\/fr\\\/\"},{\"@type\":\"ListItem\",\"position\":2,\"name\":\"Actualit\u00e9s\"}]},{\"@type\":\"WebSite\",\"@id\":\"https:\\\/\\\/www.aiorabooks.com\\\/#website\",\"url\":\"https:\\\/\\\/www.aiorabooks.com\\\/\",\"name\":\"Aiora Press\",\"description\":\"\",\"publisher\":{\"@id\":\"https:\\\/\\\/www.aiorabooks.com\\\/#organization\"},\"potentialAction\":[{\"@type\":\"SearchAction\",\"target\":{\"@type\":\"EntryPoint\",\"urlTemplate\":\"https:\\\/\\\/www.aiorabooks.com\\\/?s={search_term_string}\"},\"query-input\":{\"@type\":\"PropertyValueSpecification\",\"valueRequired\":true,\"valueName\":\"search_term_string\"}}],\"inLanguage\":\"fr-FR\"},{\"@type\":\"Organization\",\"@id\":\"https:\\\/\\\/www.aiorabooks.com\\\/#organization\",\"name\":\"Aiora Press\",\"url\":\"https:\\\/\\\/www.aiorabooks.com\\\/\",\"logo\":{\"@type\":\"ImageObject\",\"inLanguage\":\"fr-FR\",\"@id\":\"https:\\\/\\\/www.aiorabooks.com\\\/#\\\/schema\\\/logo\\\/image\\\/\",\"url\":\"https:\\\/\\\/www.aiorabooks.com\\\/wp-content\\\/uploads\\\/2018\\\/05\\\/aiora_press_B.png\",\"contentUrl\":\"https:\\\/\\\/www.aiorabooks.com\\\/wp-content\\\/uploads\\\/2018\\\/05\\\/aiora_press_B.png\",\"width\":520,\"height\":216,\"caption\":\"Aiora Press\"},\"image\":{\"@id\":\"https:\\\/\\\/www.aiorabooks.com\\\/#\\\/schema\\\/logo\\\/image\\\/\"},\"sameAs\":[\"https:\\\/\\\/www.instagram.com\\\/aiorapress\\\/\"]}]}<\/script>\n<!-- \/ Yoast SEO plugin. -->","yoast_head_json":{"title":"Actualit\u00e9s - Aiora Press","robots":{"index":"index","follow":"follow","max-snippet":"max-snippet:-1","max-image-preview":"max-image-preview:large","max-video-preview":"max-video-preview:-1"},"canonical":"https:\/\/www.aiorabooks.com\/fr\/actualites\/","og_locale":"fr_FR","og_type":"article","og_title":"Actualit\u00e9s - Aiora Press","og_url":"https:\/\/www.aiorabooks.com\/fr\/actualites\/","og_site_name":"Aiora Press","article_modified_time":"2020-12-18T13:14:47+00:00","twitter_card":"summary_large_image","schema":{"@context":"https:\/\/schema.org","@graph":[{"@type":"WebPage","@id":"https:\/\/www.aiorabooks.com\/fr\/actualites\/","url":"https:\/\/www.aiorabooks.com\/fr\/actualites\/","name":"Actualit\u00e9s - Aiora Press","isPartOf":{"@id":"https:\/\/www.aiorabooks.com\/#website"},"datePublished":"2018-05-17T11:36:11+00:00","dateModified":"2020-12-18T13:14:47+00:00","breadcrumb":{"@id":"https:\/\/www.aiorabooks.com\/fr\/actualites\/#breadcrumb"},"inLanguage":"fr-FR","potentialAction":[{"@type":"ReadAction","target":["https:\/\/www.aiorabooks.com\/fr\/actualites\/"]}]},{"@type":"BreadcrumbList","@id":"https:\/\/www.aiorabooks.com\/fr\/actualites\/#breadcrumb","itemListElement":[{"@type":"ListItem","position":1,"name":"Home","item":"https:\/\/www.aiorabooks.com\/fr\/"},{"@type":"ListItem","position":2,"name":"Actualit\u00e9s"}]},{"@type":"WebSite","@id":"https:\/\/www.aiorabooks.com\/#website","url":"https:\/\/www.aiorabooks.com\/","name":"Aiora Press","description":"","publisher":{"@id":"https:\/\/www.aiorabooks.com\/#organization"},"potentialAction":[{"@type":"SearchAction","target":{"@type":"EntryPoint","urlTemplate":"https:\/\/www.aiorabooks.com\/?s={search_term_string}"},"query-input":{"@type":"PropertyValueSpecification","valueRequired":true,"valueName":"search_term_string"}}],"inLanguage":"fr-FR"},{"@type":"Organization","@id":"https:\/\/www.aiorabooks.com\/#organization","name":"Aiora Press","url":"https:\/\/www.aiorabooks.com\/","logo":{"@type":"ImageObject","inLanguage":"fr-FR","@id":"https:\/\/www.aiorabooks.com\/#\/schema\/logo\/image\/","url":"https:\/\/www.aiorabooks.com\/wp-content\/uploads\/2018\/05\/aiora_press_B.png","contentUrl":"https:\/\/www.aiorabooks.com\/wp-content\/uploads\/2018\/05\/aiora_press_B.png","width":520,"height":216,"caption":"Aiora Press"},"image":{"@id":"https:\/\/www.aiorabooks.com\/#\/schema\/logo\/image\/"},"sameAs":["https:\/\/www.instagram.com\/aiorapress\/"]}]}},"_links":{"self":[{"href":"https:\/\/www.aiorabooks.com\/fr\/wp-json\/wp\/v2\/pages\/2437","targetHints":{"allow":["GET"]}}],"collection":[{"href":"https:\/\/www.aiorabooks.com\/fr\/wp-json\/wp\/v2\/pages"}],"about":[{"href":"https:\/\/www.aiorabooks.com\/fr\/wp-json\/wp\/v2\/types\/page"}],"author":[{"embeddable":true,"href":"https:\/\/www.aiorabooks.com\/fr\/wp-json\/wp\/v2\/users\/1"}],"replies":[{"embeddable":true,"href":"https:\/\/www.aiorabooks.com\/fr\/wp-json\/wp\/v2\/comments?post=2437"}],"version-history":[{"count":6,"href":"https:\/\/www.aiorabooks.com\/fr\/wp-json\/wp\/v2\/pages\/2437\/revisions"}],"predecessor-version":[{"id":4604,"href":"https:\/\/www.aiorabooks.com\/fr\/wp-json\/wp\/v2\/pages\/2437\/revisions\/4604"}],"wp:attachment":[{"href":"https:\/\/www.aiorabooks.com\/fr\/wp-json\/wp\/v2\/media?parent=2437"}],"curies":[{"name":"wp","href":"https:\/\/api.w.org\/{rel}","templated":true}]}}