{"id":2207,"date":"2018-04-27T12:09:41","date_gmt":"2018-04-27T12:09:41","guid":{"rendered":"https:\/\/www.aiorabooks.com\/?page_id=2207"},"modified":"2024-10-11T12:22:48","modified_gmt":"2024-10-11T09:22:48","slug":"quelque","status":"publish","type":"page","link":"https:\/\/www.aiorabooks.com\/fr\/quelque\/","title":{"rendered":"La maison"},"content":{"rendered":"<p><img loading=\"lazy\" decoding=\"async\" class=\"aligncenter size-full wp-image-2306\" src=\"https:\/\/www.aiorabooks.com\/wp-content\/uploads\/2018\/05\/aiora-about.jpg\" alt=\"About\" width=\"1140\" height=\"430\" srcset=\"https:\/\/www.aiorabooks.com\/wp-content\/uploads\/2018\/05\/aiora-about.jpg 1140w, https:\/\/www.aiorabooks.com\/wp-content\/uploads\/2018\/05\/aiora-about-330x124.jpg 330w, https:\/\/www.aiorabooks.com\/wp-content\/uploads\/2018\/05\/aiora-about-680x256.jpg 680w\" sizes=\"auto, (max-width: 1140px) 100vw, 1140px\" \/><\/p>\n<div style=\"text-align: left;\">\n<blockquote><p>\u00c9ditions Aiora est une maison d\u2019\u00e9dition ind\u00e9pendante grecque, situ\u00e9e \u00e0 Ath\u00e8nes, dont les ouvrages offrent une nouvelle perspective en mati\u00e8re de politique, d\u2019histoire, de sciences sociales, de litt\u00e9rature, de th\u00e9\u00e2tre et de philosophie orientale. Aiora accorde \u00e9galement une attention particuli\u00e8re \u00e0 la traduction de la litt\u00e9rature grecque moderne, et \u00e0 la promotion des Arts et des Lettres grecs aupr\u00e8s des lecteurs \u00e9trangers, qu\u2019ils se trouvent \u00e0 l\u2019international ou en Gr\u00e8ce. Aiora publie en Anglais, Fran\u00e7ais et Italien.<\/p><\/blockquote>\n<\/div>\n<div style=\"text-align: center;\"><img loading=\"lazy\" decoding=\"async\" class=\"aligncenter size-full wp-image-2338\" src=\"https:\/\/www.aiorabooks.com\/wp-content\/uploads\/2018\/05\/aiora-guy-anim.gif\" alt=\"Aiora Press - Aioroulis\" width=\"278\" height=\"171\" \/><\/div>\n","protected":false},"excerpt":{"rendered":"<p>\u00c9ditions Aiora est une maison d\u2019\u00e9dition ind\u00e9pendante grecque, situ\u00e9e \u00e0 Ath\u00e8nes, dont les ouvrages offrent une nouvelle perspective en mati\u00e8re de politique, d\u2019histoire, de sciences sociales, de litt\u00e9rature, de th\u00e9\u00e2tre et de philosophie orientale. Aiora accorde \u00e9galement une attention particuli\u00e8re \u00e0 la traduction de la litt\u00e9rature grecque moderne, et \u00e0 la promotion des Arts et des Lettres grecs aupr\u00e8s des lecteurs \u00e9trangers, qu\u2019ils se trouvent \u00e0 l\u2019international ou en Gr\u00e8ce. Aiora publie en Anglais, Fran\u00e7ais&hellip;<\/p>\n","protected":false},"author":1,"featured_media":0,"parent":0,"menu_order":0,"comment_status":"closed","ping_status":"closed","template":"","meta":{"_acf_changed":false,"footnotes":""},"class_list":["post-2207","page","type-page","status-publish","hentry"],"acf":[],"yoast_head":"<!-- This site is optimized with the Yoast SEO plugin v27.5 - https:\/\/yoast.com\/product\/yoast-seo-wordpress\/ -->\n<title>La maison - Aiora Press<\/title>\n<meta name=\"description\" content=\"Aiora \u00c9ditions est une maison d\u2019\u00e9dition ind\u00e9pendante grecque, situ\u00e9e \u00e0 Ath\u00e8nes, dont les ouvrages offrent une nouvelle perspective en mati\u00e8re de politique, d\u2019histoire, de sciences sociales, de litt\u00e9rature, de th\u00e9\u00e2tre et de philosophie orientale. Aiora accorde \u00e9galement une attention particuli\u00e8re \u00e0 la traduction de la litt\u00e9rature grecque moderne, et \u00e0 la promotion des Arts et des Lettres grecs aupr\u00e8s des lecteurs \u00e9trangers, qu\u2019ils se trouvent \u00e0 l\u2019international ou en Gr\u00e8ce. Aiora publie en Anglais, Allemand, Fran\u00e7ais et Italien.\" \/>\n<meta name=\"robots\" content=\"index, follow, max-snippet:-1, max-image-preview:large, max-video-preview:-1\" \/>\n<link rel=\"canonical\" href=\"https:\/\/www.aiorabooks.com\/about\/\" \/>\n<meta property=\"og:locale\" content=\"fr_FR\" \/>\n<meta property=\"og:type\" content=\"article\" \/>\n<meta property=\"og:title\" content=\"La maison - Aiora Press\" \/>\n<meta property=\"og:description\" content=\"Aiora \u00c9ditions est une maison d\u2019\u00e9dition ind\u00e9pendante grecque, situ\u00e9e \u00e0 Ath\u00e8nes, dont les ouvrages offrent une nouvelle perspective en mati\u00e8re de politique, d\u2019histoire, de sciences sociales, de litt\u00e9rature, de th\u00e9\u00e2tre et de philosophie orientale. Aiora accorde \u00e9galement une attention particuli\u00e8re \u00e0 la traduction de la litt\u00e9rature grecque moderne, et \u00e0 la promotion des Arts et des Lettres grecs aupr\u00e8s des lecteurs \u00e9trangers, qu\u2019ils se trouvent \u00e0 l\u2019international ou en Gr\u00e8ce. Aiora publie en Anglais, Allemand, Fran\u00e7ais et Italien.\" \/>\n<meta property=\"og:url\" content=\"https:\/\/www.aiorabooks.com\/about\/\" \/>\n<meta property=\"og:site_name\" content=\"Aiora Press\" \/>\n<meta property=\"article:modified_time\" content=\"2024-10-11T09:22:48+00:00\" \/>\n<meta property=\"og:image\" content=\"https:\/\/www.aiorabooks.com\/wp-content\/uploads\/2018\/05\/aiora-about.jpg\" \/>\n<meta name=\"twitter:card\" content=\"summary_large_image\" \/>\n<meta name=\"twitter:label1\" content=\"Dur\u00e9e de lecture estim\u00e9e\" \/>\n\t<meta name=\"twitter:data1\" content=\"1 minute\" \/>\n<script type=\"application\/ld+json\" class=\"yoast-schema-graph\">{\"@context\":\"https:\\\/\\\/schema.org\",\"@graph\":[{\"@type\":\"WebPage\",\"@id\":\"https:\\\/\\\/www.aiorabooks.com\\\/about\\\/\",\"url\":\"https:\\\/\\\/www.aiorabooks.com\\\/about\\\/\",\"name\":\"La maison - Aiora Press\",\"isPartOf\":{\"@id\":\"https:\\\/\\\/www.aiorabooks.com\\\/#website\"},\"primaryImageOfPage\":{\"@id\":\"https:\\\/\\\/www.aiorabooks.com\\\/about\\\/#primaryimage\"},\"image\":{\"@id\":\"https:\\\/\\\/www.aiorabooks.com\\\/about\\\/#primaryimage\"},\"thumbnailUrl\":\"https:\\\/\\\/www.aiorabooks.com\\\/wp-content\\\/uploads\\\/2018\\\/05\\\/aiora-about.jpg\",\"datePublished\":\"2018-04-27T12:09:41+00:00\",\"dateModified\":\"2024-10-11T09:22:48+00:00\",\"description\":\"Aiora \u00c9ditions est une maison d\u2019\u00e9dition ind\u00e9pendante grecque, situ\u00e9e \u00e0 Ath\u00e8nes, dont les ouvrages offrent une nouvelle perspective en mati\u00e8re de politique, d\u2019histoire, de sciences sociales, de litt\u00e9rature, de th\u00e9\u00e2tre et de philosophie orientale. Aiora accorde \u00e9galement une attention particuli\u00e8re \u00e0 la traduction de la litt\u00e9rature grecque moderne, et \u00e0 la promotion des Arts et des Lettres grecs aupr\u00e8s des lecteurs \u00e9trangers, qu\u2019ils se trouvent \u00e0 l\u2019international ou en Gr\u00e8ce. Aiora publie en Anglais, Allemand, Fran\u00e7ais et Italien.\",\"breadcrumb\":{\"@id\":\"https:\\\/\\\/www.aiorabooks.com\\\/about\\\/#breadcrumb\"},\"inLanguage\":\"fr-FR\",\"potentialAction\":[{\"@type\":\"ReadAction\",\"target\":[\"https:\\\/\\\/www.aiorabooks.com\\\/about\\\/\"]}]},{\"@type\":\"ImageObject\",\"inLanguage\":\"fr-FR\",\"@id\":\"https:\\\/\\\/www.aiorabooks.com\\\/about\\\/#primaryimage\",\"url\":\"https:\\\/\\\/www.aiorabooks.com\\\/wp-content\\\/uploads\\\/2018\\\/05\\\/aiora-about.jpg\",\"contentUrl\":\"https:\\\/\\\/www.aiorabooks.com\\\/wp-content\\\/uploads\\\/2018\\\/05\\\/aiora-about.jpg\"},{\"@type\":\"BreadcrumbList\",\"@id\":\"https:\\\/\\\/www.aiorabooks.com\\\/about\\\/#breadcrumb\",\"itemListElement\":[{\"@type\":\"ListItem\",\"position\":1,\"name\":\"Home\",\"item\":\"https:\\\/\\\/www.aiorabooks.com\\\/fr\\\/\"},{\"@type\":\"ListItem\",\"position\":2,\"name\":\"La maison\"}]},{\"@type\":\"WebSite\",\"@id\":\"https:\\\/\\\/www.aiorabooks.com\\\/#website\",\"url\":\"https:\\\/\\\/www.aiorabooks.com\\\/\",\"name\":\"Aiora Press\",\"description\":\"\",\"publisher\":{\"@id\":\"https:\\\/\\\/www.aiorabooks.com\\\/#organization\"},\"potentialAction\":[{\"@type\":\"SearchAction\",\"target\":{\"@type\":\"EntryPoint\",\"urlTemplate\":\"https:\\\/\\\/www.aiorabooks.com\\\/?s={search_term_string}\"},\"query-input\":{\"@type\":\"PropertyValueSpecification\",\"valueRequired\":true,\"valueName\":\"search_term_string\"}}],\"inLanguage\":\"fr-FR\"},{\"@type\":\"Organization\",\"@id\":\"https:\\\/\\\/www.aiorabooks.com\\\/#organization\",\"name\":\"Aiora Press\",\"url\":\"https:\\\/\\\/www.aiorabooks.com\\\/\",\"logo\":{\"@type\":\"ImageObject\",\"inLanguage\":\"fr-FR\",\"@id\":\"https:\\\/\\\/www.aiorabooks.com\\\/#\\\/schema\\\/logo\\\/image\\\/\",\"url\":\"https:\\\/\\\/www.aiorabooks.com\\\/wp-content\\\/uploads\\\/2018\\\/05\\\/aiora_press_B.png\",\"contentUrl\":\"https:\\\/\\\/www.aiorabooks.com\\\/wp-content\\\/uploads\\\/2018\\\/05\\\/aiora_press_B.png\",\"width\":520,\"height\":216,\"caption\":\"Aiora Press\"},\"image\":{\"@id\":\"https:\\\/\\\/www.aiorabooks.com\\\/#\\\/schema\\\/logo\\\/image\\\/\"},\"sameAs\":[\"https:\\\/\\\/www.instagram.com\\\/aiorapress\\\/\"]}]}<\/script>\n<!-- \/ Yoast SEO plugin. -->","yoast_head_json":{"title":"La maison - Aiora Press","description":"Aiora \u00c9ditions est une maison d\u2019\u00e9dition ind\u00e9pendante grecque, situ\u00e9e \u00e0 Ath\u00e8nes, dont les ouvrages offrent une nouvelle perspective en mati\u00e8re de politique, d\u2019histoire, de sciences sociales, de litt\u00e9rature, de th\u00e9\u00e2tre et de philosophie orientale. Aiora accorde \u00e9galement une attention particuli\u00e8re \u00e0 la traduction de la litt\u00e9rature grecque moderne, et \u00e0 la promotion des Arts et des Lettres grecs aupr\u00e8s des lecteurs \u00e9trangers, qu\u2019ils se trouvent \u00e0 l\u2019international ou en Gr\u00e8ce. Aiora publie en Anglais, Allemand, Fran\u00e7ais et Italien.","robots":{"index":"index","follow":"follow","max-snippet":"max-snippet:-1","max-image-preview":"max-image-preview:large","max-video-preview":"max-video-preview:-1"},"canonical":"https:\/\/www.aiorabooks.com\/about\/","og_locale":"fr_FR","og_type":"article","og_title":"La maison - Aiora Press","og_description":"Aiora \u00c9ditions est une maison d\u2019\u00e9dition ind\u00e9pendante grecque, situ\u00e9e \u00e0 Ath\u00e8nes, dont les ouvrages offrent une nouvelle perspective en mati\u00e8re de politique, d\u2019histoire, de sciences sociales, de litt\u00e9rature, de th\u00e9\u00e2tre et de philosophie orientale. Aiora accorde \u00e9galement une attention particuli\u00e8re \u00e0 la traduction de la litt\u00e9rature grecque moderne, et \u00e0 la promotion des Arts et des Lettres grecs aupr\u00e8s des lecteurs \u00e9trangers, qu\u2019ils se trouvent \u00e0 l\u2019international ou en Gr\u00e8ce. Aiora publie en Anglais, Allemand, Fran\u00e7ais et Italien.","og_url":"https:\/\/www.aiorabooks.com\/about\/","og_site_name":"Aiora Press","article_modified_time":"2024-10-11T09:22:48+00:00","og_image":[{"url":"https:\/\/www.aiorabooks.com\/wp-content\/uploads\/2018\/05\/aiora-about.jpg","type":"","width":"","height":""}],"twitter_card":"summary_large_image","twitter_misc":{"Dur\u00e9e de lecture estim\u00e9e":"1 minute"},"schema":{"@context":"https:\/\/schema.org","@graph":[{"@type":"WebPage","@id":"https:\/\/www.aiorabooks.com\/about\/","url":"https:\/\/www.aiorabooks.com\/about\/","name":"La maison - Aiora Press","isPartOf":{"@id":"https:\/\/www.aiorabooks.com\/#website"},"primaryImageOfPage":{"@id":"https:\/\/www.aiorabooks.com\/about\/#primaryimage"},"image":{"@id":"https:\/\/www.aiorabooks.com\/about\/#primaryimage"},"thumbnailUrl":"https:\/\/www.aiorabooks.com\/wp-content\/uploads\/2018\/05\/aiora-about.jpg","datePublished":"2018-04-27T12:09:41+00:00","dateModified":"2024-10-11T09:22:48+00:00","description":"Aiora \u00c9ditions est une maison d\u2019\u00e9dition ind\u00e9pendante grecque, situ\u00e9e \u00e0 Ath\u00e8nes, dont les ouvrages offrent une nouvelle perspective en mati\u00e8re de politique, d\u2019histoire, de sciences sociales, de litt\u00e9rature, de th\u00e9\u00e2tre et de philosophie orientale. Aiora accorde \u00e9galement une attention particuli\u00e8re \u00e0 la traduction de la litt\u00e9rature grecque moderne, et \u00e0 la promotion des Arts et des Lettres grecs aupr\u00e8s des lecteurs \u00e9trangers, qu\u2019ils se trouvent \u00e0 l\u2019international ou en Gr\u00e8ce. Aiora publie en Anglais, Allemand, Fran\u00e7ais et Italien.","breadcrumb":{"@id":"https:\/\/www.aiorabooks.com\/about\/#breadcrumb"},"inLanguage":"fr-FR","potentialAction":[{"@type":"ReadAction","target":["https:\/\/www.aiorabooks.com\/about\/"]}]},{"@type":"ImageObject","inLanguage":"fr-FR","@id":"https:\/\/www.aiorabooks.com\/about\/#primaryimage","url":"https:\/\/www.aiorabooks.com\/wp-content\/uploads\/2018\/05\/aiora-about.jpg","contentUrl":"https:\/\/www.aiorabooks.com\/wp-content\/uploads\/2018\/05\/aiora-about.jpg"},{"@type":"BreadcrumbList","@id":"https:\/\/www.aiorabooks.com\/about\/#breadcrumb","itemListElement":[{"@type":"ListItem","position":1,"name":"Home","item":"https:\/\/www.aiorabooks.com\/fr\/"},{"@type":"ListItem","position":2,"name":"La maison"}]},{"@type":"WebSite","@id":"https:\/\/www.aiorabooks.com\/#website","url":"https:\/\/www.aiorabooks.com\/","name":"Aiora Press","description":"","publisher":{"@id":"https:\/\/www.aiorabooks.com\/#organization"},"potentialAction":[{"@type":"SearchAction","target":{"@type":"EntryPoint","urlTemplate":"https:\/\/www.aiorabooks.com\/?s={search_term_string}"},"query-input":{"@type":"PropertyValueSpecification","valueRequired":true,"valueName":"search_term_string"}}],"inLanguage":"fr-FR"},{"@type":"Organization","@id":"https:\/\/www.aiorabooks.com\/#organization","name":"Aiora Press","url":"https:\/\/www.aiorabooks.com\/","logo":{"@type":"ImageObject","inLanguage":"fr-FR","@id":"https:\/\/www.aiorabooks.com\/#\/schema\/logo\/image\/","url":"https:\/\/www.aiorabooks.com\/wp-content\/uploads\/2018\/05\/aiora_press_B.png","contentUrl":"https:\/\/www.aiorabooks.com\/wp-content\/uploads\/2018\/05\/aiora_press_B.png","width":520,"height":216,"caption":"Aiora Press"},"image":{"@id":"https:\/\/www.aiorabooks.com\/#\/schema\/logo\/image\/"},"sameAs":["https:\/\/www.instagram.com\/aiorapress\/"]}]}},"_links":{"self":[{"href":"https:\/\/www.aiorabooks.com\/fr\/wp-json\/wp\/v2\/pages\/2207","targetHints":{"allow":["GET"]}}],"collection":[{"href":"https:\/\/www.aiorabooks.com\/fr\/wp-json\/wp\/v2\/pages"}],"about":[{"href":"https:\/\/www.aiorabooks.com\/fr\/wp-json\/wp\/v2\/types\/page"}],"author":[{"embeddable":true,"href":"https:\/\/www.aiorabooks.com\/fr\/wp-json\/wp\/v2\/users\/1"}],"replies":[{"embeddable":true,"href":"https:\/\/www.aiorabooks.com\/fr\/wp-json\/wp\/v2\/comments?post=2207"}],"version-history":[{"count":13,"href":"https:\/\/www.aiorabooks.com\/fr\/wp-json\/wp\/v2\/pages\/2207\/revisions"}],"predecessor-version":[{"id":8886,"href":"https:\/\/www.aiorabooks.com\/fr\/wp-json\/wp\/v2\/pages\/2207\/revisions\/8886"}],"wp:attachment":[{"href":"https:\/\/www.aiorabooks.com\/fr\/wp-json\/wp\/v2\/media?parent=2207"}],"curies":[{"name":"wp","href":"https:\/\/api.w.org\/{rel}","templated":true}]}}