{"id":3999,"date":"2020-02-01T11:06:37","date_gmt":"2020-02-01T09:06:37","guid":{"rendered":"https:\/\/www.aiorabooks.com\/autores\/"},"modified":"2021-07-29T15:27:36","modified_gmt":"2021-07-29T12:27:36","slug":"autores","status":"publish","type":"page","link":"https:\/\/www.aiorabooks.com\/es\/autores\/","title":{"rendered":"Autores"},"content":{"rendered":"<div class=\"pt-cv-wrapper\"><div class=\"pt-cv-view pt-cv-grid pt-cv-colsys\" id=\"pt-cv-view-514bcd6gsj\"><div data-id=\"pt-cv-page-1\" class=\"pt-cv-page\" data-cvc=\"3\"><div class=\"col-md-4 col-sm-6 col-xs-12 pt-cv-content-item pt-cv-2-col\" ><div class='pt-cv-ifield'><a href=\"https:\/\/www.aiorabooks.com\/es\/constandinos-cavafis\/\" class=\"_self pt-cv-href-thumbnail pt-cv-thumb-left\" target=\"_self\" ><img loading=\"lazy\" decoding=\"async\" width=\"131\" height=\"150\" src=\"https:\/\/www.aiorabooks.com\/wp-content\/uploads\/2018\/03\/cavafy-photo-131x150.jpg\" class=\"pt-cv-thumbnail pull-left\" alt=\"C.P. Cavafy - Selected Poems\" srcset=\"https:\/\/www.aiorabooks.com\/wp-content\/uploads\/2018\/03\/cavafy-photo-131x150.jpg 131w, https:\/\/www.aiorabooks.com\/wp-content\/uploads\/2018\/03\/cavafy-photo-261x300.jpg 261w, https:\/\/www.aiorabooks.com\/wp-content\/uploads\/2018\/03\/cavafy-photo-330x379.jpg 330w, https:\/\/www.aiorabooks.com\/wp-content\/uploads\/2018\/03\/cavafy-photo.jpg 400w\" sizes=\"auto, (max-width: 131px) 100vw, 131px\" \/><\/a>\n<h4 class=\"pt-cv-title\"><a href=\"https:\/\/www.aiorabooks.com\/es\/constandinos-cavafis\/\" class=\"_self\" target=\"_self\" >Constandinos Cavafis<\/a><\/h4>\n<div class=\"pt-cv-content\"><p><strong>Constandinos Cavafis<\/strong> (1863-1933), griego nacido en Alejandr\u00eda, salvo breves per\u00edodos, llev\u00f3 en su ciudad natal una existencia oscura enteramente entregada a la poes\u00eda y a sus colaboraciones period\u00edsticas. Modesto funcionario en un ministerio, de obra po\u00e9tica pr\u00e1cticamente desconocida en vida para el gran p\u00fablico y que, en realidad, s\u00f3lo se public\u00f3 despu\u00e9s de su muerte, en una cuidada selecci\u00f3n de ciento cincuenta y cuatro poemas, sugerida por \u00e9l mismo. Cavafis nunca pudo ver ni disfrutar de la notoriedad que hoy goza. Su obra po\u00e9tica \u2013hoy ya enteramente editada\u2013, tenida por los griegos como la m\u00e1s destacada de su literatura, es admirada en el mundo entero por las innumerables traducciones, estudios y comentarios. Su obra constituye sin duda uno de los hitos de la poes\u00eda europea contempor\u00e1nea por la originalidad y universalidad de su escritura.<\/p>\n<\/div><\/div><\/div><\/div><\/div><\/div>\n","protected":false},"excerpt":{"rendered":"","protected":false},"author":1,"featured_media":0,"parent":0,"menu_order":0,"comment_status":"closed","ping_status":"closed","template":"","meta":{"_acf_changed":false,"footnotes":""},"class_list":["post-3999","page","type-page","status-publish","hentry"],"acf":[],"yoast_head":"<!-- This site is optimized with the Yoast SEO plugin v27.5 - https:\/\/yoast.com\/product\/yoast-seo-wordpress\/ -->\n<title>Autores - Aiora Press<\/title>\n<meta name=\"robots\" content=\"index, follow, max-snippet:-1, max-image-preview:large, max-video-preview:-1\" \/>\n<link rel=\"canonical\" href=\"https:\/\/www.aiorabooks.com\/authors\/\" \/>\n<meta property=\"og:locale\" content=\"es_ES\" \/>\n<meta property=\"og:type\" content=\"article\" \/>\n<meta property=\"og:title\" content=\"Autores - Aiora Press\" \/>\n<meta property=\"og:url\" content=\"https:\/\/www.aiorabooks.com\/authors\/\" \/>\n<meta property=\"og:site_name\" content=\"Aiora Press\" \/>\n<meta property=\"article:modified_time\" content=\"2021-07-29T12:27:36+00:00\" \/>\n<meta name=\"twitter:card\" content=\"summary_large_image\" \/>\n<script type=\"application\/ld+json\" class=\"yoast-schema-graph\">{\"@context\":\"https:\\\/\\\/schema.org\",\"@graph\":[{\"@type\":\"WebPage\",\"@id\":\"https:\\\/\\\/www.aiorabooks.com\\\/authors\\\/\",\"url\":\"https:\\\/\\\/www.aiorabooks.com\\\/authors\\\/\",\"name\":\"Autores - Aiora Press\",\"isPartOf\":{\"@id\":\"https:\\\/\\\/www.aiorabooks.com\\\/#website\"},\"datePublished\":\"2020-02-01T09:06:37+00:00\",\"dateModified\":\"2021-07-29T12:27:36+00:00\",\"breadcrumb\":{\"@id\":\"https:\\\/\\\/www.aiorabooks.com\\\/authors\\\/#breadcrumb\"},\"inLanguage\":\"es\",\"potentialAction\":[{\"@type\":\"ReadAction\",\"target\":[\"https:\\\/\\\/www.aiorabooks.com\\\/authors\\\/\"]}]},{\"@type\":\"BreadcrumbList\",\"@id\":\"https:\\\/\\\/www.aiorabooks.com\\\/authors\\\/#breadcrumb\",\"itemListElement\":[{\"@type\":\"ListItem\",\"position\":1,\"name\":\"Home\",\"item\":\"https:\\\/\\\/www.aiorabooks.com\\\/es\\\/\"},{\"@type\":\"ListItem\",\"position\":2,\"name\":\"Autores\"}]},{\"@type\":\"WebSite\",\"@id\":\"https:\\\/\\\/www.aiorabooks.com\\\/#website\",\"url\":\"https:\\\/\\\/www.aiorabooks.com\\\/\",\"name\":\"Aiora Press\",\"description\":\"\",\"publisher\":{\"@id\":\"https:\\\/\\\/www.aiorabooks.com\\\/#organization\"},\"potentialAction\":[{\"@type\":\"SearchAction\",\"target\":{\"@type\":\"EntryPoint\",\"urlTemplate\":\"https:\\\/\\\/www.aiorabooks.com\\\/?s={search_term_string}\"},\"query-input\":{\"@type\":\"PropertyValueSpecification\",\"valueRequired\":true,\"valueName\":\"search_term_string\"}}],\"inLanguage\":\"es\"},{\"@type\":\"Organization\",\"@id\":\"https:\\\/\\\/www.aiorabooks.com\\\/#organization\",\"name\":\"Aiora Press\",\"url\":\"https:\\\/\\\/www.aiorabooks.com\\\/\",\"logo\":{\"@type\":\"ImageObject\",\"inLanguage\":\"es\",\"@id\":\"https:\\\/\\\/www.aiorabooks.com\\\/#\\\/schema\\\/logo\\\/image\\\/\",\"url\":\"https:\\\/\\\/www.aiorabooks.com\\\/wp-content\\\/uploads\\\/2018\\\/05\\\/aiora_press_B.png\",\"contentUrl\":\"https:\\\/\\\/www.aiorabooks.com\\\/wp-content\\\/uploads\\\/2018\\\/05\\\/aiora_press_B.png\",\"width\":520,\"height\":216,\"caption\":\"Aiora Press\"},\"image\":{\"@id\":\"https:\\\/\\\/www.aiorabooks.com\\\/#\\\/schema\\\/logo\\\/image\\\/\"},\"sameAs\":[\"https:\\\/\\\/www.instagram.com\\\/aiorapress\\\/\"]}]}<\/script>\n<!-- \/ Yoast SEO plugin. -->","yoast_head_json":{"title":"Autores - Aiora Press","robots":{"index":"index","follow":"follow","max-snippet":"max-snippet:-1","max-image-preview":"max-image-preview:large","max-video-preview":"max-video-preview:-1"},"canonical":"https:\/\/www.aiorabooks.com\/authors\/","og_locale":"es_ES","og_type":"article","og_title":"Autores - Aiora Press","og_url":"https:\/\/www.aiorabooks.com\/authors\/","og_site_name":"Aiora Press","article_modified_time":"2021-07-29T12:27:36+00:00","twitter_card":"summary_large_image","schema":{"@context":"https:\/\/schema.org","@graph":[{"@type":"WebPage","@id":"https:\/\/www.aiorabooks.com\/authors\/","url":"https:\/\/www.aiorabooks.com\/authors\/","name":"Autores - Aiora Press","isPartOf":{"@id":"https:\/\/www.aiorabooks.com\/#website"},"datePublished":"2020-02-01T09:06:37+00:00","dateModified":"2021-07-29T12:27:36+00:00","breadcrumb":{"@id":"https:\/\/www.aiorabooks.com\/authors\/#breadcrumb"},"inLanguage":"es","potentialAction":[{"@type":"ReadAction","target":["https:\/\/www.aiorabooks.com\/authors\/"]}]},{"@type":"BreadcrumbList","@id":"https:\/\/www.aiorabooks.com\/authors\/#breadcrumb","itemListElement":[{"@type":"ListItem","position":1,"name":"Home","item":"https:\/\/www.aiorabooks.com\/es\/"},{"@type":"ListItem","position":2,"name":"Autores"}]},{"@type":"WebSite","@id":"https:\/\/www.aiorabooks.com\/#website","url":"https:\/\/www.aiorabooks.com\/","name":"Aiora Press","description":"","publisher":{"@id":"https:\/\/www.aiorabooks.com\/#organization"},"potentialAction":[{"@type":"SearchAction","target":{"@type":"EntryPoint","urlTemplate":"https:\/\/www.aiorabooks.com\/?s={search_term_string}"},"query-input":{"@type":"PropertyValueSpecification","valueRequired":true,"valueName":"search_term_string"}}],"inLanguage":"es"},{"@type":"Organization","@id":"https:\/\/www.aiorabooks.com\/#organization","name":"Aiora Press","url":"https:\/\/www.aiorabooks.com\/","logo":{"@type":"ImageObject","inLanguage":"es","@id":"https:\/\/www.aiorabooks.com\/#\/schema\/logo\/image\/","url":"https:\/\/www.aiorabooks.com\/wp-content\/uploads\/2018\/05\/aiora_press_B.png","contentUrl":"https:\/\/www.aiorabooks.com\/wp-content\/uploads\/2018\/05\/aiora_press_B.png","width":520,"height":216,"caption":"Aiora Press"},"image":{"@id":"https:\/\/www.aiorabooks.com\/#\/schema\/logo\/image\/"},"sameAs":["https:\/\/www.instagram.com\/aiorapress\/"]}]}},"_links":{"self":[{"href":"https:\/\/www.aiorabooks.com\/es\/wp-json\/wp\/v2\/pages\/3999","targetHints":{"allow":["GET"]}}],"collection":[{"href":"https:\/\/www.aiorabooks.com\/es\/wp-json\/wp\/v2\/pages"}],"about":[{"href":"https:\/\/www.aiorabooks.com\/es\/wp-json\/wp\/v2\/types\/page"}],"author":[{"embeddable":true,"href":"https:\/\/www.aiorabooks.com\/es\/wp-json\/wp\/v2\/users\/1"}],"replies":[{"embeddable":true,"href":"https:\/\/www.aiorabooks.com\/es\/wp-json\/wp\/v2\/comments?post=3999"}],"version-history":[{"count":1,"href":"https:\/\/www.aiorabooks.com\/es\/wp-json\/wp\/v2\/pages\/3999\/revisions"}],"predecessor-version":[{"id":4005,"href":"https:\/\/www.aiorabooks.com\/es\/wp-json\/wp\/v2\/pages\/3999\/revisions\/4005"}],"wp:attachment":[{"href":"https:\/\/www.aiorabooks.com\/es\/wp-json\/wp\/v2\/media?parent=3999"}],"curies":[{"name":"wp","href":"https:\/\/api.w.org\/{rel}","templated":true}]}}