{"id":3968,"date":"2020-01-28T03:21:37","date_gmt":"2020-01-28T01:21:37","guid":{"rendered":"https:\/\/www.aiorabooks.com\/?page_id=3968"},"modified":"2021-07-29T16:17:25","modified_gmt":"2021-07-29T13:17:25","slug":"sobre","status":"publish","type":"page","link":"https:\/\/www.aiorabooks.com\/es\/sobre\/","title":{"rendered":"Sobre"},"content":{"rendered":"<p><img loading=\"lazy\" decoding=\"async\" class=\"aligncenter size-full wp-image-4917\" src=\"https:\/\/www.aiorabooks.com\/wp-content\/uploads\/2018\/05\/aiora-about.jpg\" alt=\"About\" width=\"1140\" height=\"430\" srcset=\"https:\/\/www.aiorabooks.com\/wp-content\/uploads\/2018\/05\/aiora-about.jpg 1140w, https:\/\/www.aiorabooks.com\/wp-content\/uploads\/2018\/05\/aiora-about-330x124.jpg 330w, https:\/\/www.aiorabooks.com\/wp-content\/uploads\/2018\/05\/aiora-about-680x256.jpg 680w\" sizes=\"auto, (max-width: 1140px) 100vw, 1140px\" \/><\/p>\n<div style=\"text-align: left;\">\n<blockquote><p>Aiora Press es una editorial griega independiente ubicada en Atenas cuyos libros ofrecen una nueva perspectiva en pol\u00edtica, historia, ciencias sociales, literatura, teatro y filosof\u00eda oriental. Aiora tambi\u00e9n se dedica activamente a la traducci\u00f3n y promoci\u00f3n de las artes y letras griegas para los lectores en el extranjero, as\u00ed como para aquellos que viven y viajan en Grecia. Aiora publica en ingl\u00e9s, alem\u00e1n, franc\u00e9s, italiano y espa\u00f1ol.<\/p><\/blockquote>\n<\/div>\n<div style=\"text-align: center;\">\n<img loading=\"lazy\" decoding=\"async\" class=\"aligncenter size-full wp-image-4919\" src=\"https:\/\/www.aiorabooks.com\/wp-content\/uploads\/2018\/05\/aiora-guy-anim.gif\" alt=\"Aiora Press - Aioroulis\" width=\"278\" height=\"171\" \/>\n<\/div>\n","protected":false},"excerpt":{"rendered":"<p>Aiora Press es una editorial griega independiente ubicada en Atenas cuyos libros ofrecen una nueva perspectiva en pol\u00edtica, historia, ciencias sociales, literatura, teatro y filosof\u00eda oriental. Aiora tambi\u00e9n se dedica activamente a la traducci\u00f3n y promoci\u00f3n de las artes y letras griegas para los lectores en el extranjero, as\u00ed como para aquellos que viven y viajan en Grecia. Aiora publica en ingl\u00e9s, alem\u00e1n, franc\u00e9s, italiano y espa\u00f1ol.<\/p>\n","protected":false},"author":1,"featured_media":0,"parent":0,"menu_order":0,"comment_status":"closed","ping_status":"closed","template":"","meta":{"_acf_changed":false,"footnotes":""},"class_list":["post-3968","page","type-page","status-publish","hentry"],"acf":[],"yoast_head":"<!-- This site is optimized with the Yoast SEO plugin v27.5 - https:\/\/yoast.com\/product\/yoast-seo-wordpress\/ -->\n<title>Sobre - Aiora Press<\/title>\n<meta name=\"description\" content=\"Aiora Press es una editorial griega independiente ubicada en Atenas cuyos libros ofrecen una nueva perspectiva en pol\u00edtica, historia, ciencias sociales, literatura, teatro y filosof\u00eda oriental. Aiora tambi\u00e9n se dedica activamente a la traducci\u00f3n y promoci\u00f3n de las artes y letras griegas para los lectores en el extranjero, as\u00ed como para aquellos que viven y viajan en Grecia. Aiora publica en ingl\u00e9s, alem\u00e1n, franc\u00e9s, italiano y espa\u00f1ol.\" \/>\n<meta name=\"robots\" content=\"index, follow, max-snippet:-1, max-image-preview:large, max-video-preview:-1\" \/>\n<link rel=\"canonical\" href=\"https:\/\/www.aiorabooks.com\/about\/\" \/>\n<meta property=\"og:locale\" content=\"es_ES\" \/>\n<meta property=\"og:type\" content=\"article\" \/>\n<meta property=\"og:title\" content=\"Sobre - Aiora Press\" \/>\n<meta property=\"og:description\" content=\"Aiora Press es una editorial griega independiente ubicada en Atenas cuyos libros ofrecen una nueva perspectiva en pol\u00edtica, historia, ciencias sociales, literatura, teatro y filosof\u00eda oriental. Aiora tambi\u00e9n se dedica activamente a la traducci\u00f3n y promoci\u00f3n de las artes y letras griegas para los lectores en el extranjero, as\u00ed como para aquellos que viven y viajan en Grecia. Aiora publica en ingl\u00e9s, alem\u00e1n, franc\u00e9s, italiano y espa\u00f1ol.\" \/>\n<meta property=\"og:url\" content=\"https:\/\/www.aiorabooks.com\/about\/\" \/>\n<meta property=\"og:site_name\" content=\"Aiora Press\" \/>\n<meta property=\"article:modified_time\" content=\"2021-07-29T13:17:25+00:00\" \/>\n<meta property=\"og:image\" content=\"https:\/\/www.aiorabooks.com\/wp-content\/uploads\/2018\/05\/aiora-about.jpg\" \/>\n<meta name=\"twitter:card\" content=\"summary_large_image\" \/>\n<script type=\"application\/ld+json\" class=\"yoast-schema-graph\">{\"@context\":\"https:\\\/\\\/schema.org\",\"@graph\":[{\"@type\":\"WebPage\",\"@id\":\"https:\\\/\\\/www.aiorabooks.com\\\/about\\\/\",\"url\":\"https:\\\/\\\/www.aiorabooks.com\\\/about\\\/\",\"name\":\"Sobre - Aiora Press\",\"isPartOf\":{\"@id\":\"https:\\\/\\\/www.aiorabooks.com\\\/#website\"},\"primaryImageOfPage\":{\"@id\":\"https:\\\/\\\/www.aiorabooks.com\\\/about\\\/#primaryimage\"},\"image\":{\"@id\":\"https:\\\/\\\/www.aiorabooks.com\\\/about\\\/#primaryimage\"},\"thumbnailUrl\":\"https:\\\/\\\/www.aiorabooks.com\\\/wp-content\\\/uploads\\\/2018\\\/05\\\/aiora-about.jpg\",\"datePublished\":\"2020-01-28T01:21:37+00:00\",\"dateModified\":\"2021-07-29T13:17:25+00:00\",\"description\":\"Aiora Press es una editorial griega independiente ubicada en Atenas cuyos libros ofrecen una nueva perspectiva en pol\u00edtica, historia, ciencias sociales, literatura, teatro y filosof\u00eda oriental. Aiora tambi\u00e9n se dedica activamente a la traducci\u00f3n y promoci\u00f3n de las artes y letras griegas para los lectores en el extranjero, as\u00ed como para aquellos que viven y viajan en Grecia. Aiora publica en ingl\u00e9s, alem\u00e1n, franc\u00e9s, italiano y espa\u00f1ol.\",\"breadcrumb\":{\"@id\":\"https:\\\/\\\/www.aiorabooks.com\\\/about\\\/#breadcrumb\"},\"inLanguage\":\"es\",\"potentialAction\":[{\"@type\":\"ReadAction\",\"target\":[\"https:\\\/\\\/www.aiorabooks.com\\\/about\\\/\"]}]},{\"@type\":\"ImageObject\",\"inLanguage\":\"es\",\"@id\":\"https:\\\/\\\/www.aiorabooks.com\\\/about\\\/#primaryimage\",\"url\":\"https:\\\/\\\/www.aiorabooks.com\\\/wp-content\\\/uploads\\\/2018\\\/05\\\/aiora-about.jpg\",\"contentUrl\":\"https:\\\/\\\/www.aiorabooks.com\\\/wp-content\\\/uploads\\\/2018\\\/05\\\/aiora-about.jpg\"},{\"@type\":\"BreadcrumbList\",\"@id\":\"https:\\\/\\\/www.aiorabooks.com\\\/about\\\/#breadcrumb\",\"itemListElement\":[{\"@type\":\"ListItem\",\"position\":1,\"name\":\"Home\",\"item\":\"https:\\\/\\\/www.aiorabooks.com\\\/es\\\/\"},{\"@type\":\"ListItem\",\"position\":2,\"name\":\"Sobre\"}]},{\"@type\":\"WebSite\",\"@id\":\"https:\\\/\\\/www.aiorabooks.com\\\/#website\",\"url\":\"https:\\\/\\\/www.aiorabooks.com\\\/\",\"name\":\"Aiora Press\",\"description\":\"\",\"publisher\":{\"@id\":\"https:\\\/\\\/www.aiorabooks.com\\\/#organization\"},\"potentialAction\":[{\"@type\":\"SearchAction\",\"target\":{\"@type\":\"EntryPoint\",\"urlTemplate\":\"https:\\\/\\\/www.aiorabooks.com\\\/?s={search_term_string}\"},\"query-input\":{\"@type\":\"PropertyValueSpecification\",\"valueRequired\":true,\"valueName\":\"search_term_string\"}}],\"inLanguage\":\"es\"},{\"@type\":\"Organization\",\"@id\":\"https:\\\/\\\/www.aiorabooks.com\\\/#organization\",\"name\":\"Aiora Press\",\"url\":\"https:\\\/\\\/www.aiorabooks.com\\\/\",\"logo\":{\"@type\":\"ImageObject\",\"inLanguage\":\"es\",\"@id\":\"https:\\\/\\\/www.aiorabooks.com\\\/#\\\/schema\\\/logo\\\/image\\\/\",\"url\":\"https:\\\/\\\/www.aiorabooks.com\\\/wp-content\\\/uploads\\\/2018\\\/05\\\/aiora_press_B.png\",\"contentUrl\":\"https:\\\/\\\/www.aiorabooks.com\\\/wp-content\\\/uploads\\\/2018\\\/05\\\/aiora_press_B.png\",\"width\":520,\"height\":216,\"caption\":\"Aiora Press\"},\"image\":{\"@id\":\"https:\\\/\\\/www.aiorabooks.com\\\/#\\\/schema\\\/logo\\\/image\\\/\"},\"sameAs\":[\"https:\\\/\\\/www.instagram.com\\\/aiorapress\\\/\"]}]}<\/script>\n<!-- \/ Yoast SEO plugin. -->","yoast_head_json":{"title":"Sobre - Aiora Press","description":"Aiora Press es una editorial griega independiente ubicada en Atenas cuyos libros ofrecen una nueva perspectiva en pol\u00edtica, historia, ciencias sociales, literatura, teatro y filosof\u00eda oriental. Aiora tambi\u00e9n se dedica activamente a la traducci\u00f3n y promoci\u00f3n de las artes y letras griegas para los lectores en el extranjero, as\u00ed como para aquellos que viven y viajan en Grecia. Aiora publica en ingl\u00e9s, alem\u00e1n, franc\u00e9s, italiano y espa\u00f1ol.","robots":{"index":"index","follow":"follow","max-snippet":"max-snippet:-1","max-image-preview":"max-image-preview:large","max-video-preview":"max-video-preview:-1"},"canonical":"https:\/\/www.aiorabooks.com\/about\/","og_locale":"es_ES","og_type":"article","og_title":"Sobre - Aiora Press","og_description":"Aiora Press es una editorial griega independiente ubicada en Atenas cuyos libros ofrecen una nueva perspectiva en pol\u00edtica, historia, ciencias sociales, literatura, teatro y filosof\u00eda oriental. Aiora tambi\u00e9n se dedica activamente a la traducci\u00f3n y promoci\u00f3n de las artes y letras griegas para los lectores en el extranjero, as\u00ed como para aquellos que viven y viajan en Grecia. Aiora publica en ingl\u00e9s, alem\u00e1n, franc\u00e9s, italiano y espa\u00f1ol.","og_url":"https:\/\/www.aiorabooks.com\/about\/","og_site_name":"Aiora Press","article_modified_time":"2021-07-29T13:17:25+00:00","og_image":[{"url":"https:\/\/www.aiorabooks.com\/wp-content\/uploads\/2018\/05\/aiora-about.jpg","type":"","width":"","height":""}],"twitter_card":"summary_large_image","schema":{"@context":"https:\/\/schema.org","@graph":[{"@type":"WebPage","@id":"https:\/\/www.aiorabooks.com\/about\/","url":"https:\/\/www.aiorabooks.com\/about\/","name":"Sobre - Aiora Press","isPartOf":{"@id":"https:\/\/www.aiorabooks.com\/#website"},"primaryImageOfPage":{"@id":"https:\/\/www.aiorabooks.com\/about\/#primaryimage"},"image":{"@id":"https:\/\/www.aiorabooks.com\/about\/#primaryimage"},"thumbnailUrl":"https:\/\/www.aiorabooks.com\/wp-content\/uploads\/2018\/05\/aiora-about.jpg","datePublished":"2020-01-28T01:21:37+00:00","dateModified":"2021-07-29T13:17:25+00:00","description":"Aiora Press es una editorial griega independiente ubicada en Atenas cuyos libros ofrecen una nueva perspectiva en pol\u00edtica, historia, ciencias sociales, literatura, teatro y filosof\u00eda oriental. Aiora tambi\u00e9n se dedica activamente a la traducci\u00f3n y promoci\u00f3n de las artes y letras griegas para los lectores en el extranjero, as\u00ed como para aquellos que viven y viajan en Grecia. Aiora publica en ingl\u00e9s, alem\u00e1n, franc\u00e9s, italiano y espa\u00f1ol.","breadcrumb":{"@id":"https:\/\/www.aiorabooks.com\/about\/#breadcrumb"},"inLanguage":"es","potentialAction":[{"@type":"ReadAction","target":["https:\/\/www.aiorabooks.com\/about\/"]}]},{"@type":"ImageObject","inLanguage":"es","@id":"https:\/\/www.aiorabooks.com\/about\/#primaryimage","url":"https:\/\/www.aiorabooks.com\/wp-content\/uploads\/2018\/05\/aiora-about.jpg","contentUrl":"https:\/\/www.aiorabooks.com\/wp-content\/uploads\/2018\/05\/aiora-about.jpg"},{"@type":"BreadcrumbList","@id":"https:\/\/www.aiorabooks.com\/about\/#breadcrumb","itemListElement":[{"@type":"ListItem","position":1,"name":"Home","item":"https:\/\/www.aiorabooks.com\/es\/"},{"@type":"ListItem","position":2,"name":"Sobre"}]},{"@type":"WebSite","@id":"https:\/\/www.aiorabooks.com\/#website","url":"https:\/\/www.aiorabooks.com\/","name":"Aiora Press","description":"","publisher":{"@id":"https:\/\/www.aiorabooks.com\/#organization"},"potentialAction":[{"@type":"SearchAction","target":{"@type":"EntryPoint","urlTemplate":"https:\/\/www.aiorabooks.com\/?s={search_term_string}"},"query-input":{"@type":"PropertyValueSpecification","valueRequired":true,"valueName":"search_term_string"}}],"inLanguage":"es"},{"@type":"Organization","@id":"https:\/\/www.aiorabooks.com\/#organization","name":"Aiora Press","url":"https:\/\/www.aiorabooks.com\/","logo":{"@type":"ImageObject","inLanguage":"es","@id":"https:\/\/www.aiorabooks.com\/#\/schema\/logo\/image\/","url":"https:\/\/www.aiorabooks.com\/wp-content\/uploads\/2018\/05\/aiora_press_B.png","contentUrl":"https:\/\/www.aiorabooks.com\/wp-content\/uploads\/2018\/05\/aiora_press_B.png","width":520,"height":216,"caption":"Aiora Press"},"image":{"@id":"https:\/\/www.aiorabooks.com\/#\/schema\/logo\/image\/"},"sameAs":["https:\/\/www.instagram.com\/aiorapress\/"]}]}},"_links":{"self":[{"href":"https:\/\/www.aiorabooks.com\/es\/wp-json\/wp\/v2\/pages\/3968","targetHints":{"allow":["GET"]}}],"collection":[{"href":"https:\/\/www.aiorabooks.com\/es\/wp-json\/wp\/v2\/pages"}],"about":[{"href":"https:\/\/www.aiorabooks.com\/es\/wp-json\/wp\/v2\/types\/page"}],"author":[{"embeddable":true,"href":"https:\/\/www.aiorabooks.com\/es\/wp-json\/wp\/v2\/users\/1"}],"replies":[{"embeddable":true,"href":"https:\/\/www.aiorabooks.com\/es\/wp-json\/wp\/v2\/comments?post=3968"}],"version-history":[{"count":2,"href":"https:\/\/www.aiorabooks.com\/es\/wp-json\/wp\/v2\/pages\/3968\/revisions"}],"predecessor-version":[{"id":4923,"href":"https:\/\/www.aiorabooks.com\/es\/wp-json\/wp\/v2\/pages\/3968\/revisions\/4923"}],"wp:attachment":[{"href":"https:\/\/www.aiorabooks.com\/es\/wp-json\/wp\/v2\/media?parent=3968"}],"curies":[{"name":"wp","href":"https:\/\/api.w.org\/{rel}","templated":true}]}}