{"id":4116,"date":"2020-02-05T03:32:09","date_gmt":"2020-02-05T01:32:09","guid":{"rendered":"https:\/\/www.aiorabooks.com\/?post_type=product&#038;p=4116"},"modified":"2025-03-04T12:31:11","modified_gmt":"2025-03-04T10:31:11","slug":"die-einzige-reise-seines-lebens","status":"publish","type":"product","link":"https:\/\/www.aiorabooks.com\/de\/product\/die-einzige-reise-seines-lebens\/","title":{"rendered":"Die einzige Reise seines Lebens"},"content":{"rendered":"","protected":false},"excerpt":{"rendered":"<p><span style=\"font-size: 14pt\"><strong><a href=\"https:\/\/www.aiorabooks.com\/de\/2020\/02\/05\/georgios-vizyinos\/\">Georgios Vizyinos<\/a><\/strong><\/span><br \/>\n\u00dcbersetzung von <a href=\"https:\/\/www.aiorabooks.com\/de\/2020\/02\/05\/dieter-motzkus\/\"><strong>Dieter Motzkus<\/strong><\/a><br \/>\nMit einer Einf\u00fchrung von Thomas Plaul<\/p>\n<p><span style=\"color: #be0000;font-size: 10pt\"><strong><span style=\"font-family: verdana, geneva, sans-serif\">ZWEISPRACHIGE AUSGABE<\/span><\/strong><\/span><\/p>\n<p>In Georgios Vizyinos&#8217; heiter-melancholischen Erz\u00e4hlung \u201eDie einzige Reise seines Lebens\u201c aus dem Jahr 1884 wird der junge Schneiderlehrling Jorgos aus der Hauptstadt des Osmanischen Reiches, Konstantinopel, in sein Heimatst\u00e4dtchen gerufen, weil sein Gro\u00dfvater im Sterben liegen soll. Doch als Jorgos zu Hause eintrifft, findet er den Gro\u00dfvater h\u00f6chst lebendig auf einer felsigen Anh\u00f6he hinter dem Dorf sitzend vor. Die beiden beginnen ein Gespr\u00e4ch \u00fcber die vielen Reisen des Gro\u00dfvaters, das f\u00fcr Jorgos mehrere \u00dcberraschungen bereith\u00e4lt.<\/p>\n<p>Wie in allen seinen Erz\u00e4hlungen versteht es Georgios Vizyinos auch in \u201eDie einzige Reise seines Lebens\u201c, mit \u00fcberraschenden Wendungen den Spannungsbogen der Erz\u00e4hlung konstant hoch zu halten. Abseits der eigentlichen Kernhandlung, in der es sinnbildhaft um den steinigen Weg eines jungen Menschen vom Zustand des Nichtwissens hin zur Erkenntnis geht, gew\u00e4hrt uns der Autor viele Einblicke in die bunte Lebens- und Vorstellungswelt der Griechen im Osmanischen Reich in der Mitte des 19. Jahrhunderts.<\/p>\n","protected":false},"featured_media":4117,"template":"","meta":{"_acf_changed":false},"pwb-brand":[593],"product_brand":[],"product_cat":[583],"product_tag":[],"class_list":{"0":"post-4116","1":"product","2":"type-product","3":"status-publish","4":"has-post-thumbnail","6":"pwb-brand-georgios-vizyinos","7":"product_cat-bucher","9":"first","10":"instock","11":"shipping-taxable","12":"purchasable","13":"product-type-simple"},"acf":[],"yoast_head":"<!-- This site is optimized with the Yoast SEO plugin v27.3 - https:\/\/yoast.com\/product\/yoast-seo-wordpress\/ -->\n<title>Die einzige Reise seines Lebens - Aiora Press<\/title>\n<meta name=\"description\" content=\"Georgios Vizyinos \u00dcbersetzung von Dieter Motzkus Mit einer Einf\u00fchrung von Thomas Plaul  ZWEISPRACHIGE AUSGABE  In Georgios Vizyinos&#039; heiter-melancholischen Erz\u00e4hlung \u201eDie einzige Reise seines Lebens\u201c aus dem Jahr 1884 wird der junge Schneiderlehrling Jorgos aus der Hauptstadt des Osmanischen Reiches, Konstantinopel, in sein Heimatst\u00e4dtchen gerufen, weil sein Gro\u00dfvater im Sterben liegen soll. Doch als Jorgos zu Hause eintrifft, findet er den Gro\u00dfvater h\u00f6chst lebendig auf einer felsigen Anh\u00f6he hinter dem Dorf sitzend vor. Die beiden beginnen ein Gespr\u00e4ch \u00fcber die vielen Reisen des Gro\u00dfvaters, das f\u00fcr Jorgos mehrere \u00dcberraschungen bereith\u00e4lt.  Wie in allen seinen Erz\u00e4hlungen versteht es Georgios Vizyinos auch in \u201eDie einzige Reise seines Lebens\u201c, mit \u00fcberraschenden Wendungen den Spannungsbogen der Erz\u00e4hlung konstant hoch zu halten. Abseits der eigentlichen Kernhandlung, in der es sinnbildhaft um den steinigen Weg eines jungen Menschen vom Zustand des Nichtwissens hin zur Erkenntnis geht, gew\u00e4hrt uns der Autor viele Einblicke in die bunte Lebens- und Vorstellungswelt der Griechen im Osmanischen Reich in der Mitte des 19. Jahrhunderts.\" \/>\n<meta name=\"robots\" content=\"index, follow, max-snippet:-1, max-image-preview:large, max-video-preview:-1\" \/>\n<link rel=\"canonical\" href=\"https:\/\/www.aiorabooks.com\/product\/die-einzige-reise-seines-lebens\/\" \/>\n<meta property=\"og:locale\" content=\"de_DE\" \/>\n<meta property=\"og:type\" content=\"article\" \/>\n<meta property=\"og:title\" content=\"Die einzige Reise seines Lebens - Aiora Press\" \/>\n<meta property=\"og:description\" content=\"Georgios Vizyinos \u00dcbersetzung von Dieter Motzkus Mit einer Einf\u00fchrung von Thomas Plaul  ZWEISPRACHIGE AUSGABE  In Georgios Vizyinos&#039; heiter-melancholischen Erz\u00e4hlung \u201eDie einzige Reise seines Lebens\u201c aus dem Jahr 1884 wird der junge Schneiderlehrling Jorgos aus der Hauptstadt des Osmanischen Reiches, Konstantinopel, in sein Heimatst\u00e4dtchen gerufen, weil sein Gro\u00dfvater im Sterben liegen soll. Doch als Jorgos zu Hause eintrifft, findet er den Gro\u00dfvater h\u00f6chst lebendig auf einer felsigen Anh\u00f6he hinter dem Dorf sitzend vor. Die beiden beginnen ein Gespr\u00e4ch \u00fcber die vielen Reisen des Gro\u00dfvaters, das f\u00fcr Jorgos mehrere \u00dcberraschungen bereith\u00e4lt.  Wie in allen seinen Erz\u00e4hlungen versteht es Georgios Vizyinos auch in \u201eDie einzige Reise seines Lebens\u201c, mit \u00fcberraschenden Wendungen den Spannungsbogen der Erz\u00e4hlung konstant hoch zu halten. Abseits der eigentlichen Kernhandlung, in der es sinnbildhaft um den steinigen Weg eines jungen Menschen vom Zustand des Nichtwissens hin zur Erkenntnis geht, gew\u00e4hrt uns der Autor viele Einblicke in die bunte Lebens- und Vorstellungswelt der Griechen im Osmanischen Reich in der Mitte des 19. Jahrhunderts.\" \/>\n<meta property=\"og:url\" content=\"https:\/\/www.aiorabooks.com\/product\/die-einzige-reise-seines-lebens\/\" \/>\n<meta property=\"og:site_name\" content=\"Aiora Press\" \/>\n<meta property=\"article:modified_time\" content=\"2025-03-04T10:31:11+00:00\" \/>\n<meta property=\"og:image\" content=\"https:\/\/www.aiorabooks.com\/wp-content\/uploads\/2020\/02\/Vizyinos-Die-einzige-Reise-seines-Lebens.jpg\" \/>\n\t<meta property=\"og:image:width\" content=\"899\" \/>\n\t<meta property=\"og:image:height\" content=\"1417\" \/>\n\t<meta property=\"og:image:type\" content=\"image\/jpeg\" \/>\n<meta name=\"twitter:card\" content=\"summary_large_image\" \/>\n<script type=\"application\/ld+json\" class=\"yoast-schema-graph\">{\"@context\":\"https:\\\/\\\/schema.org\",\"@graph\":[{\"@type\":\"WebPage\",\"@id\":\"https:\\\/\\\/www.aiorabooks.com\\\/product\\\/die-einzige-reise-seines-lebens\\\/\",\"url\":\"https:\\\/\\\/www.aiorabooks.com\\\/product\\\/die-einzige-reise-seines-lebens\\\/\",\"name\":\"Die einzige Reise seines Lebens - Aiora Press\",\"isPartOf\":{\"@id\":\"https:\\\/\\\/www.aiorabooks.com\\\/#website\"},\"primaryImageOfPage\":{\"@id\":\"https:\\\/\\\/www.aiorabooks.com\\\/product\\\/die-einzige-reise-seines-lebens\\\/#primaryimage\"},\"image\":{\"@id\":\"https:\\\/\\\/www.aiorabooks.com\\\/product\\\/die-einzige-reise-seines-lebens\\\/#primaryimage\"},\"thumbnailUrl\":\"https:\\\/\\\/www.aiorabooks.com\\\/wp-content\\\/uploads\\\/2020\\\/02\\\/Vizyinos-Die-einzige-Reise-seines-Lebens.jpg\",\"datePublished\":\"2020-02-05T01:32:09+00:00\",\"dateModified\":\"2025-03-04T10:31:11+00:00\",\"description\":\"Georgios Vizyinos \u00dcbersetzung von Dieter Motzkus Mit einer Einf\u00fchrung von Thomas Plaul ZWEISPRACHIGE AUSGABE In Georgios Vizyinos' heiter-melancholischen Erz\u00e4hlung \u201eDie einzige Reise seines Lebens\u201c aus dem Jahr 1884 wird der junge Schneiderlehrling Jorgos aus der Hauptstadt des Osmanischen Reiches, Konstantinopel, in sein Heimatst\u00e4dtchen gerufen, weil sein Gro\u00dfvater im Sterben liegen soll. Doch als Jorgos zu Hause eintrifft, findet er den Gro\u00dfvater h\u00f6chst lebendig auf einer felsigen Anh\u00f6he hinter dem Dorf sitzend vor. Die beiden beginnen ein Gespr\u00e4ch \u00fcber die vielen Reisen des Gro\u00dfvaters, das f\u00fcr Jorgos mehrere \u00dcberraschungen bereith\u00e4lt. Wie in allen seinen Erz\u00e4hlungen versteht es Georgios Vizyinos auch in \u201eDie einzige Reise seines Lebens\u201c, mit \u00fcberraschenden Wendungen den Spannungsbogen der Erz\u00e4hlung konstant hoch zu halten. Abseits der eigentlichen Kernhandlung, in der es sinnbildhaft um den steinigen Weg eines jungen Menschen vom Zustand des Nichtwissens hin zur Erkenntnis geht, gew\u00e4hrt uns der Autor viele Einblicke in die bunte Lebens- und Vorstellungswelt der Griechen im Osmanischen Reich in der Mitte des 19. Jahrhunderts.\",\"breadcrumb\":{\"@id\":\"https:\\\/\\\/www.aiorabooks.com\\\/product\\\/die-einzige-reise-seines-lebens\\\/#breadcrumb\"},\"inLanguage\":\"de\",\"potentialAction\":[{\"@type\":\"ReadAction\",\"target\":[\"https:\\\/\\\/www.aiorabooks.com\\\/product\\\/die-einzige-reise-seines-lebens\\\/\"]}]},{\"@type\":\"ImageObject\",\"inLanguage\":\"de\",\"@id\":\"https:\\\/\\\/www.aiorabooks.com\\\/product\\\/die-einzige-reise-seines-lebens\\\/#primaryimage\",\"url\":\"https:\\\/\\\/www.aiorabooks.com\\\/wp-content\\\/uploads\\\/2020\\\/02\\\/Vizyinos-Die-einzige-Reise-seines-Lebens.jpg\",\"contentUrl\":\"https:\\\/\\\/www.aiorabooks.com\\\/wp-content\\\/uploads\\\/2020\\\/02\\\/Vizyinos-Die-einzige-Reise-seines-Lebens.jpg\",\"width\":899,\"height\":1417,\"caption\":\"Vizyinos-Die-einzige-Reise-seines-Lebens\"},{\"@type\":\"BreadcrumbList\",\"@id\":\"https:\\\/\\\/www.aiorabooks.com\\\/product\\\/die-einzige-reise-seines-lebens\\\/#breadcrumb\",\"itemListElement\":[{\"@type\":\"ListItem\",\"position\":1,\"name\":\"Home\",\"item\":\"https:\\\/\\\/www.aiorabooks.com\\\/de\\\/\"},{\"@type\":\"ListItem\",\"position\":2,\"name\":\"Products\",\"item\":\"https:\\\/\\\/www.aiorabooks.com\\\/shop\\\/\"},{\"@type\":\"ListItem\",\"position\":3,\"name\":\"Die einzige Reise seines Lebens\"}]},{\"@type\":\"WebSite\",\"@id\":\"https:\\\/\\\/www.aiorabooks.com\\\/#website\",\"url\":\"https:\\\/\\\/www.aiorabooks.com\\\/\",\"name\":\"Aiora Press\",\"description\":\"\",\"publisher\":{\"@id\":\"https:\\\/\\\/www.aiorabooks.com\\\/#organization\"},\"potentialAction\":[{\"@type\":\"SearchAction\",\"target\":{\"@type\":\"EntryPoint\",\"urlTemplate\":\"https:\\\/\\\/www.aiorabooks.com\\\/?s={search_term_string}\"},\"query-input\":{\"@type\":\"PropertyValueSpecification\",\"valueRequired\":true,\"valueName\":\"search_term_string\"}}],\"inLanguage\":\"de\"},{\"@type\":\"Organization\",\"@id\":\"https:\\\/\\\/www.aiorabooks.com\\\/#organization\",\"name\":\"Aiora Press\",\"url\":\"https:\\\/\\\/www.aiorabooks.com\\\/\",\"logo\":{\"@type\":\"ImageObject\",\"inLanguage\":\"de\",\"@id\":\"https:\\\/\\\/www.aiorabooks.com\\\/#\\\/schema\\\/logo\\\/image\\\/\",\"url\":\"https:\\\/\\\/www.aiorabooks.com\\\/wp-content\\\/uploads\\\/2018\\\/05\\\/aiora_press_B.png\",\"contentUrl\":\"https:\\\/\\\/www.aiorabooks.com\\\/wp-content\\\/uploads\\\/2018\\\/05\\\/aiora_press_B.png\",\"width\":520,\"height\":216,\"caption\":\"Aiora Press\"},\"image\":{\"@id\":\"https:\\\/\\\/www.aiorabooks.com\\\/#\\\/schema\\\/logo\\\/image\\\/\"},\"sameAs\":[\"https:\\\/\\\/www.instagram.com\\\/aiorapress\\\/\"]}]}<\/script>\n<!-- \/ Yoast SEO plugin. -->","yoast_head_json":{"title":"Die einzige Reise seines Lebens - Aiora Press","description":"Georgios Vizyinos \u00dcbersetzung von Dieter Motzkus Mit einer Einf\u00fchrung von Thomas Plaul  ZWEISPRACHIGE AUSGABE  In Georgios Vizyinos' heiter-melancholischen Erz\u00e4hlung \u201eDie einzige Reise seines Lebens\u201c aus dem Jahr 1884 wird der junge Schneiderlehrling Jorgos aus der Hauptstadt des Osmanischen Reiches, Konstantinopel, in sein Heimatst\u00e4dtchen gerufen, weil sein Gro\u00dfvater im Sterben liegen soll. Doch als Jorgos zu Hause eintrifft, findet er den Gro\u00dfvater h\u00f6chst lebendig auf einer felsigen Anh\u00f6he hinter dem Dorf sitzend vor. Die beiden beginnen ein Gespr\u00e4ch \u00fcber die vielen Reisen des Gro\u00dfvaters, das f\u00fcr Jorgos mehrere \u00dcberraschungen bereith\u00e4lt.  Wie in allen seinen Erz\u00e4hlungen versteht es Georgios Vizyinos auch in \u201eDie einzige Reise seines Lebens\u201c, mit \u00fcberraschenden Wendungen den Spannungsbogen der Erz\u00e4hlung konstant hoch zu halten. Abseits der eigentlichen Kernhandlung, in der es sinnbildhaft um den steinigen Weg eines jungen Menschen vom Zustand des Nichtwissens hin zur Erkenntnis geht, gew\u00e4hrt uns der Autor viele Einblicke in die bunte Lebens- und Vorstellungswelt der Griechen im Osmanischen Reich in der Mitte des 19. Jahrhunderts.","robots":{"index":"index","follow":"follow","max-snippet":"max-snippet:-1","max-image-preview":"max-image-preview:large","max-video-preview":"max-video-preview:-1"},"canonical":"https:\/\/www.aiorabooks.com\/product\/die-einzige-reise-seines-lebens\/","og_locale":"de_DE","og_type":"article","og_title":"Die einzige Reise seines Lebens - Aiora Press","og_description":"Georgios Vizyinos \u00dcbersetzung von Dieter Motzkus Mit einer Einf\u00fchrung von Thomas Plaul  ZWEISPRACHIGE AUSGABE  In Georgios Vizyinos' heiter-melancholischen Erz\u00e4hlung \u201eDie einzige Reise seines Lebens\u201c aus dem Jahr 1884 wird der junge Schneiderlehrling Jorgos aus der Hauptstadt des Osmanischen Reiches, Konstantinopel, in sein Heimatst\u00e4dtchen gerufen, weil sein Gro\u00dfvater im Sterben liegen soll. Doch als Jorgos zu Hause eintrifft, findet er den Gro\u00dfvater h\u00f6chst lebendig auf einer felsigen Anh\u00f6he hinter dem Dorf sitzend vor. Die beiden beginnen ein Gespr\u00e4ch \u00fcber die vielen Reisen des Gro\u00dfvaters, das f\u00fcr Jorgos mehrere \u00dcberraschungen bereith\u00e4lt.  Wie in allen seinen Erz\u00e4hlungen versteht es Georgios Vizyinos auch in \u201eDie einzige Reise seines Lebens\u201c, mit \u00fcberraschenden Wendungen den Spannungsbogen der Erz\u00e4hlung konstant hoch zu halten. Abseits der eigentlichen Kernhandlung, in der es sinnbildhaft um den steinigen Weg eines jungen Menschen vom Zustand des Nichtwissens hin zur Erkenntnis geht, gew\u00e4hrt uns der Autor viele Einblicke in die bunte Lebens- und Vorstellungswelt der Griechen im Osmanischen Reich in der Mitte des 19. Jahrhunderts.","og_url":"https:\/\/www.aiorabooks.com\/product\/die-einzige-reise-seines-lebens\/","og_site_name":"Aiora Press","article_modified_time":"2025-03-04T10:31:11+00:00","og_image":[{"width":899,"height":1417,"url":"https:\/\/www.aiorabooks.com\/wp-content\/uploads\/2020\/02\/Vizyinos-Die-einzige-Reise-seines-Lebens.jpg","type":"image\/jpeg"}],"twitter_card":"summary_large_image","schema":{"@context":"https:\/\/schema.org","@graph":[{"@type":"WebPage","@id":"https:\/\/www.aiorabooks.com\/product\/die-einzige-reise-seines-lebens\/","url":"https:\/\/www.aiorabooks.com\/product\/die-einzige-reise-seines-lebens\/","name":"Die einzige Reise seines Lebens - Aiora Press","isPartOf":{"@id":"https:\/\/www.aiorabooks.com\/#website"},"primaryImageOfPage":{"@id":"https:\/\/www.aiorabooks.com\/product\/die-einzige-reise-seines-lebens\/#primaryimage"},"image":{"@id":"https:\/\/www.aiorabooks.com\/product\/die-einzige-reise-seines-lebens\/#primaryimage"},"thumbnailUrl":"https:\/\/www.aiorabooks.com\/wp-content\/uploads\/2020\/02\/Vizyinos-Die-einzige-Reise-seines-Lebens.jpg","datePublished":"2020-02-05T01:32:09+00:00","dateModified":"2025-03-04T10:31:11+00:00","description":"Georgios Vizyinos \u00dcbersetzung von Dieter Motzkus Mit einer Einf\u00fchrung von Thomas Plaul ZWEISPRACHIGE AUSGABE In Georgios Vizyinos' heiter-melancholischen Erz\u00e4hlung \u201eDie einzige Reise seines Lebens\u201c aus dem Jahr 1884 wird der junge Schneiderlehrling Jorgos aus der Hauptstadt des Osmanischen Reiches, Konstantinopel, in sein Heimatst\u00e4dtchen gerufen, weil sein Gro\u00dfvater im Sterben liegen soll. Doch als Jorgos zu Hause eintrifft, findet er den Gro\u00dfvater h\u00f6chst lebendig auf einer felsigen Anh\u00f6he hinter dem Dorf sitzend vor. Die beiden beginnen ein Gespr\u00e4ch \u00fcber die vielen Reisen des Gro\u00dfvaters, das f\u00fcr Jorgos mehrere \u00dcberraschungen bereith\u00e4lt. Wie in allen seinen Erz\u00e4hlungen versteht es Georgios Vizyinos auch in \u201eDie einzige Reise seines Lebens\u201c, mit \u00fcberraschenden Wendungen den Spannungsbogen der Erz\u00e4hlung konstant hoch zu halten. Abseits der eigentlichen Kernhandlung, in der es sinnbildhaft um den steinigen Weg eines jungen Menschen vom Zustand des Nichtwissens hin zur Erkenntnis geht, gew\u00e4hrt uns der Autor viele Einblicke in die bunte Lebens- und Vorstellungswelt der Griechen im Osmanischen Reich in der Mitte des 19. Jahrhunderts.","breadcrumb":{"@id":"https:\/\/www.aiorabooks.com\/product\/die-einzige-reise-seines-lebens\/#breadcrumb"},"inLanguage":"de","potentialAction":[{"@type":"ReadAction","target":["https:\/\/www.aiorabooks.com\/product\/die-einzige-reise-seines-lebens\/"]}]},{"@type":"ImageObject","inLanguage":"de","@id":"https:\/\/www.aiorabooks.com\/product\/die-einzige-reise-seines-lebens\/#primaryimage","url":"https:\/\/www.aiorabooks.com\/wp-content\/uploads\/2020\/02\/Vizyinos-Die-einzige-Reise-seines-Lebens.jpg","contentUrl":"https:\/\/www.aiorabooks.com\/wp-content\/uploads\/2020\/02\/Vizyinos-Die-einzige-Reise-seines-Lebens.jpg","width":899,"height":1417,"caption":"Vizyinos-Die-einzige-Reise-seines-Lebens"},{"@type":"BreadcrumbList","@id":"https:\/\/www.aiorabooks.com\/product\/die-einzige-reise-seines-lebens\/#breadcrumb","itemListElement":[{"@type":"ListItem","position":1,"name":"Home","item":"https:\/\/www.aiorabooks.com\/de\/"},{"@type":"ListItem","position":2,"name":"Products","item":"https:\/\/www.aiorabooks.com\/shop\/"},{"@type":"ListItem","position":3,"name":"Die einzige Reise seines Lebens"}]},{"@type":"WebSite","@id":"https:\/\/www.aiorabooks.com\/#website","url":"https:\/\/www.aiorabooks.com\/","name":"Aiora Press","description":"","publisher":{"@id":"https:\/\/www.aiorabooks.com\/#organization"},"potentialAction":[{"@type":"SearchAction","target":{"@type":"EntryPoint","urlTemplate":"https:\/\/www.aiorabooks.com\/?s={search_term_string}"},"query-input":{"@type":"PropertyValueSpecification","valueRequired":true,"valueName":"search_term_string"}}],"inLanguage":"de"},{"@type":"Organization","@id":"https:\/\/www.aiorabooks.com\/#organization","name":"Aiora Press","url":"https:\/\/www.aiorabooks.com\/","logo":{"@type":"ImageObject","inLanguage":"de","@id":"https:\/\/www.aiorabooks.com\/#\/schema\/logo\/image\/","url":"https:\/\/www.aiorabooks.com\/wp-content\/uploads\/2018\/05\/aiora_press_B.png","contentUrl":"https:\/\/www.aiorabooks.com\/wp-content\/uploads\/2018\/05\/aiora_press_B.png","width":520,"height":216,"caption":"Aiora Press"},"image":{"@id":"https:\/\/www.aiorabooks.com\/#\/schema\/logo\/image\/"},"sameAs":["https:\/\/www.instagram.com\/aiorapress\/"]}]}},"brands":[{"id":593,"name":"Georgios Vizyinos","slug":"georgios-vizyinos"}],"_links":{"self":[{"href":"https:\/\/www.aiorabooks.com\/de\/wp-json\/wp\/v2\/product\/4116","targetHints":{"allow":["GET"]}}],"collection":[{"href":"https:\/\/www.aiorabooks.com\/de\/wp-json\/wp\/v2\/product"}],"about":[{"href":"https:\/\/www.aiorabooks.com\/de\/wp-json\/wp\/v2\/types\/product"}],"wp:featuredmedia":[{"embeddable":true,"href":"https:\/\/www.aiorabooks.com\/de\/wp-json\/wp\/v2\/media\/4117"}],"wp:attachment":[{"href":"https:\/\/www.aiorabooks.com\/de\/wp-json\/wp\/v2\/media?parent=4116"}],"wp:term":[{"taxonomy":"pwb-brand","embeddable":true,"href":"https:\/\/www.aiorabooks.com\/de\/wp-json\/wp\/v2\/pwb-brand?post=4116"},{"taxonomy":"product_brand","embeddable":true,"href":"https:\/\/www.aiorabooks.com\/de\/wp-json\/wp\/v2\/product_brand?post=4116"},{"taxonomy":"product_cat","embeddable":true,"href":"https:\/\/www.aiorabooks.com\/de\/wp-json\/wp\/v2\/product_cat?post=4116"},{"taxonomy":"product_tag","embeddable":true,"href":"https:\/\/www.aiorabooks.com\/de\/wp-json\/wp\/v2\/product_tag?post=4116"}],"curies":[{"name":"wp","href":"https:\/\/api.w.org\/{rel}","templated":true}]}}