{"id":4100,"date":"2020-02-05T03:06:01","date_gmt":"2020-02-05T01:06:01","guid":{"rendered":"https:\/\/www.aiorabooks.com\/autoren\/"},"modified":"2020-02-05T03:06:01","modified_gmt":"2020-02-05T01:06:01","slug":"autoren","status":"publish","type":"page","link":"https:\/\/www.aiorabooks.com\/de\/autoren\/","title":{"rendered":"Autoren"},"content":{"rendered":"<div class=\"pt-cv-wrapper\"><div class=\"pt-cv-view pt-cv-grid pt-cv-colsys\" id=\"pt-cv-view-514bcd6gsj\"><div data-id=\"pt-cv-page-1\" class=\"pt-cv-page\" data-cvc=\"3\"><div class=\"col-md-4 col-sm-6 col-xs-12 pt-cv-content-item pt-cv-2-col\" ><div class='pt-cv-ifield'><a href=\"https:\/\/www.aiorabooks.com\/de\/alexandros-papadiamantis\/\" class=\"_self pt-cv-href-thumbnail pt-cv-thumb-left\" target=\"_self\" ><img loading=\"lazy\" decoding=\"async\" width=\"150\" height=\"131\" src=\"https:\/\/www.aiorabooks.com\/wp-content\/uploads\/2018\/authors\/alexandros-papadiamandis-150x131.jpg\" class=\"pt-cv-thumbnail pull-left\" alt=\"Alexandros Papadiamandis\" srcset=\"https:\/\/www.aiorabooks.com\/wp-content\/uploads\/2018\/authors\/alexandros-papadiamandis-150x131.jpg 150w, https:\/\/www.aiorabooks.com\/wp-content\/uploads\/2018\/authors\/alexandros-papadiamandis-300x262.jpg 300w, https:\/\/www.aiorabooks.com\/wp-content\/uploads\/2018\/authors\/alexandros-papadiamandis-768x672.jpg 768w, https:\/\/www.aiorabooks.com\/wp-content\/uploads\/2018\/authors\/alexandros-papadiamandis-330x289.jpg 330w, https:\/\/www.aiorabooks.com\/wp-content\/uploads\/2018\/authors\/alexandros-papadiamandis-680x595.jpg 680w, https:\/\/www.aiorabooks.com\/wp-content\/uploads\/2018\/authors\/alexandros-papadiamandis.jpg 956w\" sizes=\"auto, (max-width: 150px) 100vw, 150px\" \/><\/a>\n<h4 class=\"pt-cv-title\"><a href=\"https:\/\/www.aiorabooks.com\/de\/alexandros-papadiamantis\/\" class=\"_self\" target=\"_self\" >Alexandros Papadiamantis<\/a><\/h4>\n<div class=\"pt-cv-content\">\r\n<p>Alexandros Papadiamantis (1851\u20131911) wurde auf der n\u00f6rdlichen Sporadeninsel Skiathos geboren. Seine Familie war streng religi\u00f6s.\u00a0Nach seinem literarischen Deb\u00fct mit Gedichten und historischen Romanen konzentrierte sich Papadiamantis ausschlie\u00dflich auf seine Erz\u00e4hlungen. Seine Geschichten handeln vom Alltag bescheidener Menschen, die darin beschriebenen Landschaften und Hintergr\u00fcnde gehen auf seine pers\u00f6nlichen Erfahrungen zur\u00fcck.\u00a0Papadiamantis gilt dank seiner meisterhaften Schilderungen von Charakteren und Situationen als einer der wichtigsten griechischen Schriftsteller des 19. Jahrhunderts.<\/p>\r\n\r\n\r\n\r\n\r\n<\/div><\/div><\/div>\n<div class=\"col-md-4 col-sm-6 col-xs-12 pt-cv-content-item pt-cv-2-col\" ><div class='pt-cv-ifield'><a href=\"https:\/\/www.aiorabooks.com\/de\/georgios-vizyinos\/\" class=\"_self pt-cv-href-thumbnail pt-cv-thumb-left\" target=\"_self\" ><img loading=\"lazy\" decoding=\"async\" width=\"124\" height=\"150\" src=\"https:\/\/www.aiorabooks.com\/wp-content\/uploads\/2018\/authors\/georgios-vizyenos-124x150.jpg\" class=\"pt-cv-thumbnail pull-left\" alt=\"Georgios Vizyenos\" srcset=\"https:\/\/www.aiorabooks.com\/wp-content\/uploads\/2018\/authors\/georgios-vizyenos-124x150.jpg 124w, https:\/\/www.aiorabooks.com\/wp-content\/uploads\/2018\/authors\/georgios-vizyenos-248x300.jpg 248w, https:\/\/www.aiorabooks.com\/wp-content\/uploads\/2018\/authors\/georgios-vizyenos-846x1024.jpg 846w, https:\/\/www.aiorabooks.com\/wp-content\/uploads\/2018\/authors\/georgios-vizyenos-768x929.jpg 768w, https:\/\/www.aiorabooks.com\/wp-content\/uploads\/2018\/authors\/georgios-vizyenos-330x399.jpg 330w, https:\/\/www.aiorabooks.com\/wp-content\/uploads\/2018\/authors\/georgios-vizyenos-680x823.jpg 680w, https:\/\/www.aiorabooks.com\/wp-content\/uploads\/2018\/authors\/georgios-vizyenos.jpg 1058w\" sizes=\"auto, (max-width: 124px) 100vw, 124px\" \/><\/a>\n<h4 class=\"pt-cv-title\"><a href=\"https:\/\/www.aiorabooks.com\/de\/georgios-vizyinos\/\" class=\"_self\" target=\"_self\" >Georgios Vizyinos<\/a><\/h4>\n<div class=\"pt-cv-content\"><p>Georgios Vizyinos wurde 1849 in dem ostthrakischen Dorf Vize geboren, das zum Osmanischen Reich geh\u00f6rte (heute zur T\u00fcrkei). Im Alter von zehn Jahren ging er nach Konstantinopel, um den Schneiderberuf zu erlernen. Von 1872 an studierte Vizyinos in Halki zun\u00e4chst Theologie, dann in Athen sowie in G\u00f6ttingen, Berlin und Leipzig Philosophie, Philologie, Psychologie und P\u00e4dagogik. Nach l\u00e4ngeren Aufenthalten in Paris und London kehrte Vizyinos 1884 nach Athen zur\u00fcck, wo er 1890 eine Professur f\u00fcr Dramaturgie an der Athener Musik\u00adhochschule erhielt. Von 1892 an verbrachte Vizyinos die Jahre bis zu seinem Tod 1896 in einer psychiatrischen Klinik in der N\u00e4he von Athen. Georgios Vizyinos gilt als einer der beliebtesten griechischen Erz\u00e4hler und Lyriker.<\/p>\n<\/div><\/div><\/div>\n<div class=\"col-md-4 col-sm-6 col-xs-12 pt-cv-content-item pt-cv-2-col\" ><div class='pt-cv-ifield'><a href=\"https:\/\/www.aiorabooks.com\/de\/p-kalligas\/\" class=\"_self pt-cv-href-thumbnail pt-cv-thumb-left\" target=\"_self\" ><img loading=\"lazy\" decoding=\"async\" width=\"130\" height=\"150\" src=\"https:\/\/www.aiorabooks.com\/wp-content\/uploads\/2020\/02\/Pavlos-Kalligas-130x150.jpg\" class=\"pt-cv-thumbnail pull-left\" alt=\"Pavlos Kalligas\" srcset=\"https:\/\/www.aiorabooks.com\/wp-content\/uploads\/2020\/02\/Pavlos-Kalligas-130x150.jpg 130w, https:\/\/www.aiorabooks.com\/wp-content\/uploads\/2020\/02\/Pavlos-Kalligas-260x300.jpg 260w, https:\/\/www.aiorabooks.com\/wp-content\/uploads\/2020\/02\/Pavlos-Kalligas-768x886.jpg 768w, https:\/\/www.aiorabooks.com\/wp-content\/uploads\/2020\/02\/Pavlos-Kalligas-888x1024.jpg 888w, https:\/\/www.aiorabooks.com\/wp-content\/uploads\/2020\/02\/Pavlos-Kalligas-330x381.jpg 330w, https:\/\/www.aiorabooks.com\/wp-content\/uploads\/2020\/02\/Pavlos-Kalligas-680x785.jpg 680w, https:\/\/www.aiorabooks.com\/wp-content\/uploads\/2020\/02\/Pavlos-Kalligas.jpg 904w\" sizes=\"auto, (max-width: 130px) 100vw, 130px\" \/><\/a>\n<h4 class=\"pt-cv-title\"><a href=\"https:\/\/www.aiorabooks.com\/de\/p-kalligas\/\" class=\"_self\" target=\"_self\" >Pavlos Kalligas<\/a><\/h4>\n<div class=\"pt-cv-content\">\n<p>Pavlos Kalligas, geb. 1814 in Smyrna (heute Izmir), gest. 1896 in Athen, studierte in Deutschland Jura, Philosophie und Geschichte.<br \/>Nach seiner Promotion in Heidelberg war er in Athen als Juraprofessor, Rechts- und Staatsanwalt, Finanz-, Justiz- und Au\u00dfenminister sowie als Direktor der Griechischen Nationalbank t\u00e4tig.&nbsp; \u201eThanos Vlekas\u201c ist sein einziger Roman.<\/p>\n\n\n\n<p>Pavlos Kalligas\u2019 \u00fcber anderthalb Jahrhunderte alter Roman \u201eThanos Vlekas\u201c gilt als der erste sozialkritische Roman der neugriechischen Literatur. Mittels der tragischen Geschichte des rechtschaffenen Bauern Thanos Vlekas portr\u00e4tiert der Autor die Probleme des jungen griechischen Staates nach der Befreiung von der osmanischen Herrschaft \u2013 Probleme, die zum gro\u00dfen Teil bis heute bestehen.<\/p>\n<\/div><\/div><\/div><\/div><\/div><\/div>\n","protected":false},"excerpt":{"rendered":"","protected":false},"author":1,"featured_media":0,"parent":0,"menu_order":0,"comment_status":"closed","ping_status":"closed","template":"","meta":{"_acf_changed":false,"footnotes":""},"class_list":["post-4100","page","type-page","status-publish","hentry"],"acf":[],"yoast_head":"<!-- This site is optimized with the Yoast SEO plugin v27.5 - https:\/\/yoast.com\/product\/yoast-seo-wordpress\/ -->\n<title>Autoren - Aiora Press<\/title>\n<meta name=\"robots\" content=\"index, follow, max-snippet:-1, max-image-preview:large, max-video-preview:-1\" \/>\n<link rel=\"canonical\" href=\"https:\/\/www.aiorabooks.com\/authors\/\" \/>\n<meta property=\"og:locale\" content=\"de_DE\" \/>\n<meta property=\"og:type\" content=\"article\" \/>\n<meta property=\"og:title\" content=\"Autoren - Aiora Press\" \/>\n<meta property=\"og:url\" content=\"https:\/\/www.aiorabooks.com\/authors\/\" \/>\n<meta property=\"og:site_name\" content=\"Aiora Press\" \/>\n<meta name=\"twitter:card\" content=\"summary_large_image\" \/>\n<script type=\"application\/ld+json\" class=\"yoast-schema-graph\">{\"@context\":\"https:\\\/\\\/schema.org\",\"@graph\":[{\"@type\":\"WebPage\",\"@id\":\"https:\\\/\\\/www.aiorabooks.com\\\/authors\\\/\",\"url\":\"https:\\\/\\\/www.aiorabooks.com\\\/authors\\\/\",\"name\":\"Autoren - Aiora Press\",\"isPartOf\":{\"@id\":\"https:\\\/\\\/www.aiorabooks.com\\\/#website\"},\"datePublished\":\"2020-02-05T01:06:01+00:00\",\"breadcrumb\":{\"@id\":\"https:\\\/\\\/www.aiorabooks.com\\\/authors\\\/#breadcrumb\"},\"inLanguage\":\"de\",\"potentialAction\":[{\"@type\":\"ReadAction\",\"target\":[\"https:\\\/\\\/www.aiorabooks.com\\\/authors\\\/\"]}]},{\"@type\":\"BreadcrumbList\",\"@id\":\"https:\\\/\\\/www.aiorabooks.com\\\/authors\\\/#breadcrumb\",\"itemListElement\":[{\"@type\":\"ListItem\",\"position\":1,\"name\":\"Home\",\"item\":\"https:\\\/\\\/www.aiorabooks.com\\\/de\\\/\"},{\"@type\":\"ListItem\",\"position\":2,\"name\":\"Autoren\"}]},{\"@type\":\"WebSite\",\"@id\":\"https:\\\/\\\/www.aiorabooks.com\\\/#website\",\"url\":\"https:\\\/\\\/www.aiorabooks.com\\\/\",\"name\":\"Aiora Press\",\"description\":\"\",\"publisher\":{\"@id\":\"https:\\\/\\\/www.aiorabooks.com\\\/#organization\"},\"potentialAction\":[{\"@type\":\"SearchAction\",\"target\":{\"@type\":\"EntryPoint\",\"urlTemplate\":\"https:\\\/\\\/www.aiorabooks.com\\\/?s={search_term_string}\"},\"query-input\":{\"@type\":\"PropertyValueSpecification\",\"valueRequired\":true,\"valueName\":\"search_term_string\"}}],\"inLanguage\":\"de\"},{\"@type\":\"Organization\",\"@id\":\"https:\\\/\\\/www.aiorabooks.com\\\/#organization\",\"name\":\"Aiora Press\",\"url\":\"https:\\\/\\\/www.aiorabooks.com\\\/\",\"logo\":{\"@type\":\"ImageObject\",\"inLanguage\":\"de\",\"@id\":\"https:\\\/\\\/www.aiorabooks.com\\\/#\\\/schema\\\/logo\\\/image\\\/\",\"url\":\"https:\\\/\\\/www.aiorabooks.com\\\/wp-content\\\/uploads\\\/2018\\\/05\\\/aiora_press_B.png\",\"contentUrl\":\"https:\\\/\\\/www.aiorabooks.com\\\/wp-content\\\/uploads\\\/2018\\\/05\\\/aiora_press_B.png\",\"width\":520,\"height\":216,\"caption\":\"Aiora Press\"},\"image\":{\"@id\":\"https:\\\/\\\/www.aiorabooks.com\\\/#\\\/schema\\\/logo\\\/image\\\/\"},\"sameAs\":[\"https:\\\/\\\/www.instagram.com\\\/aiorapress\\\/\"]}]}<\/script>\n<!-- \/ Yoast SEO plugin. -->","yoast_head_json":{"title":"Autoren - Aiora Press","robots":{"index":"index","follow":"follow","max-snippet":"max-snippet:-1","max-image-preview":"max-image-preview:large","max-video-preview":"max-video-preview:-1"},"canonical":"https:\/\/www.aiorabooks.com\/authors\/","og_locale":"de_DE","og_type":"article","og_title":"Autoren - Aiora Press","og_url":"https:\/\/www.aiorabooks.com\/authors\/","og_site_name":"Aiora Press","twitter_card":"summary_large_image","schema":{"@context":"https:\/\/schema.org","@graph":[{"@type":"WebPage","@id":"https:\/\/www.aiorabooks.com\/authors\/","url":"https:\/\/www.aiorabooks.com\/authors\/","name":"Autoren - Aiora Press","isPartOf":{"@id":"https:\/\/www.aiorabooks.com\/#website"},"datePublished":"2020-02-05T01:06:01+00:00","breadcrumb":{"@id":"https:\/\/www.aiorabooks.com\/authors\/#breadcrumb"},"inLanguage":"de","potentialAction":[{"@type":"ReadAction","target":["https:\/\/www.aiorabooks.com\/authors\/"]}]},{"@type":"BreadcrumbList","@id":"https:\/\/www.aiorabooks.com\/authors\/#breadcrumb","itemListElement":[{"@type":"ListItem","position":1,"name":"Home","item":"https:\/\/www.aiorabooks.com\/de\/"},{"@type":"ListItem","position":2,"name":"Autoren"}]},{"@type":"WebSite","@id":"https:\/\/www.aiorabooks.com\/#website","url":"https:\/\/www.aiorabooks.com\/","name":"Aiora Press","description":"","publisher":{"@id":"https:\/\/www.aiorabooks.com\/#organization"},"potentialAction":[{"@type":"SearchAction","target":{"@type":"EntryPoint","urlTemplate":"https:\/\/www.aiorabooks.com\/?s={search_term_string}"},"query-input":{"@type":"PropertyValueSpecification","valueRequired":true,"valueName":"search_term_string"}}],"inLanguage":"de"},{"@type":"Organization","@id":"https:\/\/www.aiorabooks.com\/#organization","name":"Aiora Press","url":"https:\/\/www.aiorabooks.com\/","logo":{"@type":"ImageObject","inLanguage":"de","@id":"https:\/\/www.aiorabooks.com\/#\/schema\/logo\/image\/","url":"https:\/\/www.aiorabooks.com\/wp-content\/uploads\/2018\/05\/aiora_press_B.png","contentUrl":"https:\/\/www.aiorabooks.com\/wp-content\/uploads\/2018\/05\/aiora_press_B.png","width":520,"height":216,"caption":"Aiora Press"},"image":{"@id":"https:\/\/www.aiorabooks.com\/#\/schema\/logo\/image\/"},"sameAs":["https:\/\/www.instagram.com\/aiorapress\/"]}]}},"_links":{"self":[{"href":"https:\/\/www.aiorabooks.com\/de\/wp-json\/wp\/v2\/pages\/4100","targetHints":{"allow":["GET"]}}],"collection":[{"href":"https:\/\/www.aiorabooks.com\/de\/wp-json\/wp\/v2\/pages"}],"about":[{"href":"https:\/\/www.aiorabooks.com\/de\/wp-json\/wp\/v2\/types\/page"}],"author":[{"embeddable":true,"href":"https:\/\/www.aiorabooks.com\/de\/wp-json\/wp\/v2\/users\/1"}],"replies":[{"embeddable":true,"href":"https:\/\/www.aiorabooks.com\/de\/wp-json\/wp\/v2\/comments?post=4100"}],"version-history":[{"count":0,"href":"https:\/\/www.aiorabooks.com\/de\/wp-json\/wp\/v2\/pages\/4100\/revisions"}],"wp:attachment":[{"href":"https:\/\/www.aiorabooks.com\/de\/wp-json\/wp\/v2\/media?parent=4100"}],"curies":[{"name":"wp","href":"https:\/\/api.w.org\/{rel}","templated":true}]}}