{"id":4018,"date":"2020-02-01T12:20:21","date_gmt":"2020-02-01T10:20:21","guid":{"rendered":"https:\/\/www.aiorabooks.com\/?page_id=4018"},"modified":"2021-07-29T16:16:16","modified_gmt":"2021-07-29T13:16:16","slug":"ueber-uns","status":"publish","type":"page","link":"https:\/\/www.aiorabooks.com\/de\/ueber-uns\/","title":{"rendered":"\u00dcber uns"},"content":{"rendered":"<p><img loading=\"lazy\" decoding=\"async\" class=\"aligncenter size-full wp-image-4916\" src=\"https:\/\/www.aiorabooks.com\/wp-content\/uploads\/2018\/05\/aiora-about.jpg\" alt=\"About\" width=\"1140\" height=\"430\" srcset=\"https:\/\/www.aiorabooks.com\/wp-content\/uploads\/2018\/05\/aiora-about.jpg 1140w, https:\/\/www.aiorabooks.com\/wp-content\/uploads\/2018\/05\/aiora-about-330x124.jpg 330w, https:\/\/www.aiorabooks.com\/wp-content\/uploads\/2018\/05\/aiora-about-680x256.jpg 680w\" sizes=\"auto, (max-width: 1140px) 100vw, 1140px\" \/><\/p>\n<div style=\"text-align: left;\">\n<blockquote><p>Aiora Press ist ein unabh\u00e4ngiger griechischer Verlag mit Sitz in Athen, dessen B\u00fccher eine neue Perspektive in Politik, Geschichte, Sozialwissenschaften, Literatur, Theater und \u00f6stlicher Philosophie bieten. Aiora widmet sich auch aktiv der \u00dcbersetzung und F\u00f6rderung griechischer Literatur f\u00fcr Leser im Ausland sowie f\u00fcr diejenigen, die in Griechenland leben und reisen. Aiora ver\u00f6ffentlicht in Englisch, Deutsch, Franz\u00f6sisch, Spanisch und Italienisch.<\/p><\/blockquote>\n<\/div>\n<div style=\"text-align: center;\"><img loading=\"lazy\" decoding=\"async\" class=\"aligncenter size-full wp-image-4918\" src=\"https:\/\/www.aiorabooks.com\/wp-content\/uploads\/2018\/05\/aiora-guy-anim.gif\" alt=\"Aiora Press - Aioroulis\" width=\"278\" height=\"171\" \/><\/div>\n","protected":false},"excerpt":{"rendered":"<p>Aiora Press ist ein unabh\u00e4ngiger griechischer Verlag mit Sitz in Athen, dessen B\u00fccher eine neue Perspektive in Politik, Geschichte, Sozialwissenschaften, Literatur, Theater und \u00f6stlicher Philosophie bieten. Aiora widmet sich auch aktiv der \u00dcbersetzung und F\u00f6rderung griechischer Literatur f\u00fcr Leser im Ausland sowie f\u00fcr diejenigen, die in Griechenland leben und reisen. Aiora ver\u00f6ffentlicht in Englisch, Deutsch, Franz\u00f6sisch, Spanisch und Italienisch.<\/p>\n","protected":false},"author":1,"featured_media":0,"parent":0,"menu_order":0,"comment_status":"closed","ping_status":"closed","template":"","meta":{"_acf_changed":false,"footnotes":""},"class_list":["post-4018","page","type-page","status-publish","hentry"],"acf":[],"yoast_head":"<!-- This site is optimized with the Yoast SEO plugin v27.4 - https:\/\/yoast.com\/product\/yoast-seo-wordpress\/ -->\n<title>\u00dcber uns - Aiora Press<\/title>\n<meta name=\"description\" content=\"Aiora Press ist ein unabh\u00e4ngiger griechischer Verlag mit Sitz in Athen, dessen B\u00fccher eine neue Perspektive in Politik, Geschichte, Sozialwissenschaften, Literatur, Theater und \u00f6stlicher Philosophie bieten. Aiora widmet sich auch aktiv der \u00dcbersetzung und F\u00f6rderung griechischer Literatur f\u00fcr Leser im Ausland sowie f\u00fcr diejenigen, die in Griechenland leben und reisen. Aiora ver\u00f6ffentlicht in Englisch, Deutsch, Franz\u00f6sisch, Spanisch und Italienisch.\" \/>\n<meta name=\"robots\" content=\"index, follow, max-snippet:-1, max-image-preview:large, max-video-preview:-1\" \/>\n<link rel=\"canonical\" href=\"https:\/\/www.aiorabooks.com\/about\/\" \/>\n<meta property=\"og:locale\" content=\"de_DE\" \/>\n<meta property=\"og:type\" content=\"article\" \/>\n<meta property=\"og:title\" content=\"\u00dcber uns - Aiora Press\" \/>\n<meta property=\"og:description\" content=\"Aiora Press ist ein unabh\u00e4ngiger griechischer Verlag mit Sitz in Athen, dessen B\u00fccher eine neue Perspektive in Politik, Geschichte, Sozialwissenschaften, Literatur, Theater und \u00f6stlicher Philosophie bieten. Aiora widmet sich auch aktiv der \u00dcbersetzung und F\u00f6rderung griechischer Literatur f\u00fcr Leser im Ausland sowie f\u00fcr diejenigen, die in Griechenland leben und reisen. Aiora ver\u00f6ffentlicht in Englisch, Deutsch, Franz\u00f6sisch, Spanisch und Italienisch.\" \/>\n<meta property=\"og:url\" content=\"https:\/\/www.aiorabooks.com\/about\/\" \/>\n<meta property=\"og:site_name\" content=\"Aiora Press\" \/>\n<meta property=\"article:modified_time\" content=\"2021-07-29T13:16:16+00:00\" \/>\n<meta property=\"og:image\" content=\"https:\/\/www.aiorabooks.com\/wp-content\/uploads\/2018\/05\/aiora-about.jpg\" \/>\n<meta name=\"twitter:card\" content=\"summary_large_image\" \/>\n<script type=\"application\/ld+json\" class=\"yoast-schema-graph\">{\"@context\":\"https:\\\/\\\/schema.org\",\"@graph\":[{\"@type\":\"WebPage\",\"@id\":\"https:\\\/\\\/www.aiorabooks.com\\\/about\\\/\",\"url\":\"https:\\\/\\\/www.aiorabooks.com\\\/about\\\/\",\"name\":\"\u00dcber uns - Aiora Press\",\"isPartOf\":{\"@id\":\"https:\\\/\\\/www.aiorabooks.com\\\/#website\"},\"primaryImageOfPage\":{\"@id\":\"https:\\\/\\\/www.aiorabooks.com\\\/about\\\/#primaryimage\"},\"image\":{\"@id\":\"https:\\\/\\\/www.aiorabooks.com\\\/about\\\/#primaryimage\"},\"thumbnailUrl\":\"https:\\\/\\\/www.aiorabooks.com\\\/wp-content\\\/uploads\\\/2018\\\/05\\\/aiora-about.jpg\",\"datePublished\":\"2020-02-01T10:20:21+00:00\",\"dateModified\":\"2021-07-29T13:16:16+00:00\",\"description\":\"Aiora Press ist ein unabh\u00e4ngiger griechischer Verlag mit Sitz in Athen, dessen B\u00fccher eine neue Perspektive in Politik, Geschichte, Sozialwissenschaften, Literatur, Theater und \u00f6stlicher Philosophie bieten. Aiora widmet sich auch aktiv der \u00dcbersetzung und F\u00f6rderung griechischer Literatur f\u00fcr Leser im Ausland sowie f\u00fcr diejenigen, die in Griechenland leben und reisen. Aiora ver\u00f6ffentlicht in Englisch, Deutsch, Franz\u00f6sisch, Spanisch und Italienisch.\",\"breadcrumb\":{\"@id\":\"https:\\\/\\\/www.aiorabooks.com\\\/about\\\/#breadcrumb\"},\"inLanguage\":\"de\",\"potentialAction\":[{\"@type\":\"ReadAction\",\"target\":[\"https:\\\/\\\/www.aiorabooks.com\\\/about\\\/\"]}]},{\"@type\":\"ImageObject\",\"inLanguage\":\"de\",\"@id\":\"https:\\\/\\\/www.aiorabooks.com\\\/about\\\/#primaryimage\",\"url\":\"https:\\\/\\\/www.aiorabooks.com\\\/wp-content\\\/uploads\\\/2018\\\/05\\\/aiora-about.jpg\",\"contentUrl\":\"https:\\\/\\\/www.aiorabooks.com\\\/wp-content\\\/uploads\\\/2018\\\/05\\\/aiora-about.jpg\"},{\"@type\":\"BreadcrumbList\",\"@id\":\"https:\\\/\\\/www.aiorabooks.com\\\/about\\\/#breadcrumb\",\"itemListElement\":[{\"@type\":\"ListItem\",\"position\":1,\"name\":\"Home\",\"item\":\"https:\\\/\\\/www.aiorabooks.com\\\/de\\\/\"},{\"@type\":\"ListItem\",\"position\":2,\"name\":\"\u00dcber uns\"}]},{\"@type\":\"WebSite\",\"@id\":\"https:\\\/\\\/www.aiorabooks.com\\\/#website\",\"url\":\"https:\\\/\\\/www.aiorabooks.com\\\/\",\"name\":\"Aiora Press\",\"description\":\"\",\"publisher\":{\"@id\":\"https:\\\/\\\/www.aiorabooks.com\\\/#organization\"},\"potentialAction\":[{\"@type\":\"SearchAction\",\"target\":{\"@type\":\"EntryPoint\",\"urlTemplate\":\"https:\\\/\\\/www.aiorabooks.com\\\/?s={search_term_string}\"},\"query-input\":{\"@type\":\"PropertyValueSpecification\",\"valueRequired\":true,\"valueName\":\"search_term_string\"}}],\"inLanguage\":\"de\"},{\"@type\":\"Organization\",\"@id\":\"https:\\\/\\\/www.aiorabooks.com\\\/#organization\",\"name\":\"Aiora Press\",\"url\":\"https:\\\/\\\/www.aiorabooks.com\\\/\",\"logo\":{\"@type\":\"ImageObject\",\"inLanguage\":\"de\",\"@id\":\"https:\\\/\\\/www.aiorabooks.com\\\/#\\\/schema\\\/logo\\\/image\\\/\",\"url\":\"https:\\\/\\\/www.aiorabooks.com\\\/wp-content\\\/uploads\\\/2018\\\/05\\\/aiora_press_B.png\",\"contentUrl\":\"https:\\\/\\\/www.aiorabooks.com\\\/wp-content\\\/uploads\\\/2018\\\/05\\\/aiora_press_B.png\",\"width\":520,\"height\":216,\"caption\":\"Aiora Press\"},\"image\":{\"@id\":\"https:\\\/\\\/www.aiorabooks.com\\\/#\\\/schema\\\/logo\\\/image\\\/\"},\"sameAs\":[\"https:\\\/\\\/www.instagram.com\\\/aiorapress\\\/\"]}]}<\/script>\n<!-- \/ Yoast SEO plugin. -->","yoast_head_json":{"title":"\u00dcber uns - Aiora Press","description":"Aiora Press ist ein unabh\u00e4ngiger griechischer Verlag mit Sitz in Athen, dessen B\u00fccher eine neue Perspektive in Politik, Geschichte, Sozialwissenschaften, Literatur, Theater und \u00f6stlicher Philosophie bieten. Aiora widmet sich auch aktiv der \u00dcbersetzung und F\u00f6rderung griechischer Literatur f\u00fcr Leser im Ausland sowie f\u00fcr diejenigen, die in Griechenland leben und reisen. Aiora ver\u00f6ffentlicht in Englisch, Deutsch, Franz\u00f6sisch, Spanisch und Italienisch.","robots":{"index":"index","follow":"follow","max-snippet":"max-snippet:-1","max-image-preview":"max-image-preview:large","max-video-preview":"max-video-preview:-1"},"canonical":"https:\/\/www.aiorabooks.com\/about\/","og_locale":"de_DE","og_type":"article","og_title":"\u00dcber uns - Aiora Press","og_description":"Aiora Press ist ein unabh\u00e4ngiger griechischer Verlag mit Sitz in Athen, dessen B\u00fccher eine neue Perspektive in Politik, Geschichte, Sozialwissenschaften, Literatur, Theater und \u00f6stlicher Philosophie bieten. Aiora widmet sich auch aktiv der \u00dcbersetzung und F\u00f6rderung griechischer Literatur f\u00fcr Leser im Ausland sowie f\u00fcr diejenigen, die in Griechenland leben und reisen. Aiora ver\u00f6ffentlicht in Englisch, Deutsch, Franz\u00f6sisch, Spanisch und Italienisch.","og_url":"https:\/\/www.aiorabooks.com\/about\/","og_site_name":"Aiora Press","article_modified_time":"2021-07-29T13:16:16+00:00","og_image":[{"url":"https:\/\/www.aiorabooks.com\/wp-content\/uploads\/2018\/05\/aiora-about.jpg","type":"","width":"","height":""}],"twitter_card":"summary_large_image","schema":{"@context":"https:\/\/schema.org","@graph":[{"@type":"WebPage","@id":"https:\/\/www.aiorabooks.com\/about\/","url":"https:\/\/www.aiorabooks.com\/about\/","name":"\u00dcber uns - Aiora Press","isPartOf":{"@id":"https:\/\/www.aiorabooks.com\/#website"},"primaryImageOfPage":{"@id":"https:\/\/www.aiorabooks.com\/about\/#primaryimage"},"image":{"@id":"https:\/\/www.aiorabooks.com\/about\/#primaryimage"},"thumbnailUrl":"https:\/\/www.aiorabooks.com\/wp-content\/uploads\/2018\/05\/aiora-about.jpg","datePublished":"2020-02-01T10:20:21+00:00","dateModified":"2021-07-29T13:16:16+00:00","description":"Aiora Press ist ein unabh\u00e4ngiger griechischer Verlag mit Sitz in Athen, dessen B\u00fccher eine neue Perspektive in Politik, Geschichte, Sozialwissenschaften, Literatur, Theater und \u00f6stlicher Philosophie bieten. Aiora widmet sich auch aktiv der \u00dcbersetzung und F\u00f6rderung griechischer Literatur f\u00fcr Leser im Ausland sowie f\u00fcr diejenigen, die in Griechenland leben und reisen. Aiora ver\u00f6ffentlicht in Englisch, Deutsch, Franz\u00f6sisch, Spanisch und Italienisch.","breadcrumb":{"@id":"https:\/\/www.aiorabooks.com\/about\/#breadcrumb"},"inLanguage":"de","potentialAction":[{"@type":"ReadAction","target":["https:\/\/www.aiorabooks.com\/about\/"]}]},{"@type":"ImageObject","inLanguage":"de","@id":"https:\/\/www.aiorabooks.com\/about\/#primaryimage","url":"https:\/\/www.aiorabooks.com\/wp-content\/uploads\/2018\/05\/aiora-about.jpg","contentUrl":"https:\/\/www.aiorabooks.com\/wp-content\/uploads\/2018\/05\/aiora-about.jpg"},{"@type":"BreadcrumbList","@id":"https:\/\/www.aiorabooks.com\/about\/#breadcrumb","itemListElement":[{"@type":"ListItem","position":1,"name":"Home","item":"https:\/\/www.aiorabooks.com\/de\/"},{"@type":"ListItem","position":2,"name":"\u00dcber uns"}]},{"@type":"WebSite","@id":"https:\/\/www.aiorabooks.com\/#website","url":"https:\/\/www.aiorabooks.com\/","name":"Aiora Press","description":"","publisher":{"@id":"https:\/\/www.aiorabooks.com\/#organization"},"potentialAction":[{"@type":"SearchAction","target":{"@type":"EntryPoint","urlTemplate":"https:\/\/www.aiorabooks.com\/?s={search_term_string}"},"query-input":{"@type":"PropertyValueSpecification","valueRequired":true,"valueName":"search_term_string"}}],"inLanguage":"de"},{"@type":"Organization","@id":"https:\/\/www.aiorabooks.com\/#organization","name":"Aiora Press","url":"https:\/\/www.aiorabooks.com\/","logo":{"@type":"ImageObject","inLanguage":"de","@id":"https:\/\/www.aiorabooks.com\/#\/schema\/logo\/image\/","url":"https:\/\/www.aiorabooks.com\/wp-content\/uploads\/2018\/05\/aiora_press_B.png","contentUrl":"https:\/\/www.aiorabooks.com\/wp-content\/uploads\/2018\/05\/aiora_press_B.png","width":520,"height":216,"caption":"Aiora Press"},"image":{"@id":"https:\/\/www.aiorabooks.com\/#\/schema\/logo\/image\/"},"sameAs":["https:\/\/www.instagram.com\/aiorapress\/"]}]}},"_links":{"self":[{"href":"https:\/\/www.aiorabooks.com\/de\/wp-json\/wp\/v2\/pages\/4018","targetHints":{"allow":["GET"]}}],"collection":[{"href":"https:\/\/www.aiorabooks.com\/de\/wp-json\/wp\/v2\/pages"}],"about":[{"href":"https:\/\/www.aiorabooks.com\/de\/wp-json\/wp\/v2\/types\/page"}],"author":[{"embeddable":true,"href":"https:\/\/www.aiorabooks.com\/de\/wp-json\/wp\/v2\/users\/1"}],"replies":[{"embeddable":true,"href":"https:\/\/www.aiorabooks.com\/de\/wp-json\/wp\/v2\/comments?post=4018"}],"version-history":[{"count":3,"href":"https:\/\/www.aiorabooks.com\/de\/wp-json\/wp\/v2\/pages\/4018\/revisions"}],"predecessor-version":[{"id":4922,"href":"https:\/\/www.aiorabooks.com\/de\/wp-json\/wp\/v2\/pages\/4018\/revisions\/4922"}],"wp:attachment":[{"href":"https:\/\/www.aiorabooks.com\/de\/wp-json\/wp\/v2\/media?parent=4018"}],"curies":[{"name":"wp","href":"https:\/\/api.w.org\/{rel}","templated":true}]}}